{"id":256,"date":"2022-09-30T11:15:23","date_gmt":"2022-09-30T10:15:23","guid":{"rendered":"http:\/\/the-apers.com\/mistni-swinger-stranky\/"},"modified":"2022-09-30T11:15:23","modified_gmt":"2022-09-30T10:15:23","slug":"mistni-swinger-stranky","status":"publish","type":"page","link":"https:\/\/the-apers.com\/cs\/mistni-swinger-stranky\/","title":{"rendered":"M\u00edstn\u00ed Swinger str\u00e1nky"},"content":{"rendered":"<p>Existuje n\u011bkolik m\u00edstn\u00edch swinger str\u00e1nek, kter\u00e9 jsou popul\u00e1rn\u00ed v <a href=\"http:\/\/the-apers.com\/bondage-chatrooms\/\">komunit\u011b p\u0159ipojen\u00ed<\/a>. Jsou skv\u011bl\u00fdm zp\u016fsobem, jak se setkat s dal\u0161\u00edmi p\u00e1ry nebo nezadan\u00fdmi ve va\u0161\u00ed oblasti, kte\u0159\u00ed maj\u00ed z\u00e1jem o zkoum\u00e1n\u00ed sv\u00e9 sexuality. Tyto str\u00e1nky maj\u00ed obvykle \u0159adu funkc\u00ed, kter\u00e9 v\u00e1m umo\u017e\u0148uj\u00ed vyhled\u00e1vat shody, chatovat se \u010dleny a dokonce zobrazovat profily. Mezi nejobl\u00edben\u011bj\u0161\u00ed funkce pat\u0159\u00ed videochaty, zas\u00edl\u00e1n\u00ed rychl\u00fdch zpr\u00e1v a \u010dlensk\u00e1 f\u00f3ra.<\/p>\n<h2>Swinger str\u00e1nky<\/h2>\n<p>Existuje mnoho swinger str\u00e1nek k dispozici online, kter\u00e9 se staraj\u00ed o lidi, kte\u0159\u00ed maj\u00ed z\u00e1jem o tento typ datov\u00e1n\u00ed. Tyto str\u00e1nky obvykle umo\u017e\u0148uj\u00ed \u010dlen\u016fm vytv\u00e1\u0159et profily a proch\u00e1zet profily ostatn\u00edch \u010dlen\u016f, aby na\u0161li potenci\u00e1ln\u00ed shody. N\u011bkter\u00e9 weby tak\u00e9 nab\u00edzej\u00ed chatovac\u00ed m\u00edstnosti a f\u00f3ra, kde mohou \u010dlenov\u00e9 vz\u00e1jemn\u011b komunikovat. Swinger str\u00e1nky mohou b\u00fdt skv\u011bl\u00fd zp\u016fsob, jak poznat nov\u00e9 lidi a prozkoumat svou sexualitu v bezpe\u010dn\u00e9m a pohodln\u00e9m prost\u0159ed\u00ed.<\/p>\n<p>Pokud jde o nalezen\u00ed l\u00e1sky, swingers p\u0159ipojen\u00ed m\u016f\u017ee b\u00fdt skv\u011bl\u00fd zp\u016fsob, jak j\u00edt. B\u011bhem jedn\u00e9 noci m\u016f\u017eete potkat spoustu r\u016fzn\u00fdch lid\u00ed a l\u00e9pe je poznat. To v\u00e1m m\u016f\u017ee pomoci naj\u00edt tu spr\u00e1vnou osobu pro v\u00e1s a za\u010d\u00edt vztah.<\/p>\n<h2>M\u00edstn\u00ed Swinger str\u00e1nky<\/h2>\n<p>Pokud hled\u00e1te m\u00edstn\u00ed swinger str\u00e1nky, jste na spr\u00e1vn\u00e9m m\u00edst\u011b. M\u00e1me v\u0161e, co pot\u0159ebujete k nalezen\u00ed swingers ve va\u0161em okol\u00ed, v\u010detn\u011b komplexn\u00edho adres\u00e1\u0159e swingers klub\u016f a akc\u00ed. Nab\u00edz\u00edme tak\u00e9 \u0161irokou \u0161k\u00e1lu zdroj\u016f pro swingers, v\u010detn\u011b f\u00f3ra, blogu a poradensk\u00e9ho sloupku. A pokud hled\u00e1te n\u011bco trochu zlobiv\u011bj\u0161\u00edho, m\u00e1me to tak\u00e9 pokryt\u00e9. Tak na co je\u0161t\u011b \u010dek\u00e1te? Poj\u010f d\u00e1l a za\u010dni se houpat!<\/p>\n<h3>SwingLifestyle<\/h3>\n<p>Pokud hled\u00e1te m\u00edstn\u00ed swinger str\u00e1nky, SwingLifestyle je skv\u011bl\u00e1 volba. Aplikace se snadno pou\u017e\u00edv\u00e1 a m\u00e1 mnoho funkc\u00ed, kter\u00e9 v\u00e1m pomohou spojit se s ostatn\u00edmi swingery ve va\u0161\u00ed oblasti. Funkce vyhled\u00e1v\u00e1n\u00ed je obzvl\u00e1\u0161t\u011b u\u017eite\u010dn\u00e1 a m\u016f\u017eete tak\u00e9 zobrazit profily ostatn\u00edch u\u017eivatel\u016f ve va\u0161\u00ed oblasti. Aplikace tak\u00e9 obsahuje f\u00f3rum, tak\u017ee se m\u016f\u017eete spojit s ostatn\u00edmi u\u017eivateli a kl\u00e1st ot\u00e1zky nebo z\u00edskat radu. Celkov\u011b je SwingLifestyle skv\u011blou volbou pro m\u00edstn\u00ed swingers.<\/p>\n<h3>FabSwingers<\/h3>\n<p>Pokud m\u00e1te z\u00e1jem o nalezen\u00ed m\u00edstn\u00edho swinger webu, pak se ur\u010dit\u011b budete cht\u00edt pod\u00edvat na FabSwingers. Tato str\u00e1nka je jednou z nejpopul\u00e1rn\u011bj\u0161\u00edch a nejrespektovan\u011bj\u0161\u00edch v oboru, a to z dobr\u00e9ho d\u016fvodu. Str\u00e1nka m\u00e1 spoustu funkc\u00ed a mo\u017enost\u00ed, kter\u00e9 usnad\u0148uj\u00ed nalezen\u00ed a spojen\u00ed s potenci\u00e1ln\u00edmi shodami, a web tak\u00e9 nab\u00edz\u00ed sv\u00fdm \u010dlen\u016fm velkou podporu a zdroje. Krom\u011b toho je web velmi u\u017eivatelsky p\u0159\u00edv\u011btiv\u00fd a snadno se orientuje, co\u017e je rozhodn\u011b plus. Celkov\u011b je FabSwingers skv\u011blou volbou pro ka\u017ed\u00e9ho, kdo m\u00e1 z\u00e1jem o nalezen\u00ed m\u00edstn\u00edho swingerov\u00e9ho webu, a my to velmi doporu\u010dujeme.<\/p>\n<h3>Badoo<\/h3>\n<p>Badoo je seznamovac\u00ed aplikace, kter\u00e1 v\u00e1m umo\u017en\u00ed poznat nov\u00e9 lidi ve va\u0161em okol\u00ed. Mnoho u\u017eivatel\u016f si v\u0161ak na aplikaci st\u011b\u017eovalo a uvedlo, \u017ee je pln\u00e1 fale\u0161n\u00fdch profil\u016f a nen\u00ed dobr\u00fdm zp\u016fsobem, jak splnit potenci\u00e1ln\u00ed data. Aplikace nav\u00edc nen\u00ed p\u0159\u00edli\u0161 u\u017eivatelsky p\u0159\u00edv\u011btiv\u00e1 a m\u016f\u017ee b\u00fdt obt\u00ed\u017en\u00e9 ji navigovat. Celkov\u011b bychom nedoporu\u010dovali pou\u017e\u00edvat Badoo, pokud hled\u00e1te m\u00edstn\u00ed swinger str\u00e1nky. Existuj\u00ed lep\u0161\u00ed a spolehliv\u011bj\u0161\u00ed mo\u017enosti.<\/p>\n","protected":false},"excerpt":{"rendered":"<p>Existuje n\u011bkolik m\u00edstn\u00edch swinger str\u00e1nek, kter\u00e9 jsou popul\u00e1rn\u00ed v komunit\u011b p\u0159ipojen\u00ed. Jsou skv\u011bl\u00fdm zp\u016fsobem, jak se setkat s dal\u0161\u00edmi p\u00e1ry&hellip;<\/p>\n","protected":false},"author":1,"featured_media":0,"parent":0,"menu_order":0,"comment_status":"closed","ping_status":"closed","template":"","meta":[],"yoast_head":"<!-- This site is optimized with the Yoast SEO plugin v17.7.1 - https:\/\/yoast.com\/wordpress\/plugins\/seo\/ -->\n<title>M\u00edstn\u00ed Swinger str\u00e1nky - Adult Dating Finder<\/title>\n<meta name=\"robots\" content=\"index, follow, max-snippet:-1, max-image-preview:large, max-video-preview:-1\" \/>\n<link rel=\"canonical\" href=\"https:\/\/the-apers.com\/cs\/mistni-swinger-stranky\/\" \/>\n<meta property=\"og:locale\" content=\"cs_CZ\" \/>\n<meta property=\"og:type\" content=\"article\" \/>\n<meta property=\"og:title\" content=\"M\u00edstn\u00ed Swinger str\u00e1nky - Adult Dating Finder\" \/>\n<meta property=\"og:description\" content=\"Existuje n\u011bkolik m\u00edstn\u00edch swinger str\u00e1nek, kter\u00e9 jsou popul\u00e1rn\u00ed v komunit\u011b p\u0159ipojen\u00ed. Jsou skv\u011bl\u00fdm zp\u016fsobem, jak se setkat s dal\u0161\u00edmi p\u00e1ry&hellip;\" \/>\n<meta property=\"og:url\" content=\"https:\/\/the-apers.com\/cs\/mistni-swinger-stranky\/\" \/>\n<meta property=\"og:site_name\" content=\"Adult Dating Finder\" \/>\n<meta name=\"twitter:card\" content=\"summary_large_image\" \/>\n<meta name=\"twitter:label1\" content=\"Odhadovan\u00e1 doba \u010dten\u00ed\" \/>\n\t<meta name=\"twitter:data1\" content=\"3 minuty\" \/>\n<script type=\"application\/ld+json\" class=\"yoast-schema-graph\">{\"@context\":\"https:\/\/schema.org\",\"@graph\":[{\"@type\":\"WebSite\",\"@id\":\"http:\/\/the-apers.com\/#website\",\"url\":\"http:\/\/the-apers.com\/\",\"name\":\"Adult Dating Finder\",\"description\":\"Online Personals\",\"potentialAction\":[{\"@type\":\"SearchAction\",\"target\":{\"@type\":\"EntryPoint\",\"urlTemplate\":\"http:\/\/the-apers.com\/?s={search_term_string}\"},\"query-input\":\"required name=search_term_string\"}],\"inLanguage\":\"cs\"},{\"@type\":\"WebPage\",\"@id\":\"https:\/\/the-apers.com\/cs\/mistni-swinger-stranky\/#webpage\",\"url\":\"https:\/\/the-apers.com\/cs\/mistni-swinger-stranky\/\",\"name\":\"M\\u00edstn\\u00ed Swinger str\\u00e1nky - Adult Dating Finder\",\"isPartOf\":{\"@id\":\"http:\/\/the-apers.com\/#website\"},\"datePublished\":\"2022-09-30T10:15:23+00:00\",\"dateModified\":\"2022-09-30T10:15:23+00:00\",\"breadcrumb\":{\"@id\":\"https:\/\/the-apers.com\/cs\/mistni-swinger-stranky\/#breadcrumb\"},\"inLanguage\":\"cs\",\"potentialAction\":[{\"@type\":\"ReadAction\",\"target\":[\"https:\/\/the-apers.com\/cs\/mistni-swinger-stranky\/\"]}]},{\"@type\":\"BreadcrumbList\",\"@id\":\"https:\/\/the-apers.com\/cs\/mistni-swinger-stranky\/#breadcrumb\",\"itemListElement\":[{\"@type\":\"ListItem\",\"position\":1,\"name\":\"Home\",\"item\":\"https:\/\/the-apers.com\/cs\/\"},{\"@type\":\"ListItem\",\"position\":2,\"name\":\"M\\u00edstn\\u00ed Swinger str\\u00e1nky\"}]}]}<\/script>\n<!-- \/ Yoast SEO plugin. -->","yoast_head_json":{"title":"M\u00edstn\u00ed Swinger str\u00e1nky - Adult Dating Finder","robots":{"index":"index","follow":"follow","max-snippet":"max-snippet:-1","max-image-preview":"max-image-preview:large","max-video-preview":"max-video-preview:-1"},"canonical":"https:\/\/the-apers.com\/cs\/mistni-swinger-stranky\/","og_locale":"cs_CZ","og_type":"article","og_title":"M\u00edstn\u00ed Swinger str\u00e1nky - Adult Dating Finder","og_description":"Existuje n\u011bkolik m\u00edstn\u00edch swinger str\u00e1nek, kter\u00e9 jsou popul\u00e1rn\u00ed v komunit\u011b p\u0159ipojen\u00ed. Jsou skv\u011bl\u00fdm zp\u016fsobem, jak se setkat s dal\u0161\u00edmi p\u00e1ry&hellip;","og_url":"https:\/\/the-apers.com\/cs\/mistni-swinger-stranky\/","og_site_name":"Adult Dating Finder","twitter_card":"summary_large_image","twitter_misc":{"Odhadovan\u00e1 doba \u010dten\u00ed":"3 minuty"},"schema":{"@context":"https:\/\/schema.org","@graph":[{"@type":"WebSite","@id":"http:\/\/the-apers.com\/#website","url":"http:\/\/the-apers.com\/","name":"Adult Dating Finder","description":"Online Personals","potentialAction":[{"@type":"SearchAction","target":{"@type":"EntryPoint","urlTemplate":"http:\/\/the-apers.com\/?s={search_term_string}"},"query-input":"required name=search_term_string"}],"inLanguage":"cs"},{"@type":"WebPage","@id":"https:\/\/the-apers.com\/cs\/mistni-swinger-stranky\/#webpage","url":"https:\/\/the-apers.com\/cs\/mistni-swinger-stranky\/","name":"M\u00edstn\u00ed Swinger str\u00e1nky - Adult Dating Finder","isPartOf":{"@id":"http:\/\/the-apers.com\/#website"},"datePublished":"2022-09-30T10:15:23+00:00","dateModified":"2022-09-30T10:15:23+00:00","breadcrumb":{"@id":"https:\/\/the-apers.com\/cs\/mistni-swinger-stranky\/#breadcrumb"},"inLanguage":"cs","potentialAction":[{"@type":"ReadAction","target":["https:\/\/the-apers.com\/cs\/mistni-swinger-stranky\/"]}]},{"@type":"BreadcrumbList","@id":"https:\/\/the-apers.com\/cs\/mistni-swinger-stranky\/#breadcrumb","itemListElement":[{"@type":"ListItem","position":1,"name":"Home","item":"https:\/\/the-apers.com\/cs\/"},{"@type":"ListItem","position":2,"name":"M\u00edstn\u00ed Swinger str\u00e1nky"}]}]}},"_links":{"self":[{"href":"https:\/\/the-apers.com\/cs\/wp-json\/wp\/v2\/pages\/256"}],"collection":[{"href":"https:\/\/the-apers.com\/cs\/wp-json\/wp\/v2\/pages"}],"about":[{"href":"https:\/\/the-apers.com\/cs\/wp-json\/wp\/v2\/types\/page"}],"author":[{"embeddable":true,"href":"https:\/\/the-apers.com\/cs\/wp-json\/wp\/v2\/users\/1"}],"replies":[{"embeddable":true,"href":"https:\/\/the-apers.com\/cs\/wp-json\/wp\/v2\/comments?post=256"}],"version-history":[{"count":0,"href":"https:\/\/the-apers.com\/cs\/wp-json\/wp\/v2\/pages\/256\/revisions"}],"wp:attachment":[{"href":"https:\/\/the-apers.com\/cs\/wp-json\/wp\/v2\/media?parent=256"}],"curies":[{"name":"wp","href":"https:\/\/api.w.org\/{rel}","templated":true}]}}