{"id":264,"date":"2022-09-30T11:13:19","date_gmt":"2022-09-30T10:13:19","guid":{"rendered":"http:\/\/the-apers.com\/bondage-chatrooms\/"},"modified":"2022-09-30T11:13:19","modified_gmt":"2022-09-30T10:13:19","slug":"bondage-chatrooms","status":"publish","type":"page","link":"https:\/\/the-apers.com\/cs\/bondage-chatrooms\/","title":{"rendered":"Bondage Chatrooms"},"content":{"rendered":"<p>Na anonymit\u011b chatovac\u00ed m\u00edstnosti je n\u011bco, co opravdu p\u0159im\u011bje lidi mluvit o sv\u00fdch zlomech a feti\u0161\u00edch. Pro mnoho lid\u00ed jsou chatovac\u00ed m\u00edstnosti o otroctv\u00ed zp\u016fsobem, jak prozkoumat sv\u00e9 sexu\u00e1ln\u00ed touhy, ani\u017e by se museli ob\u00e1vat \u00fasudku od p\u0159\u00e1tel nebo rodiny.<\/p>\n<p>Tyto chatovac\u00ed m\u00edstnosti poskytuj\u00ed lidem prostor, <a href=\"http:\/\/the-apers.com\/?page_id=228&amp;preview=true\">kde mohou mluvit o sv\u00fdch z\u00e1jmech<\/a>, sd\u00edlet p\u0159\u00edb\u011bhy a dokonce se spojit s podobn\u011b sm\u00fd\u0161lej\u00edc\u00edmi lidmi. A\u0165 u\u017e hled\u00e1te trochu online z\u00e1bavy nebo douf\u00e1te, \u017ee se s n\u011bk\u00fdm setk\u00e1te osobn\u011b, bondage chatovac\u00ed m\u00edstnosti mohou b\u00fdt skv\u011bl\u00fdm zp\u016fsobem, jak prozkoumat va\u0161i sexu\u00e1ln\u00ed str\u00e1nku.<\/p>\n<p>Bondage datov\u00e1n\u00ed je, kdy\u017e se lid\u00e9, kte\u0159\u00ed se zaj\u00edmaj\u00ed o otroctv\u00ed a <a href=\"http:\/\/the-apers.com\/bdsm-sites\/\">BDSM<\/a> , setk\u00e1vaj\u00ed k dne\u0161n\u00edmu dni. To m\u016f\u017ee zahrnovat chozen\u00ed do klub\u016f a akc\u00ed, kter\u00e9 jsou speci\u00e1ln\u011b pro tento druh v\u011bc\u00ed, nebo to m\u016f\u017ee b\u00fdt jednodu\u0161e uspo\u0159\u00e1d\u00e1n\u00ed setk\u00e1n\u00ed s n\u011bk\u00fdm, kdo sd\u00edl\u00ed va\u0161e z\u00e1jmy. M\u016f\u017ee to b\u00fdt skv\u011bl\u00fd zp\u016fsob, jak prozkoumat svou v\u00fdst\u0159edn\u00ed str\u00e1nku a zjistit, do \u010deho jsou ostatn\u00ed lid\u00e9. M\u016f\u017ee to b\u00fdt tak\u00e9 spousta z\u00e1bavy a skv\u011bl\u00fd zp\u016fsob, jak poznat nov\u00e9 lidi.<\/p>\n<h2>BDSM p\u0159ipojen\u00ed<\/h2>\n<p>Pokud jde o nalezen\u00ed l\u00e1sky, n\u011bkte\u0159\u00ed lid\u00e9 by mohli \u0159\u00edci, \u017ee neexistuje nic jako BDSM p\u0159ipojen\u00ed. Pro ty, kte\u0159\u00ed nejsou obezn\u00e1meni, BDSM je zkratka pro otroctv\u00ed, discipl\u00ednu, sadismus a masochismus. A i kdy\u017e to nemus\u00ed b\u00fdt \u0161\u00e1lek \u010daje pro ka\u017ed\u00e9ho, nelze pop\u0159\u00edt, \u017ee to m\u016f\u017ee b\u00fdt skv\u011bl\u00fd zp\u016fsob, jak se s n\u011bk\u00fdm spojit na fyzick\u00e9 a emocion\u00e1ln\u00ed \u00farovni.<\/p>\n<p>Pokud uva\u017eujete o tom, \u017ee zkus\u00edte BDSM, existuje n\u011bkolik v\u011bc\u00ed, kter\u00e9 byste m\u011bli m\u00edt na pam\u011bti. Za prv\u00e9, je d\u016fle\u017eit\u00e9 naj\u00edt partnera, kter\u00fd je otev\u0159en\u00fd a ochotn\u00fd zkoumat nov\u00e9 v\u011bci. Za druh\u00e9, komunikace je kl\u00ed\u010dov\u00e1. Budete muset b\u00fdt schopni komunikovat sv\u00e9 p\u0159\u00e1n\u00ed, pot\u0159eby a hranice se sv\u00fdm partnerem, ne\u017e za\u010dnete.<\/p>\n<p>A kone\u010dn\u011b, nebojte se experimentovat. BDSM m\u016f\u017ee b\u00fdt skv\u011bl\u00fd zp\u016fsob, jak oko\u0159enit sv\u016fj sexu\u00e1ln\u00ed \u017eivot a p\u0159idat trochu vzru\u0161en\u00ed do va\u0161eho vztahu. Tak se do toho dejte a prozkoumejte! Kdo v\u00ed, mo\u017en\u00e1 najdete l\u00e1sku sv\u00e9ho \u017eivota.<\/p>\n<h2>Feti\u0161 Seznamte se s weby<\/h2>\n<p>Feti\u0161 meet str\u00e1nky mohou b\u00fdt skv\u011bl\u00fd zp\u016fsob, jak se spojit s ostatn\u00edmi lidmi, kte\u0159\u00ed sd\u00edlej\u00ed va\u0161e z\u00e1jmy. Mohou v\u00e1m poskytnout bezpe\u010dn\u00e9 a p\u0159\u00edjemn\u00e9 prost\u0159ed\u00ed, abyste mohli prozkoumat svou sexualitu a feti\u0161e. Existuje v\u0161ak n\u011bkolik v\u011bc\u00ed, kter\u00e9 je t\u0159eba m\u00edt na pam\u011bti p\u0159i pou\u017e\u00edv\u00e1n\u00ed t\u011bchto str\u00e1nek. Nejprve se ujist\u011bte, \u017ee jste si pe\u010dliv\u011b p\u0159e\u010detli pravidla a p\u0159edpisy webu. To v\u00e1m pom\u016f\u017ee vyhnout se z\u00e1kazu nebo odstran\u011bn\u00ed z webu. Za druh\u00e9, bu\u010fte ohledupln\u00ed k ostatn\u00edm \u010dlen\u016fm. To zahrnuje nezve\u0159ej\u0148ov\u00e1n\u00ed osobn\u00edch \u00fadaj\u016f ani obt\u011b\u017eov\u00e1n\u00ed ostatn\u00edch \u010dlen\u016f. Nakonec se nezapome\u0148te bavit a b\u00fdt v bezpe\u010d\u00ed!<\/p>\n<h3>Xmeets<\/h3>\n<p>Pokud jste do otroctv\u00ed a kinkier sex, pak Xmeets je seznamovac\u00ed aplikace pro v\u00e1s! Se zam\u011b\u0159en\u00edm na propojen\u00ed lid\u00ed, kte\u0159\u00ed jsou do BDSM a dal\u0161\u00edch zlom\u016f, je Xmeets skv\u011blou volbou pro ka\u017ed\u00e9ho, kdo chce prozkoumat svou v\u00fdst\u0159edn\u00ed str\u00e1nku. Aplikace se snadno pou\u017e\u00edv\u00e1 a m\u00e1 spoustu funkc\u00ed, co\u017e z n\u00ed \u010din\u00ed skv\u011blou volbu pro ka\u017ed\u00e9ho, kdo chce experimentovat s otroctv\u00edm a kinkier sexem.<\/p>\n<h3>Datehookup<\/h3>\n<p>Datehookup je seznamovac\u00ed aplikace, kter\u00e1 umo\u017e\u0148uje u\u017eivatel\u016fm spojit se s potenci\u00e1ln\u00edmi z\u00e1pasy v okol\u00ed. Aplikace tak\u00e9 obsahuje funkci nazvanou &#8222;Bondage Chatrooms&#8220;, kter\u00e1 umo\u017e\u0148uje u\u017eivatel\u016fm spojit se s ostatn\u00edmi, kte\u0159\u00ed sd\u00edlej\u00ed sv\u016fj z\u00e1jem o otroctv\u00ed a feti\u0161ovou hru. Chatovac\u00ed m\u00edstnosti jsou skv\u011bl\u00fdm zp\u016fsobem, jak se spojit s podobn\u011b sm\u00fd\u0161lej\u00edc\u00edmi lidmi, a aplikace tak\u00e9 obsahuje funkce, jako jsou soukrom\u00e9 zpr\u00e1vy a videochat. Celkov\u011b je aplikace skv\u011bl\u00fdm zp\u016fsobem, jak se spojit s potenci\u00e1ln\u00edmi z\u00e1pasy a prozkoumat sv\u00e9 zlomy a feti\u0161e bezpe\u010dn\u00fdm a konsensu\u00e1ln\u00edm zp\u016fsobem.<\/p>\n<h3>Spousta ryb<\/h3>\n<p>Pokud hled\u00e1te bondage chatovac\u00ed m\u00edstnost, Spousta ryb je skv\u011bl\u00e1 volba. Seznamovac\u00ed aplikace nab\u00edz\u00ed \u0161irokou \u0161k\u00e1lu funkc\u00ed a je velmi u\u017eivatelsky p\u0159\u00edv\u011btiv\u00e1. M\u016f\u017eete vyhled\u00e1vat \u010dleny podle um\u00edst\u011bn\u00ed, v\u011bku a z\u00e1jm\u016f a aplikace v\u00e1m dokonce navrhne shody. Jedinou nev\u00fdhodou je, \u017ee neexistuj\u00ed \u017e\u00e1dn\u00e9 specifick\u00e9 chatovac\u00ed m\u00edstnosti, tak\u017ee je budete muset hledat v obecn\u00fdch chatovac\u00edch m\u00edstnostech.<\/p>\n","protected":false},"excerpt":{"rendered":"<p>Na anonymit\u011b chatovac\u00ed m\u00edstnosti je n\u011bco, co opravdu p\u0159im\u011bje lidi mluvit o sv\u00fdch zlomech a feti\u0161\u00edch. Pro mnoho lid\u00ed jsou&hellip;<\/p>\n","protected":false},"author":1,"featured_media":0,"parent":0,"menu_order":0,"comment_status":"closed","ping_status":"closed","template":"","meta":[],"yoast_head":"<!-- This site is optimized with the Yoast SEO plugin v17.7.1 - https:\/\/yoast.com\/wordpress\/plugins\/seo\/ -->\n<title>Bondage Chatrooms - Adult Dating Finder<\/title>\n<meta name=\"robots\" content=\"index, follow, max-snippet:-1, max-image-preview:large, max-video-preview:-1\" \/>\n<link rel=\"canonical\" href=\"https:\/\/the-apers.com\/cs\/bondage-chatrooms\/\" \/>\n<meta property=\"og:locale\" content=\"cs_CZ\" \/>\n<meta property=\"og:type\" content=\"article\" \/>\n<meta property=\"og:title\" content=\"Bondage Chatrooms - Adult Dating Finder\" \/>\n<meta property=\"og:description\" content=\"Na anonymit\u011b chatovac\u00ed m\u00edstnosti je n\u011bco, co opravdu p\u0159im\u011bje lidi mluvit o sv\u00fdch zlomech a feti\u0161\u00edch. Pro mnoho lid\u00ed jsou&hellip;\" \/>\n<meta property=\"og:url\" content=\"https:\/\/the-apers.com\/cs\/bondage-chatrooms\/\" \/>\n<meta property=\"og:site_name\" content=\"Adult Dating Finder\" \/>\n<meta name=\"twitter:card\" content=\"summary_large_image\" \/>\n<meta name=\"twitter:label1\" content=\"Odhadovan\u00e1 doba \u010dten\u00ed\" \/>\n\t<meta name=\"twitter:data1\" content=\"4 minuty\" \/>\n<script type=\"application\/ld+json\" class=\"yoast-schema-graph\">{\"@context\":\"https:\/\/schema.org\",\"@graph\":[{\"@type\":\"WebSite\",\"@id\":\"https:\/\/the-apers.com\/nl\/#website\",\"url\":\"https:\/\/the-apers.com\/nl\/\",\"name\":\"Adult Dating Finder\",\"description\":\"Online Personals\",\"potentialAction\":[{\"@type\":\"SearchAction\",\"target\":{\"@type\":\"EntryPoint\",\"urlTemplate\":\"https:\/\/the-apers.com\/nl\/?s={search_term_string}\"},\"query-input\":\"required name=search_term_string\"}],\"inLanguage\":\"cs\"},{\"@type\":\"WebPage\",\"@id\":\"https:\/\/the-apers.com\/cs\/bondage-chatrooms\/#webpage\",\"url\":\"https:\/\/the-apers.com\/cs\/bondage-chatrooms\/\",\"name\":\"Bondage Chatrooms - Adult Dating Finder\",\"isPartOf\":{\"@id\":\"https:\/\/the-apers.com\/nl\/#website\"},\"datePublished\":\"2022-09-30T10:13:19+00:00\",\"dateModified\":\"2022-09-30T10:13:19+00:00\",\"breadcrumb\":{\"@id\":\"https:\/\/the-apers.com\/cs\/bondage-chatrooms\/#breadcrumb\"},\"inLanguage\":\"cs\",\"potentialAction\":[{\"@type\":\"ReadAction\",\"target\":[\"https:\/\/the-apers.com\/cs\/bondage-chatrooms\/\"]}]},{\"@type\":\"BreadcrumbList\",\"@id\":\"https:\/\/the-apers.com\/cs\/bondage-chatrooms\/#breadcrumb\",\"itemListElement\":[{\"@type\":\"ListItem\",\"position\":1,\"name\":\"Home\",\"item\":\"http:\/\/the-apers.com\/cs\/\"},{\"@type\":\"ListItem\",\"position\":2,\"name\":\"Bondage Chatrooms\"}]}]}<\/script>\n<!-- \/ Yoast SEO plugin. -->","yoast_head_json":{"title":"Bondage Chatrooms - Adult Dating Finder","robots":{"index":"index","follow":"follow","max-snippet":"max-snippet:-1","max-image-preview":"max-image-preview:large","max-video-preview":"max-video-preview:-1"},"canonical":"https:\/\/the-apers.com\/cs\/bondage-chatrooms\/","og_locale":"cs_CZ","og_type":"article","og_title":"Bondage Chatrooms - Adult Dating Finder","og_description":"Na anonymit\u011b chatovac\u00ed m\u00edstnosti je n\u011bco, co opravdu p\u0159im\u011bje lidi mluvit o sv\u00fdch zlomech a feti\u0161\u00edch. Pro mnoho lid\u00ed jsou&hellip;","og_url":"https:\/\/the-apers.com\/cs\/bondage-chatrooms\/","og_site_name":"Adult Dating Finder","twitter_card":"summary_large_image","twitter_misc":{"Odhadovan\u00e1 doba \u010dten\u00ed":"4 minuty"},"schema":{"@context":"https:\/\/schema.org","@graph":[{"@type":"WebSite","@id":"https:\/\/the-apers.com\/nl\/#website","url":"https:\/\/the-apers.com\/nl\/","name":"Adult Dating Finder","description":"Online Personals","potentialAction":[{"@type":"SearchAction","target":{"@type":"EntryPoint","urlTemplate":"https:\/\/the-apers.com\/nl\/?s={search_term_string}"},"query-input":"required name=search_term_string"}],"inLanguage":"cs"},{"@type":"WebPage","@id":"https:\/\/the-apers.com\/cs\/bondage-chatrooms\/#webpage","url":"https:\/\/the-apers.com\/cs\/bondage-chatrooms\/","name":"Bondage Chatrooms - Adult Dating Finder","isPartOf":{"@id":"https:\/\/the-apers.com\/nl\/#website"},"datePublished":"2022-09-30T10:13:19+00:00","dateModified":"2022-09-30T10:13:19+00:00","breadcrumb":{"@id":"https:\/\/the-apers.com\/cs\/bondage-chatrooms\/#breadcrumb"},"inLanguage":"cs","potentialAction":[{"@type":"ReadAction","target":["https:\/\/the-apers.com\/cs\/bondage-chatrooms\/"]}]},{"@type":"BreadcrumbList","@id":"https:\/\/the-apers.com\/cs\/bondage-chatrooms\/#breadcrumb","itemListElement":[{"@type":"ListItem","position":1,"name":"Home","item":"http:\/\/the-apers.com\/cs\/"},{"@type":"ListItem","position":2,"name":"Bondage Chatrooms"}]}]}},"_links":{"self":[{"href":"https:\/\/the-apers.com\/cs\/wp-json\/wp\/v2\/pages\/264"}],"collection":[{"href":"https:\/\/the-apers.com\/cs\/wp-json\/wp\/v2\/pages"}],"about":[{"href":"https:\/\/the-apers.com\/cs\/wp-json\/wp\/v2\/types\/page"}],"author":[{"embeddable":true,"href":"https:\/\/the-apers.com\/cs\/wp-json\/wp\/v2\/users\/1"}],"replies":[{"embeddable":true,"href":"https:\/\/the-apers.com\/cs\/wp-json\/wp\/v2\/comments?post=264"}],"version-history":[{"count":0,"href":"https:\/\/the-apers.com\/cs\/wp-json\/wp\/v2\/pages\/264\/revisions"}],"wp:attachment":[{"href":"https:\/\/the-apers.com\/cs\/wp-json\/wp\/v2\/media?parent=264"}],"curies":[{"name":"wp","href":"https:\/\/api.w.org\/{rel}","templated":true}]}}