{"id":265,"date":"2022-09-30T11:14:58","date_gmt":"2022-09-30T10:14:58","guid":{"rendered":"http:\/\/the-apers.com\/milf-chatovaci-mistnosti\/"},"modified":"2022-09-30T11:14:58","modified_gmt":"2022-09-30T10:14:58","slug":"milf-chatovaci-mistnosti","status":"publish","type":"page","link":"https:\/\/the-apers.com\/cs\/milf-chatovaci-mistnosti\/","title":{"rendered":"Milf Chatovac\u00ed m\u00edstnosti"},"content":{"rendered":"<p>Na MILF je n\u011bco neuv\u011b\u0159iteln\u011b l\u00e1kav\u00e9ho a mnoho kluk\u016f je pova\u017euje za neodolateln\u00e9. Na\u0161t\u011bst\u00ed existuje spousta chatovac\u00edch m\u00edstnost\u00ed MILF, kde si m\u016f\u017eete s t\u011bmito n\u00e1dhern\u00fdmi \u017eenami popov\u00eddat a mo\u017en\u00e1 se dokonce setkat osobn\u011b. Jen se ujist\u011bte, \u017ee jste uctiv\u00ed a okouzluj\u00edc\u00ed, a budete si jisti, \u017ee sk\u00f3re hork\u00e9 rande s MILF v \u017e\u00e1dn\u00e9m okam\u017eiku.<\/p>\n<h2>Zdarma Milf Chat<\/h2>\n<p>Hled\u00e1te hork\u00fd MILF pro <a href=\"http:\/\/the-apers.com\/?page_id=228&amp;preview=true\">chatov\u00e1n\u00ed online<\/a>? Nehledejte nic jin\u00e9ho ne\u017e Free MILF Chat. Tato str\u00e1nka nab\u00edz\u00ed bezplatnou chatovac\u00ed slu\u017ebu pro MILF a kluky, kte\u0159\u00ed je miluj\u00ed. Jednodu\u0161e si zaregistrujte \u00fa\u010det a za\u010dn\u011bte chatovat s nadr\u017een\u00fdmi MILF ve va\u0161\u00ed oblasti. A\u0165 u\u017e hled\u00e1te n\u011bjakou nezbednou z\u00e1bavu nebo v\u00e1\u017en\u00fd vztah, Free MILF Chat je ide\u00e1ln\u00edm m\u00edstem, kde za\u010d\u00edt. Nen\u00ed t\u0159eba se styd\u011bt, kdy\u017e si pov\u00edd\u00e1te s milfs &#8211; jsou otev\u0159en\u00ed a hledaj\u00ed l\u00e1sku stejn\u011b jako vy. Mo\u017en\u00e1 v\u00e1s p\u0159ekvap\u00ed, jak snadn\u00e9 je se s nimi spojit a kolik toho m\u00e1te spole\u010dn\u00e9ho. Bu\u010fte sami sebou a nebojte se zah\u00e1jit konverzaci. Kdo v\u00ed, mo\u017en\u00e1 najdete l\u00e1sku sv\u00e9ho \u017eivota.<\/p>\n<h2>Promluvte si s Milfsem<\/h2>\n<p>Opravdu si u\u017e\u00edv\u00e1m rozhovor s milfs. Jsou obvykle velmi sebev\u011bdom\u00ed a v\u011bd\u00ed, co cht\u011bj\u00ed. Zjistil jsem, \u017ee jsou tak\u00e9 velmi otev\u0159en\u00ed a ochotn\u00ed zkou\u0161et nov\u00e9 v\u011bci. To d\u011bl\u00e1 pro skv\u011bl\u00fd z\u00e1\u017eitek ze seznamov\u00e1n\u00ed, proto\u017ee se neboj\u00ed riskovat. Tak\u00e9 zji\u0161\u0165uji, \u017ee milfs jsou velmi sexy a jsou obvykle velmi dobr\u00e9 v posteli. Jsou obvykle velmi zku\u0161en\u00ed a v\u011bd\u00ed, jak pot\u011b\u0161it mu\u017ee. Celkov\u011b si opravdu u\u017e\u00edv\u00e1m datov\u00e1n\u00ed milfs a doporu\u010dil bych to ka\u017ed\u00e9mu chlapovi, kter\u00fd hled\u00e1 skv\u011bl\u00fd \u010das.<\/p>\n<h3>FabSwingers<\/h3>\n<p>Tato seznamovac\u00ed aplikace je ide\u00e1ln\u00ed pro spojen\u00ed se star\u0161\u00edmi \u017eenami, kter\u00e9 hledaj\u00ed dobr\u00fd \u010das. Aplikace se snadno pou\u017e\u00edv\u00e1 a m\u00e1 spoustu funkc\u00ed, d\u00edky nim\u017e je ide\u00e1ln\u00ed pro nalezen\u00ed milf, se kter\u00fdm m\u016f\u017eete chatovat. \u017deny m\u016f\u017eete vyhled\u00e1vat podle v\u011bku, polohy, z\u00e1jm\u016f a dal\u0161\u00edch. Nav\u00edc m\u016f\u017eete dokonce pos\u00edlat zpr\u00e1vy a fotografie \u017een\u00e1m, kter\u00e9 v\u00e1s zaj\u00edmaj\u00ed. Tak\u017ee, pokud hled\u00e1te milf chatovac\u00ed m\u00edstnost, FabSwingers je ide\u00e1ln\u00edm m\u00edstem pro zah\u00e1jen\u00ed hled\u00e1n\u00ed.<\/p>\n<h3>Fling.com<\/h3>\n<p>Fling.com je seznamovac\u00ed aplikace s rozd\u00edlem; je speci\u00e1ln\u011b navr\u017een pro lidi, kte\u0159\u00ed cht\u011bj\u00ed m\u00edt p\u0159\u00edle\u017eitostn\u00e9 flingy bez p\u0159ipojen\u00fdch \u0159et\u011bzc\u016f. Aplikace se velmi snadno pou\u017e\u00edv\u00e1 a m\u00e1 jednoduch\u00e9 rozhran\u00ed. M\u00e1 tak\u00e9 velkou u\u017eivatelskou z\u00e1kladnu, co\u017e znamen\u00e1, \u017ee v\u017edy existuj\u00ed lid\u00e9 online, se kter\u00fdmi m\u016f\u017eete chatovat. Aplikace je zdarma k pou\u017eit\u00ed, ale existuj\u00ed n\u011bkter\u00e9 funkce, kter\u00e9 jsou k dispozici pouze plat\u00edc\u00edm \u010dlen\u016fm. Celkov\u011b je aplikace skv\u011blou volbou pro lidi, kte\u0159\u00ed hledaj\u00ed p\u0159\u00edle\u017eitostn\u00e9 flingy.<\/p>\n<h3>OnlyFlings<\/h3>\n<p>Pokud hled\u00e1te chatovac\u00ed m\u00edstnost milf, budete se cht\u00edt pod\u00edvat na seznamovac\u00ed aplikaci OnlyFlings. Je to skv\u011bl\u00e1 aplikace pro setk\u00e1n\u00ed se star\u0161\u00edmi \u017eenami a chatov\u00e1n\u00ed s nimi. Aplikace se snadno pou\u017e\u00edv\u00e1 a m\u00e1 mnoho funkc\u00ed, d\u00edky nim\u017e je skv\u011blou volbou pro chatovac\u00ed m\u00edstnosti milf. \u017deny m\u016f\u017eete vyhled\u00e1vat podle polohy, v\u011bku, z\u00e1jm\u016f a dal\u0161\u00edch. M\u016f\u017eete s nimi tak\u00e9 pos\u00edlat zpr\u00e1vy a chatovat s nimi v re\u00e1ln\u00e9m \u010dase. OnlyFlings je skv\u011blou volbou pro milf chatovac\u00ed m\u00edstnosti a ur\u010dit\u011b v\u00e1m pom\u016f\u017ee setkat se se star\u0161\u00edmi \u017eenami, kter\u00e9 v\u00e1s zaj\u00edmaj\u00ed.<\/p>\n","protected":false},"excerpt":{"rendered":"<p>Na MILF je n\u011bco neuv\u011b\u0159iteln\u011b l\u00e1kav\u00e9ho a mnoho kluk\u016f je pova\u017euje za neodolateln\u00e9. Na\u0161t\u011bst\u00ed existuje spousta chatovac\u00edch m\u00edstnost\u00ed MILF, kde&hellip;<\/p>\n","protected":false},"author":1,"featured_media":0,"parent":0,"menu_order":0,"comment_status":"closed","ping_status":"closed","template":"","meta":[],"yoast_head":"<!-- This site is optimized with the Yoast SEO plugin v17.7.1 - https:\/\/yoast.com\/wordpress\/plugins\/seo\/ -->\n<title>Milf Chatovac\u00ed m\u00edstnosti - Adult Dating Finder<\/title>\n<meta name=\"robots\" content=\"index, follow, max-snippet:-1, max-image-preview:large, max-video-preview:-1\" \/>\n<link rel=\"canonical\" href=\"https:\/\/the-apers.com\/cs\/milf-chatovaci-mistnosti\/\" \/>\n<meta property=\"og:locale\" content=\"cs_CZ\" \/>\n<meta property=\"og:type\" content=\"article\" \/>\n<meta property=\"og:title\" content=\"Milf Chatovac\u00ed m\u00edstnosti - Adult Dating Finder\" \/>\n<meta property=\"og:description\" content=\"Na MILF je n\u011bco neuv\u011b\u0159iteln\u011b l\u00e1kav\u00e9ho a mnoho kluk\u016f je pova\u017euje za neodolateln\u00e9. Na\u0161t\u011bst\u00ed existuje spousta chatovac\u00edch m\u00edstnost\u00ed MILF, kde&hellip;\" \/>\n<meta property=\"og:url\" content=\"https:\/\/the-apers.com\/cs\/milf-chatovaci-mistnosti\/\" \/>\n<meta property=\"og:site_name\" content=\"Adult Dating Finder\" \/>\n<meta name=\"twitter:card\" content=\"summary_large_image\" \/>\n<meta name=\"twitter:label1\" content=\"Odhadovan\u00e1 doba \u010dten\u00ed\" \/>\n\t<meta name=\"twitter:data1\" content=\"3 minuty\" \/>\n<script type=\"application\/ld+json\" class=\"yoast-schema-graph\">{\"@context\":\"https:\/\/schema.org\",\"@graph\":[{\"@type\":\"WebSite\",\"@id\":\"http:\/\/the-apers.com\/#website\",\"url\":\"http:\/\/the-apers.com\/\",\"name\":\"Adult Dating Finder\",\"description\":\"Online Personals\",\"potentialAction\":[{\"@type\":\"SearchAction\",\"target\":{\"@type\":\"EntryPoint\",\"urlTemplate\":\"http:\/\/the-apers.com\/?s={search_term_string}\"},\"query-input\":\"required name=search_term_string\"}],\"inLanguage\":\"cs\"},{\"@type\":\"WebPage\",\"@id\":\"https:\/\/the-apers.com\/cs\/milf-chatovaci-mistnosti\/#webpage\",\"url\":\"https:\/\/the-apers.com\/cs\/milf-chatovaci-mistnosti\/\",\"name\":\"Milf Chatovac\\u00ed m\\u00edstnosti - Adult Dating Finder\",\"isPartOf\":{\"@id\":\"http:\/\/the-apers.com\/#website\"},\"datePublished\":\"2022-09-30T10:14:58+00:00\",\"dateModified\":\"2022-09-30T10:14:58+00:00\",\"breadcrumb\":{\"@id\":\"https:\/\/the-apers.com\/cs\/milf-chatovaci-mistnosti\/#breadcrumb\"},\"inLanguage\":\"cs\",\"potentialAction\":[{\"@type\":\"ReadAction\",\"target\":[\"https:\/\/the-apers.com\/cs\/milf-chatovaci-mistnosti\/\"]}]},{\"@type\":\"BreadcrumbList\",\"@id\":\"https:\/\/the-apers.com\/cs\/milf-chatovaci-mistnosti\/#breadcrumb\",\"itemListElement\":[{\"@type\":\"ListItem\",\"position\":1,\"name\":\"Home\",\"item\":\"https:\/\/the-apers.com\/cs\/\"},{\"@type\":\"ListItem\",\"position\":2,\"name\":\"Milf Chatovac\\u00ed m\\u00edstnosti\"}]}]}<\/script>\n<!-- \/ Yoast SEO plugin. -->","yoast_head_json":{"title":"Milf Chatovac\u00ed m\u00edstnosti - Adult Dating Finder","robots":{"index":"index","follow":"follow","max-snippet":"max-snippet:-1","max-image-preview":"max-image-preview:large","max-video-preview":"max-video-preview:-1"},"canonical":"https:\/\/the-apers.com\/cs\/milf-chatovaci-mistnosti\/","og_locale":"cs_CZ","og_type":"article","og_title":"Milf Chatovac\u00ed m\u00edstnosti - Adult Dating Finder","og_description":"Na MILF je n\u011bco neuv\u011b\u0159iteln\u011b l\u00e1kav\u00e9ho a mnoho kluk\u016f je pova\u017euje za neodolateln\u00e9. Na\u0161t\u011bst\u00ed existuje spousta chatovac\u00edch m\u00edstnost\u00ed MILF, kde&hellip;","og_url":"https:\/\/the-apers.com\/cs\/milf-chatovaci-mistnosti\/","og_site_name":"Adult Dating Finder","twitter_card":"summary_large_image","twitter_misc":{"Odhadovan\u00e1 doba \u010dten\u00ed":"3 minuty"},"schema":{"@context":"https:\/\/schema.org","@graph":[{"@type":"WebSite","@id":"http:\/\/the-apers.com\/#website","url":"http:\/\/the-apers.com\/","name":"Adult Dating Finder","description":"Online Personals","potentialAction":[{"@type":"SearchAction","target":{"@type":"EntryPoint","urlTemplate":"http:\/\/the-apers.com\/?s={search_term_string}"},"query-input":"required name=search_term_string"}],"inLanguage":"cs"},{"@type":"WebPage","@id":"https:\/\/the-apers.com\/cs\/milf-chatovaci-mistnosti\/#webpage","url":"https:\/\/the-apers.com\/cs\/milf-chatovaci-mistnosti\/","name":"Milf Chatovac\u00ed m\u00edstnosti - Adult Dating Finder","isPartOf":{"@id":"http:\/\/the-apers.com\/#website"},"datePublished":"2022-09-30T10:14:58+00:00","dateModified":"2022-09-30T10:14:58+00:00","breadcrumb":{"@id":"https:\/\/the-apers.com\/cs\/milf-chatovaci-mistnosti\/#breadcrumb"},"inLanguage":"cs","potentialAction":[{"@type":"ReadAction","target":["https:\/\/the-apers.com\/cs\/milf-chatovaci-mistnosti\/"]}]},{"@type":"BreadcrumbList","@id":"https:\/\/the-apers.com\/cs\/milf-chatovaci-mistnosti\/#breadcrumb","itemListElement":[{"@type":"ListItem","position":1,"name":"Home","item":"https:\/\/the-apers.com\/cs\/"},{"@type":"ListItem","position":2,"name":"Milf Chatovac\u00ed m\u00edstnosti"}]}]}},"_links":{"self":[{"href":"https:\/\/the-apers.com\/cs\/wp-json\/wp\/v2\/pages\/265"}],"collection":[{"href":"https:\/\/the-apers.com\/cs\/wp-json\/wp\/v2\/pages"}],"about":[{"href":"https:\/\/the-apers.com\/cs\/wp-json\/wp\/v2\/types\/page"}],"author":[{"embeddable":true,"href":"https:\/\/the-apers.com\/cs\/wp-json\/wp\/v2\/users\/1"}],"replies":[{"embeddable":true,"href":"https:\/\/the-apers.com\/cs\/wp-json\/wp\/v2\/comments?post=265"}],"version-history":[{"count":0,"href":"https:\/\/the-apers.com\/cs\/wp-json\/wp\/v2\/pages\/265\/revisions"}],"wp:attachment":[{"href":"https:\/\/the-apers.com\/cs\/wp-json\/wp\/v2\/media?parent=265"}],"curies":[{"name":"wp","href":"https:\/\/api.w.org\/{rel}","templated":true}]}}