{"id":281,"date":"2022-09-30T11:12:38","date_gmt":"2022-09-30T10:12:38","guid":{"rendered":"http:\/\/the-apers.com\/bdsm-stranky\/"},"modified":"2022-09-30T11:12:38","modified_gmt":"2022-09-30T10:12:38","slug":"bdsm-stranky","status":"publish","type":"page","link":"https:\/\/the-apers.com\/cs\/bdsm-stranky\/","title":{"rendered":"BDSM str\u00e1nky"},"content":{"rendered":"<p>Existuje \u0159ada webov\u00fdch str\u00e1nek, kter\u00e9 se staraj\u00ed o lidi, kte\u0159\u00ed se zaj\u00edmaj\u00ed o BDSM. Tyto webov\u00e9 str\u00e1nky mohou b\u00fdt skv\u011bl\u00fdm zp\u016fsobem, jak se spojit s podobn\u011b sm\u00fd\u0161lej\u00edc\u00edmi lidmi, kte\u0159\u00ed maj\u00ed z\u00e1jem prozkoumat tento typ sexu\u00e1ln\u00ed aktivity. N\u011bkter\u00e9 z t\u011bchto webov\u00fdch str\u00e1nek maj\u00ed tak\u00e9 f\u00f3ra a chatovac\u00ed m\u00edstnosti, kde m\u016f\u017eete chatovat s ostatn\u00edmi \u010dleny a dozv\u011bd\u011bt se v\u00edce o BDSM. Pokud m\u00e1te z\u00e1jem prozkoumat tento typ sexu\u00e1ln\u00ed aktivity, tyto webov\u00e9 str\u00e1nky mohou b\u00fdt skv\u011bl\u00fdm m\u00edstem pro za\u010d\u00e1tek.<\/p>\n<h2>Nejlep\u0161\u00ed BDSM Seznamka Finder<\/h2>\n<p>Nelze pop\u0159\u00edt, \u017ee BDSM datov\u00e1n\u00ed m\u016f\u017ee b\u00fdt docela skli\u010duj\u00edc\u00ed, zvl\u00e1\u0161t\u011b pokud jste na sc\u00e9n\u011b nov\u00ed. Nicm\u00e9n\u011b, s pomoc\u00ed BDSM seznamovac\u00edho vyhled\u00e1va\u010de, m\u016f\u017eete snadno naj\u00edt podobn\u011b sm\u00fd\u0161lej\u00edc\u00ed lidi, kte\u0159\u00ed jsou do stejn\u00fdch zlom\u016f a feti\u0161\u016f jako vy. BDSM seznamovac\u00ed vyhled\u00e1va\u010d je v podstat\u011b vyhled\u00e1va\u010d, kter\u00fd v\u00e1m pom\u016f\u017ee naj\u00edt dal\u0161\u00ed <a href=\"http:\/\/the-apers.com\/bondage-chatrooms\/\">nad\u0161ence BDSM ve va\u0161em okol\u00ed<\/a>. V\u0161e, co mus\u00edte ud\u011blat, je zadat svou polohu a p\u0159edvolby a vyhled\u00e1va\u010d ud\u011bl\u00e1 zbytek. Nejen, \u017ee to usnad\u0148uje hled\u00e1n\u00ed potenci\u00e1ln\u00edch partner\u016f, ale tak\u00e9 to znamen\u00e1, \u017ee si m\u016f\u017eete b\u00fdt jisti, \u017ee jsou ve stejn\u00fdch v\u011bcech jako vy. U\u017e \u017e\u00e1dn\u00e9 trapn\u00e9 rozhovory nebo zklam\u00e1n\u00ed!<\/p>\n<p>Existuje spousta v\u00fdst\u0159edn\u00edch lid\u00ed, kte\u0159\u00ed hledaj\u00ed l\u00e1sku na sv\u011bt\u011b, a mnoz\u00ed z nich pou\u017e\u00edvaj\u00ed online datov\u00e1n\u00ed, aby ji na\u0161li. V\u00fdst\u0159edn\u00ed seznamovac\u00ed str\u00e1nky se staraj\u00ed o lidi, kte\u0159\u00ed maj\u00ed r\u00e1di neobvykl\u00e9 sexu\u00e1ln\u00ed aktivity, a mohou b\u00fdt skv\u011bl\u00fdm zp\u016fsobem, jak naj\u00edt podobn\u011b sm\u00fd\u0161lej\u00edc\u00edho partnera. V\u00fdst\u0159edn\u00ed seznamovac\u00ed weby maj\u00ed \u010dasto funkce, kter\u00e9 v\u00e1m umo\u017e\u0148uj\u00ed vyhled\u00e1vat lidi podle konkr\u00e9tn\u00edch z\u00e1jm\u016f, a mohou m\u00edt tak\u00e9 chatovac\u00ed m\u00edstnosti a f\u00f3ra, kde se m\u016f\u017eete sezn\u00e1mit s dal\u0161\u00edmi v\u00fdst\u0159edn\u00edmi lidmi. Pokud m\u00e1te z\u00e1jem o nalezen\u00ed v\u00fdst\u0159edn\u00edho partnera, online datov\u00e1n\u00ed je skv\u011bl\u00fdm m\u00edstem pro zah\u00e1jen\u00ed hled\u00e1n\u00ed.<\/p>\n<h2>Str\u00e1nky Kink<\/h2>\n<p>Existuje cel\u00e1 \u0159ada str\u00e1nek s kinkem, kter\u00e9 jsou k dispozici online, z nich\u017e ka\u017ed\u00fd uspokojuje r\u016fzn\u00e9 preference a z\u00e1jmy. A\u0165 u\u017e jste do BDSM, feti\u0161e nohou nebo n\u011b\u010deho \u00fapln\u011b jin\u00e9ho, ur\u010dit\u011b existuje web, kter\u00fd je pro v\u00e1s to prav\u00e9.<\/p>\n<p>Str\u00e1nky Kink mohou b\u00fdt skv\u011bl\u00fdm zp\u016fsobem, jak se spojit s podobn\u011b sm\u00fd\u0161lej\u00edc\u00edmi lidmi, kte\u0159\u00ed maj\u00ed z\u00e1jem prozkoumat svou sexualitu. Mohou b\u00fdt tak\u00e9 skv\u011bl\u00fdm zp\u016fsobem, jak se dozv\u011bd\u011bt v\u00edce o sob\u011b a o tom, do \u010deho jdete. Pokud jste na sc\u00e9n\u011b zlomu nov\u00ed, tyto str\u00e1nky mohou b\u00fdt skv\u011bl\u00fdm zp\u016fsobem, jak si namo\u010dit nohy a zjistit, do \u010deho jste.<\/p>\n<p>Je v\u0161ak d\u016fle\u017eit\u00e9 si uv\u011bdomit, \u017ee ne ka\u017ed\u00fd na webu zlomu hled\u00e1 datum nebo vztah. N\u011bkte\u0159\u00ed lid\u00e9 jsou tam jen proto, aby si pov\u00eddali a prozkoumali sv\u00e9 zlomy s ostatn\u00edmi. Pokud hled\u00e1te vztah, je d\u016fle\u017eit\u00e9, abyste o tom m\u011bli jasno od za\u010d\u00e1tku. V opa\u010dn\u00e9m p\u0159\u00edpad\u011b byste mohli skon\u010dit pl\u00fdtv\u00e1n\u00edm sv\u00fdm \u010dasem (a jejich).<\/p>\n<h3>BBWCupid<\/h3>\n<p>Pokud hled\u00e1te BDSM seznamovac\u00ed aplikaci s velk\u00fdm v\u00fdb\u011brem potenci\u00e1ln\u00edch partner\u016f, BBWCupid je skv\u011bl\u00e1 volba. S v\u00edce ne\u017e 600 000 \u010dleny je velk\u00e1 \u0161ance, \u017ee najdete n\u011bkoho, kdo sd\u00edl\u00ed va\u0161e zlomy a z\u00e1jmy. Aplikace je zdarma ke sta\u017een\u00ed a pou\u017eit\u00ed, ale k odemknut\u00ed v\u0161ech funkc\u00ed budete pot\u0159ebovat placen\u00e9 \u010dlenstv\u00ed. To zahrnuje zas\u00edl\u00e1n\u00ed zpr\u00e1v, vyhled\u00e1v\u00e1n\u00ed a pokro\u010dil\u00e9 p\u00e1rov\u00e1n\u00ed. T\u00fdm BBWCupid je citliv\u00fd a u\u017eite\u010dn\u00fd, co\u017e z n\u011bj \u010din\u00ed skv\u011blou volbu pro ty, kte\u0159\u00ed jsou na sc\u00e9n\u011b BDSM nov\u00ed.<\/p>\n<h3>DateYou<\/h3>\n<p>DateYou je seznamovac\u00ed aplikace, kter\u00e1 se star\u00e1 o ty, kte\u0159\u00ed se zaj\u00edmaj\u00ed o BDSM. Je to skv\u011bl\u00fd zp\u016fsob, jak se setkat s podobn\u011b sm\u00fd\u0161lej\u00edc\u00edmi lidmi a prozkoumat sv\u00e9 zlomy bezpe\u010dn\u00fdm a konsensu\u00e1ln\u00edm zp\u016fsobem. Aplikace se snadno pou\u017e\u00edv\u00e1 a m\u00e1 <a href=\"http:\/\/the-apers.com\/milf-chatrooms\/\">mnoho funkc\u00ed<\/a>, co\u017e z n\u00ed \u010din\u00ed skv\u011blou volbu pro ty, kte\u0159\u00ed se cht\u011bj\u00ed dostat do BDSM.<\/p>\n<h3>LuckyCrush<\/h3>\n<p>LuckyCrush je seznamovac\u00ed aplikace, kter\u00e1 spojuje lidi, kte\u0159\u00ed se zaj\u00edmaj\u00ed o BDSM. Aplikace se snadno pou\u017e\u00edv\u00e1 a m\u00e1 mnoho funkc\u00ed, d\u00edky nim\u017e je skv\u011blou volbou pro lidi, kte\u0159\u00ed jsou do BDSM. Aplikace umo\u017e\u0148uje vyhled\u00e1vat lidi, kte\u0159\u00ed jsou do BDSM, a m\u016f\u017eete tak\u00e9 filtrovat vyhled\u00e1v\u00e1n\u00ed podle um\u00edst\u011bn\u00ed, v\u011bku a pohlav\u00ed. LuckyCrush m\u00e1 tak\u00e9 funkci chatu, kter\u00e1 v\u00e1m umo\u017en\u00ed chatovat s ostatn\u00edmi u\u017eivateli a m\u016f\u017eete tak\u00e9 odes\u00edlat a p\u0159ij\u00edmat zpr\u00e1vy. Aplikace je zdarma k pou\u017eit\u00ed a je k dispozici pro za\u0159\u00edzen\u00ed iOS i Android.<\/p>\n","protected":false},"excerpt":{"rendered":"<p>Existuje \u0159ada webov\u00fdch str\u00e1nek, kter\u00e9 se staraj\u00ed o lidi, kte\u0159\u00ed se zaj\u00edmaj\u00ed o BDSM. Tyto webov\u00e9 str\u00e1nky mohou b\u00fdt skv\u011bl\u00fdm&hellip;<\/p>\n","protected":false},"author":1,"featured_media":0,"parent":0,"menu_order":0,"comment_status":"closed","ping_status":"closed","template":"","meta":[],"yoast_head":"<!-- This site is optimized with the Yoast SEO plugin v17.7.1 - https:\/\/yoast.com\/wordpress\/plugins\/seo\/ -->\n<title>Zdarma BDSM str\u00e1nky - Adult Dating Finder<\/title>\n<meta name=\"robots\" content=\"index, follow, max-snippet:-1, max-image-preview:large, max-video-preview:-1\" \/>\n<link rel=\"canonical\" href=\"https:\/\/the-apers.com\/cs\/bdsm-stranky\/\" \/>\n<meta property=\"og:locale\" content=\"cs_CZ\" \/>\n<meta property=\"og:type\" content=\"article\" \/>\n<meta property=\"og:title\" content=\"Zdarma BDSM str\u00e1nky - Adult Dating Finder\" \/>\n<meta property=\"og:description\" content=\"Existuje \u0159ada webov\u00fdch str\u00e1nek, kter\u00e9 se staraj\u00ed o lidi, kte\u0159\u00ed se zaj\u00edmaj\u00ed o BDSM. Tyto webov\u00e9 str\u00e1nky mohou b\u00fdt skv\u011bl\u00fdm&hellip;\" \/>\n<meta property=\"og:url\" content=\"https:\/\/the-apers.com\/cs\/bdsm-stranky\/\" \/>\n<meta property=\"og:site_name\" content=\"Adult Dating Finder\" \/>\n<meta name=\"twitter:card\" content=\"summary_large_image\" \/>\n<meta name=\"twitter:label1\" content=\"Odhadovan\u00e1 doba \u010dten\u00ed\" \/>\n\t<meta name=\"twitter:data1\" content=\"4 minuty\" \/>\n<script type=\"application\/ld+json\" class=\"yoast-schema-graph\">{\"@context\":\"https:\/\/schema.org\",\"@graph\":[{\"@type\":\"WebSite\",\"@id\":\"https:\/\/the-apers.com\/#website\",\"url\":\"https:\/\/the-apers.com\/\",\"name\":\"Adult Dating Finder\",\"description\":\"Online Personals\",\"potentialAction\":[{\"@type\":\"SearchAction\",\"target\":{\"@type\":\"EntryPoint\",\"urlTemplate\":\"https:\/\/the-apers.com\/?s={search_term_string}\"},\"query-input\":\"required name=search_term_string\"}],\"inLanguage\":\"cs\"},{\"@type\":\"WebPage\",\"@id\":\"https:\/\/the-apers.com\/cs\/bdsm-stranky\/#webpage\",\"url\":\"https:\/\/the-apers.com\/cs\/bdsm-stranky\/\",\"name\":\"Zdarma BDSM str\\u00e1nky - Adult Dating Finder\",\"isPartOf\":{\"@id\":\"https:\/\/the-apers.com\/#website\"},\"datePublished\":\"2022-09-30T10:12:38+00:00\",\"dateModified\":\"2022-09-30T10:12:38+00:00\",\"breadcrumb\":{\"@id\":\"https:\/\/the-apers.com\/cs\/bdsm-stranky\/#breadcrumb\"},\"inLanguage\":\"cs\",\"potentialAction\":[{\"@type\":\"ReadAction\",\"target\":[\"https:\/\/the-apers.com\/cs\/bdsm-stranky\/\"]}]},{\"@type\":\"BreadcrumbList\",\"@id\":\"https:\/\/the-apers.com\/cs\/bdsm-stranky\/#breadcrumb\",\"itemListElement\":[{\"@type\":\"ListItem\",\"position\":1,\"name\":\"Home\",\"item\":\"http:\/\/the-apers.com\/cs\/\"},{\"@type\":\"ListItem\",\"position\":2,\"name\":\"BDSM str\\u00e1nky\"}]}]}<\/script>\n<!-- \/ Yoast SEO plugin. -->","yoast_head_json":{"title":"Zdarma BDSM str\u00e1nky - Adult Dating Finder","robots":{"index":"index","follow":"follow","max-snippet":"max-snippet:-1","max-image-preview":"max-image-preview:large","max-video-preview":"max-video-preview:-1"},"canonical":"https:\/\/the-apers.com\/cs\/bdsm-stranky\/","og_locale":"cs_CZ","og_type":"article","og_title":"Zdarma BDSM str\u00e1nky - Adult Dating Finder","og_description":"Existuje \u0159ada webov\u00fdch str\u00e1nek, kter\u00e9 se staraj\u00ed o lidi, kte\u0159\u00ed se zaj\u00edmaj\u00ed o BDSM. Tyto webov\u00e9 str\u00e1nky mohou b\u00fdt skv\u011bl\u00fdm&hellip;","og_url":"https:\/\/the-apers.com\/cs\/bdsm-stranky\/","og_site_name":"Adult Dating Finder","twitter_card":"summary_large_image","twitter_misc":{"Odhadovan\u00e1 doba \u010dten\u00ed":"4 minuty"},"schema":{"@context":"https:\/\/schema.org","@graph":[{"@type":"WebSite","@id":"https:\/\/the-apers.com\/#website","url":"https:\/\/the-apers.com\/","name":"Adult Dating Finder","description":"Online Personals","potentialAction":[{"@type":"SearchAction","target":{"@type":"EntryPoint","urlTemplate":"https:\/\/the-apers.com\/?s={search_term_string}"},"query-input":"required name=search_term_string"}],"inLanguage":"cs"},{"@type":"WebPage","@id":"https:\/\/the-apers.com\/cs\/bdsm-stranky\/#webpage","url":"https:\/\/the-apers.com\/cs\/bdsm-stranky\/","name":"Zdarma BDSM str\u00e1nky - Adult Dating Finder","isPartOf":{"@id":"https:\/\/the-apers.com\/#website"},"datePublished":"2022-09-30T10:12:38+00:00","dateModified":"2022-09-30T10:12:38+00:00","breadcrumb":{"@id":"https:\/\/the-apers.com\/cs\/bdsm-stranky\/#breadcrumb"},"inLanguage":"cs","potentialAction":[{"@type":"ReadAction","target":["https:\/\/the-apers.com\/cs\/bdsm-stranky\/"]}]},{"@type":"BreadcrumbList","@id":"https:\/\/the-apers.com\/cs\/bdsm-stranky\/#breadcrumb","itemListElement":[{"@type":"ListItem","position":1,"name":"Home","item":"http:\/\/the-apers.com\/cs\/"},{"@type":"ListItem","position":2,"name":"BDSM str\u00e1nky"}]}]}},"_links":{"self":[{"href":"https:\/\/the-apers.com\/cs\/wp-json\/wp\/v2\/pages\/281"}],"collection":[{"href":"https:\/\/the-apers.com\/cs\/wp-json\/wp\/v2\/pages"}],"about":[{"href":"https:\/\/the-apers.com\/cs\/wp-json\/wp\/v2\/types\/page"}],"author":[{"embeddable":true,"href":"https:\/\/the-apers.com\/cs\/wp-json\/wp\/v2\/users\/1"}],"replies":[{"embeddable":true,"href":"https:\/\/the-apers.com\/cs\/wp-json\/wp\/v2\/comments?post=281"}],"version-history":[{"count":0,"href":"https:\/\/the-apers.com\/cs\/wp-json\/wp\/v2\/pages\/281\/revisions"}],"wp:attachment":[{"href":"https:\/\/the-apers.com\/cs\/wp-json\/wp\/v2\/media?parent=281"}],"curies":[{"name":"wp","href":"https:\/\/api.w.org\/{rel}","templated":true}]}}