{"id":99,"date":"2022-09-13T12:01:16","date_gmt":"2022-09-13T11:01:16","guid":{"rendered":"http:\/\/the-apers.com\/dospeli-seznamte-se-a-kurva-stranky\/"},"modified":"2022-09-13T12:01:16","modified_gmt":"2022-09-13T11:01:16","slug":"dospeli-seznamte-se-a-kurva-stranky","status":"publish","type":"page","link":"https:\/\/the-apers.com\/cs\/","title":{"rendered":"Dosp\u011bl\u00ed Seznamte se a kurva str\u00e1nky"},"content":{"rendered":"<p>Jednou z nejv\u011bt\u0161\u00edch v\u00fdhod online seznamov\u00e1n\u00ed je, \u017ee se m\u016f\u017eete spojit s lidmi z cel\u00e9ho sv\u011bta. Pouh\u00fdmi n\u011bkolika kliknut\u00edmi my\u0161\u00ed m\u016f\u017eete proch\u00e1zet profily tis\u00edc\u016f nezadan\u00fdch ve va\u0161\u00ed oblasti. \u010cleny m\u016f\u017eete tak\u00e9 filtrovat na z\u00e1klad\u011b v\u011bku, polohy, z\u00e1jm\u016f, rodinn\u00e9ho stavu a dal\u0161\u00edch krit\u00e9ri\u00ed.<\/p>\n<p>Zat\u00edmco online seznamovac\u00ed str\u00e1nky nab\u00edzej\u00ed pohodl\u00ed, p\u0159edstavuj\u00ed tak\u00e9 v\u00fdzvy. Jednou z v\u00fdzev je nalezen\u00ed kompatibiln\u00edch shod. Dal\u0161\u00edm probl\u00e9mem je zjistit, zda je osoba prav\u00e1, nebo se v\u00e1s pokou\u0161\u00ed podv\u00e9st. Podvody s online seznamkami jsou b\u011b\u017en\u00e9, tak\u017ee je d\u016fle\u017eit\u00e9, abyste se nau\u010dili, jak rozpoznat fale\u0161n\u00fd profil.<\/p>\n<h2>Jak funguj\u00ed seznamovac\u00ed aplikace, pokud chcete jen sex<\/h2>\n<p>Existuje spousta str\u00e1nek v\u011bnovan\u00fdch p\u0159\u00edle\u017eitostn\u00e9mu datov\u00e1n\u00ed, v\u010detn\u011b Tinder, OkCupid a Bumble. Tyto aplikace umo\u017e\u0148uj\u00ed p\u0159ejet prstem doleva nebo doprava na z\u00e1klad\u011b fotek a zpr\u00e1v a pak se spojit s ostatn\u00edmi, kte\u0159\u00ed sd\u00edlej\u00ed spole\u010dn\u00e9 z\u00e1jmy. Kdy\u017e potk\u00e1te n\u011bkoho, kdo se v\u00e1m l\u00edb\u00ed, m\u016f\u017eete bu\u010f chatovat soukrom\u011b, nebo si domluvit rande.<\/p>\n<p>Zat\u00edmco p\u0159\u00edle\u017eitostn\u00e9 datov\u00e1n\u00ed je z\u00e1bavn\u00e9 a snadn\u00e9, je d\u016fle\u017eit\u00e9 si uv\u011bdomit, \u017ee je to st\u00e1le jen forma z\u00e1bavy. Ujist\u011bte se, \u017ee jste spokojeni s osobou, se kterou mluv\u00edte, ne\u017e budete s n\u011b\u010d\u00edm souhlasit. Bu\u010fte tak\u00e9 opatrn\u00ed p\u0159i sd\u00edlen\u00ed osobn\u00edch \u00fadaj\u016f, zejm\u00e9na finan\u010dn\u00edch informac\u00ed.<\/p>\n<p>Je tak\u00e9 d\u016fle\u017eit\u00e9 si uv\u011bdomit, \u017ee p\u0159\u00edle\u017eitostn\u00e9 rand\u011bn\u00ed nen\u00ed v\u017edy bezpe\u010dn\u00e9. I kdy\u017e je mo\u017en\u00e9 setkat se s n\u011bk\u00fdm, komu d\u016fv\u011b\u0159ujete, nen\u00ed to v\u017edy zaru\u010deno. I kdy\u017e se m\u016f\u017eete c\u00edtit dostate\u010dn\u011b sebejist\u011b, abyste mluvili s n\u011bk\u00fdm, koho jste potkali online, nikdy nev\u00edte, dokud se s n\u00edm nesetk\u00e1te v re\u00e1ln\u00e9m \u017eivot\u011b.<\/p>\n<p>Tak\u017ee zat\u00edmco p\u0159\u00edle\u017eitostn\u00e9 datov\u00e1n\u00ed m\u016f\u017ee b\u00fdt z\u00e1bavn\u00e9, je d\u016fle\u017eit\u00e9 si b\u00fdt v\u011bdom potenci\u00e1ln\u00edch rizik.<\/p>\n<h2>Jak z\u016fstat v bezpe\u010d\u00ed online<\/h2>\n<p>P\u0159ipojen\u00ed jsou z\u00e1bavn\u00e1 a vzru\u0161uj\u00edc\u00ed, ale nejsou v\u017edy bezpe\u010dn\u00e1. Dnes je k dispozici spousta aplikac\u00ed, kter\u00e9 v\u00e1m umo\u017en\u00ed spojit se s n\u011bk\u00fdm v okol\u00ed, ale st\u00e1le riskujete, \u017ee se setk\u00e1te s n\u011bk\u00fdm, kdo nemus\u00ed b\u00fdt d\u016fv\u011bryhodn\u00fd.<\/p>\n<p>Je snadn\u00e9 spadnout do pasti a myslet si, \u017ee p\u0159ipojen\u00ed jsou bezpe\u010dn\u011bj\u0161\u00ed ne\u017e j\u00edt do bar\u016f nebo klub\u016f, ale pravdou je, \u017ee jsou stejn\u011b nebezpe\u010dn\u00e9. Kdy\u017e se s n\u011bk\u00fdm setk\u00e1te osobn\u011b, m\u00e1te mo\u017enost posoudit jeho charakter a rozhodnout se, zda se s n\u00edm c\u00edt\u00edte dob\u0159e. Online, nikdy opravdu nev\u00edte, s jak\u00fdm \u010dlov\u011bkem m\u00e1te co do \u010din\u011bn\u00ed, dokud se to nestane.<\/p>\n<p>To je d\u016fvod, pro\u010d je d\u016fle\u017eit\u00e9 b\u00fdt opatrn\u00fd p\u0159i v\u00fdb\u011bru m\u00edsta, kde se s n\u011bk\u00fdm setk\u00e1te. Ujist\u011bte se, \u017ee jste si vybrali renomovanou aplikaci, kter\u00e1 v\u00e1m umo\u017en\u00ed ov\u011b\u0159it profily a fotografie, ne\u017e budete souhlasit se setk\u00e1n\u00edm. Tak\u00e9 se sna\u017ete vyhnout setk\u00e1n\u00ed s n\u011bk\u00fdm v baru nebo klubu; m\u00edsto toho se rozhodn\u011bte pro kav\u00e1rnu nebo jin\u00e9 ve\u0159ejn\u00e9 m\u00edsto.<\/p>\n<p>I kdy\u017e je pravda, \u017ee p\u0159ipojen\u00ed jsou pohodln\u00e1, mohou tak\u00e9 v\u00e9st k pot\u00ed\u017e\u00edm. Tak\u017ee, i kdy\u017e si m\u016f\u017eete vychutnat vzru\u0161en\u00ed z nalezen\u00ed n\u011bkoho, s k\u00fdm byste mohli tr\u00e1vit \u010das, nezapome\u0148te, \u017ee byste toho mohli pozd\u011bji litovat.<\/p>\n<h3>\u010ceho se vyvarovat<\/h3>\n<p>Abyste se vyhnuli tomu, \u017ee se stanete ob\u011bt\u00ed podvodn\u00edka, je d\u016fle\u017eit\u00e9 prov\u00e9st d\u016fkladnou kontrolu pozad\u00ed potenci\u00e1ln\u00edch dat. Ujist\u011bte se, \u017ee jste si p\u0159e\u010detli recenze a zp\u011btnou vazbu od p\u0159edchoz\u00edch z\u00e1kazn\u00edk\u016f. Pod\u00edvejte se tak\u00e9 na pov\u011bst \u010dlena prost\u0159ednictv\u00edm web\u016f t\u0159et\u00edch stran, jako je Facebook a Twitter. Nakonec ov\u011b\u0159te kontaktn\u00ed informace osoby.<\/p>\n<p>Krom\u011b kontroly osobn\u00edch \u00fadaj\u016f u\u017eivatele je tak\u00e9 d\u016fle\u017eit\u00e9 zkontrolovat jeho fotografie. Hledejte na obr\u00e1zc\u00edch nekonzistence, nap\u0159\u00edklad v\u00edce tv\u00e1\u0159\u00ed nebo podivn\u00e9 pozad\u00ed. Tyto \u010derven\u00e9 vlajky by mohly nazna\u010dovat, \u017ee osoba n\u011bco skr\u00fdv\u00e1.<\/p>\n<p>Je tak\u00e9 d\u016fle\u017eit\u00e9 vz\u00edt v \u00favahu bezpe\u010dnost va\u0161ich dat p\u0159i pou\u017e\u00edv\u00e1n\u00ed online seznamovac\u00edch str\u00e1nek. Mnoho web\u016f vy\u017eaduje, abyste poskytli citliv\u00e9 informace, v\u010detn\u011b finan\u010dn\u00edch informac\u00ed a telefonn\u00edch \u010d\u00edsel. P\u0159ed sd\u00edlen\u00edm t\u011bchto informac\u00ed se ujist\u011bte, \u017ee rozum\u00edte z\u00e1sad\u00e1m ochrany osobn\u00edch \u00fadaj\u016f web\u016f, ke kter\u00fdm se chcete p\u0159ipojit.<\/p>\n<p>Online seznamovac\u00ed str\u00e1nky jsou pohodln\u00e9 zp\u016fsoby, jak se setkat s lidmi, ale nejsou dokonal\u00e9. Existuj\u00ed rizika, tak\u017ee je d\u016fle\u017eit\u00e9, abyste p\u0159ed p\u0159ipojen\u00edm zv\u00e1\u017eili klady a z\u00e1pory.<\/p>\n<h2>Pro\u010d byste m\u011bli d\u016fv\u011b\u0159ovat online seznamk\u00e1m?<\/h2>\n<p>Zat\u00edmco online datov\u00e1n\u00ed je st\u00e1le relativn\u011b nov\u00e9, existuje spousta zdroj\u016f, kter\u00e9 v\u00e1m pomohou orientovat se ve sv\u011bt\u011b online datov\u00e1n\u00ed. Zde je n\u011bkolik tip\u016f, kter\u00e9 je t\u0159eba vz\u00edt v \u00favahu p\u0159i hled\u00e1n\u00ed l\u00e1sky online.<\/p>\n<p>Za\u010dn\u011bte t\u00edm, \u017ee se zaregistrujete k renomovan\u00e9 slu\u017eb\u011b. Existuj\u00ed des\u00edtky r\u016fzn\u00fdch web\u016f, kter\u00e9 nab\u00edzej\u00ed mo\u017enosti online seznamov\u00e1n\u00ed, tak\u017ee je d\u016fle\u017eit\u00e9 si vybrat moud\u0159e. Mezi nejobl\u00edben\u011bj\u0161\u00ed str\u00e1nky pat\u0159\u00ed Match.com, eHarmony, PlentyOfFish, Zoosk, OkCupid a Tinder. D\u00e1le se pod\u00edvejte na typy profil\u016f, kter\u00e9 ka\u017ed\u00fd web nab\u00edz\u00ed. V\u011bt\u0161ina web\u016f nab\u00edz\u00ed z\u00e1kladn\u00ed profilov\u00e9 funkce, v\u010detn\u011b fotek, polohy, v\u011bku, pohlav\u00ed a z\u00e1jm\u016f. N\u011bkter\u00e9 weby v\u00e1m v\u0161ak umo\u017e\u0148uj\u00ed d\u00e1le p\u0159izp\u016fsobit sv\u016fj profil, co\u017e v\u00e1m umo\u017en\u00ed p\u0159idat dal\u0161\u00ed podrobnosti, jako jsou kon\u00ed\u010dky, vzd\u011bl\u00e1n\u00ed, povol\u00e1n\u00ed a stav vztahu.<\/p>\n<p>Po vytvo\u0159en\u00ed profilu zkuste proch\u00e1zet profily ostatn\u00edch \u010dlen\u016f. Proch\u00e1zejte profily potenci\u00e1ln\u00edch shod, dokud nenajdete n\u011bkoho, s k\u00fdm byste se cht\u011bli setkat. Pot\u00e9 ode\u0161lete zpr\u00e1vu s dotazem na jejich dostupnost. Bu\u010fte opatrn\u00ed p\u0159i komunikaci prost\u0159ednictv\u00edm textov\u00fdch zpr\u00e1v. Zat\u00edmco textov\u00e9 zpr\u00e1vy jsou pohodln\u00e9, je snadn\u00e9 nespr\u00e1vn\u011b interpretovat zpr\u00e1vy. Pokud nap\u0159\u00edklad \u0159eknete, \u017ee m\u00e1te z\u00e1jem o sch\u016fzku na k\u00e1vu, m\u016f\u017eete obdr\u017eet odpov\u011b\u010f, \u017ee zn\u00edte zoufale. M\u00edsto toho po\u017e\u00e1dejte o vysv\u011btlen\u00ed.<\/p>\n<p>Nezapome\u0148te po odesl\u00e1n\u00ed zpr\u00e1vy pokra\u010dovat. Odesl\u00e1n\u00ed rychl\u00e9 n\u00e1sledn\u00e9 zpr\u00e1vy do 24 hodin v\u00e1m m\u016f\u017ee pomoci ur\u010dit, zda byste vy dva byli kompatibiln\u00ed. Nezapome\u0148te, \u017ee online seznamov\u00e1n\u00ed je jen jednou z mo\u017enost\u00ed, jak naj\u00edt l\u00e1sku. Mezi dal\u0161\u00ed zp\u016fsoby, jak se setkat s lidmi, pat\u0159\u00ed \u00fa\u010dast na akc\u00edch, p\u0159ipojen\u00ed ke skupin\u00e1m, dobrovolnictv\u00ed a rande naslepo.<\/p>\n","protected":false},"excerpt":{"rendered":"<p>Jednou z nejv\u011bt\u0161\u00edch v\u00fdhod online seznamov\u00e1n\u00ed je, \u017ee se m\u016f\u017eete spojit s lidmi z cel\u00e9ho sv\u011bta. Pouh\u00fdmi n\u011bkolika kliknut\u00edmi my\u0161\u00ed&hellip;<\/p>\n","protected":false},"author":1,"featured_media":76,"parent":0,"menu_order":0,"comment_status":"closed","ping_status":"closed","template":"","meta":[],"yoast_head":"<!-- This site is optimized with the Yoast SEO plugin v17.7.1 - https:\/\/yoast.com\/wordpress\/plugins\/seo\/ -->\n<title>Dosp\u011bl\u00ed Seznamte se a kurva str\u00e1nky - Adult Dating Finder<\/title>\n<meta name=\"robots\" content=\"index, follow, max-snippet:-1, max-image-preview:large, max-video-preview:-1\" \/>\n<link rel=\"canonical\" href=\"https:\/\/the-apers.com\/cs\/\" \/>\n<meta property=\"og:locale\" content=\"cs_CZ\" \/>\n<meta property=\"og:type\" content=\"article\" \/>\n<meta property=\"og:title\" content=\"Dosp\u011bl\u00ed Seznamte se a kurva str\u00e1nky - Adult Dating Finder\" \/>\n<meta property=\"og:description\" content=\"Jednou z nejv\u011bt\u0161\u00edch v\u00fdhod online seznamov\u00e1n\u00ed je, \u017ee se m\u016f\u017eete spojit s lidmi z cel\u00e9ho sv\u011bta. Pouh\u00fdmi n\u011bkolika kliknut\u00edmi my\u0161\u00ed&hellip;\" \/>\n<meta property=\"og:url\" content=\"https:\/\/the-apers.com\/cs\/\" \/>\n<meta property=\"og:site_name\" content=\"Adult Dating Finder\" \/>\n<meta property=\"og:image\" content=\"http:\/\/the-apers.com\/wp-content\/uploads\/2022\/09\/sex-match.jpeg\" \/>\n\t<meta property=\"og:image:width\" content=\"1125\" \/>\n\t<meta property=\"og:image:height\" content=\"750\" \/>\n<meta name=\"twitter:card\" content=\"summary_large_image\" \/>\n<meta name=\"twitter:label1\" content=\"Odhadovan\u00e1 doba \u010dten\u00ed\" \/>\n\t<meta name=\"twitter:data1\" content=\"6 minut\" \/>\n<script type=\"application\/ld+json\" class=\"yoast-schema-graph\">{\"@context\":\"https:\/\/schema.org\",\"@graph\":[{\"@type\":\"WebSite\",\"@id\":\"https:\/\/the-apers.com\/#website\",\"url\":\"https:\/\/the-apers.com\/\",\"name\":\"Adult Dating Finder\",\"description\":\"Online Personals\",\"potentialAction\":[{\"@type\":\"SearchAction\",\"target\":{\"@type\":\"EntryPoint\",\"urlTemplate\":\"https:\/\/the-apers.com\/?s={search_term_string}\"},\"query-input\":\"required name=search_term_string\"}],\"inLanguage\":\"cs\"},{\"@type\":\"ImageObject\",\"@id\":\"https:\/\/the-apers.com\/cs\/#primaryimage\",\"inLanguage\":\"cs\",\"url\":\"https:\/\/the-apers.com\/wp-content\/uploads\/2022\/09\/sex-match.jpeg\",\"contentUrl\":\"https:\/\/the-apers.com\/wp-content\/uploads\/2022\/09\/sex-match.jpeg\",\"width\":1125,\"height\":750},{\"@type\":\"WebPage\",\"@id\":\"https:\/\/the-apers.com\/cs\/#webpage\",\"url\":\"https:\/\/the-apers.com\/cs\/\",\"name\":\"Dosp\\u011bl\\u00ed Seznamte se a kurva str\\u00e1nky - Adult Dating Finder\",\"isPartOf\":{\"@id\":\"https:\/\/the-apers.com\/#website\"},\"primaryImageOfPage\":{\"@id\":\"https:\/\/the-apers.com\/cs\/#primaryimage\"},\"datePublished\":\"2022-09-13T11:01:16+00:00\",\"dateModified\":\"2022-09-13T11:01:16+00:00\",\"breadcrumb\":{\"@id\":\"https:\/\/the-apers.com\/cs\/#breadcrumb\"},\"inLanguage\":\"cs\",\"potentialAction\":[{\"@type\":\"ReadAction\",\"target\":[\"https:\/\/the-apers.com\/cs\/\"]}]},{\"@type\":\"BreadcrumbList\",\"@id\":\"https:\/\/the-apers.com\/cs\/#breadcrumb\",\"itemListElement\":[{\"@type\":\"ListItem\",\"position\":1,\"name\":\"Home\",\"item\":\"http:\/\/the-apers.com\/cs\/\"},{\"@type\":\"ListItem\",\"position\":2,\"name\":\"Dosp\\u011bl\\u00ed Seznamte se a kurva str\\u00e1nky\"}]}]}<\/script>\n<!-- \/ Yoast SEO plugin. -->","yoast_head_json":{"title":"Dosp\u011bl\u00ed Seznamte se a kurva str\u00e1nky - Adult Dating Finder","robots":{"index":"index","follow":"follow","max-snippet":"max-snippet:-1","max-image-preview":"max-image-preview:large","max-video-preview":"max-video-preview:-1"},"canonical":"https:\/\/the-apers.com\/cs\/","og_locale":"cs_CZ","og_type":"article","og_title":"Dosp\u011bl\u00ed Seznamte se a kurva str\u00e1nky - Adult Dating Finder","og_description":"Jednou z nejv\u011bt\u0161\u00edch v\u00fdhod online seznamov\u00e1n\u00ed je, \u017ee se m\u016f\u017eete spojit s lidmi z cel\u00e9ho sv\u011bta. Pouh\u00fdmi n\u011bkolika kliknut\u00edmi my\u0161\u00ed&hellip;","og_url":"https:\/\/the-apers.com\/cs\/","og_site_name":"Adult Dating Finder","og_image":[{"width":1125,"height":750,"url":"http:\/\/the-apers.com\/wp-content\/uploads\/2022\/09\/sex-match.jpeg","type":"image\/jpeg"}],"twitter_card":"summary_large_image","twitter_misc":{"Odhadovan\u00e1 doba \u010dten\u00ed":"6 minut"},"schema":{"@context":"https:\/\/schema.org","@graph":[{"@type":"WebSite","@id":"https:\/\/the-apers.com\/#website","url":"https:\/\/the-apers.com\/","name":"Adult Dating Finder","description":"Online Personals","potentialAction":[{"@type":"SearchAction","target":{"@type":"EntryPoint","urlTemplate":"https:\/\/the-apers.com\/?s={search_term_string}"},"query-input":"required name=search_term_string"}],"inLanguage":"cs"},{"@type":"ImageObject","@id":"https:\/\/the-apers.com\/cs\/#primaryimage","inLanguage":"cs","url":"https:\/\/the-apers.com\/wp-content\/uploads\/2022\/09\/sex-match.jpeg","contentUrl":"https:\/\/the-apers.com\/wp-content\/uploads\/2022\/09\/sex-match.jpeg","width":1125,"height":750},{"@type":"WebPage","@id":"https:\/\/the-apers.com\/cs\/#webpage","url":"https:\/\/the-apers.com\/cs\/","name":"Dosp\u011bl\u00ed Seznamte se a kurva str\u00e1nky - Adult Dating Finder","isPartOf":{"@id":"https:\/\/the-apers.com\/#website"},"primaryImageOfPage":{"@id":"https:\/\/the-apers.com\/cs\/#primaryimage"},"datePublished":"2022-09-13T11:01:16+00:00","dateModified":"2022-09-13T11:01:16+00:00","breadcrumb":{"@id":"https:\/\/the-apers.com\/cs\/#breadcrumb"},"inLanguage":"cs","potentialAction":[{"@type":"ReadAction","target":["https:\/\/the-apers.com\/cs\/"]}]},{"@type":"BreadcrumbList","@id":"https:\/\/the-apers.com\/cs\/#breadcrumb","itemListElement":[{"@type":"ListItem","position":1,"name":"Home","item":"http:\/\/the-apers.com\/cs\/"},{"@type":"ListItem","position":2,"name":"Dosp\u011bl\u00ed Seznamte se a kurva str\u00e1nky"}]}]}},"_links":{"self":[{"href":"https:\/\/the-apers.com\/cs\/wp-json\/wp\/v2\/pages\/99"}],"collection":[{"href":"https:\/\/the-apers.com\/cs\/wp-json\/wp\/v2\/pages"}],"about":[{"href":"https:\/\/the-apers.com\/cs\/wp-json\/wp\/v2\/types\/page"}],"author":[{"embeddable":true,"href":"https:\/\/the-apers.com\/cs\/wp-json\/wp\/v2\/users\/1"}],"replies":[{"embeddable":true,"href":"https:\/\/the-apers.com\/cs\/wp-json\/wp\/v2\/comments?post=99"}],"version-history":[{"count":0,"href":"https:\/\/the-apers.com\/cs\/wp-json\/wp\/v2\/pages\/99\/revisions"}],"wp:featuredmedia":[{"embeddable":true,"href":"https:\/\/the-apers.com\/cs\/wp-json\/wp\/v2\/media\/76"}],"wp:attachment":[{"href":"https:\/\/the-apers.com\/cs\/wp-json\/wp\/v2\/media?parent=99"}],"curies":[{"name":"wp","href":"https:\/\/api.w.org\/{rel}","templated":true}]}}