{"id":112,"date":"2022-09-13T12:01:16","date_gmt":"2022-09-13T11:01:16","guid":{"rendered":"http:\/\/the-apers.com\/voksen-moedes-og-knepper-websteder\/"},"modified":"2022-09-13T12:01:16","modified_gmt":"2022-09-13T11:01:16","slug":"voksen-moedes-og-knepper-websteder","status":"publish","type":"page","link":"https:\/\/the-apers.com\/da\/","title":{"rendered":"Voksen m\u00f8des og knepper websteder"},"content":{"rendered":"<p>En af de st\u00f8rste fordele ved online dating er, at du kan oprette forbindelse til mennesker fra hele verden. Med blot et par museklik kan du gennemse profiler af tusindvis af singler i dit omr\u00e5de. Du kan ogs\u00e5 filtrere medlemmer baseret p\u00e5 alder, placering, interesser, relationsstatus og andre kriterier.<\/p>\n<p>Mens online dating sites tilbyder bekvemmelighed, giver de ogs\u00e5 udfordringer. En udfordring er at finde kompatible kampe. Et andet problem er at finde ud af, om en person er \u00e6gte eller fors\u00f8ger at snyde dig. Online dating svindel er almindelige, s\u00e5 det er vigtigt, at du l\u00e6rer at f\u00e5 \u00f8je p\u00e5 en falsk profil.<\/p>\n<h2>S\u00e5dan fungerer datingapps, hvis du bare vil have sex<\/h2>\n<p>Der er masser af sider dedikeret til casual dating, herunder Tinder, OkCupid og Bumble. Disse apps giver dig mulighed for at stryge til venstre eller h\u00f8jre baseret p\u00e5 fotos og beskeder og derefter oprette forbindelse til andre, der deler f\u00e6lles interesser. N\u00e5r du m\u00f8der en person, du kan lide, kan du enten chatte privat eller oprette en dato.<\/p>\n<p>Mens casual dating er sjovt og nemt, er det vigtigt at huske, at det stadig bare er en form for underholdning. S\u00f8rg for, at du er fortrolig med den person, du taler med, f\u00f8r du accepterer noget. V\u00e6r ogs\u00e5 forsigtig med at dele personlige oplysninger, is\u00e6r \u00f8konomiske oplysninger.<\/p>\n<p>Det er ogs\u00e5 vigtigt at forst\u00e5, at casual dating ikke altid er sikkert. Selvom det er muligt at m\u00f8de nogen, du stoler p\u00e5, er det ikke altid garanteret. Selvom du m\u00e5ske f\u00f8ler dig selvsikker nok til at tale med nogen, du m\u00f8dte online, ved du aldrig rigtig, f\u00f8r du m\u00f8der dem i det virkelige liv.<\/p>\n<p>S\u00e5 selvom casual dating kan v\u00e6re sjovt, er det vigtigt at v\u00e6re opm\u00e6rksom p\u00e5 potentielle risici.<\/p>\n<h2>S\u00e5dan forbliver du sikker online<\/h2>\n<p>Tilslutninger er sjove og sp\u00e6ndende, men de er ikke altid sikre. Der er masser af apps tilg\u00e6ngelige i dag, der giver dig mulighed for at tilslutte dig nogen i n\u00e6rheden, men du risikerer stadig at m\u00f8de nogen, der m\u00e5ske ikke er trov\u00e6rdige.<\/p>\n<p>Det er let at falde i f\u00e6lden med at tro, at tilslutninger er sikrere end at g\u00e5 p\u00e5 barer eller klubber, men sandheden er, at de er lige s\u00e5 farlige. N\u00e5r du m\u00f8der nogen personligt, har du mulighed for at vurdere deres karakter og beslutte, om du f\u00f8ler dig godt tilpas med dem eller ej. Online ved du aldrig rigtig, hvilken slags person du har at g\u00f8re med, f\u00f8r efter det faktum.<\/p>\n<p>Derfor er det vigtigt at v\u00e6re forsigtig, n\u00e5r du v\u00e6lger, hvor du m\u00f8der nogen. S\u00f8rg for, at du v\u00e6lger en velrenommeret app, der giver dig mulighed for at bekr\u00e6fte profiler og fotos, f\u00f8r du accepterer at m\u00f8des. Pr\u00f8v ogs\u00e5 at undg\u00e5 at m\u00f8de nogen p\u00e5 en bar eller klub; i stedet skal du v\u00e6lge en kaffebar eller et andet offentligt sted.<\/p>\n<p>Selvom det er rigtigt, at tilslutninger er praktiske, kan de ogs\u00e5 f\u00f8re til problemer. S\u00e5 selvom du m\u00e5ske nyder sp\u00e6ndingen ved at finde nogen at tilbringe tid med, skal du huske, at du kan ende med at fortryde det senere.<\/p>\n<h3>Hvad skal man undg\u00e5<\/h3>\n<p>For at undg\u00e5 at blive offer for en svindler er det vigtigt at foretage grundige baggrundstjek af potentielle datoer. S\u00f8rg for at l\u00e6se anmeldelser og feedback fra tidligere kunder. Se ogs\u00e5 p\u00e5 medlemmets omd\u00f8mme gennem tredjepartswebsteder som Facebook og Twitter. Til sidst skal du kontrollere personens kontaktoplysninger.<\/p>\n<p>Ud over at tjekke brugerens personlige oplysninger er det ogs\u00e5 vigtigt at gennemg\u00e5 hans eller hendes fotos. Se efter uoverensstemmelser i billederne, s\u00e5som flere ansigter eller m\u00e6rkelige baggrunde. Disse r\u00f8de flag kan indikere, at personen skjuler noget.<\/p>\n<p>Det er ogs\u00e5 vigtigt at overveje sikkerheden af dine data, n\u00e5r du bruger online dating sites. Mange websteder kr\u00e6ver, at du giver f\u00f8lsomme oplysninger, herunder \u00f8konomiske oplysninger og telefonnumre. F\u00f8r du deler disse oplysninger, skal du s\u00f8rge for at forst\u00e5 fortrolighedspolitikkerne for de websteder, du planl\u00e6gger at deltage i.<\/p>\n<p>Online dating sites er bekvemme m\u00e5der at m\u00f8de mennesker p\u00e5, men de er ikke perfekte. Der er risici involveret, s\u00e5 det er vigtigt for dig at afveje fordele og ulemper, f\u00f8r du tilmelder dig.<\/p>\n<h2>Hvorfor skal du stole p\u00e5 online dating sites?<\/h2>\n<p>Mens online dating stadig er relativt nyt, er der masser af ressourcer til r\u00e5dighed for at hj\u00e6lpe dig med at navigere i en verden af online dating. Her er nogle tips, du skal overveje, n\u00e5r du s\u00f8ger efter k\u00e6rlighed online.<\/p>\n<p>Start med at tilmelde dig en velrenommeret service. Der er snesevis af forskellige websteder, der tilbyder online dating muligheder, s\u00e5 det er vigtigt at v\u00e6lge klogt. Nogle af de mest popul\u00e6re websteder inkluderer Match.com, eHarmony, PlentyOfFish, Zoosk, OkCupid og Tinder. Unders\u00f8g derefter de typer profiler, som hvert websted tilbyder. De fleste websteder tilbyder grundl\u00e6ggende profilfunktioner, herunder fotos, placering, alder, k\u00f8n og interesser. Men nogle websteder giver dig mulighed for at tilpasse din profil yderligere, s\u00e5 du kan tilf\u00f8je yderligere detaljer som hobbyer, uddannelse, erhverv og forholdsstatus.<\/p>\n<p>N\u00e5r du har oprettet en profil, kan du pr\u00f8ve at gennemse andre medlemmers profiler. Gennemse profilerne for potentielle matches, indtil du finder nogen, du gerne vil m\u00f8de. Send derefter en besked, der sp\u00f8rger om deres tilg\u00e6ngelighed. V\u00e6r forsigtig, n\u00e5r du kommunikerer via tekstbeskeder. Selvom sms&#8217;er er praktiske, er det nemt at fejlfortolke beskeder. For eksempel, hvis du siger, at du er interesseret i at m\u00f8des til kaffe, kan du modtage et svar, der siger, at du lyder desperat. Bed i stedet om afklaring.<\/p>\n<p>Glem ikke at f\u00f8lge op efter at have sendt en besked. At sende en hurtig opf\u00f8lgningsmeddelelse inden for 24 timer kan hj\u00e6lpe dig med at afg\u00f8re, om I to ville v\u00e6re kompatible eller ej. Husk, at online dating kun er en mulighed for at finde k\u00e6rlighed. Andre m\u00e5der at m\u00f8de mennesker p\u00e5 inkluderer at deltage i begivenheder, deltage i grupper, frivilligt arbejde og g\u00e5 p\u00e5 blind dates.<\/p>\n","protected":false},"excerpt":{"rendered":"<p>En af de st\u00f8rste fordele ved online dating er, at du kan oprette forbindelse til mennesker fra hele verden. Med&hellip;<\/p>\n","protected":false},"author":1,"featured_media":77,"parent":0,"menu_order":0,"comment_status":"closed","ping_status":"closed","template":"","meta":[],"yoast_head":"<!-- This site is optimized with the Yoast SEO plugin v17.7.1 - https:\/\/yoast.com\/wordpress\/plugins\/seo\/ -->\n<title>Voksen m\u00f8des og knepper websteder - Adult Dating Finder<\/title>\n<meta name=\"robots\" content=\"index, follow, max-snippet:-1, max-image-preview:large, max-video-preview:-1\" \/>\n<link rel=\"canonical\" href=\"https:\/\/the-apers.com\/da\/\" \/>\n<meta property=\"og:locale\" content=\"da_DK\" \/>\n<meta property=\"og:type\" content=\"article\" \/>\n<meta property=\"og:title\" content=\"Voksen m\u00f8des og knepper websteder - Adult Dating Finder\" \/>\n<meta property=\"og:description\" content=\"En af de st\u00f8rste fordele ved online dating er, at du kan oprette forbindelse til mennesker fra hele verden. Med&hellip;\" \/>\n<meta property=\"og:url\" content=\"https:\/\/the-apers.com\/da\/\" \/>\n<meta property=\"og:site_name\" content=\"Adult Dating Finder\" \/>\n<meta property=\"og:image\" content=\"https:\/\/the-apers.com\/wp-content\/uploads\/2022\/09\/sex-match.jpeg\" \/>\n\t<meta property=\"og:image:width\" content=\"1125\" \/>\n\t<meta property=\"og:image:height\" content=\"750\" \/>\n<meta name=\"twitter:card\" content=\"summary_large_image\" \/>\n<meta name=\"twitter:label1\" content=\"Estimeret l\u00e6setid\" \/>\n\t<meta name=\"twitter:data1\" content=\"5 minutter\" \/>\n<script type=\"application\/ld+json\" class=\"yoast-schema-graph\">{\"@context\":\"https:\/\/schema.org\",\"@graph\":[{\"@type\":\"WebSite\",\"@id\":\"https:\/\/the-apers.com\/#website\",\"url\":\"https:\/\/the-apers.com\/\",\"name\":\"Adult Dating Finder\",\"description\":\"Online Personals\",\"potentialAction\":[{\"@type\":\"SearchAction\",\"target\":{\"@type\":\"EntryPoint\",\"urlTemplate\":\"https:\/\/the-apers.com\/?s={search_term_string}\"},\"query-input\":\"required name=search_term_string\"}],\"inLanguage\":\"da-DK\"},{\"@type\":\"ImageObject\",\"@id\":\"https:\/\/the-apers.com\/da\/#primaryimage\",\"inLanguage\":\"da-DK\",\"url\":\"https:\/\/the-apers.com\/wp-content\/uploads\/2022\/09\/sex-match.jpeg\",\"contentUrl\":\"https:\/\/the-apers.com\/wp-content\/uploads\/2022\/09\/sex-match.jpeg\",\"width\":1125,\"height\":750},{\"@type\":\"WebPage\",\"@id\":\"https:\/\/the-apers.com\/da\/#webpage\",\"url\":\"https:\/\/the-apers.com\/da\/\",\"name\":\"Voksen m\\u00f8des og knepper websteder - Adult Dating Finder\",\"isPartOf\":{\"@id\":\"https:\/\/the-apers.com\/#website\"},\"primaryImageOfPage\":{\"@id\":\"https:\/\/the-apers.com\/da\/#primaryimage\"},\"datePublished\":\"2022-09-13T11:01:16+00:00\",\"dateModified\":\"2022-09-13T11:01:16+00:00\",\"breadcrumb\":{\"@id\":\"https:\/\/the-apers.com\/da\/#breadcrumb\"},\"inLanguage\":\"da-DK\",\"potentialAction\":[{\"@type\":\"ReadAction\",\"target\":[\"https:\/\/the-apers.com\/da\/\"]}]},{\"@type\":\"BreadcrumbList\",\"@id\":\"https:\/\/the-apers.com\/da\/#breadcrumb\",\"itemListElement\":[{\"@type\":\"ListItem\",\"position\":1,\"name\":\"Home\",\"item\":\"https:\/\/the-apers.com\/da\/\"},{\"@type\":\"ListItem\",\"position\":2,\"name\":\"Voksen m\\u00f8des og knepper websteder\"}]}]}<\/script>\n<!-- \/ Yoast SEO plugin. -->","yoast_head_json":{"title":"Voksen m\u00f8des og knepper websteder - Adult Dating Finder","robots":{"index":"index","follow":"follow","max-snippet":"max-snippet:-1","max-image-preview":"max-image-preview:large","max-video-preview":"max-video-preview:-1"},"canonical":"https:\/\/the-apers.com\/da\/","og_locale":"da_DK","og_type":"article","og_title":"Voksen m\u00f8des og knepper websteder - Adult Dating Finder","og_description":"En af de st\u00f8rste fordele ved online dating er, at du kan oprette forbindelse til mennesker fra hele verden. Med&hellip;","og_url":"https:\/\/the-apers.com\/da\/","og_site_name":"Adult Dating Finder","og_image":[{"width":1125,"height":750,"url":"https:\/\/the-apers.com\/wp-content\/uploads\/2022\/09\/sex-match.jpeg","type":"image\/jpeg"}],"twitter_card":"summary_large_image","twitter_misc":{"Estimeret l\u00e6setid":"5 minutter"},"schema":{"@context":"https:\/\/schema.org","@graph":[{"@type":"WebSite","@id":"https:\/\/the-apers.com\/#website","url":"https:\/\/the-apers.com\/","name":"Adult Dating Finder","description":"Online Personals","potentialAction":[{"@type":"SearchAction","target":{"@type":"EntryPoint","urlTemplate":"https:\/\/the-apers.com\/?s={search_term_string}"},"query-input":"required name=search_term_string"}],"inLanguage":"da-DK"},{"@type":"ImageObject","@id":"https:\/\/the-apers.com\/da\/#primaryimage","inLanguage":"da-DK","url":"https:\/\/the-apers.com\/wp-content\/uploads\/2022\/09\/sex-match.jpeg","contentUrl":"https:\/\/the-apers.com\/wp-content\/uploads\/2022\/09\/sex-match.jpeg","width":1125,"height":750},{"@type":"WebPage","@id":"https:\/\/the-apers.com\/da\/#webpage","url":"https:\/\/the-apers.com\/da\/","name":"Voksen m\u00f8des og knepper websteder - Adult Dating Finder","isPartOf":{"@id":"https:\/\/the-apers.com\/#website"},"primaryImageOfPage":{"@id":"https:\/\/the-apers.com\/da\/#primaryimage"},"datePublished":"2022-09-13T11:01:16+00:00","dateModified":"2022-09-13T11:01:16+00:00","breadcrumb":{"@id":"https:\/\/the-apers.com\/da\/#breadcrumb"},"inLanguage":"da-DK","potentialAction":[{"@type":"ReadAction","target":["https:\/\/the-apers.com\/da\/"]}]},{"@type":"BreadcrumbList","@id":"https:\/\/the-apers.com\/da\/#breadcrumb","itemListElement":[{"@type":"ListItem","position":1,"name":"Home","item":"https:\/\/the-apers.com\/da\/"},{"@type":"ListItem","position":2,"name":"Voksen m\u00f8des og knepper websteder"}]}]}},"_links":{"self":[{"href":"https:\/\/the-apers.com\/da\/wp-json\/wp\/v2\/pages\/112"}],"collection":[{"href":"https:\/\/the-apers.com\/da\/wp-json\/wp\/v2\/pages"}],"about":[{"href":"https:\/\/the-apers.com\/da\/wp-json\/wp\/v2\/types\/page"}],"author":[{"embeddable":true,"href":"https:\/\/the-apers.com\/da\/wp-json\/wp\/v2\/users\/1"}],"replies":[{"embeddable":true,"href":"https:\/\/the-apers.com\/da\/wp-json\/wp\/v2\/comments?post=112"}],"version-history":[{"count":0,"href":"https:\/\/the-apers.com\/da\/wp-json\/wp\/v2\/pages\/112\/revisions"}],"wp:featuredmedia":[{"embeddable":true,"href":"https:\/\/the-apers.com\/da\/wp-json\/wp\/v2\/media\/77"}],"wp:attachment":[{"href":"https:\/\/the-apers.com\/da\/wp-json\/wp\/v2\/media?parent=112"}],"curies":[{"name":"wp","href":"https:\/\/api.w.org\/{rel}","templated":true}]}}