{"id":242,"date":"2022-09-30T11:14:58","date_gmt":"2022-09-30T10:14:58","guid":{"rendered":"http:\/\/the-apers.com\/milf-chatrooms\/"},"modified":"2022-09-30T11:14:58","modified_gmt":"2022-09-30T10:14:58","slug":"milf-chatrooms","status":"publish","type":"page","link":"https:\/\/the-apers.com\/da\/milf-chatrooms\/","title":{"rendered":"Milf Chatrooms"},"content":{"rendered":"<p>Der er noget utroligt dragende ved MILF&#8217;er, og mange fyre finder dem uimodst\u00e5elige. Heldigvis er der masser af MILF chatrooms, hvor du kan chatte med disse smukke kvinder og m\u00e5ske endda arrangere at m\u00f8des personligt. Bare s\u00f8rg for at v\u00e6re respektfuld og charmerende, og du vil v\u00e6re sikker p\u00e5 at score en varm date med en MILF p\u00e5 ingen tid.<\/p>\n<h2>Gratis Milf Chat<\/h2>\n<p>Leder du efter en varm MILF at <a href=\"http:\/\/the-apers.com\/?page_id=228&amp;preview=true\">chatte med online<\/a>? Du beh\u00f8ver ikke lede l\u00e6ngere end Gratis MILF Chat. Dette websted tilbyder en gratis chattjeneste til MILF&#8217;er og fyre, der elsker dem. Du skal blot tilmelde dig en konto og begynde at chatte med liderlige MILF&#8217;er i dit omr\u00e5de. Uanset om du leder efter noget fr\u00e6kt sjov eller et seri\u00f8st forhold, er Gratis MILF Chat det perfekte sted at starte. Der er ingen grund til at v\u00e6re genert, n\u00e5r du chatter med milfs &#8211; de er \u00e5bne og leder efter k\u00e6rlighed ligesom du er. Du kan blive overrasket over, hvor let det er at oprette forbindelse til dem, og hvor meget du har til f\u00e6lles. Bare v\u00e6r dig selv og v\u00e6r ikke bange for at starte en samtale. Hvem ved, m\u00e5ske finder du bare dit livs k\u00e6rlighed.<\/p>\n<h2>Tal med Milfs<\/h2>\n<p>Jeg nyder virkelig at tale med milfs. De er typisk meget selvsikre og ved, hvad de vil have. Jeg oplever, at de ogs\u00e5 er meget \u00e5bne og villige til at pr\u00f8ve nye ting. Dette giver en god datingoplevelse, da de ikke er bange for at tage risici. Jeg finder ogs\u00e5 ud af, at milfs er meget sexede og normalt er meget gode i sengen. De er typisk meget erfarne og ved, hvordan man behager en mand. Samlet set nyder jeg virkelig dating milfs og vil anbefale det til enhver fyr p\u00e5 udkig efter en god tid.<\/p>\n<h3>FabSwingers<\/h3>\n<p>Denne dating app er perfekt til at forbinde med \u00e6ldre kvinder, der leder efter en god tid. Appen er nem at bruge og har masser af funktioner, der g\u00f8r den perfekt til at finde en milf at chatte med. Du kan s\u00f8ge efter kvinder efter alder, placering, interesser og mere. Derudover kan du endda sende beskeder og billeder til kvinder, du er interesseret i. S\u00e5 hvis du leder efter et milf chatroom, er FabSwingers det perfekte sted at starte din s\u00f8gning.<\/p>\n<h3>Fling.com<\/h3>\n<p>Fling.com er en dating app med en forskel; det er specielt designet til folk, der \u00f8nsker at have afslappede flings uden strenge fastgjort. Appen er meget nem at bruge og har en enkel gr\u00e6nseflade. Det har ogs\u00e5 en stor brugerbase, hvilket betyder, at der altid er mennesker online at chatte med. Appen er gratis at bruge, men der er nogle funktioner, der kun er tilg\u00e6ngelige for betalende medlemmer. Samlet set er appen en god mulighed for folk, der leder efter afslappede flings.<\/p>\n<h3>OnlyFlings<\/h3>\n<p>Hvis du leder efter et milf chatroom, vil du gerne tjekke OnlyFlings dating app. Det er en fantastisk app til at m\u00f8de \u00e6ldre kvinder og chatte med dem. Appen er nem at bruge og har mange funktioner, der g\u00f8r den til et godt valg til milf chatrooms. Du kan s\u00f8ge efter kvinder efter placering, alder, interesser og mere. Du kan ogs\u00e5 sende beskeder og chatte med dem i realtid. OnlyFlings er et godt valg til milf chatrooms og vil helt sikkert hj\u00e6lpe dig med at m\u00f8de \u00e6ldre kvinder, som du er interesseret i.<\/p>\n","protected":false},"excerpt":{"rendered":"<p>Der er noget utroligt dragende ved MILF&#8217;er, og mange fyre finder dem uimodst\u00e5elige. Heldigvis er der masser af MILF chatrooms,&hellip;<\/p>\n","protected":false},"author":1,"featured_media":0,"parent":0,"menu_order":0,"comment_status":"closed","ping_status":"closed","template":"","meta":[],"yoast_head":"<!-- This site is optimized with the Yoast SEO plugin v17.7.1 - https:\/\/yoast.com\/wordpress\/plugins\/seo\/ -->\n<title>Milf Chatrooms - Adult Dating Finder<\/title>\n<meta name=\"robots\" content=\"index, follow, max-snippet:-1, max-image-preview:large, max-video-preview:-1\" \/>\n<link rel=\"canonical\" href=\"https:\/\/the-apers.com\/da\/milf-chatrooms\/\" \/>\n<meta property=\"og:locale\" content=\"da_DK\" \/>\n<meta property=\"og:type\" content=\"article\" \/>\n<meta property=\"og:title\" content=\"Milf Chatrooms - Adult Dating Finder\" \/>\n<meta property=\"og:description\" content=\"Der er noget utroligt dragende ved MILF&#8217;er, og mange fyre finder dem uimodst\u00e5elige. Heldigvis er der masser af MILF chatrooms,&hellip;\" \/>\n<meta property=\"og:url\" content=\"https:\/\/the-apers.com\/da\/milf-chatrooms\/\" \/>\n<meta property=\"og:site_name\" content=\"Adult Dating Finder\" \/>\n<meta name=\"twitter:card\" content=\"summary_large_image\" \/>\n<meta name=\"twitter:label1\" content=\"Estimeret l\u00e6setid\" \/>\n\t<meta name=\"twitter:data1\" content=\"3 minutter\" \/>\n<script type=\"application\/ld+json\" class=\"yoast-schema-graph\">{\"@context\":\"https:\/\/schema.org\",\"@graph\":[{\"@type\":\"WebSite\",\"@id\":\"http:\/\/the-apers.com\/#website\",\"url\":\"http:\/\/the-apers.com\/\",\"name\":\"Adult Dating Finder\",\"description\":\"Online Personals\",\"potentialAction\":[{\"@type\":\"SearchAction\",\"target\":{\"@type\":\"EntryPoint\",\"urlTemplate\":\"http:\/\/the-apers.com\/?s={search_term_string}\"},\"query-input\":\"required name=search_term_string\"}],\"inLanguage\":\"da-DK\"},{\"@type\":\"WebPage\",\"@id\":\"https:\/\/the-apers.com\/da\/milf-chatrooms\/#webpage\",\"url\":\"https:\/\/the-apers.com\/da\/milf-chatrooms\/\",\"name\":\"Milf Chatrooms - Adult Dating Finder\",\"isPartOf\":{\"@id\":\"http:\/\/the-apers.com\/#website\"},\"datePublished\":\"2022-09-30T10:14:58+00:00\",\"dateModified\":\"2022-09-30T10:14:58+00:00\",\"breadcrumb\":{\"@id\":\"https:\/\/the-apers.com\/da\/milf-chatrooms\/#breadcrumb\"},\"inLanguage\":\"da-DK\",\"potentialAction\":[{\"@type\":\"ReadAction\",\"target\":[\"https:\/\/the-apers.com\/da\/milf-chatrooms\/\"]}]},{\"@type\":\"BreadcrumbList\",\"@id\":\"https:\/\/the-apers.com\/da\/milf-chatrooms\/#breadcrumb\",\"itemListElement\":[{\"@type\":\"ListItem\",\"position\":1,\"name\":\"Home\",\"item\":\"http:\/\/the-apers.com\/da\/\"},{\"@type\":\"ListItem\",\"position\":2,\"name\":\"Milf Chatrooms\"}]}]}<\/script>\n<!-- \/ Yoast SEO plugin. -->","yoast_head_json":{"title":"Milf Chatrooms - Adult Dating Finder","robots":{"index":"index","follow":"follow","max-snippet":"max-snippet:-1","max-image-preview":"max-image-preview:large","max-video-preview":"max-video-preview:-1"},"canonical":"https:\/\/the-apers.com\/da\/milf-chatrooms\/","og_locale":"da_DK","og_type":"article","og_title":"Milf Chatrooms - Adult Dating Finder","og_description":"Der er noget utroligt dragende ved MILF&#8217;er, og mange fyre finder dem uimodst\u00e5elige. Heldigvis er der masser af MILF chatrooms,&hellip;","og_url":"https:\/\/the-apers.com\/da\/milf-chatrooms\/","og_site_name":"Adult Dating Finder","twitter_card":"summary_large_image","twitter_misc":{"Estimeret l\u00e6setid":"3 minutter"},"schema":{"@context":"https:\/\/schema.org","@graph":[{"@type":"WebSite","@id":"http:\/\/the-apers.com\/#website","url":"http:\/\/the-apers.com\/","name":"Adult Dating Finder","description":"Online Personals","potentialAction":[{"@type":"SearchAction","target":{"@type":"EntryPoint","urlTemplate":"http:\/\/the-apers.com\/?s={search_term_string}"},"query-input":"required name=search_term_string"}],"inLanguage":"da-DK"},{"@type":"WebPage","@id":"https:\/\/the-apers.com\/da\/milf-chatrooms\/#webpage","url":"https:\/\/the-apers.com\/da\/milf-chatrooms\/","name":"Milf Chatrooms - Adult Dating Finder","isPartOf":{"@id":"http:\/\/the-apers.com\/#website"},"datePublished":"2022-09-30T10:14:58+00:00","dateModified":"2022-09-30T10:14:58+00:00","breadcrumb":{"@id":"https:\/\/the-apers.com\/da\/milf-chatrooms\/#breadcrumb"},"inLanguage":"da-DK","potentialAction":[{"@type":"ReadAction","target":["https:\/\/the-apers.com\/da\/milf-chatrooms\/"]}]},{"@type":"BreadcrumbList","@id":"https:\/\/the-apers.com\/da\/milf-chatrooms\/#breadcrumb","itemListElement":[{"@type":"ListItem","position":1,"name":"Home","item":"http:\/\/the-apers.com\/da\/"},{"@type":"ListItem","position":2,"name":"Milf Chatrooms"}]}]}},"_links":{"self":[{"href":"https:\/\/the-apers.com\/da\/wp-json\/wp\/v2\/pages\/242"}],"collection":[{"href":"https:\/\/the-apers.com\/da\/wp-json\/wp\/v2\/pages"}],"about":[{"href":"https:\/\/the-apers.com\/da\/wp-json\/wp\/v2\/types\/page"}],"author":[{"embeddable":true,"href":"https:\/\/the-apers.com\/da\/wp-json\/wp\/v2\/users\/1"}],"replies":[{"embeddable":true,"href":"https:\/\/the-apers.com\/da\/wp-json\/wp\/v2\/comments?post=242"}],"version-history":[{"count":0,"href":"https:\/\/the-apers.com\/da\/wp-json\/wp\/v2\/pages\/242\/revisions"}],"wp:attachment":[{"href":"https:\/\/the-apers.com\/da\/wp-json\/wp\/v2\/media?parent=242"}],"curies":[{"name":"wp","href":"https:\/\/api.w.org\/{rel}","templated":true}]}}