{"id":283,"date":"2022-09-30T11:12:38","date_gmt":"2022-09-30T10:12:38","guid":{"rendered":"http:\/\/the-apers.com\/bdsm-websteder\/"},"modified":"2022-09-30T11:12:38","modified_gmt":"2022-09-30T10:12:38","slug":"bdsm-websteder","status":"publish","type":"page","link":"https:\/\/the-apers.com\/da\/bdsm-websteder\/","title":{"rendered":"BDSM-websteder"},"content":{"rendered":"<p>Der er en r\u00e6kke websteder, der henvender sig til folk, der er interesseret i BDSM. Disse websteder kan v\u00e6re en fantastisk m\u00e5de at oprette forbindelse til ligesindede mennesker, der er interesserede i at udforske denne type seksuel aktivitet. Nogle af disse websteder har ogs\u00e5 fora og chatrum, hvor du kan chatte med andre medlemmer og l\u00e6re mere om BDSM. Hvis du er interesseret i at udforske denne type seksuel aktivitet, kan disse websteder v\u00e6re et godt sted at starte.<\/p>\n<h2>Bedste BDSM Dating Finder<\/h2>\n<p>Der kan ikke ben\u00e6gtes, at BDSM-dating kan v\u00e6re ret skr\u00e6mmende, is\u00e6r hvis du er ny p\u00e5 scenen. Men ved hj\u00e6lp af en BDSM dating finder kan du nemt finde ligesindede mennesker, der er i de samme kinks og feticher, som du er. En BDSM dating finder er i det v\u00e6sentlige en s\u00f8gemaskine, der hj\u00e6lper dig med at finde andre <a href=\"http:\/\/the-apers.com\/bondage-chatrooms\/\">BDSM entusiaster i n\u00e6rheden af dig<\/a>. Alt du skal g\u00f8re er at indtaste din placering og pr\u00e6ferencer, og finderen vil g\u00f8re resten. Dette g\u00f8r det ikke kun nemt at finde potentielle partnere, men det betyder ogs\u00e5, at du kan v\u00e6re sikker p\u00e5, at de er i de samme ting som dig. Ikke flere akavede samtaler eller skuffelser!<\/p>\n<p>Der er masser af kinky mennesker, der leder efter k\u00e6rlighed i verden, og mange af dem bruger online dating til at finde den. Kinky dating sites henvender sig til folk, der nyder us\u00e6dvanlige seksuelle aktiviteter, og de kan v\u00e6re en fantastisk m\u00e5de at finde en ligesindet partner p\u00e5. Kinky dating sites har ofte funktioner, der giver dig mulighed for at s\u00f8ge efter folk efter specifikke interesser, og de kan ogs\u00e5 have chatrum og fora, hvor du kan l\u00e6re andre kinky mennesker at kende. Hvis du er interesseret i at finde en kinky partner, er online dating et godt sted at starte din s\u00f8gning.<\/p>\n<h2>Kink Sites<\/h2>\n<p>Der er en r\u00e6kke kink-websteder tilg\u00e6ngelige online, der hver is\u00e6r im\u00f8dekommer forskellige pr\u00e6ferencer og interesser. Uanset om du er til BDSM, fodfetich eller noget helt andet, er der helt sikkert et websted, der passer til dig.<\/p>\n<p>Kink-websteder kan v\u00e6re en fantastisk m\u00e5de at komme i kontakt med ligesindede mennesker, der er interesserede i at udforske deres seksualitet. De kan ogs\u00e5 v\u00e6re en god m\u00e5de at l\u00e6re mere om dig selv og hvad du er i. Hvis du er ny p\u00e5 kink-scenen, kan disse websteder v\u00e6re en fantastisk m\u00e5de at f\u00e5 dine f\u00f8dder v\u00e5de og finde ud af, hvad du er til.<\/p>\n<p>Det er dog vigtigt at huske, at ikke alle p\u00e5 et kink-websted leder efter en date eller et forhold. Nogle mennesker er bare der for at chatte og udforske deres kinks med andre. Hvis du leder efter et forhold, er det vigtigt at v\u00e6re klar over det fra starten. Ellers kan du ende med at spilde din tid (og deres).<\/p>\n<h3>BBWCupid<\/h3>\n<p>Hvis du leder efter en BDSM dating app med et stort udvalg af potentielle partnere, er BBWCupid en god mulighed. Med over 600.000 medlemmer er der en god chance for, at du finder nogen, der deler dine kinks og interesser. Appen er gratis at downloade og bruge, men du skal bruge et betalt medlemskab for at l\u00e5se op for alle funktionerne. Dette omfatter beskeder, s\u00f8gning og avanceret matchning. BBWCupid-teamet er lydh\u00f8rt og hj\u00e6lpsomt, hvilket g\u00f8r det til en god mulighed for dem, der er nye p\u00e5 BDSM-scenen.<\/p>\n<h3>DateYou<\/h3>\n<p>DateYou er en dating app, der henvender sig til dem, der er interesseret i BDSM. Det er en fantastisk m\u00e5de at m\u00f8de ligesindede mennesker og udforske dine kinks p\u00e5 en sikker og konsensus m\u00e5de. Appen er nem at bruge og har <a href=\"http:\/\/the-apers.com\/milf-chatrooms\/\">mange funktioner<\/a>, hvilket g\u00f8r den til en god mulighed for dem, der \u00f8nsker at komme ind i BDSM.<\/p>\n<h3>LuckyCrush<\/h3>\n<p>LuckyCrush er en dating app, der forbinder folk, der er interesseret i BDSM. Appen er nem at bruge og har mange funktioner, der g\u00f8r den til et godt valg for folk, der er i BDSM. Appen giver dig mulighed for at s\u00f8ge efter personer, der er i BDSM, og du kan ogs\u00e5 filtrere din s\u00f8gning efter placering, alder og k\u00f8n. LuckyCrush har ogs\u00e5 en chatfunktion, der giver dig mulighed for at chatte med andre brugere, og du kan ogs\u00e5 sende og modtage beskeder. Appen er gratis at bruge, og den er tilg\u00e6ngelig til b\u00e5de iOS- og Android-enheder.<\/p>\n","protected":false},"excerpt":{"rendered":"<p>Der er en r\u00e6kke websteder, der henvender sig til folk, der er interesseret i BDSM. Disse websteder kan v\u00e6re en&hellip;<\/p>\n","protected":false},"author":1,"featured_media":0,"parent":0,"menu_order":0,"comment_status":"closed","ping_status":"closed","template":"","meta":[],"yoast_head":"<!-- This site is optimized with the Yoast SEO plugin v17.7.1 - https:\/\/yoast.com\/wordpress\/plugins\/seo\/ -->\n<title>Gratis BDSM-websteder - Adult Dating Finder<\/title>\n<meta name=\"robots\" content=\"index, follow, max-snippet:-1, max-image-preview:large, max-video-preview:-1\" \/>\n<link rel=\"canonical\" href=\"https:\/\/the-apers.com\/da\/bdsm-websteder\/\" \/>\n<meta property=\"og:locale\" content=\"da_DK\" \/>\n<meta property=\"og:type\" content=\"article\" \/>\n<meta property=\"og:title\" content=\"Gratis BDSM-websteder - Adult Dating Finder\" \/>\n<meta property=\"og:description\" content=\"Der er en r\u00e6kke websteder, der henvender sig til folk, der er interesseret i BDSM. Disse websteder kan v\u00e6re en&hellip;\" \/>\n<meta property=\"og:url\" content=\"https:\/\/the-apers.com\/da\/bdsm-websteder\/\" \/>\n<meta property=\"og:site_name\" content=\"Adult Dating Finder\" \/>\n<meta name=\"twitter:card\" content=\"summary_large_image\" \/>\n<meta name=\"twitter:label1\" content=\"Estimeret l\u00e6setid\" \/>\n\t<meta name=\"twitter:data1\" content=\"4 minutter\" \/>\n<script type=\"application\/ld+json\" class=\"yoast-schema-graph\">{\"@context\":\"https:\/\/schema.org\",\"@graph\":[{\"@type\":\"WebSite\",\"@id\":\"https:\/\/the-apers.com\/nl\/#website\",\"url\":\"https:\/\/the-apers.com\/nl\/\",\"name\":\"Adult Dating Finder\",\"description\":\"Online Personals\",\"potentialAction\":[{\"@type\":\"SearchAction\",\"target\":{\"@type\":\"EntryPoint\",\"urlTemplate\":\"https:\/\/the-apers.com\/nl\/?s={search_term_string}\"},\"query-input\":\"required name=search_term_string\"}],\"inLanguage\":\"da-DK\"},{\"@type\":\"WebPage\",\"@id\":\"https:\/\/the-apers.com\/da\/bdsm-websteder\/#webpage\",\"url\":\"https:\/\/the-apers.com\/da\/bdsm-websteder\/\",\"name\":\"Gratis BDSM-websteder - Adult Dating Finder\",\"isPartOf\":{\"@id\":\"https:\/\/the-apers.com\/nl\/#website\"},\"datePublished\":\"2022-09-30T10:12:38+00:00\",\"dateModified\":\"2022-09-30T10:12:38+00:00\",\"breadcrumb\":{\"@id\":\"https:\/\/the-apers.com\/da\/bdsm-websteder\/#breadcrumb\"},\"inLanguage\":\"da-DK\",\"potentialAction\":[{\"@type\":\"ReadAction\",\"target\":[\"https:\/\/the-apers.com\/da\/bdsm-websteder\/\"]}]},{\"@type\":\"BreadcrumbList\",\"@id\":\"https:\/\/the-apers.com\/da\/bdsm-websteder\/#breadcrumb\",\"itemListElement\":[{\"@type\":\"ListItem\",\"position\":1,\"name\":\"Home\",\"item\":\"http:\/\/the-apers.com\/da\/\"},{\"@type\":\"ListItem\",\"position\":2,\"name\":\"BDSM-websteder\"}]}]}<\/script>\n<!-- \/ Yoast SEO plugin. -->","yoast_head_json":{"title":"Gratis BDSM-websteder - Adult Dating Finder","robots":{"index":"index","follow":"follow","max-snippet":"max-snippet:-1","max-image-preview":"max-image-preview:large","max-video-preview":"max-video-preview:-1"},"canonical":"https:\/\/the-apers.com\/da\/bdsm-websteder\/","og_locale":"da_DK","og_type":"article","og_title":"Gratis BDSM-websteder - Adult Dating Finder","og_description":"Der er en r\u00e6kke websteder, der henvender sig til folk, der er interesseret i BDSM. Disse websteder kan v\u00e6re en&hellip;","og_url":"https:\/\/the-apers.com\/da\/bdsm-websteder\/","og_site_name":"Adult Dating Finder","twitter_card":"summary_large_image","twitter_misc":{"Estimeret l\u00e6setid":"4 minutter"},"schema":{"@context":"https:\/\/schema.org","@graph":[{"@type":"WebSite","@id":"https:\/\/the-apers.com\/nl\/#website","url":"https:\/\/the-apers.com\/nl\/","name":"Adult Dating Finder","description":"Online Personals","potentialAction":[{"@type":"SearchAction","target":{"@type":"EntryPoint","urlTemplate":"https:\/\/the-apers.com\/nl\/?s={search_term_string}"},"query-input":"required name=search_term_string"}],"inLanguage":"da-DK"},{"@type":"WebPage","@id":"https:\/\/the-apers.com\/da\/bdsm-websteder\/#webpage","url":"https:\/\/the-apers.com\/da\/bdsm-websteder\/","name":"Gratis BDSM-websteder - Adult Dating Finder","isPartOf":{"@id":"https:\/\/the-apers.com\/nl\/#website"},"datePublished":"2022-09-30T10:12:38+00:00","dateModified":"2022-09-30T10:12:38+00:00","breadcrumb":{"@id":"https:\/\/the-apers.com\/da\/bdsm-websteder\/#breadcrumb"},"inLanguage":"da-DK","potentialAction":[{"@type":"ReadAction","target":["https:\/\/the-apers.com\/da\/bdsm-websteder\/"]}]},{"@type":"BreadcrumbList","@id":"https:\/\/the-apers.com\/da\/bdsm-websteder\/#breadcrumb","itemListElement":[{"@type":"ListItem","position":1,"name":"Home","item":"http:\/\/the-apers.com\/da\/"},{"@type":"ListItem","position":2,"name":"BDSM-websteder"}]}]}},"_links":{"self":[{"href":"https:\/\/the-apers.com\/da\/wp-json\/wp\/v2\/pages\/283"}],"collection":[{"href":"https:\/\/the-apers.com\/da\/wp-json\/wp\/v2\/pages"}],"about":[{"href":"https:\/\/the-apers.com\/da\/wp-json\/wp\/v2\/types\/page"}],"author":[{"embeddable":true,"href":"https:\/\/the-apers.com\/da\/wp-json\/wp\/v2\/users\/1"}],"replies":[{"embeddable":true,"href":"https:\/\/the-apers.com\/da\/wp-json\/wp\/v2\/comments?post=283"}],"version-history":[{"count":0,"href":"https:\/\/the-apers.com\/da\/wp-json\/wp\/v2\/pages\/283\/revisions"}],"wp:attachment":[{"href":"https:\/\/the-apers.com\/da\/wp-json\/wp\/v2\/media?parent=283"}],"curies":[{"name":"wp","href":"https:\/\/api.w.org\/{rel}","templated":true}]}}