{"id":294,"date":"2022-09-30T11:13:19","date_gmt":"2022-09-30T10:13:19","guid":{"rendered":"http:\/\/the-apers.com\/bondage-chatrooms\/"},"modified":"2022-09-30T11:13:19","modified_gmt":"2022-09-30T10:13:19","slug":"bondage-chatrooms","status":"publish","type":"page","link":"https:\/\/the-apers.com\/da\/bondage-chatrooms\/","title":{"rendered":"Bondage Chatrooms"},"content":{"rendered":"<p>Der er noget ved anonymiteten i et chatrum, der virkelig f\u00e5r folk til at tale om deres kinks og feticher. For mange mennesker er bondage chatrooms en m\u00e5de at udforske deres seksuelle lyster uden at skulle bekymre sig om dom fra venner eller familie.<\/p>\n<p>Disse chatrooms giver plads til <a href=\"http:\/\/the-apers.com\/?page_id=228&amp;preview=true\">folk til at tale om deres interesser<\/a>, dele historier og endda tilslutte sig ligesindede mennesker. Uanset om du leder efter lidt online sjov, eller du h\u00e5ber at m\u00f8de nogen personligt, kan bondage chatrooms v\u00e6re en fantastisk m\u00e5de at udforske din seksuelle side p\u00e5.<\/p>\n<p>Bondage dating er, n\u00e5r folk, der er interesseret i bondage og <a href=\"http:\/\/the-apers.com\/bdsm-sites\/\">BDSM<\/a> , m\u00f8des til dato. Dette kan indeb\u00e6re at g\u00e5 til klubber og arrangementer, der er specielt til denne slags ting, eller det kan simpelthen arrangere at m\u00f8des med nogen, der deler dine interesser. Det kan v\u00e6re en fantastisk m\u00e5de at udforske din kinky side p\u00e5 og finde ud af, hvad andre mennesker er til. Det kan ogs\u00e5 v\u00e6re meget sjovt og en god m\u00e5de at m\u00f8de nye mennesker p\u00e5.<\/p>\n<h2>BDSM Tilslutning<\/h2>\n<p>N\u00e5r det kommer til at finde k\u00e6rlighed, vil nogle mennesker m\u00e5ske sige, at der ikke er noget som en BDSM-tilslutning. For dem, der ikke er bekendt, er BDSM et akronym for bondage, disciplin, sadisme og masochisme. Og selvom det m\u00e5ske ikke er alles kop te, er der ingen tvivl om, at det kan v\u00e6re en fantastisk m\u00e5de at forbinde med nogen p\u00e5 et fysisk og f\u00f8lelsesm\u00e6ssigt niveau.<\/p>\n<p>Hvis du overvejer at pr\u00f8ve BDSM, er der et par ting, du skal huske p\u00e5. For det f\u00f8rste er det vigtigt at finde en partner, der er \u00e5bensindet og villig til at udforske nye ting. For det andet er kommunikation n\u00f8glen. Du skal v\u00e6re i stand til at kommunikere dine \u00f8nsker, behov og gr\u00e6nser med din partner, f\u00f8r du g\u00e5r i gang.<\/p>\n<p>Og endelig skal du ikke v\u00e6re bange for at eksperimentere. BDSM kan v\u00e6re en fantastisk m\u00e5de at krydre dit sexliv og tilf\u00f8je lidt sp\u00e6nding til dit forhold. S\u00e5 g\u00e5 videre og udforsk! Hvem ved, m\u00e5ske finder du bare dit livs k\u00e6rlighed.<\/p>\n<h2>Fetish m\u00f8de websteder<\/h2>\n<p>Fetish m\u00f8de sites kan v\u00e6re en fantastisk m\u00e5de at forbinde med andre mennesker, der deler dine interesser. De kan give et sikkert og indbydende milj\u00f8 for dig at udforske din seksualitet og feticher. Der er dog et par ting, du skal huske p\u00e5, n\u00e5r du bruger disse websteder. F\u00f8rst skal du s\u00f8rge for at l\u00e6se webstedets regler og forskrifter omhyggeligt. Dette hj\u00e6lper dig med at undg\u00e5 at blive forbudt eller fjernet fra webstedet. For det andet skal du respektere andre medlemmer. Dette omfatter ikke at sende personlige oplysninger eller chikanere andre medlemmer. Endelig skal du huske at have det sjovt og v\u00e6re sikker!<\/p>\n<h3>Xmeets<\/h3>\n<p>Hvis du er til bondage og kinkier sex, s\u00e5 er Xmeets datingappen for dig! Med fokus p\u00e5 at forbinde mennesker, der er i BDSM og andre kinks, er Xmeets en god mulighed for alle, der \u00f8nsker at udforske deres kinky side. Appen er nem at bruge og har masser af funktioner, hvilket g\u00f8r den til en god mulighed for alle, der \u00f8nsker at eksperimentere med bondage og kinkier sex.<\/p>\n<h3>Datehookup<\/h3>\n<p>Datehookup er en datingapp, der giver brugerne mulighed for at oprette forbindelse til potentielle kampe i n\u00e6rheden. Appen indeholder ogs\u00e5 en funktion kaldet &#8220;Bondage Chatrooms&#8221;, som giver brugerne mulighed for at oprette forbindelse til andre, der deler deres interesse for bondage og fetish-spil. Chatrooms er en fantastisk m\u00e5de at oprette forbindelse til ligesindede mennesker, og appen indeholder ogs\u00e5 funktioner som private beskeder og videochat. Samlet set er appen en fantastisk m\u00e5de at oprette forbindelse til potentielle kampe og udforske dine kinks og feticher p\u00e5 en sikker og konsensus m\u00e5de.<\/p>\n<h3>Masser af fisk<\/h3>\n<p>Hvis du leder efter et bondage chatroom, er Plenty of Fish en god mulighed. Datingappen tilbyder en bred vifte af funktioner og er meget brugervenlig. Du kan s\u00f8ge efter medlemmer efter placering, alder og interesser, og appen vil endda foresl\u00e5 matches til dig. Den eneste ulempe er, at der ikke er nogen specifikke bondage chatrooms, s\u00e5 du bliver n\u00f8dt til at s\u00f8ge efter dem i de generelle chatrooms.<\/p>\n","protected":false},"excerpt":{"rendered":"<p>Der er noget ved anonymiteten i et chatrum, der virkelig f\u00e5r folk til at tale om deres kinks og feticher.&hellip;<\/p>\n","protected":false},"author":1,"featured_media":0,"parent":0,"menu_order":0,"comment_status":"closed","ping_status":"closed","template":"","meta":[],"yoast_head":"<!-- This site is optimized with the Yoast SEO plugin v17.7.1 - https:\/\/yoast.com\/wordpress\/plugins\/seo\/ -->\n<title>Bondage Chatrooms - Adult Dating Finder<\/title>\n<meta name=\"robots\" content=\"index, follow, max-snippet:-1, max-image-preview:large, max-video-preview:-1\" \/>\n<link rel=\"canonical\" href=\"https:\/\/the-apers.com\/da\/bondage-chatrooms\/\" \/>\n<meta property=\"og:locale\" content=\"da_DK\" \/>\n<meta property=\"og:type\" content=\"article\" \/>\n<meta property=\"og:title\" content=\"Bondage Chatrooms - Adult Dating Finder\" \/>\n<meta property=\"og:description\" content=\"Der er noget ved anonymiteten i et chatrum, der virkelig f\u00e5r folk til at tale om deres kinks og feticher.&hellip;\" \/>\n<meta property=\"og:url\" content=\"https:\/\/the-apers.com\/da\/bondage-chatrooms\/\" \/>\n<meta property=\"og:site_name\" content=\"Adult Dating Finder\" \/>\n<meta name=\"twitter:card\" content=\"summary_large_image\" \/>\n<meta name=\"twitter:label1\" content=\"Estimeret l\u00e6setid\" \/>\n\t<meta name=\"twitter:data1\" content=\"4 minutter\" \/>\n<script type=\"application\/ld+json\" class=\"yoast-schema-graph\">{\"@context\":\"https:\/\/schema.org\",\"@graph\":[{\"@type\":\"WebSite\",\"@id\":\"https:\/\/the-apers.com\/#website\",\"url\":\"https:\/\/the-apers.com\/\",\"name\":\"Adult Dating Finder\",\"description\":\"Online Personals\",\"potentialAction\":[{\"@type\":\"SearchAction\",\"target\":{\"@type\":\"EntryPoint\",\"urlTemplate\":\"https:\/\/the-apers.com\/?s={search_term_string}\"},\"query-input\":\"required name=search_term_string\"}],\"inLanguage\":\"da-DK\"},{\"@type\":\"WebPage\",\"@id\":\"https:\/\/the-apers.com\/da\/bondage-chatrooms\/#webpage\",\"url\":\"https:\/\/the-apers.com\/da\/bondage-chatrooms\/\",\"name\":\"Bondage Chatrooms - Adult Dating Finder\",\"isPartOf\":{\"@id\":\"https:\/\/the-apers.com\/#website\"},\"datePublished\":\"2022-09-30T10:13:19+00:00\",\"dateModified\":\"2022-09-30T10:13:19+00:00\",\"breadcrumb\":{\"@id\":\"https:\/\/the-apers.com\/da\/bondage-chatrooms\/#breadcrumb\"},\"inLanguage\":\"da-DK\",\"potentialAction\":[{\"@type\":\"ReadAction\",\"target\":[\"https:\/\/the-apers.com\/da\/bondage-chatrooms\/\"]}]},{\"@type\":\"BreadcrumbList\",\"@id\":\"https:\/\/the-apers.com\/da\/bondage-chatrooms\/#breadcrumb\",\"itemListElement\":[{\"@type\":\"ListItem\",\"position\":1,\"name\":\"Home\",\"item\":\"https:\/\/the-apers.com\/da\/\"},{\"@type\":\"ListItem\",\"position\":2,\"name\":\"Bondage Chatrooms\"}]}]}<\/script>\n<!-- \/ Yoast SEO plugin. -->","yoast_head_json":{"title":"Bondage Chatrooms - Adult Dating Finder","robots":{"index":"index","follow":"follow","max-snippet":"max-snippet:-1","max-image-preview":"max-image-preview:large","max-video-preview":"max-video-preview:-1"},"canonical":"https:\/\/the-apers.com\/da\/bondage-chatrooms\/","og_locale":"da_DK","og_type":"article","og_title":"Bondage Chatrooms - Adult Dating Finder","og_description":"Der er noget ved anonymiteten i et chatrum, der virkelig f\u00e5r folk til at tale om deres kinks og feticher.&hellip;","og_url":"https:\/\/the-apers.com\/da\/bondage-chatrooms\/","og_site_name":"Adult Dating Finder","twitter_card":"summary_large_image","twitter_misc":{"Estimeret l\u00e6setid":"4 minutter"},"schema":{"@context":"https:\/\/schema.org","@graph":[{"@type":"WebSite","@id":"https:\/\/the-apers.com\/#website","url":"https:\/\/the-apers.com\/","name":"Adult Dating Finder","description":"Online Personals","potentialAction":[{"@type":"SearchAction","target":{"@type":"EntryPoint","urlTemplate":"https:\/\/the-apers.com\/?s={search_term_string}"},"query-input":"required name=search_term_string"}],"inLanguage":"da-DK"},{"@type":"WebPage","@id":"https:\/\/the-apers.com\/da\/bondage-chatrooms\/#webpage","url":"https:\/\/the-apers.com\/da\/bondage-chatrooms\/","name":"Bondage Chatrooms - Adult Dating Finder","isPartOf":{"@id":"https:\/\/the-apers.com\/#website"},"datePublished":"2022-09-30T10:13:19+00:00","dateModified":"2022-09-30T10:13:19+00:00","breadcrumb":{"@id":"https:\/\/the-apers.com\/da\/bondage-chatrooms\/#breadcrumb"},"inLanguage":"da-DK","potentialAction":[{"@type":"ReadAction","target":["https:\/\/the-apers.com\/da\/bondage-chatrooms\/"]}]},{"@type":"BreadcrumbList","@id":"https:\/\/the-apers.com\/da\/bondage-chatrooms\/#breadcrumb","itemListElement":[{"@type":"ListItem","position":1,"name":"Home","item":"https:\/\/the-apers.com\/da\/"},{"@type":"ListItem","position":2,"name":"Bondage Chatrooms"}]}]}},"_links":{"self":[{"href":"https:\/\/the-apers.com\/da\/wp-json\/wp\/v2\/pages\/294"}],"collection":[{"href":"https:\/\/the-apers.com\/da\/wp-json\/wp\/v2\/pages"}],"about":[{"href":"https:\/\/the-apers.com\/da\/wp-json\/wp\/v2\/types\/page"}],"author":[{"embeddable":true,"href":"https:\/\/the-apers.com\/da\/wp-json\/wp\/v2\/users\/1"}],"replies":[{"embeddable":true,"href":"https:\/\/the-apers.com\/da\/wp-json\/wp\/v2\/comments?post=294"}],"version-history":[{"count":0,"href":"https:\/\/the-apers.com\/da\/wp-json\/wp\/v2\/pages\/294\/revisions"}],"wp:attachment":[{"href":"https:\/\/the-apers.com\/da\/wp-json\/wp\/v2\/media?parent=294"}],"curies":[{"name":"wp","href":"https:\/\/api.w.org\/{rel}","templated":true}]}}