{"id":111,"date":"2022-09-13T12:01:16","date_gmt":"2022-09-13T11:01:16","guid":{"rendered":"http:\/\/the-apers.com\/adult-meet-and-fuck-seiten\/"},"modified":"2022-09-13T12:01:16","modified_gmt":"2022-09-13T11:01:16","slug":"adult-meet-and-fuck-seiten","status":"publish","type":"page","link":"https:\/\/the-apers.com\/de\/","title":{"rendered":"Adult Meet And Fuck Seiten"},"content":{"rendered":"<p>Einer der gr\u00f6\u00dften Vorteile von Online-Dating ist, dass Sie sich mit Menschen aus der ganzen Welt verbinden k\u00f6nnen. Mit nur wenigen Mausklicks k\u00f6nnen Sie Profile von Tausenden von Singles in Ihrer N\u00e4he durchsuchen. Sie k\u00f6nnen Mitglieder auch nach Alter, Standort, Interessen, Beziehungsstatus und anderen Kriterien filtern.<\/p>\n<p>W\u00e4hrend Online-Dating-Sites Komfort bieten, stellen sie auch Herausforderungen dar. Eine Herausforderung besteht darin, kompatible \u00dcbereinstimmungen zu finden. Ein weiteres Problem besteht darin, herauszufinden, ob eine Person echt ist oder versucht, Sie zu betr\u00fcgen. Online-Dating-Betr\u00fcgereien sind weit verbreitet, daher ist es wichtig, dass Sie lernen, wie Sie ein gef\u00e4lschtes Profil erkennen.<\/p>\n<h2>Wie Dating-Apps funktionieren, wenn Sie nur Sex wollen<\/h2>\n<p>Es gibt viele Websites, die sich dem Casual Dating widmen, darunter Tinder, OkCupid und Bumble. Mit diesen Apps k\u00f6nnen Sie basierend auf Fotos und Nachrichten nach links oder rechts wischen und sich dann mit anderen verbinden, die gemeinsame Interessen haben. Wenn Sie jemanden treffen, den Sie m\u00f6gen, k\u00f6nnen Sie entweder privat chatten oder ein Date vereinbaren.<\/p>\n<p>W\u00e4hrend Casual Dating Spa\u00df macht und einfach ist, ist es wichtig, sich daran zu erinnern, dass es immer noch nur eine Form der Unterhaltung ist. Stellen Sie sicher, dass Sie sich mit der Person, mit der Sie sprechen, wohl f\u00fchlen, bevor Sie irgendetwas zustimmen. Seien Sie auch vorsichtig bei der Weitergabe pers\u00f6nlicher Daten, insbesondere finanzieller Informationen.<\/p>\n<p>Es ist auch wichtig zu verstehen, dass Casual Dating nicht immer sicher ist. Es ist zwar m\u00f6glich, jemanden zu treffen, dem Sie vertrauen, aber es ist nicht immer garantiert. Auch wenn Sie sich vielleicht selbstbewusst genug f\u00fchlen, um mit jemandem zu sprechen, den Sie online getroffen haben, wissen Sie es nie wirklich, bis Sie ihn im wirklichen Leben treffen.<\/p>\n<p>W\u00e4hrend Casual Dating Spa\u00df machen kann, ist es wichtig, sich der potenziellen Risiken bewusst zu sein.<\/p>\n<h2>So bleiben Sie online sicher<\/h2>\n<p>Hookups machen Spa\u00df und sind aufregend, aber sie sind nicht immer sicher. Es gibt heute viele Apps, mit denen Sie sich mit jemandem in der N\u00e4he verbinden k\u00f6nnen, aber Sie laufen immer noch Gefahr, jemanden zu treffen, der m\u00f6glicherweise nicht vertrauensw\u00fcrdig ist.<\/p>\n<p>Es ist leicht, in die Falle zu tappen, zu denken, dass Hookups sicherer sind, als in Bars oder Clubs zu gehen, aber die Wahrheit ist, dass sie genauso gef\u00e4hrlich sind. Wenn Sie jemanden pers\u00f6nlich treffen, haben Sie die M\u00f6glichkeit, seinen Charakter einzusch\u00e4tzen und zu entscheiden, ob Sie sich mit ihm wohl f\u00fchlen oder nicht. Online wei\u00df man nie wirklich, mit welcher Art von Person man es zu tun hat, bis man es erst nachtr\u00e4glich hat.<\/p>\n<p>Aus diesem Grund ist es wichtig, vorsichtig zu sein, wenn Sie ausw\u00e4hlen, wo Sie jemanden treffen. Stellen Sie sicher, dass Sie eine seri\u00f6se App ausw\u00e4hlen, mit der Sie Profile und Fotos \u00fcberpr\u00fcfen k\u00f6nnen, bevor Sie sich mit einem Treffen einverstanden erkl\u00e4ren. Versuchen Sie auch, jemanden in einer Bar oder einem Club zu vermeiden. Entscheiden Sie sich stattdessen f\u00fcr ein Caf\u00e9 oder einen anderen \u00f6ffentlichen Ort.<\/p>\n<p>Es stimmt zwar, dass Anschl\u00fcsse bequem sind, aber sie k\u00f6nnen auch zu Problemen f\u00fchren. W\u00e4hrend Sie also den Nervenkitzel genie\u00dfen k\u00f6nnen, jemanden zu finden, mit dem Sie Zeit verbringen k\u00f6nnen, denken Sie daran, dass Sie es sp\u00e4ter bereuen k\u00f6nnten.<\/p>\n<h3>Was zu vermeiden ist<\/h3>\n<p>Um zu vermeiden, dass Sie Opfer eines Betr\u00fcgers werden, ist es wichtig, gr\u00fcndliche Hintergrund\u00fcberpr\u00fcfungen potenzieller Daten durchzuf\u00fchren. Stellen Sie sicher, dass Sie Bewertungen und Feedback von fr\u00fcheren Kunden lesen. Schauen Sie sich auch den Ruf des Mitglieds \u00fcber Websites von Drittanbietern wie Facebook und Twitter an. \u00dcberpr\u00fcfen Sie abschlie\u00dfend die Kontaktinformationen der Person.<\/p>\n<p>Neben der \u00dcberpr\u00fcfung der pers\u00f6nlichen Daten des Benutzers ist es auch wichtig, seine Fotos zu \u00fcberpr\u00fcfen. Suchen Sie nach Inkonsistenzen in den Bildern, z. B. mehreren Gesichtern oder seltsamen Hintergr\u00fcnden. Diese roten Fahnen k\u00f6nnten darauf hinweisen, dass die Person etwas verbirgt.<\/p>\n<p>Es ist auch wichtig, die Sicherheit Ihrer Daten bei der Nutzung von Online-Dating-Sites zu ber\u00fccksichtigen. Viele Websites verlangen, dass Sie vertrauliche Informationen angeben, einschlie\u00dflich Finanzinformationen und Telefonnummern. Bevor Sie diese Informationen weitergeben, stellen Sie sicher, dass Sie die Datenschutzrichtlinien der Websites verstehen, denen Sie beitreten m\u00f6chten.<\/p>\n<p>Online-Dating-Sites sind bequeme M\u00f6glichkeiten, Menschen zu treffen, aber sie sind nicht perfekt. Es gibt Risiken, daher ist es wichtig, dass Sie die Vor- und Nachteile abw\u00e4gen, bevor Sie beitreten.<\/p>\n<h2>Warum sollten Sie Online-Dating-Sites vertrauen?<\/h2>\n<p>W\u00e4hrend Online-Dating noch relativ neu ist, gibt es viele Ressourcen, die Ihnen helfen, sich in der Welt des Online-Datings zurechtzufinden. Hier sind einige Tipps, die Sie bei der Online-Suche nach Liebe beachten sollten.<\/p>\n<p>Beginnen Sie mit der Anmeldung f\u00fcr einen seri\u00f6sen Dienst. Es gibt Dutzende von verschiedenen Websites, die Online-Dating-Optionen anbieten, daher ist es wichtig, mit Bedacht zu w\u00e4hlen. Zu den beliebtesten Websites geh\u00f6ren Match.com, eHarmony, PlentyOfFish, Zoosk, OkCupid und Tinder. Sehen Sie sich als N\u00e4chstes die Arten von Profilen an, die jede Website anbietet. Die meisten Websites bieten grundlegende Profilfunktionen, einschlie\u00dflich Fotos, Standort, Alter, Geschlecht und Interessen. Auf einigen Websites k\u00f6nnen Sie Ihr Profil jedoch weiter anpassen, sodass Sie zus\u00e4tzliche Details wie Hobbys, Ausbildung, Beruf und Beziehungsstatus hinzuf\u00fcgen k\u00f6nnen.<\/p>\n<p>Nachdem Sie ein Profil erstellt haben, versuchen Sie, die Profile anderer Mitglieder zu durchsuchen. Durchsuchen Sie die Profile potenzieller \u00dcbereinstimmungen, bis Sie jemanden finden, den Sie treffen m\u00f6chten. Senden Sie dann eine Nachricht, in der Sie nach ihrer Verf\u00fcgbarkeit gefragt werden. Seien Sie vorsichtig, wenn Sie \u00fcber Textnachrichten kommunizieren. W\u00e4hrend das Texten bequem ist, ist es leicht, Nachrichten falsch zu interpretieren. Wenn du zum Beispiel sagst, dass du daran interessiert bist, dich auf einen Kaffee zu treffen, erh\u00e4ltst du m\u00f6glicherweise eine Antwort, dass du verzweifelt klingst. Bitten Sie stattdessen um Klarstellung.<\/p>\n<p>Vergessen Sie nicht, nach dem Senden einer Nachricht nachzufassen. Wenn Sie innerhalb von 24 Stunden eine schnelle Folgenachricht senden, k\u00f6nnen Sie feststellen, ob Sie beide kompatibel sind oder nicht. Denken Sie daran, dass Online-Dating nur eine Option ist, um Liebe zu finden. Andere M\u00f6glichkeiten, Menschen zu treffen, sind die Teilnahme an Veranstaltungen, der Beitritt zu Gruppen, Freiwilligenarbeit und Blind Dates.<\/p>\n","protected":false},"excerpt":{"rendered":"<p>Einer der gr\u00f6\u00dften Vorteile von Online-Dating ist, dass Sie sich mit Menschen aus der ganzen Welt verbinden k\u00f6nnen. Mit nur&hellip;<\/p>\n","protected":false},"author":1,"featured_media":81,"parent":0,"menu_order":0,"comment_status":"closed","ping_status":"closed","template":"","meta":[],"yoast_head":"<!-- This site is optimized with the Yoast SEO plugin v17.7.1 - https:\/\/yoast.com\/wordpress\/plugins\/seo\/ -->\n<title>Adult Meet And Fuck Seiten - Adult Dating Finder<\/title>\n<meta name=\"robots\" content=\"index, follow, max-snippet:-1, max-image-preview:large, max-video-preview:-1\" \/>\n<link rel=\"canonical\" href=\"https:\/\/the-apers.com\/de\/\" \/>\n<meta property=\"og:locale\" content=\"de_DE\" \/>\n<meta property=\"og:type\" content=\"article\" \/>\n<meta property=\"og:title\" content=\"Adult Meet And Fuck Seiten - Adult Dating Finder\" \/>\n<meta property=\"og:description\" content=\"Einer der gr\u00f6\u00dften Vorteile von Online-Dating ist, dass Sie sich mit Menschen aus der ganzen Welt verbinden k\u00f6nnen. Mit nur&hellip;\" \/>\n<meta property=\"og:url\" content=\"https:\/\/the-apers.com\/de\/\" \/>\n<meta property=\"og:site_name\" content=\"Adult Dating Finder\" \/>\n<meta property=\"og:image\" content=\"http:\/\/the-apers.com\/wp-content\/uploads\/2022\/09\/sex-match.jpeg\" \/>\n\t<meta property=\"og:image:width\" content=\"1125\" \/>\n\t<meta property=\"og:image:height\" content=\"750\" \/>\n<meta name=\"twitter:card\" content=\"summary_large_image\" \/>\n<meta name=\"twitter:label1\" content=\"Gesch\u00e4tzte Lesezeit\" \/>\n\t<meta name=\"twitter:data1\" content=\"5\u00a0Minuten\" \/>\n<script type=\"application\/ld+json\" class=\"yoast-schema-graph\">{\"@context\":\"https:\/\/schema.org\",\"@graph\":[{\"@type\":\"WebSite\",\"@id\":\"http:\/\/the-apers.com\/#website\",\"url\":\"http:\/\/the-apers.com\/\",\"name\":\"Adult Dating Finder\",\"description\":\"Online Personals\",\"potentialAction\":[{\"@type\":\"SearchAction\",\"target\":{\"@type\":\"EntryPoint\",\"urlTemplate\":\"http:\/\/the-apers.com\/?s={search_term_string}\"},\"query-input\":\"required name=search_term_string\"}],\"inLanguage\":\"de\"},{\"@type\":\"ImageObject\",\"@id\":\"https:\/\/the-apers.com\/de\/#primaryimage\",\"inLanguage\":\"de\",\"url\":\"https:\/\/the-apers.com\/wp-content\/uploads\/2022\/09\/sex-match.jpeg\",\"contentUrl\":\"https:\/\/the-apers.com\/wp-content\/uploads\/2022\/09\/sex-match.jpeg\",\"width\":1125,\"height\":750},{\"@type\":\"WebPage\",\"@id\":\"https:\/\/the-apers.com\/de\/#webpage\",\"url\":\"https:\/\/the-apers.com\/de\/\",\"name\":\"Adult Meet And Fuck Seiten - Adult Dating Finder\",\"isPartOf\":{\"@id\":\"http:\/\/the-apers.com\/#website\"},\"primaryImageOfPage\":{\"@id\":\"https:\/\/the-apers.com\/de\/#primaryimage\"},\"datePublished\":\"2022-09-13T11:01:16+00:00\",\"dateModified\":\"2022-09-13T11:01:16+00:00\",\"breadcrumb\":{\"@id\":\"https:\/\/the-apers.com\/de\/#breadcrumb\"},\"inLanguage\":\"de\",\"potentialAction\":[{\"@type\":\"ReadAction\",\"target\":[\"https:\/\/the-apers.com\/de\/\"]}]},{\"@type\":\"BreadcrumbList\",\"@id\":\"https:\/\/the-apers.com\/de\/#breadcrumb\",\"itemListElement\":[{\"@type\":\"ListItem\",\"position\":1,\"name\":\"Home\",\"item\":\"http:\/\/the-apers.com\/de\/\"},{\"@type\":\"ListItem\",\"position\":2,\"name\":\"Adult Meet And Fuck Seiten\"}]}]}<\/script>\n<!-- \/ Yoast SEO plugin. -->","yoast_head_json":{"title":"Adult Meet And Fuck Seiten - Adult Dating Finder","robots":{"index":"index","follow":"follow","max-snippet":"max-snippet:-1","max-image-preview":"max-image-preview:large","max-video-preview":"max-video-preview:-1"},"canonical":"https:\/\/the-apers.com\/de\/","og_locale":"de_DE","og_type":"article","og_title":"Adult Meet And Fuck Seiten - Adult Dating Finder","og_description":"Einer der gr\u00f6\u00dften Vorteile von Online-Dating ist, dass Sie sich mit Menschen aus der ganzen Welt verbinden k\u00f6nnen. Mit nur&hellip;","og_url":"https:\/\/the-apers.com\/de\/","og_site_name":"Adult Dating Finder","og_image":[{"width":1125,"height":750,"url":"http:\/\/the-apers.com\/wp-content\/uploads\/2022\/09\/sex-match.jpeg","type":"image\/jpeg"}],"twitter_card":"summary_large_image","twitter_misc":{"Gesch\u00e4tzte Lesezeit":"5\u00a0Minuten"},"schema":{"@context":"https:\/\/schema.org","@graph":[{"@type":"WebSite","@id":"http:\/\/the-apers.com\/#website","url":"http:\/\/the-apers.com\/","name":"Adult Dating Finder","description":"Online Personals","potentialAction":[{"@type":"SearchAction","target":{"@type":"EntryPoint","urlTemplate":"http:\/\/the-apers.com\/?s={search_term_string}"},"query-input":"required name=search_term_string"}],"inLanguage":"de"},{"@type":"ImageObject","@id":"https:\/\/the-apers.com\/de\/#primaryimage","inLanguage":"de","url":"https:\/\/the-apers.com\/wp-content\/uploads\/2022\/09\/sex-match.jpeg","contentUrl":"https:\/\/the-apers.com\/wp-content\/uploads\/2022\/09\/sex-match.jpeg","width":1125,"height":750},{"@type":"WebPage","@id":"https:\/\/the-apers.com\/de\/#webpage","url":"https:\/\/the-apers.com\/de\/","name":"Adult Meet And Fuck Seiten - Adult Dating Finder","isPartOf":{"@id":"http:\/\/the-apers.com\/#website"},"primaryImageOfPage":{"@id":"https:\/\/the-apers.com\/de\/#primaryimage"},"datePublished":"2022-09-13T11:01:16+00:00","dateModified":"2022-09-13T11:01:16+00:00","breadcrumb":{"@id":"https:\/\/the-apers.com\/de\/#breadcrumb"},"inLanguage":"de","potentialAction":[{"@type":"ReadAction","target":["https:\/\/the-apers.com\/de\/"]}]},{"@type":"BreadcrumbList","@id":"https:\/\/the-apers.com\/de\/#breadcrumb","itemListElement":[{"@type":"ListItem","position":1,"name":"Home","item":"http:\/\/the-apers.com\/de\/"},{"@type":"ListItem","position":2,"name":"Adult Meet And Fuck Seiten"}]}]}},"_links":{"self":[{"href":"https:\/\/the-apers.com\/de\/wp-json\/wp\/v2\/pages\/111"}],"collection":[{"href":"https:\/\/the-apers.com\/de\/wp-json\/wp\/v2\/pages"}],"about":[{"href":"https:\/\/the-apers.com\/de\/wp-json\/wp\/v2\/types\/page"}],"author":[{"embeddable":true,"href":"https:\/\/the-apers.com\/de\/wp-json\/wp\/v2\/users\/1"}],"replies":[{"embeddable":true,"href":"https:\/\/the-apers.com\/de\/wp-json\/wp\/v2\/comments?post=111"}],"version-history":[{"count":0,"href":"https:\/\/the-apers.com\/de\/wp-json\/wp\/v2\/pages\/111\/revisions"}],"wp:featuredmedia":[{"embeddable":true,"href":"https:\/\/the-apers.com\/de\/wp-json\/wp\/v2\/media\/81"}],"wp:attachment":[{"href":"https:\/\/the-apers.com\/de\/wp-json\/wp\/v2\/media?parent=111"}],"curies":[{"name":"wp","href":"https:\/\/api.w.org\/{rel}","templated":true}]}}