{"id":252,"date":"2022-09-30T11:13:19","date_gmt":"2022-09-30T10:13:19","guid":{"rendered":"http:\/\/the-apers.com\/bondage-chatrooms\/"},"modified":"2022-09-30T11:13:19","modified_gmt":"2022-09-30T10:13:19","slug":"bondage-chatrooms","status":"publish","type":"page","link":"https:\/\/the-apers.com\/de\/bondage-chatrooms\/","title":{"rendered":"Bondage-Chatrooms"},"content":{"rendered":"<p>Es gibt etwas an der Anonymit\u00e4t eines Chatrooms, das die Leute wirklich dazu bringt, \u00fcber ihre Knicke und Fetische zu sprechen. F\u00fcr viele Menschen sind Bondage-Chatrooms eine M\u00f6glichkeit, ihre sexuellen W\u00fcnsche zu erforschen, ohne sich um das Urteil von Freunden oder Familie k\u00fcmmern zu m\u00fcssen.<\/p>\n<p>Diese Chatrooms bieten einen Raum f\u00fcr <a href=\"http:\/\/the-apers.com\/?page_id=228&amp;preview=true\">Menschen, um \u00fcber ihre Interessen zu sprechen<\/a>, Geschichten zu teilen und sich sogar mit Gleichgesinnten zu treffen. Egal, ob Sie nach ein wenig Online-Spa\u00df suchen oder hoffen, jemanden pers\u00f6nlich zu treffen, Bondage-Chatrooms k\u00f6nnen eine gro\u00dfartige M\u00f6glichkeit sein, Ihre sexuelle Seite zu erkunden.<\/p>\n<p>Bondage Dating ist, wenn Menschen, die sich f\u00fcr Bondage und <a href=\"http:\/\/the-apers.com\/bdsm-sites\/\">BDSM<\/a> interessieren, zusammenkommen. Dies kann beinhalten, zu Clubs und Veranstaltungen zu gehen, die speziell f\u00fcr diese Art von Dingen gedacht sind, oder es kann einfach darum gehen, sich mit jemandem zu treffen, der Ihre Interessen teilt. Es kann eine gro\u00dfartige M\u00f6glichkeit sein, Ihre versauten Seiten zu erkunden und herauszufinden, worauf andere Leute stehen. Es kann auch viel Spa\u00df machen und eine gro\u00dfartige M\u00f6glichkeit sein, neue Leute kennenzulernen.<\/p>\n<h2>BDSM-Anschluss<\/h2>\n<p>Wenn es darum geht, Liebe zu finden, k\u00f6nnten einige Leute sagen, dass es nichts Besseres als eine BDSM-Verbindung gibt. F\u00fcr diejenigen, die nicht vertraut sind, ist BDSM ein Akronym f\u00fcr Bondage, Disziplin, Sadismus und Masochismus. Und obwohl es vielleicht nicht jedermanns Sache ist, ist es nicht zu leugnen, dass es eine gro\u00dfartige M\u00f6glichkeit sein kann, sich mit jemandem auf k\u00f6rperlicher und emotionaler Ebene zu verbinden.<\/p>\n<p>Wenn Sie dar\u00fcber nachdenken, BDSM auszuprobieren, gibt es ein paar Dinge, die Sie beachten sollten. Zun\u00e4chst ist es wichtig, einen Partner zu finden, der aufgeschlossen und bereit ist, neue Dinge zu erkunden. Zweitens ist Kommunikation der Schl\u00fcssel. Sie m\u00fcssen in der Lage sein, Ihre W\u00fcnsche, Bed\u00fcrfnisse und Grenzen mit Ihrem Partner zu kommunizieren, bevor Sie beginnen.<\/p>\n<p>Und schlie\u00dflich, haben Sie keine Angst zu experimentieren. BDSM kann eine gro\u00dfartige M\u00f6glichkeit sein, Ihr Sexualleben aufzupeppen und Ihrer Beziehung ein wenig Aufregung zu verleihen. Also mach weiter und erforsche! Wer wei\u00df, vielleicht findest du gerade die Liebe deines Lebens.<\/p>\n<h2>Fetisch treffen Seiten<\/h2>\n<p>Fetisch-Meet-Sites k\u00f6nnen eine gro\u00dfartige M\u00f6glichkeit sein, sich mit anderen Menschen zu verbinden, die Ihre Interessen teilen. Sie k\u00f6nnen eine sichere und einladende Umgebung bieten, in der Sie Ihre Sexualit\u00e4t und Ihre Fetische erkunden k\u00f6nnen. Es gibt jedoch ein paar Dinge zu beachten, wenn Sie diese Websites verwenden. Stellen Sie zun\u00e4chst sicher, dass Sie die Regeln und Vorschriften der Website sorgf\u00e4ltig lesen. Auf diese Weise k\u00f6nnen Sie vermeiden, dass Sie von der Website gesperrt oder entfernt werden. Zweitens, seien Sie respektvoll gegen\u00fcber anderen Mitgliedern. Dazu geh\u00f6rt auch, keine pers\u00f6nlichen Informationen zu ver\u00f6ffentlichen oder andere Mitglieder zu bel\u00e4stigen. Denken Sie schlie\u00dflich daran, Spa\u00df zu haben und sicher zu sein!<\/p>\n<h3>Xmeets<\/h3>\n<p>Wenn Sie auf Bondage und kinkigeren Sex stehen, dann ist Xmeets die Dating-App f\u00fcr Sie! Mit dem Fokus auf die Verbindung von Menschen, die sich f\u00fcr BDSM und andere Knicke interessieren, ist Xmeets eine gro\u00dfartige Option f\u00fcr alle, die ihre versaute Seite erkunden m\u00f6chten. Die App ist einfach zu bedienen und verf\u00fcgt \u00fcber eine Vielzahl von Funktionen, was sie zu einer gro\u00dfartigen Option f\u00fcr alle macht, die mit Bondage und kinkigerem Sex experimentieren m\u00f6chten.<\/p>\n<h3>Datehookup<\/h3>\n<p>Datehookup ist eine Dating-App, mit der Benutzer sich mit potenziellen \u00dcbereinstimmungen in der N\u00e4he verbinden k\u00f6nnen. Die App enth\u00e4lt auch eine Funktion namens &#8222;Bondage Chatrooms&#8220;, mit der Benutzer sich mit anderen verbinden k\u00f6nnen, die ihr Interesse an Bondage und Fetischspiel teilen. Die Chatrooms sind eine gro\u00dfartige M\u00f6glichkeit, sich mit Gleichgesinnten zu verbinden, und die App enth\u00e4lt auch Funktionen wie privates Messaging und Video-Chat. Insgesamt ist die App eine gro\u00dfartige M\u00f6glichkeit, sich mit potenziellen \u00dcbereinstimmungen zu verbinden und Ihre Knicke und Fetische auf sichere und einvernehmliche Weise zu erkunden.<\/p>\n<h3>Viel Fisch<\/h3>\n<p>Wenn Sie nach einem Bondage-Chatroom suchen, ist Plenty of Fish eine gro\u00dfartige Option. Die Dating-App bietet eine Vielzahl von Funktionen und ist sehr benutzerfreundlich. Sie k\u00f6nnen nach Mitgliedern nach Standort, Alter und Interessen suchen, und die App schl\u00e4gt sogar \u00dcbereinstimmungen f\u00fcr Sie vor. Der einzige Nachteil ist, dass es keine spezifischen Bondage-Chatrooms gibt, so dass Sie in den allgemeinen Chatrooms nach ihnen suchen m\u00fcssen.<\/p>\n","protected":false},"excerpt":{"rendered":"<p>Es gibt etwas an der Anonymit\u00e4t eines Chatrooms, das die Leute wirklich dazu bringt, \u00fcber ihre Knicke und Fetische zu&hellip;<\/p>\n","protected":false},"author":1,"featured_media":0,"parent":0,"menu_order":0,"comment_status":"closed","ping_status":"closed","template":"","meta":[],"yoast_head":"<!-- This site is optimized with the Yoast SEO plugin v17.7.1 - https:\/\/yoast.com\/wordpress\/plugins\/seo\/ -->\n<title>Bondage-Chatrooms - Adult Dating Finder<\/title>\n<meta name=\"robots\" content=\"index, follow, max-snippet:-1, max-image-preview:large, max-video-preview:-1\" \/>\n<link rel=\"canonical\" href=\"https:\/\/the-apers.com\/de\/bondage-chatrooms\/\" \/>\n<meta property=\"og:locale\" content=\"de_DE\" \/>\n<meta property=\"og:type\" content=\"article\" \/>\n<meta property=\"og:title\" content=\"Bondage-Chatrooms - Adult Dating Finder\" \/>\n<meta property=\"og:description\" content=\"Es gibt etwas an der Anonymit\u00e4t eines Chatrooms, das die Leute wirklich dazu bringt, \u00fcber ihre Knicke und Fetische zu&hellip;\" \/>\n<meta property=\"og:url\" content=\"https:\/\/the-apers.com\/de\/bondage-chatrooms\/\" \/>\n<meta property=\"og:site_name\" content=\"Adult Dating Finder\" \/>\n<meta name=\"twitter:card\" content=\"summary_large_image\" \/>\n<meta name=\"twitter:label1\" content=\"Gesch\u00e4tzte Lesezeit\" \/>\n\t<meta name=\"twitter:data1\" content=\"4\u00a0Minuten\" \/>\n<script type=\"application\/ld+json\" class=\"yoast-schema-graph\">{\"@context\":\"https:\/\/schema.org\",\"@graph\":[{\"@type\":\"WebSite\",\"@id\":\"https:\/\/the-apers.com\/#website\",\"url\":\"https:\/\/the-apers.com\/\",\"name\":\"Adult Dating Finder\",\"description\":\"Online Personals\",\"potentialAction\":[{\"@type\":\"SearchAction\",\"target\":{\"@type\":\"EntryPoint\",\"urlTemplate\":\"https:\/\/the-apers.com\/?s={search_term_string}\"},\"query-input\":\"required name=search_term_string\"}],\"inLanguage\":\"de\"},{\"@type\":\"WebPage\",\"@id\":\"https:\/\/the-apers.com\/de\/bondage-chatrooms\/#webpage\",\"url\":\"https:\/\/the-apers.com\/de\/bondage-chatrooms\/\",\"name\":\"Bondage-Chatrooms - Adult Dating Finder\",\"isPartOf\":{\"@id\":\"https:\/\/the-apers.com\/#website\"},\"datePublished\":\"2022-09-30T10:13:19+00:00\",\"dateModified\":\"2022-09-30T10:13:19+00:00\",\"breadcrumb\":{\"@id\":\"https:\/\/the-apers.com\/de\/bondage-chatrooms\/#breadcrumb\"},\"inLanguage\":\"de\",\"potentialAction\":[{\"@type\":\"ReadAction\",\"target\":[\"https:\/\/the-apers.com\/de\/bondage-chatrooms\/\"]}]},{\"@type\":\"BreadcrumbList\",\"@id\":\"https:\/\/the-apers.com\/de\/bondage-chatrooms\/#breadcrumb\",\"itemListElement\":[{\"@type\":\"ListItem\",\"position\":1,\"name\":\"Home\",\"item\":\"https:\/\/the-apers.com\/de\/\"},{\"@type\":\"ListItem\",\"position\":2,\"name\":\"Bondage-Chatrooms\"}]}]}<\/script>\n<!-- \/ Yoast SEO plugin. -->","yoast_head_json":{"title":"Bondage-Chatrooms - Adult Dating Finder","robots":{"index":"index","follow":"follow","max-snippet":"max-snippet:-1","max-image-preview":"max-image-preview:large","max-video-preview":"max-video-preview:-1"},"canonical":"https:\/\/the-apers.com\/de\/bondage-chatrooms\/","og_locale":"de_DE","og_type":"article","og_title":"Bondage-Chatrooms - Adult Dating Finder","og_description":"Es gibt etwas an der Anonymit\u00e4t eines Chatrooms, das die Leute wirklich dazu bringt, \u00fcber ihre Knicke und Fetische zu&hellip;","og_url":"https:\/\/the-apers.com\/de\/bondage-chatrooms\/","og_site_name":"Adult Dating Finder","twitter_card":"summary_large_image","twitter_misc":{"Gesch\u00e4tzte Lesezeit":"4\u00a0Minuten"},"schema":{"@context":"https:\/\/schema.org","@graph":[{"@type":"WebSite","@id":"https:\/\/the-apers.com\/#website","url":"https:\/\/the-apers.com\/","name":"Adult Dating Finder","description":"Online Personals","potentialAction":[{"@type":"SearchAction","target":{"@type":"EntryPoint","urlTemplate":"https:\/\/the-apers.com\/?s={search_term_string}"},"query-input":"required name=search_term_string"}],"inLanguage":"de"},{"@type":"WebPage","@id":"https:\/\/the-apers.com\/de\/bondage-chatrooms\/#webpage","url":"https:\/\/the-apers.com\/de\/bondage-chatrooms\/","name":"Bondage-Chatrooms - Adult Dating Finder","isPartOf":{"@id":"https:\/\/the-apers.com\/#website"},"datePublished":"2022-09-30T10:13:19+00:00","dateModified":"2022-09-30T10:13:19+00:00","breadcrumb":{"@id":"https:\/\/the-apers.com\/de\/bondage-chatrooms\/#breadcrumb"},"inLanguage":"de","potentialAction":[{"@type":"ReadAction","target":["https:\/\/the-apers.com\/de\/bondage-chatrooms\/"]}]},{"@type":"BreadcrumbList","@id":"https:\/\/the-apers.com\/de\/bondage-chatrooms\/#breadcrumb","itemListElement":[{"@type":"ListItem","position":1,"name":"Home","item":"https:\/\/the-apers.com\/de\/"},{"@type":"ListItem","position":2,"name":"Bondage-Chatrooms"}]}]}},"_links":{"self":[{"href":"https:\/\/the-apers.com\/de\/wp-json\/wp\/v2\/pages\/252"}],"collection":[{"href":"https:\/\/the-apers.com\/de\/wp-json\/wp\/v2\/pages"}],"about":[{"href":"https:\/\/the-apers.com\/de\/wp-json\/wp\/v2\/types\/page"}],"author":[{"embeddable":true,"href":"https:\/\/the-apers.com\/de\/wp-json\/wp\/v2\/users\/1"}],"replies":[{"embeddable":true,"href":"https:\/\/the-apers.com\/de\/wp-json\/wp\/v2\/comments?post=252"}],"version-history":[{"count":0,"href":"https:\/\/the-apers.com\/de\/wp-json\/wp\/v2\/pages\/252\/revisions"}],"wp:attachment":[{"href":"https:\/\/the-apers.com\/de\/wp-json\/wp\/v2\/media?parent=252"}],"curies":[{"name":"wp","href":"https:\/\/api.w.org\/{rel}","templated":true}]}}