{"id":274,"date":"2022-09-30T11:12:38","date_gmt":"2022-09-30T10:12:38","guid":{"rendered":"http:\/\/the-apers.com\/bdsm-websites\/"},"modified":"2022-10-17T13:16:30","modified_gmt":"2022-10-17T12:16:30","slug":"bdsm-websites","status":"publish","type":"page","link":"https:\/\/the-apers.com\/de\/bdsm-websites\/","title":{"rendered":"BDSM-Websites"},"content":{"rendered":"<p>Es gibt eine Reihe von Websites, die sich an Menschen richten, die sich f\u00fcr BDSM interessieren. Diese Websites k\u00f6nnen eine gro\u00dfartige M\u00f6glichkeit sein, sich mit Gleichgesinnten zu verbinden, die daran interessiert sind, diese Art von sexueller Aktivit\u00e4t zu erforschen. Einige dieser Websites haben auch Foren und Chatrooms, in denen Sie mit anderen Mitgliedern chatten <a href=\"https:\/\/www.jerkoffforme.com\/de\/kostenlose-voyeur-webseiten\/\">cam live voyeur<\/a> und mehr \u00fcber BDSM erfahren k\u00f6nnen. Wenn Sie daran interessiert sind, diese Art von sexueller Aktivit\u00e4t zu erforschen, k\u00f6nnen diese Websites ein guter Ausgangspunkt sein.<\/p>\n<h2>Bester BDSM Dating Finder<\/h2>\n<p>Es ist nicht zu leugnen, dass BDSM-Dating ziemlich entmutigend sein kann, besonders wenn Sie neu in der Szene sind. Mit Hilfe eines BDSM-Dating-Finders k\u00f6nnen Sie jedoch leicht Gleichgesinnte finden, die auf die gleichen Knicke und Fetische stehen wie Sie. Ein BDSM-Dating-Finder ist im Wesentlichen eine Suchmaschine, die Ihnen hilft <a href=\"http:\/\/the-apers.com\/bondage-chatrooms\/\">, andere BDSM-Enthusiasten in Ihrer N\u00e4he<\/a> zu finden. Alles, was Sie tun m\u00fcssen, ist, Ihren Standort und Ihre Einstellungen einzugeben, und der Finder erledigt den Rest. Dies macht es nicht nur einfach, potenzielle Partner zu finden, sondern bedeutet auch, dass Sie sicher sein k\u00f6nnen, dass sie sich f\u00fcr die gleichen Dinge interessieren wie Sie. Keine unangenehmen Gespr\u00e4che oder Entt\u00e4uschungen mehr!<\/p>\n<p>Es gibt viele versaute Menschen, die nach Liebe in der Welt suchen, und viele von ihnen nutzen Online-Dating, um sie zu finden. Kinky Dating-Sites richten sich an Menschen, die ungew\u00f6hnliche sexuelle Aktivit\u00e4ten genie\u00dfen, und sie k\u00f6nnen eine gro\u00dfartige M\u00f6glichkeit sein, einen gleichgesinnten Partner zu finden. Kinky Dating-Sites haben oft Funktionen, mit denen Sie nach Personen nach bestimmten Interessen suchen k\u00f6nnen, und sie k\u00f6nnen auch Chatrooms und Foren haben, in denen Sie andere versaute Menschen kennenlernen k\u00f6nnen. Wenn Sie daran interessiert sind, einen versauten Partner zu finden, ist Online-Dating <a href=\"https:\/\/vrpguide.com\/de\/gratis-vr-porno\/\">VR porn kostenlos<\/a> ein gro\u00dfartiger Ort, um Ihre Suche zu beginnen.<\/p>\n<h2>Kink-Standorte<\/h2>\n<p>Es gibt eine Vielzahl von Knickseiten, die online verf\u00fcgbar sind und jeweils auf unterschiedliche Vorlieben und Interessen zugeschnitten sind. Egal, ob Sie sich f\u00fcr BDSM, Fu\u00dffetisch oder etwas ganz anderes interessieren, es gibt sicher eine Website, die zu Ihnen passt.<\/p>\n<p>Kink-Sites k\u00f6nnen eine gro\u00dfartige M\u00f6glichkeit sein, sich mit Gleichgesinnten zu verbinden, die daran interessiert sind, ihre Sexualit\u00e4t zu erforschen. Sie k\u00f6nnen auch eine gro\u00dfartige M\u00f6glichkeit sein, mehr \u00fcber sich selbst zu erfahren und was Sie m\u00f6gen. Wenn Sie neu in der Knickszene sind, k\u00f6nnen diese Seiten eine gro\u00dfartige M\u00f6glichkeit sein, Ihre F\u00fc\u00dfe nass zu machen und herauszufinden, worauf Sie stehen.<\/p>\n<p>Es ist jedoch wichtig, sich daran zu erinnern, dass nicht jeder auf einer Knickseite nach einem Date oder einer Beziehung sucht. Manche Leute sind nur da, um mit anderen zu plaudern und ihre Knicke zu erkunden. Wenn Sie nach einer Beziehung suchen, ist es wichtig, sich von Anfang an dar\u00fcber im Klaren zu sein. Andernfalls k\u00f6nnten Sie am Ende Ihre Zeit (und ihre) verschwenden.<\/p>\n<h3>BBWCupid<\/h3>\n<p>Wenn Sie nach einer BDSM-Dating-App mit einer gro\u00dfen Auswahl an potenziellen Partnern <a href=\"http:\/\/www.bestfucksites.net\/de\/beste-swinger-seiten\/\">swinger seiten<\/a> suchen, ist BBWCupid eine gro\u00dfartige Option. Mit \u00fcber 600.000 Mitgliedern besteht eine gute Chance, dass Sie jemanden finden, der Ihre Knicke und Interessen teilt. Die App kann kostenlos heruntergeladen und verwendet werden, aber Sie ben\u00f6tigen eine kostenpflichtige Mitgliedschaft, um alle Funktionen freizuschalten. Dazu geh\u00f6ren Messaging, Suche und erweiterter Abgleich. Das BBWCupid-Team ist reaktionsschnell und hilfsbereit, was es zu einer gro\u00dfartigen Option f\u00fcr diejenigen macht, die neu in der BDSM-Szene sind.<\/p>\n<h3>DateYou<\/h3>\n<p>DateYou ist eine Dating-App, die sich an diejenigen richtet, die sich f\u00fcr BDSM interessieren. Es ist eine gro\u00dfartige M\u00f6glichkeit, Gleichgesinnte zu treffen und Ihre Knicke auf sichere und einvernehmliche Weise zu erkunden. Die App ist einfach zu bedienen und verf\u00fcgt <a href=\"http:\/\/the-apers.com\/milf-chatrooms\/\">\u00fcber viele Funktionen<\/a>, was sie zu einer gro\u00dfartigen Option f\u00fcr diejenigen macht, die in BDSM einsteigen m\u00f6chten.<\/p>\n<h3>LuckyCrush<\/h3>\n<p>LuckyCrush ist eine Dating-App, die Menschen verbindet, die sich f\u00fcr BDSM interessieren. Die App ist einfach zu bedienen und verf\u00fcgt \u00fcber viele Funktionen, die sie zu einer guten Wahl f\u00fcr Menschen machen, die sich f\u00fcr BDSM interessieren. Mit der App k\u00f6nnen Sie nach Personen suchen, die sich f\u00fcr BDSM interessieren, und Sie k\u00f6nnen Ihre Suche auch nach Standort, Alter und Geschlecht filtern. LuckyCrush hat auch eine Chat-Funktion, mit der Sie mit anderen Benutzern chatten k\u00f6nnen, und Sie k\u00f6nnen auch Nachrichten senden und empfangen. Die App kann kostenlos verwendet werden und ist sowohl f\u00fcr iOS- als auch f\u00fcr Android-Ger\u00e4te verf\u00fcgbar.<\/p>\n","protected":false},"excerpt":{"rendered":"<p>Es gibt eine Reihe von Websites, die sich an Menschen richten, die sich f\u00fcr BDSM interessieren. Diese Websites k\u00f6nnen eine&hellip;<\/p>\n","protected":false},"author":1,"featured_media":0,"parent":0,"menu_order":0,"comment_status":"closed","ping_status":"closed","template":"","meta":[],"yoast_head":"<!-- This site is optimized with the Yoast SEO plugin v17.7.1 - https:\/\/yoast.com\/wordpress\/plugins\/seo\/ -->\n<title>Kostenlose BDSM-Websites - Adult Dating Finder<\/title>\n<meta name=\"robots\" content=\"index, follow, max-snippet:-1, max-image-preview:large, max-video-preview:-1\" \/>\n<link rel=\"canonical\" href=\"https:\/\/the-apers.com\/de\/bdsm-websites\/\" \/>\n<meta property=\"og:locale\" content=\"de_DE\" \/>\n<meta property=\"og:type\" content=\"article\" \/>\n<meta property=\"og:title\" content=\"Kostenlose BDSM-Websites - Adult Dating Finder\" \/>\n<meta property=\"og:description\" content=\"Es gibt eine Reihe von Websites, die sich an Menschen richten, die sich f\u00fcr BDSM interessieren. Diese Websites k\u00f6nnen eine&hellip;\" \/>\n<meta property=\"og:url\" content=\"https:\/\/the-apers.com\/de\/bdsm-websites\/\" \/>\n<meta property=\"og:site_name\" content=\"Adult Dating Finder\" \/>\n<meta property=\"article:modified_time\" content=\"2022-10-17T12:16:30+00:00\" \/>\n<meta name=\"twitter:card\" content=\"summary_large_image\" \/>\n<meta name=\"twitter:label1\" content=\"Gesch\u00e4tzte Lesezeit\" \/>\n\t<meta name=\"twitter:data1\" content=\"4\u00a0Minuten\" \/>\n<script type=\"application\/ld+json\" class=\"yoast-schema-graph\">{\"@context\":\"https:\/\/schema.org\",\"@graph\":[{\"@type\":\"WebSite\",\"@id\":\"https:\/\/the-apers.com\/nl\/#website\",\"url\":\"https:\/\/the-apers.com\/nl\/\",\"name\":\"Adult Dating Finder\",\"description\":\"Online Personals\",\"potentialAction\":[{\"@type\":\"SearchAction\",\"target\":{\"@type\":\"EntryPoint\",\"urlTemplate\":\"https:\/\/the-apers.com\/nl\/?s={search_term_string}\"},\"query-input\":\"required name=search_term_string\"}],\"inLanguage\":\"de\"},{\"@type\":\"WebPage\",\"@id\":\"https:\/\/the-apers.com\/de\/bdsm-websites\/#webpage\",\"url\":\"https:\/\/the-apers.com\/de\/bdsm-websites\/\",\"name\":\"Kostenlose BDSM-Websites - Adult Dating Finder\",\"isPartOf\":{\"@id\":\"https:\/\/the-apers.com\/nl\/#website\"},\"datePublished\":\"2022-09-30T10:12:38+00:00\",\"dateModified\":\"2022-10-17T12:16:30+00:00\",\"breadcrumb\":{\"@id\":\"https:\/\/the-apers.com\/de\/bdsm-websites\/#breadcrumb\"},\"inLanguage\":\"de\",\"potentialAction\":[{\"@type\":\"ReadAction\",\"target\":[\"https:\/\/the-apers.com\/de\/bdsm-websites\/\"]}]},{\"@type\":\"BreadcrumbList\",\"@id\":\"https:\/\/the-apers.com\/de\/bdsm-websites\/#breadcrumb\",\"itemListElement\":[{\"@type\":\"ListItem\",\"position\":1,\"name\":\"Home\",\"item\":\"http:\/\/the-apers.com\/de\/\"},{\"@type\":\"ListItem\",\"position\":2,\"name\":\"BDSM-Websites\"}]}]}<\/script>\n<!-- \/ Yoast SEO plugin. -->","yoast_head_json":{"title":"Kostenlose BDSM-Websites - Adult Dating Finder","robots":{"index":"index","follow":"follow","max-snippet":"max-snippet:-1","max-image-preview":"max-image-preview:large","max-video-preview":"max-video-preview:-1"},"canonical":"https:\/\/the-apers.com\/de\/bdsm-websites\/","og_locale":"de_DE","og_type":"article","og_title":"Kostenlose BDSM-Websites - Adult Dating Finder","og_description":"Es gibt eine Reihe von Websites, die sich an Menschen richten, die sich f\u00fcr BDSM interessieren. Diese Websites k\u00f6nnen eine&hellip;","og_url":"https:\/\/the-apers.com\/de\/bdsm-websites\/","og_site_name":"Adult Dating Finder","article_modified_time":"2022-10-17T12:16:30+00:00","twitter_card":"summary_large_image","twitter_misc":{"Gesch\u00e4tzte Lesezeit":"4\u00a0Minuten"},"schema":{"@context":"https:\/\/schema.org","@graph":[{"@type":"WebSite","@id":"https:\/\/the-apers.com\/nl\/#website","url":"https:\/\/the-apers.com\/nl\/","name":"Adult Dating Finder","description":"Online Personals","potentialAction":[{"@type":"SearchAction","target":{"@type":"EntryPoint","urlTemplate":"https:\/\/the-apers.com\/nl\/?s={search_term_string}"},"query-input":"required name=search_term_string"}],"inLanguage":"de"},{"@type":"WebPage","@id":"https:\/\/the-apers.com\/de\/bdsm-websites\/#webpage","url":"https:\/\/the-apers.com\/de\/bdsm-websites\/","name":"Kostenlose BDSM-Websites - Adult Dating Finder","isPartOf":{"@id":"https:\/\/the-apers.com\/nl\/#website"},"datePublished":"2022-09-30T10:12:38+00:00","dateModified":"2022-10-17T12:16:30+00:00","breadcrumb":{"@id":"https:\/\/the-apers.com\/de\/bdsm-websites\/#breadcrumb"},"inLanguage":"de","potentialAction":[{"@type":"ReadAction","target":["https:\/\/the-apers.com\/de\/bdsm-websites\/"]}]},{"@type":"BreadcrumbList","@id":"https:\/\/the-apers.com\/de\/bdsm-websites\/#breadcrumb","itemListElement":[{"@type":"ListItem","position":1,"name":"Home","item":"http:\/\/the-apers.com\/de\/"},{"@type":"ListItem","position":2,"name":"BDSM-Websites"}]}]}},"_links":{"self":[{"href":"https:\/\/the-apers.com\/de\/wp-json\/wp\/v2\/pages\/274"}],"collection":[{"href":"https:\/\/the-apers.com\/de\/wp-json\/wp\/v2\/pages"}],"about":[{"href":"https:\/\/the-apers.com\/de\/wp-json\/wp\/v2\/types\/page"}],"author":[{"embeddable":true,"href":"https:\/\/the-apers.com\/de\/wp-json\/wp\/v2\/users\/1"}],"replies":[{"embeddable":true,"href":"https:\/\/the-apers.com\/de\/wp-json\/wp\/v2\/comments?post=274"}],"version-history":[{"count":1,"href":"https:\/\/the-apers.com\/de\/wp-json\/wp\/v2\/pages\/274\/revisions"}],"predecessor-version":[{"id":366,"href":"https:\/\/the-apers.com\/de\/wp-json\/wp\/v2\/pages\/274\/revisions\/366"}],"wp:attachment":[{"href":"https:\/\/the-apers.com\/de\/wp-json\/wp\/v2\/media?parent=274"}],"curies":[{"name":"wp","href":"https:\/\/api.w.org\/{rel}","templated":true}]}}