{"id":245,"date":"2022-09-30T11:15:23","date_gmt":"2022-09-30T10:15:23","guid":{"rendered":"http:\/\/the-apers.com\/sitios-swinger-locales\/"},"modified":"2022-10-17T12:33:39","modified_gmt":"2022-10-17T11:33:39","slug":"sitios-swinger-locales","status":"publish","type":"page","link":"https:\/\/the-apers.com\/es\/sitios-swinger-locales\/","title":{"rendered":"Sitios swinger locales"},"content":{"rendered":"<p>Hay algunos sitios swingers locales que son populares en la <a href=\"http:\/\/the-apers.com\/bondage-chatrooms\/\">comunidad de conexi\u00f3n<\/a>. Son una excelente manera de conocer a otras parejas o solteros en su \u00e1rea que est\u00e9n interesados en explorar su sexualidad. Estos sitios generalmente tienen una variedad de caracter\u00edsticas que le permiten buscar coincidencias, chatear con miembros e incluso ver perfiles. Algunas de las caracter\u00edsticas m\u00e1s populares incluyen chats de video, mensajer\u00eda instant\u00e1nea y foros de miembros.<\/p>\n<h2>Sitios Swinger<\/h2>\n<p>Hay muchos sitios swinger disponibles en l\u00ednea que atienden a las personas que est\u00e1n interesadas <a href=\"https:\/\/vrpguide.com\/es\/porno-de-rv-gratis\/\">porno rv<\/a> en este tipo de citas. Estos sitios generalmente permiten a los miembros crear perfiles y navegar a trav\u00e9s de los perfiles de otros miembros para encontrar posibles coincidencias. Algunos sitios tambi\u00e9n ofrecen salas de chat y foros donde los miembros pueden interactuar entre s\u00ed. Los sitios swinger pueden ser una excelente manera de conocer gente nueva y explorar su sexualidad en un ambiente seguro y c\u00f3modo.<\/p>\n<p>Cuando se trata de encontrar el amor, las conexiones de swingers pueden ser una excelente manera de hacerlo. Puedes conocer a muchas personas diferentes en una noche y conocerlas mejor. Esto puede ayudarte a encontrar a la persona adecuada para ti y comenzar una relaci\u00f3n.<\/p>\n<h2>Sitio local de Swinger<\/h2>\n<p>Si est\u00e1 buscando un sitio swinger local, ha venido al lugar correcto. Tenemos todo lo que necesita para encontrar swingers en su \u00e1rea, incluido un directorio completo de clubes y eventos de swingers. Tambi\u00e9n ofrecemos una amplia gama de recursos para swingers, incluyendo un foro, un blog y una columna de consejos. Y si est\u00e1s buscando algo <a href=\"http:\/\/www.onemightydrop.com\/es\/mamadas-cerca-de-mi\/\">mamadas de cerca<\/a> un poco m\u00e1s travieso, tambi\u00e9n lo tenemos cubierto. Entonces, \u00bfa qu\u00e9 est\u00e1s esperando? \u00a1Entra y empieza a columpiarte!<\/p>\n<h3>SwingEstilo de vida<\/h3>\n<p>Si est\u00e1 buscando un sitio swinger local, SwingLifestyle es una excelente opci\u00f3n. La aplicaci\u00f3n es f\u00e1cil de usar y tiene muchas caracter\u00edsticas para ayudarlo a conectarse con otros swingers en su \u00e1rea. La funci\u00f3n de b\u00fasqueda es especialmente \u00fatil, y tambi\u00e9n puede ver perfiles de otros usuarios en su \u00e1rea. La aplicaci\u00f3n tambi\u00e9n incluye un foro, para que pueda conectarse con otros usuarios y hacer preguntas u obtener consejos. En general, SwingLifestyle es una gran opci\u00f3n para los swingers locales.<\/p>\n<h3>FabSwingers<\/h3>\n<p>Si est\u00e1 interesado en encontrar un sitio swinger local, entonces definitivamente <a href=\"http:\/\/buyawife.org\/es\/esposas-colombianas-de-pedidos-por-correo\/\">novias colombianas<\/a> querr\u00e1 visitar FabSwingers. Este sitio es uno de los m\u00e1s populares y respetados en la industria, y por una buena raz\u00f3n. El sitio tiene un mont\u00f3n de caracter\u00edsticas y opciones que facilitan la b\u00fasqueda y conexi\u00f3n con posibles coincidencias, y el sitio tambi\u00e9n ofrece una gran cantidad de apoyo y recursos para sus miembros. Adem\u00e1s, el sitio es muy f\u00e1cil de usar y f\u00e1cil de navegar, lo que definitivamente es una ventaja. En general, FabSwingers es una gran opci\u00f3n para cualquier persona interesada en encontrar un sitio local de swingers, y lo recomendamos encarecidamente.<\/p>\n<h3>Badoo<\/h3>\n<p>Badoo es una aplicaci\u00f3n de citas que te permite conocer gente nueva en tu \u00e1rea. Sin embargo, muchos usuarios se han quejado de la aplicaci\u00f3n, diciendo que est\u00e1 llena de perfiles falsos y no es una buena manera de cumplir con posibles fechas. Adem\u00e1s, la aplicaci\u00f3n no es muy f\u00e1cil de usar y puede ser dif\u00edcil de navegar. En general, no recomendar\u00edamos usar Badoo si est\u00e1 buscando un sitio swinger local. Hay opciones mejores y m\u00e1s confiables por ah\u00ed.<\/p>\n","protected":false},"excerpt":{"rendered":"<p>Hay algunos sitios swingers locales que son populares en la comunidad de conexi\u00f3n. Son una excelente manera de conocer a&hellip;<\/p>\n","protected":false},"author":1,"featured_media":0,"parent":0,"menu_order":0,"comment_status":"closed","ping_status":"closed","template":"","meta":[],"yoast_head":"<!-- This site is optimized with the Yoast SEO plugin v17.7.1 - https:\/\/yoast.com\/wordpress\/plugins\/seo\/ -->\n<title>Sitios swinger locales - Adult Dating Finder<\/title>\n<meta name=\"robots\" content=\"index, follow, max-snippet:-1, max-image-preview:large, max-video-preview:-1\" \/>\n<link rel=\"canonical\" href=\"https:\/\/the-apers.com\/es\/sitios-swinger-locales\/\" \/>\n<meta property=\"og:locale\" content=\"es_ES\" \/>\n<meta property=\"og:type\" content=\"article\" \/>\n<meta property=\"og:title\" content=\"Sitios swinger locales - Adult Dating Finder\" \/>\n<meta property=\"og:description\" content=\"Hay algunos sitios swingers locales que son populares en la comunidad de conexi\u00f3n. Son una excelente manera de conocer a&hellip;\" \/>\n<meta property=\"og:url\" content=\"https:\/\/the-apers.com\/es\/sitios-swinger-locales\/\" \/>\n<meta property=\"og:site_name\" content=\"Adult Dating Finder\" \/>\n<meta property=\"article:modified_time\" content=\"2022-10-17T11:33:39+00:00\" \/>\n<meta name=\"twitter:card\" content=\"summary_large_image\" \/>\n<meta name=\"twitter:label1\" content=\"Tiempo de lectura\" \/>\n\t<meta name=\"twitter:data1\" content=\"3 minutos\" \/>\n<script type=\"application\/ld+json\" class=\"yoast-schema-graph\">{\"@context\":\"https:\/\/schema.org\",\"@graph\":[{\"@type\":\"WebSite\",\"@id\":\"https:\/\/the-apers.com\/#website\",\"url\":\"https:\/\/the-apers.com\/\",\"name\":\"Adult Dating Finder\",\"description\":\"Online Personals\",\"potentialAction\":[{\"@type\":\"SearchAction\",\"target\":{\"@type\":\"EntryPoint\",\"urlTemplate\":\"https:\/\/the-apers.com\/?s={search_term_string}\"},\"query-input\":\"required name=search_term_string\"}],\"inLanguage\":\"es\"},{\"@type\":\"WebPage\",\"@id\":\"https:\/\/the-apers.com\/es\/sitios-swinger-locales\/#webpage\",\"url\":\"https:\/\/the-apers.com\/es\/sitios-swinger-locales\/\",\"name\":\"Sitios swinger locales - Adult Dating Finder\",\"isPartOf\":{\"@id\":\"https:\/\/the-apers.com\/#website\"},\"datePublished\":\"2022-09-30T10:15:23+00:00\",\"dateModified\":\"2022-10-17T11:33:39+00:00\",\"breadcrumb\":{\"@id\":\"https:\/\/the-apers.com\/es\/sitios-swinger-locales\/#breadcrumb\"},\"inLanguage\":\"es\",\"potentialAction\":[{\"@type\":\"ReadAction\",\"target\":[\"https:\/\/the-apers.com\/es\/sitios-swinger-locales\/\"]}]},{\"@type\":\"BreadcrumbList\",\"@id\":\"https:\/\/the-apers.com\/es\/sitios-swinger-locales\/#breadcrumb\",\"itemListElement\":[{\"@type\":\"ListItem\",\"position\":1,\"name\":\"Home\",\"item\":\"https:\/\/the-apers.com\/es\/\"},{\"@type\":\"ListItem\",\"position\":2,\"name\":\"Sitios swinger locales\"}]}]}<\/script>\n<!-- \/ Yoast SEO plugin. -->","yoast_head_json":{"title":"Sitios swinger locales - Adult Dating Finder","robots":{"index":"index","follow":"follow","max-snippet":"max-snippet:-1","max-image-preview":"max-image-preview:large","max-video-preview":"max-video-preview:-1"},"canonical":"https:\/\/the-apers.com\/es\/sitios-swinger-locales\/","og_locale":"es_ES","og_type":"article","og_title":"Sitios swinger locales - Adult Dating Finder","og_description":"Hay algunos sitios swingers locales que son populares en la comunidad de conexi\u00f3n. Son una excelente manera de conocer a&hellip;","og_url":"https:\/\/the-apers.com\/es\/sitios-swinger-locales\/","og_site_name":"Adult Dating Finder","article_modified_time":"2022-10-17T11:33:39+00:00","twitter_card":"summary_large_image","twitter_misc":{"Tiempo de lectura":"3 minutos"},"schema":{"@context":"https:\/\/schema.org","@graph":[{"@type":"WebSite","@id":"https:\/\/the-apers.com\/#website","url":"https:\/\/the-apers.com\/","name":"Adult Dating Finder","description":"Online Personals","potentialAction":[{"@type":"SearchAction","target":{"@type":"EntryPoint","urlTemplate":"https:\/\/the-apers.com\/?s={search_term_string}"},"query-input":"required name=search_term_string"}],"inLanguage":"es"},{"@type":"WebPage","@id":"https:\/\/the-apers.com\/es\/sitios-swinger-locales\/#webpage","url":"https:\/\/the-apers.com\/es\/sitios-swinger-locales\/","name":"Sitios swinger locales - Adult Dating Finder","isPartOf":{"@id":"https:\/\/the-apers.com\/#website"},"datePublished":"2022-09-30T10:15:23+00:00","dateModified":"2022-10-17T11:33:39+00:00","breadcrumb":{"@id":"https:\/\/the-apers.com\/es\/sitios-swinger-locales\/#breadcrumb"},"inLanguage":"es","potentialAction":[{"@type":"ReadAction","target":["https:\/\/the-apers.com\/es\/sitios-swinger-locales\/"]}]},{"@type":"BreadcrumbList","@id":"https:\/\/the-apers.com\/es\/sitios-swinger-locales\/#breadcrumb","itemListElement":[{"@type":"ListItem","position":1,"name":"Home","item":"https:\/\/the-apers.com\/es\/"},{"@type":"ListItem","position":2,"name":"Sitios swinger locales"}]}]}},"_links":{"self":[{"href":"https:\/\/the-apers.com\/es\/wp-json\/wp\/v2\/pages\/245"}],"collection":[{"href":"https:\/\/the-apers.com\/es\/wp-json\/wp\/v2\/pages"}],"about":[{"href":"https:\/\/the-apers.com\/es\/wp-json\/wp\/v2\/types\/page"}],"author":[{"embeddable":true,"href":"https:\/\/the-apers.com\/es\/wp-json\/wp\/v2\/users\/1"}],"replies":[{"embeddable":true,"href":"https:\/\/the-apers.com\/es\/wp-json\/wp\/v2\/comments?post=245"}],"version-history":[{"count":1,"href":"https:\/\/the-apers.com\/es\/wp-json\/wp\/v2\/pages\/245\/revisions"}],"predecessor-version":[{"id":363,"href":"https:\/\/the-apers.com\/es\/wp-json\/wp\/v2\/pages\/245\/revisions\/363"}],"wp:attachment":[{"href":"https:\/\/the-apers.com\/es\/wp-json\/wp\/v2\/media?parent=245"}],"curies":[{"name":"wp","href":"https:\/\/api.w.org\/{rel}","templated":true}]}}