{"id":255,"date":"2022-09-30T11:13:19","date_gmt":"2022-09-30T10:13:19","guid":{"rendered":"http:\/\/the-apers.com\/salas-de-chat-de-bondage\/"},"modified":"2022-09-30T11:13:19","modified_gmt":"2022-09-30T10:13:19","slug":"salas-de-chat-de-bondage","status":"publish","type":"page","link":"https:\/\/the-apers.com\/es\/salas-de-chat-de-bondage\/","title":{"rendered":"Salas de chat de Bondage"},"content":{"rendered":"<p>Hay algo en el anonimato de una sala de chat que realmente hace que la gente hable sobre sus torceduras y fetiches. Para muchas personas, las salas de chat de esclavitud son una forma de explorar sus deseos sexuales sin tener que preocuparse por el juicio de amigos o familiares.<\/p>\n<p>Estas salas de chat proporcionan un espacio para <a href=\"http:\/\/the-apers.com\/?page_id=228&amp;preview=true\">que las personas hablen sobre sus intereses<\/a>, compartan historias e incluso se conecten con personas de ideas afines. Ya sea que est\u00e9 buscando un poco de diversi\u00f3n en l\u00ednea o que espere conocer a alguien en persona, las salas de chat de bondage pueden ser una excelente manera de explorar su lado sexual.<\/p>\n<p>Las citas de bondage son cuando las personas que est\u00e1n interesadas en el bondage y <a href=\"http:\/\/the-apers.com\/bdsm-sites\/\">bdSM<\/a> se re\u00fanen para salir. Esto puede implicar ir a clubes y eventos que son espec\u00edficamente para este tipo de cosas, o simplemente puede ser organizar para reunirse con alguien que comparta sus intereses. Puede ser una excelente manera de explorar su lado pervertido y descubrir en qu\u00e9 se encuentran otras personas. Tambi\u00e9n puede ser muy divertido y una excelente manera de conocer gente nueva.<\/p>\n<h2>Conexi\u00f3n BDSM<\/h2>\n<p>Cuando se trata de encontrar el amor, algunas personas podr\u00edan decir que no hay nada como una conexi\u00f3n BDSM. Para aquellos que no est\u00e1n familiarizados, BDSM es un acr\u00f3nimo de bondage, disciplina, sadismo y masoquismo. Y aunque puede que no sea la taza de t\u00e9 de todos, no se puede negar que puede ser una excelente manera de conectarse con alguien a nivel f\u00edsico y emocional.<\/p>\n<p>Si est\u00e1 pensando en probar BDSM, hay algunas cosas que debe tener en cuenta. Primero, es importante encontrar un socio que tenga la mente abierta y est\u00e9 dispuesto a explorar cosas nuevas. En segundo lugar, la comunicaci\u00f3n es clave. Deber\u00e1 poder comunicar sus deseos, necesidades y l\u00edmites con su pareja antes de comenzar.<\/p>\n<p>Y por \u00faltimo, no tengas miedo de experimentar. BDSM puede ser una excelente manera de darle vida a su vida sexual y agregar un poco de emoci\u00f3n a su relaci\u00f3n. \u00a1As\u00ed que adelante y explora! Qui\u00e9n sabe, es posible que encuentres al amor de tu vida.<\/p>\n<h2>Sitios de Fetish Meet<\/h2>\n<p>Los sitios de encuentro fetichista pueden ser una excelente manera de conectarse con otras personas que comparten sus intereses. Pueden proporcionar un ambiente seguro y acogedor para que explores tu sexualidad y fetiches. Sin embargo, hay algunas cosas a tener en cuenta al usar estos sitios. Primero, aseg\u00farese de leer cuidadosamente las reglas y regulaciones del sitio. Esto le ayudar\u00e1 a evitar ser prohibido o eliminado del sitio. En segundo lugar, sea respetuoso con los dem\u00e1s miembros. Esto incluye no publicar informaci\u00f3n personal ni acosar a otros miembros. Finalmente, \u00a1recuerda divertirte y estar a salvo!<\/p>\n<h3>Xmeets<\/h3>\n<p>Si te gusta el bondage y el sexo m\u00e1s pervertido, \u00a1entonces Xmeets es la aplicaci\u00f3n de citas para ti! Con un enfoque en conectar a las personas que est\u00e1n en BDSM y otros problemas, Xmeets es una gran opci\u00f3n para cualquiera que busque explorar su lado pervertido. La aplicaci\u00f3n es f\u00e1cil de usar y tiene un mont\u00f3n de caracter\u00edsticas, por lo que es una gran opci\u00f3n para cualquiera que busque experimentar con la esclavitud y el sexo m\u00e1s pervertido.<\/p>\n<h3>Datehookup<\/h3>\n<p>Datehookup es una aplicaci\u00f3n de citas que permite a los usuarios conectarse con posibles coincidencias cercanas. La aplicaci\u00f3n tambi\u00e9n incluye una funci\u00f3n llamada \u00abBondage Chatrooms\u00bb que permite a los usuarios conectarse con otras personas que comparten su inter\u00e9s en el bondage y el juego fetiche. Las salas de chat son una excelente manera de conectarse con personas de ideas afines, y la aplicaci\u00f3n tambi\u00e9n incluye funciones como mensajer\u00eda privada y chat de video. En general, la aplicaci\u00f3n es una excelente manera de conectarse con posibles coincidencias y explorar sus problemas y fetiches de una manera segura y consensuada.<\/p>\n<h3>Un mont\u00f3n de pescado<\/h3>\n<p>Si est\u00e1 buscando una sala de chat de bondage, Plenty of Fish es una excelente opci\u00f3n. La aplicaci\u00f3n de citas ofrece una amplia variedad de caracter\u00edsticas y es muy f\u00e1cil de usar. Puede buscar miembros por ubicaci\u00f3n, edad e intereses, y la aplicaci\u00f3n incluso le sugerir\u00e1 coincidencias. El \u00fanico inconveniente es que no hay salas de chat de bondage espec\u00edficas, por lo que tendr\u00e1 que buscarlas en las salas de chat generales.<\/p>\n","protected":false},"excerpt":{"rendered":"<p>Hay algo en el anonimato de una sala de chat que realmente hace que la gente hable sobre sus torceduras&hellip;<\/p>\n","protected":false},"author":1,"featured_media":0,"parent":0,"menu_order":0,"comment_status":"closed","ping_status":"closed","template":"","meta":[],"yoast_head":"<!-- This site is optimized with the Yoast SEO plugin v17.7.1 - https:\/\/yoast.com\/wordpress\/plugins\/seo\/ -->\n<title>Salas de chat de Bondage - Adult Dating Finder<\/title>\n<meta name=\"robots\" content=\"index, follow, max-snippet:-1, max-image-preview:large, max-video-preview:-1\" \/>\n<link rel=\"canonical\" href=\"https:\/\/the-apers.com\/es\/salas-de-chat-de-bondage\/\" \/>\n<meta property=\"og:locale\" content=\"es_ES\" \/>\n<meta property=\"og:type\" content=\"article\" \/>\n<meta property=\"og:title\" content=\"Salas de chat de Bondage - Adult Dating Finder\" \/>\n<meta property=\"og:description\" content=\"Hay algo en el anonimato de una sala de chat que realmente hace que la gente hable sobre sus torceduras&hellip;\" \/>\n<meta property=\"og:url\" content=\"https:\/\/the-apers.com\/es\/salas-de-chat-de-bondage\/\" \/>\n<meta property=\"og:site_name\" content=\"Adult Dating Finder\" \/>\n<meta name=\"twitter:card\" content=\"summary_large_image\" \/>\n<meta name=\"twitter:label1\" content=\"Tiempo de lectura\" \/>\n\t<meta name=\"twitter:data1\" content=\"4 minutos\" \/>\n<script type=\"application\/ld+json\" class=\"yoast-schema-graph\">{\"@context\":\"https:\/\/schema.org\",\"@graph\":[{\"@type\":\"WebSite\",\"@id\":\"https:\/\/the-apers.com\/#website\",\"url\":\"https:\/\/the-apers.com\/\",\"name\":\"Adult Dating Finder\",\"description\":\"Online Personals\",\"potentialAction\":[{\"@type\":\"SearchAction\",\"target\":{\"@type\":\"EntryPoint\",\"urlTemplate\":\"https:\/\/the-apers.com\/?s={search_term_string}\"},\"query-input\":\"required name=search_term_string\"}],\"inLanguage\":\"es\"},{\"@type\":\"WebPage\",\"@id\":\"https:\/\/the-apers.com\/es\/salas-de-chat-de-bondage\/#webpage\",\"url\":\"https:\/\/the-apers.com\/es\/salas-de-chat-de-bondage\/\",\"name\":\"Salas de chat de Bondage - Adult Dating Finder\",\"isPartOf\":{\"@id\":\"https:\/\/the-apers.com\/#website\"},\"datePublished\":\"2022-09-30T10:13:19+00:00\",\"dateModified\":\"2022-09-30T10:13:19+00:00\",\"breadcrumb\":{\"@id\":\"https:\/\/the-apers.com\/es\/salas-de-chat-de-bondage\/#breadcrumb\"},\"inLanguage\":\"es\",\"potentialAction\":[{\"@type\":\"ReadAction\",\"target\":[\"https:\/\/the-apers.com\/es\/salas-de-chat-de-bondage\/\"]}]},{\"@type\":\"BreadcrumbList\",\"@id\":\"https:\/\/the-apers.com\/es\/salas-de-chat-de-bondage\/#breadcrumb\",\"itemListElement\":[{\"@type\":\"ListItem\",\"position\":1,\"name\":\"Home\",\"item\":\"https:\/\/the-apers.com\/es\/\"},{\"@type\":\"ListItem\",\"position\":2,\"name\":\"Salas de chat de Bondage\"}]}]}<\/script>\n<!-- \/ Yoast SEO plugin. -->","yoast_head_json":{"title":"Salas de chat de Bondage - Adult Dating Finder","robots":{"index":"index","follow":"follow","max-snippet":"max-snippet:-1","max-image-preview":"max-image-preview:large","max-video-preview":"max-video-preview:-1"},"canonical":"https:\/\/the-apers.com\/es\/salas-de-chat-de-bondage\/","og_locale":"es_ES","og_type":"article","og_title":"Salas de chat de Bondage - Adult Dating Finder","og_description":"Hay algo en el anonimato de una sala de chat que realmente hace que la gente hable sobre sus torceduras&hellip;","og_url":"https:\/\/the-apers.com\/es\/salas-de-chat-de-bondage\/","og_site_name":"Adult Dating Finder","twitter_card":"summary_large_image","twitter_misc":{"Tiempo de lectura":"4 minutos"},"schema":{"@context":"https:\/\/schema.org","@graph":[{"@type":"WebSite","@id":"https:\/\/the-apers.com\/#website","url":"https:\/\/the-apers.com\/","name":"Adult Dating Finder","description":"Online Personals","potentialAction":[{"@type":"SearchAction","target":{"@type":"EntryPoint","urlTemplate":"https:\/\/the-apers.com\/?s={search_term_string}"},"query-input":"required name=search_term_string"}],"inLanguage":"es"},{"@type":"WebPage","@id":"https:\/\/the-apers.com\/es\/salas-de-chat-de-bondage\/#webpage","url":"https:\/\/the-apers.com\/es\/salas-de-chat-de-bondage\/","name":"Salas de chat de Bondage - Adult Dating Finder","isPartOf":{"@id":"https:\/\/the-apers.com\/#website"},"datePublished":"2022-09-30T10:13:19+00:00","dateModified":"2022-09-30T10:13:19+00:00","breadcrumb":{"@id":"https:\/\/the-apers.com\/es\/salas-de-chat-de-bondage\/#breadcrumb"},"inLanguage":"es","potentialAction":[{"@type":"ReadAction","target":["https:\/\/the-apers.com\/es\/salas-de-chat-de-bondage\/"]}]},{"@type":"BreadcrumbList","@id":"https:\/\/the-apers.com\/es\/salas-de-chat-de-bondage\/#breadcrumb","itemListElement":[{"@type":"ListItem","position":1,"name":"Home","item":"https:\/\/the-apers.com\/es\/"},{"@type":"ListItem","position":2,"name":"Salas de chat de Bondage"}]}]}},"_links":{"self":[{"href":"https:\/\/the-apers.com\/es\/wp-json\/wp\/v2\/pages\/255"}],"collection":[{"href":"https:\/\/the-apers.com\/es\/wp-json\/wp\/v2\/pages"}],"about":[{"href":"https:\/\/the-apers.com\/es\/wp-json\/wp\/v2\/types\/page"}],"author":[{"embeddable":true,"href":"https:\/\/the-apers.com\/es\/wp-json\/wp\/v2\/users\/1"}],"replies":[{"embeddable":true,"href":"https:\/\/the-apers.com\/es\/wp-json\/wp\/v2\/comments?post=255"}],"version-history":[{"count":0,"href":"https:\/\/the-apers.com\/es\/wp-json\/wp\/v2\/pages\/255\/revisions"}],"wp:attachment":[{"href":"https:\/\/the-apers.com\/es\/wp-json\/wp\/v2\/media?parent=255"}],"curies":[{"name":"wp","href":"https:\/\/api.w.org\/{rel}","templated":true}]}}