{"id":267,"date":"2022-09-30T11:14:58","date_gmt":"2022-09-30T10:14:58","guid":{"rendered":"http:\/\/the-apers.com\/salas-de-chat-de-milf\/"},"modified":"2022-10-17T12:34:08","modified_gmt":"2022-10-17T11:34:08","slug":"salas-de-chat-de-milf","status":"publish","type":"page","link":"https:\/\/the-apers.com\/es\/salas-de-chat-de-milf\/","title":{"rendered":"Salas de chat de Milf"},"content":{"rendered":"<p>Hay algo incre\u00edblemente atractivo en los MILF, y muchos chicos los encuentran irresistibles. Afortunadamente, hay muchas salas de chat MILF donde puedes chatear con estas hermosas mujeres y tal vez incluso hacer arreglos para reunirte en persona. Solo aseg\u00farese de ser respetuoso y encantador, y se asegurar\u00e1 de tener una cita caliente con un MILF en poco tiempo.<\/p>\n<h2>Chat Milf gratis<\/h2>\n<p>\u00bfBusca un MILF caliente para <a href=\"http:\/\/www.paginas-para-follar.com\/webs-de-sexo-gratis\/\">paginas gratis sexo<\/a>? No busque m\u00e1s all\u00e1 de Free MILF Chat. Este sitio ofrece un servicio de chat gratuito para MILF y chicos que los aman. Simplemente reg\u00edstrese para obtener una cuenta y comience a chatear con MILF cachondos en su \u00e1rea. Ya sea que est\u00e9 buscando diversi\u00f3n traviesa o una relaci\u00f3n seria, Free MILF Chat es el lugar perfecto para comenzar. No hay necesidad de ser t\u00edmido cuando se habla con milfs: son de mente abierta y buscan el amor como t\u00fa. Es posible que se sorprenda de lo f\u00e1cil que es conectarse con ellos y de lo mucho que tiene en com\u00fan. Solo s\u00e9 t\u00fa mismo y no tengas miedo de iniciar una conversaci\u00f3n. Qui\u00e9n sabe, es posible que encuentres al amor de tu vida.<\/p>\n<h2>Habla con Milfs<\/h2>\n<p>Realmente disfruto hablando con milfs. Por lo general, tienen mucha confianza y saben lo que quieren. Encuentro que tambi\u00e9n son muy abiertos de mente y est\u00e1n dispuestos a probar cosas nuevas. Esto lo convierte en una gran experiencia de citas, ya que no tienen miedo de correr riesgos. Tambi\u00e9n encuentro que los milfs son muy sexys y suelen ser muy buenos en la cama. Por lo general, tienen mucha experiencia y saben c\u00f3mo complacer a un hombre. En general, realmente disfruto saliendo con milfs y lo recomendar\u00eda a cualquier chico que busque un buen momento.<\/p>\n<h3>FabSwingers<\/h3>\n<p>Esta aplicaci\u00f3n de citas es perfecta para conectarse con mujeres mayores que buscan pasar un buen rato. La aplicaci\u00f3n es f\u00e1cil de usar y tiene un mont\u00f3n de caracter\u00edsticas que la hacen perfecta para encontrar un milf para chatear. Puede buscar mujeres por edad, ubicaci\u00f3n, intereses y m\u00e1s. Adem\u00e1s, incluso puedes enviar mensajes y fotos a las mujeres que te interesan. Por lo tanto, si est\u00e1 buscando una sala de chat milf, FabSwingers es el lugar perfecto para comenzar su b\u00fasqueda.<\/p>\n<h3>Fling.com<\/h3>\n<p>Fling.com es una aplicaci\u00f3n de citas con una diferencia; est\u00e1 dise\u00f1ado espec\u00edficamente para personas que buscan tener aventuras casuales sin condiciones. La aplicaci\u00f3n es muy f\u00e1cil de usar y tiene una interfaz simple. Tambi\u00e9n tiene una gran base de usuarios, lo que significa que siempre hay personas en l\u00ednea con las que chatear. La aplicaci\u00f3n es de uso gratuito, pero hay algunas funciones que solo est\u00e1n disponibles para los miembros que pagan. En general, la aplicaci\u00f3n es una gran opci\u00f3n para las personas que buscan aventuras casuales.<\/p>\n<h3>OnlyFlings<\/h3>\n<p>Si est\u00e1 buscando una sala de chat milf, querr\u00e1 consultar la aplicaci\u00f3n de citas OnlyFlings. Es una gran aplicaci\u00f3n para conocer mujeres mayores y chatear con ellas. La aplicaci\u00f3n es f\u00e1cil de usar y tiene muchas caracter\u00edsticas que la convierten en una excelente opci\u00f3n para las salas de chat milf. Puede buscar mujeres por ubicaci\u00f3n, edad, intereses y m\u00e1s. Tambi\u00e9n puede enviar mensajes y chatear con ellos en tiempo real. OnlyFlings es una gran opci\u00f3n para las salas de chat milf y seguramente lo ayudar\u00e1 a conocer a las mujeres mayores que le interesan.<\/p>\n","protected":false},"excerpt":{"rendered":"<p>Hay algo incre\u00edblemente atractivo en los MILF, y muchos chicos los encuentran irresistibles. Afortunadamente, hay muchas salas de chat MILF&hellip;<\/p>\n","protected":false},"author":1,"featured_media":0,"parent":0,"menu_order":0,"comment_status":"closed","ping_status":"closed","template":"","meta":[],"yoast_head":"<!-- This site is optimized with the Yoast SEO plugin v17.7.1 - https:\/\/yoast.com\/wordpress\/plugins\/seo\/ -->\n<title>Salas de chat de Milf - Adult Dating Finder<\/title>\n<meta name=\"robots\" content=\"index, follow, max-snippet:-1, max-image-preview:large, max-video-preview:-1\" \/>\n<link rel=\"canonical\" href=\"https:\/\/the-apers.com\/es\/salas-de-chat-de-milf\/\" \/>\n<meta property=\"og:locale\" content=\"es_ES\" \/>\n<meta property=\"og:type\" content=\"article\" \/>\n<meta property=\"og:title\" content=\"Salas de chat de Milf - Adult Dating Finder\" \/>\n<meta property=\"og:description\" content=\"Hay algo incre\u00edblemente atractivo en los MILF, y muchos chicos los encuentran irresistibles. Afortunadamente, hay muchas salas de chat MILF&hellip;\" \/>\n<meta property=\"og:url\" content=\"https:\/\/the-apers.com\/es\/salas-de-chat-de-milf\/\" \/>\n<meta property=\"og:site_name\" content=\"Adult Dating Finder\" \/>\n<meta property=\"article:modified_time\" content=\"2022-10-17T11:34:08+00:00\" \/>\n<meta name=\"twitter:card\" content=\"summary_large_image\" \/>\n<meta name=\"twitter:label1\" content=\"Tiempo de lectura\" \/>\n\t<meta name=\"twitter:data1\" content=\"3 minutos\" \/>\n<script type=\"application\/ld+json\" class=\"yoast-schema-graph\">{\"@context\":\"https:\/\/schema.org\",\"@graph\":[{\"@type\":\"WebSite\",\"@id\":\"https:\/\/the-apers.com\/nl\/#website\",\"url\":\"https:\/\/the-apers.com\/nl\/\",\"name\":\"Adult Dating Finder\",\"description\":\"Online Personals\",\"potentialAction\":[{\"@type\":\"SearchAction\",\"target\":{\"@type\":\"EntryPoint\",\"urlTemplate\":\"https:\/\/the-apers.com\/nl\/?s={search_term_string}\"},\"query-input\":\"required name=search_term_string\"}],\"inLanguage\":\"es\"},{\"@type\":\"WebPage\",\"@id\":\"https:\/\/the-apers.com\/es\/salas-de-chat-de-milf\/#webpage\",\"url\":\"https:\/\/the-apers.com\/es\/salas-de-chat-de-milf\/\",\"name\":\"Salas de chat de Milf - Adult Dating Finder\",\"isPartOf\":{\"@id\":\"https:\/\/the-apers.com\/nl\/#website\"},\"datePublished\":\"2022-09-30T10:14:58+00:00\",\"dateModified\":\"2022-10-17T11:34:08+00:00\",\"breadcrumb\":{\"@id\":\"https:\/\/the-apers.com\/es\/salas-de-chat-de-milf\/#breadcrumb\"},\"inLanguage\":\"es\",\"potentialAction\":[{\"@type\":\"ReadAction\",\"target\":[\"https:\/\/the-apers.com\/es\/salas-de-chat-de-milf\/\"]}]},{\"@type\":\"BreadcrumbList\",\"@id\":\"https:\/\/the-apers.com\/es\/salas-de-chat-de-milf\/#breadcrumb\",\"itemListElement\":[{\"@type\":\"ListItem\",\"position\":1,\"name\":\"Home\",\"item\":\"http:\/\/the-apers.com\/es\/\"},{\"@type\":\"ListItem\",\"position\":2,\"name\":\"Salas de chat de Milf\"}]}]}<\/script>\n<!-- \/ Yoast SEO plugin. -->","yoast_head_json":{"title":"Salas de chat de Milf - Adult Dating Finder","robots":{"index":"index","follow":"follow","max-snippet":"max-snippet:-1","max-image-preview":"max-image-preview:large","max-video-preview":"max-video-preview:-1"},"canonical":"https:\/\/the-apers.com\/es\/salas-de-chat-de-milf\/","og_locale":"es_ES","og_type":"article","og_title":"Salas de chat de Milf - Adult Dating Finder","og_description":"Hay algo incre\u00edblemente atractivo en los MILF, y muchos chicos los encuentran irresistibles. Afortunadamente, hay muchas salas de chat MILF&hellip;","og_url":"https:\/\/the-apers.com\/es\/salas-de-chat-de-milf\/","og_site_name":"Adult Dating Finder","article_modified_time":"2022-10-17T11:34:08+00:00","twitter_card":"summary_large_image","twitter_misc":{"Tiempo de lectura":"3 minutos"},"schema":{"@context":"https:\/\/schema.org","@graph":[{"@type":"WebSite","@id":"https:\/\/the-apers.com\/nl\/#website","url":"https:\/\/the-apers.com\/nl\/","name":"Adult Dating Finder","description":"Online Personals","potentialAction":[{"@type":"SearchAction","target":{"@type":"EntryPoint","urlTemplate":"https:\/\/the-apers.com\/nl\/?s={search_term_string}"},"query-input":"required name=search_term_string"}],"inLanguage":"es"},{"@type":"WebPage","@id":"https:\/\/the-apers.com\/es\/salas-de-chat-de-milf\/#webpage","url":"https:\/\/the-apers.com\/es\/salas-de-chat-de-milf\/","name":"Salas de chat de Milf - Adult Dating Finder","isPartOf":{"@id":"https:\/\/the-apers.com\/nl\/#website"},"datePublished":"2022-09-30T10:14:58+00:00","dateModified":"2022-10-17T11:34:08+00:00","breadcrumb":{"@id":"https:\/\/the-apers.com\/es\/salas-de-chat-de-milf\/#breadcrumb"},"inLanguage":"es","potentialAction":[{"@type":"ReadAction","target":["https:\/\/the-apers.com\/es\/salas-de-chat-de-milf\/"]}]},{"@type":"BreadcrumbList","@id":"https:\/\/the-apers.com\/es\/salas-de-chat-de-milf\/#breadcrumb","itemListElement":[{"@type":"ListItem","position":1,"name":"Home","item":"http:\/\/the-apers.com\/es\/"},{"@type":"ListItem","position":2,"name":"Salas de chat de Milf"}]}]}},"_links":{"self":[{"href":"https:\/\/the-apers.com\/es\/wp-json\/wp\/v2\/pages\/267"}],"collection":[{"href":"https:\/\/the-apers.com\/es\/wp-json\/wp\/v2\/pages"}],"about":[{"href":"https:\/\/the-apers.com\/es\/wp-json\/wp\/v2\/types\/page"}],"author":[{"embeddable":true,"href":"https:\/\/the-apers.com\/es\/wp-json\/wp\/v2\/users\/1"}],"replies":[{"embeddable":true,"href":"https:\/\/the-apers.com\/es\/wp-json\/wp\/v2\/comments?post=267"}],"version-history":[{"count":1,"href":"https:\/\/the-apers.com\/es\/wp-json\/wp\/v2\/pages\/267\/revisions"}],"predecessor-version":[{"id":364,"href":"https:\/\/the-apers.com\/es\/wp-json\/wp\/v2\/pages\/267\/revisions\/364"}],"wp:attachment":[{"href":"https:\/\/the-apers.com\/es\/wp-json\/wp\/v2\/media?parent=267"}],"curies":[{"name":"wp","href":"https:\/\/api.w.org\/{rel}","templated":true}]}}