{"id":282,"date":"2022-09-30T11:12:38","date_gmt":"2022-09-30T10:12:38","guid":{"rendered":"http:\/\/the-apers.com\/sitios-bdsm\/"},"modified":"2022-09-30T11:12:38","modified_gmt":"2022-09-30T10:12:38","slug":"sitios-bdsm","status":"publish","type":"page","link":"https:\/\/the-apers.com\/es\/sitios-bdsm\/","title":{"rendered":"Sitios BDSM"},"content":{"rendered":"<p>Hay una serie de sitios web que atienden a las personas que est\u00e1n interesadas en BDSM. Estos sitios web pueden ser una excelente manera de conectarse con personas de ideas afines que est\u00e1n interesadas en explorar este tipo de actividad sexual. Algunos de estos sitios web tambi\u00e9n tienen foros y salas de chat donde puede chatear con otros miembros y obtener m\u00e1s informaci\u00f3n sobre BDSM. Si est\u00e1 interesado en explorar este tipo de actividad sexual, estos sitios web pueden ser un gran lugar para comenzar.<\/p>\n<h2>El mejor buscador de citas BDSM<\/h2>\n<p>No se puede negar que las citas BDSM pueden ser bastante desalentadoras, especialmente si eres nuevo en la escena. Sin embargo, con la ayuda de un buscador de citas BDSM, puede encontrar f\u00e1cilmente personas de ideas afines que est\u00e1n en los mismos problemas y fetiches que usted. Un buscador de citas BDSM es esencialmente un motor de b\u00fasqueda que te ayuda a encontrar otros <a href=\"http:\/\/the-apers.com\/bondage-chatrooms\/\">entusiastas de BDSM cerca de ti<\/a>. Todo lo que necesita hacer es ingresar su ubicaci\u00f3n y preferencias, y el buscador har\u00e1 el resto. Esto no solo facilita la b\u00fasqueda de socios potenciales, sino que tambi\u00e9n significa que puede estar seguro de que est\u00e1n en las mismas cosas que usted. \u00a1No m\u00e1s conversaciones inc\u00f3modas o decepciones!<\/p>\n<p>Hay muchas personas pervertidas que buscan amor en el mundo, y muchos de ellos usan citas en l\u00ednea para encontrarlo. Los sitios de citas Kinky atienden a personas que disfrutan de actividades sexuales inusuales, y pueden ser una excelente manera de encontrar una pareja de ideas afines. Los sitios de citas Kinky a menudo tienen caracter\u00edsticas que le permiten buscar personas por intereses espec\u00edficos, y tambi\u00e9n pueden tener salas de chat y foros donde puede conocer a otras personas pervertidas. Si est\u00e1 interesado en encontrar una pareja pervertida, las citas en l\u00ednea son un gran lugar para comenzar su b\u00fasqueda.<\/p>\n<h2>Sitios kink<\/h2>\n<p>Hay una variedad de sitios de torceduras disponibles en l\u00ednea, cada uno de los cuales atiende a diferentes preferencias e intereses. Ya sea que te guste el BDSM, el fetiche de los pies o algo completamente diferente, seguramente habr\u00e1 un sitio adecuado para ti.<\/p>\n<p>Los sitios kink pueden ser una excelente manera de conectarse con personas de ideas afines que est\u00e1n interesadas en explorar su sexualidad. Tambi\u00e9n pueden ser una excelente manera de aprender m\u00e1s sobre ti mismo y lo que te gusta. Si eres nuevo en la escena de la torcedura, estos sitios pueden ser una excelente manera de mojarte los pies y descubrir en qu\u00e9 te gusta.<\/p>\n<p>Sin embargo, es importante recordar que no todos en un sitio de kink est\u00e1n buscando una cita o una relaci\u00f3n. Algunas personas solo est\u00e1n all\u00ed para charlar y explorar sus problemas con los dem\u00e1s. Si est\u00e1s buscando una relaci\u00f3n, es importante tenerlo claro desde el principio. De lo contrario, podr\u00eda terminar perdiendo su tiempo (y el de ellos).<\/p>\n<h3>BBWCupid<\/h3>\n<p>Si est\u00e1 buscando una aplicaci\u00f3n de citas BDSM con una gran selecci\u00f3n de socios potenciales, BBWCupid es una gran opci\u00f3n. Con m\u00e1s de 600,000 miembros, es muy probable que encuentre a alguien que comparta sus problemas e intereses. La aplicaci\u00f3n se puede descargar y usar de forma gratuita, pero necesitar\u00e1 una membres\u00eda paga para desbloquear todas las funciones. Esto incluye mensajer\u00eda, b\u00fasqueda y coincidencia avanzada. El equipo de BBWCupid es receptivo y \u00fatil, por lo que es una excelente opci\u00f3n para aquellos que son nuevos en la escena BDSM.<\/p>\n<h3>DateYou<\/h3>\n<p>DateYou es una aplicaci\u00f3n de citas que atiende a aquellos que est\u00e1n interesados en BDSM. Es una excelente manera de conocer personas de ideas afines y explorar sus problemas de una manera segura y consensuada. La aplicaci\u00f3n es f\u00e1cil de usar y tiene <a href=\"http:\/\/the-apers.com\/milf-chatrooms\/\">muchas caracter\u00edsticas<\/a>, lo que la convierte en una excelente opci\u00f3n para aquellos que buscan ingresar a BDSM.<\/p>\n<h3>LuckyCrush<\/h3>\n<p>LuckyCrush es una aplicaci\u00f3n de citas que conecta a las personas que est\u00e1n interesadas en BDSM. La aplicaci\u00f3n es f\u00e1cil de usar y tiene muchas caracter\u00edsticas que la convierten en una excelente opci\u00f3n para las personas que est\u00e1n en BDSM. La aplicaci\u00f3n le permite buscar personas que est\u00e1n en BDSM, y tambi\u00e9n puede filtrar su b\u00fasqueda por ubicaci\u00f3n, edad y g\u00e9nero. LuckyCrush tambi\u00e9n tiene una funci\u00f3n de chat que le permite chatear con otros usuarios, y tambi\u00e9n puede enviar y recibir mensajes. La aplicaci\u00f3n es de uso gratuito y est\u00e1 disponible para dispositivos iOS y Android.<\/p>\n","protected":false},"excerpt":{"rendered":"<p>Hay una serie de sitios web que atienden a las personas que est\u00e1n interesadas en BDSM. Estos sitios web pueden&hellip;<\/p>\n","protected":false},"author":1,"featured_media":0,"parent":0,"menu_order":0,"comment_status":"closed","ping_status":"closed","template":"","meta":[],"yoast_head":"<!-- This site is optimized with the Yoast SEO plugin v17.7.1 - https:\/\/yoast.com\/wordpress\/plugins\/seo\/ -->\n<title>P\u00e1gina Sitios BDSM gratuita - Adult Dating Finder<\/title>\n<meta name=\"robots\" content=\"index, follow, max-snippet:-1, max-image-preview:large, max-video-preview:-1\" \/>\n<link rel=\"canonical\" href=\"https:\/\/the-apers.com\/es\/sitios-bdsm\/\" \/>\n<meta property=\"og:locale\" content=\"es_ES\" \/>\n<meta property=\"og:type\" content=\"article\" \/>\n<meta property=\"og:title\" content=\"P\u00e1gina Sitios BDSM gratuita - Adult Dating Finder\" \/>\n<meta property=\"og:description\" content=\"Hay una serie de sitios web que atienden a las personas que est\u00e1n interesadas en BDSM. Estos sitios web pueden&hellip;\" \/>\n<meta property=\"og:url\" content=\"https:\/\/the-apers.com\/es\/sitios-bdsm\/\" \/>\n<meta property=\"og:site_name\" content=\"Adult Dating Finder\" \/>\n<meta name=\"twitter:card\" content=\"summary_large_image\" \/>\n<meta name=\"twitter:label1\" content=\"Tiempo de lectura\" \/>\n\t<meta name=\"twitter:data1\" content=\"4 minutos\" \/>\n<script type=\"application\/ld+json\" class=\"yoast-schema-graph\">{\"@context\":\"https:\/\/schema.org\",\"@graph\":[{\"@type\":\"WebSite\",\"@id\":\"https:\/\/the-apers.com\/nl\/#website\",\"url\":\"https:\/\/the-apers.com\/nl\/\",\"name\":\"Adult Dating Finder\",\"description\":\"Online Personals\",\"potentialAction\":[{\"@type\":\"SearchAction\",\"target\":{\"@type\":\"EntryPoint\",\"urlTemplate\":\"https:\/\/the-apers.com\/nl\/?s={search_term_string}\"},\"query-input\":\"required name=search_term_string\"}],\"inLanguage\":\"es\"},{\"@type\":\"WebPage\",\"@id\":\"https:\/\/the-apers.com\/es\/sitios-bdsm\/#webpage\",\"url\":\"https:\/\/the-apers.com\/es\/sitios-bdsm\/\",\"name\":\"P\\u00e1gina Sitios BDSM gratuita - Adult Dating Finder\",\"isPartOf\":{\"@id\":\"https:\/\/the-apers.com\/nl\/#website\"},\"datePublished\":\"2022-09-30T10:12:38+00:00\",\"dateModified\":\"2022-09-30T10:12:38+00:00\",\"breadcrumb\":{\"@id\":\"https:\/\/the-apers.com\/es\/sitios-bdsm\/#breadcrumb\"},\"inLanguage\":\"es\",\"potentialAction\":[{\"@type\":\"ReadAction\",\"target\":[\"https:\/\/the-apers.com\/es\/sitios-bdsm\/\"]}]},{\"@type\":\"BreadcrumbList\",\"@id\":\"https:\/\/the-apers.com\/es\/sitios-bdsm\/#breadcrumb\",\"itemListElement\":[{\"@type\":\"ListItem\",\"position\":1,\"name\":\"Home\",\"item\":\"http:\/\/the-apers.com\/es\/\"},{\"@type\":\"ListItem\",\"position\":2,\"name\":\"Sitios BDSM\"}]}]}<\/script>\n<!-- \/ Yoast SEO plugin. -->","yoast_head_json":{"title":"P\u00e1gina Sitios BDSM gratuita - Adult Dating Finder","robots":{"index":"index","follow":"follow","max-snippet":"max-snippet:-1","max-image-preview":"max-image-preview:large","max-video-preview":"max-video-preview:-1"},"canonical":"https:\/\/the-apers.com\/es\/sitios-bdsm\/","og_locale":"es_ES","og_type":"article","og_title":"P\u00e1gina Sitios BDSM gratuita - Adult Dating Finder","og_description":"Hay una serie de sitios web que atienden a las personas que est\u00e1n interesadas en BDSM. Estos sitios web pueden&hellip;","og_url":"https:\/\/the-apers.com\/es\/sitios-bdsm\/","og_site_name":"Adult Dating Finder","twitter_card":"summary_large_image","twitter_misc":{"Tiempo de lectura":"4 minutos"},"schema":{"@context":"https:\/\/schema.org","@graph":[{"@type":"WebSite","@id":"https:\/\/the-apers.com\/nl\/#website","url":"https:\/\/the-apers.com\/nl\/","name":"Adult Dating Finder","description":"Online Personals","potentialAction":[{"@type":"SearchAction","target":{"@type":"EntryPoint","urlTemplate":"https:\/\/the-apers.com\/nl\/?s={search_term_string}"},"query-input":"required name=search_term_string"}],"inLanguage":"es"},{"@type":"WebPage","@id":"https:\/\/the-apers.com\/es\/sitios-bdsm\/#webpage","url":"https:\/\/the-apers.com\/es\/sitios-bdsm\/","name":"P\u00e1gina Sitios BDSM gratuita - Adult Dating Finder","isPartOf":{"@id":"https:\/\/the-apers.com\/nl\/#website"},"datePublished":"2022-09-30T10:12:38+00:00","dateModified":"2022-09-30T10:12:38+00:00","breadcrumb":{"@id":"https:\/\/the-apers.com\/es\/sitios-bdsm\/#breadcrumb"},"inLanguage":"es","potentialAction":[{"@type":"ReadAction","target":["https:\/\/the-apers.com\/es\/sitios-bdsm\/"]}]},{"@type":"BreadcrumbList","@id":"https:\/\/the-apers.com\/es\/sitios-bdsm\/#breadcrumb","itemListElement":[{"@type":"ListItem","position":1,"name":"Home","item":"http:\/\/the-apers.com\/es\/"},{"@type":"ListItem","position":2,"name":"Sitios BDSM"}]}]}},"_links":{"self":[{"href":"https:\/\/the-apers.com\/es\/wp-json\/wp\/v2\/pages\/282"}],"collection":[{"href":"https:\/\/the-apers.com\/es\/wp-json\/wp\/v2\/pages"}],"about":[{"href":"https:\/\/the-apers.com\/es\/wp-json\/wp\/v2\/types\/page"}],"author":[{"embeddable":true,"href":"https:\/\/the-apers.com\/es\/wp-json\/wp\/v2\/users\/1"}],"replies":[{"embeddable":true,"href":"https:\/\/the-apers.com\/es\/wp-json\/wp\/v2\/comments?post=282"}],"version-history":[{"count":0,"href":"https:\/\/the-apers.com\/es\/wp-json\/wp\/v2\/pages\/282\/revisions"}],"wp:attachment":[{"href":"https:\/\/the-apers.com\/es\/wp-json\/wp\/v2\/media?parent=282"}],"curies":[{"name":"wp","href":"https:\/\/api.w.org\/{rel}","templated":true}]}}