{"id":120,"date":"2022-09-13T12:01:16","date_gmt":"2022-09-13T11:01:16","guid":{"rendered":"http:\/\/the-apers.com\/aikuisten-tapaamis-ja-vittusivustot\/"},"modified":"2022-10-04T13:39:54","modified_gmt":"2022-10-04T12:39:54","slug":"aikuisten-tapaamis-ja-vittusivustot","status":"publish","type":"page","link":"https:\/\/the-apers.com\/fi\/","title":{"rendered":"Aikuisten tapaamis- ja vittusivustot"},"content":{"rendered":"<p>Yksi online-treffien suurimmista eduista on, ett\u00e4 voit olla yhteydess\u00e4 ihmisiin ymp\u00e4ri maailmaa. Vain muutamalla hiiren napsautuksella voit selata tuhansien sinkkujen profiileja alueellasi. Voit my\u00f6s suodattaa j\u00e4seni\u00e4 i\u00e4n, sijainnin, kiinnostuksen kohteiden, parisuhteen tilan ja muiden ehtojen perusteella.<\/p>\n<p>Vaikka online-treffisivustot tarjoavat mukavuutta, ne tarjoavat my\u00f6s haasteita. Yksi haaste on l\u00f6yt\u00e4\u00e4 yhteensopivia otteluita. Toinen asia on selvitt\u00e4\u00e4, onko henkil\u00f6 aito, tai yritt\u00e4\u00e4 huijata sinua. Online-treffihuijaukset ovat yleisi\u00e4, joten on t\u00e4rke\u00e4\u00e4, ett\u00e4 opit havaitsemaan v\u00e4\u00e4rennetyn profiilin.<\/p>\n<h2>Kuinka treffisovellukset toimivat, jos haluat vain seksi\u00e4<\/h2>\n<p>On paljon sivustoja, jotka on omistettu satunnaisille <a href=\"http:\/\/www.deittisovellus.net\">deittisovellus<\/a>, mukaan lukien Tinder, OkCupid ja Bumble. N\u00e4iden sovellusten avulla voit pyyhk\u00e4ist\u00e4 vasemmalle tai oikealle valokuvien ja viestien perusteella ja olla sitten yhteydess\u00e4 muihin, joilla on yhteisi\u00e4 kiinnostuksen kohteita. Kun tapaat jonkun, josta pid\u00e4t, voit joko keskustella yksityisesti tai m\u00e4\u00e4ritt\u00e4\u00e4 p\u00e4iv\u00e4m\u00e4\u00e4r\u00e4n.<\/p>\n<p>Vaikka rento treffit ovat hauskoja ja helppoja, on t\u00e4rke\u00e4\u00e4 muistaa, ett\u00e4 se on silti vain viihdett\u00e4. Varmista, ett\u00e4 olet tyytyv\u00e4inen henkil\u00f6\u00f6n, jonka kanssa puhut, ennen kuin suostut mihink\u00e4\u00e4n. Ole my\u00f6s varovainen jakaessasi henkil\u00f6kohtaisia tietoja, erityisesti taloudellisia tietoja.<\/p>\n<p>On my\u00f6s t\u00e4rke\u00e4\u00e4 ymm\u00e4rt\u00e4\u00e4, ett\u00e4 rento treffit eiv\u00e4t ole aina turvallisia. Vaikka on mahdollista tavata joku, johon luotat, se ei ole aina taattua. Vaikka saatat tuntea olosi tarpeeksi itsevarmaksi puhuaksesi jonkun kanssa, jonka tapasit verkossa, et koskaan tied\u00e4, ennen kuin tapaat h\u00e4net tosiel\u00e4m\u00e4ss\u00e4.<\/p>\n<p>Joten vaikka rento treffit voivat olla hauskoja, on t\u00e4rke\u00e4\u00e4 olla tietoinen mahdollisista riskeist\u00e4.<\/p>\n<h2>Kuinka pysy\u00e4 turvassa verkossa<\/h2>\n<p>Kytkenn\u00e4t ovat hauskoja ja j\u00e4nnitt\u00e4vi\u00e4, mutta ne eiv\u00e4t aina ole turvallisia. Nyky\u00e4\u00e4n on saatavilla paljon sovelluksia, joiden avulla voit olla yhteydess\u00e4 l\u00e4hell\u00e4 olevaan henkil\u00f6\u00f6n, mutta olet silti vaarassa tavata jonkun, joka ei ehk\u00e4 ole luotettava.<\/p>\n<p>On helppo langeta ansaan ajattelemalla, ett\u00e4 kytkenn\u00e4t ovat <a href=\"http:\/\/www.treffisivusto.com\">seksitreffi<\/a> kuin baareihin tai klubeihin meneminen, mutta totuus on, ett\u00e4 ne ovat yht\u00e4 vaarallisia. Kun tapaat jonkun henkil\u00f6kohtaisesti, sinulla on mahdollisuus arvioida h\u00e4nen luonnettaan ja p\u00e4\u00e4tt\u00e4\u00e4, tunnetko olosi mukavaksi h\u00e4nen kanssaan vai et. Verkossa et koskaan tied\u00e4, millaisen ihmisen kanssa olet tekemisiss\u00e4, ennen kuin j\u00e4lkik\u00e4teen.<\/p>\n<p>Siksi on t\u00e4rke\u00e4\u00e4 olla varovainen valitessasi, miss\u00e4 tapaat jonkun. Varmista, ett\u00e4 valitset hyv\u00e4maineisen sovelluksen, jonka avulla voit tarkistaa profiilit ja valokuvat ennen kuin suostut tapaamaan. Yrit\u00e4 my\u00f6s v\u00e4ltt\u00e4\u00e4 tapaamasta jotakuta baarissa tai klubissa; valitse sen sijaan kahvila tai muu julkinen paikka.<\/p>\n<p>Vaikka on totta, ett\u00e4 kytkenn\u00e4t ovat k\u00e4tevi\u00e4, ne voivat my\u00f6s johtaa ongelmiin. Joten vaikka saatat nauttia j\u00e4nnityksest\u00e4 l\u00f6yt\u00e4\u00e4 joku, jonka kanssa viett\u00e4\u00e4 aikaa, muista, ett\u00e4 saatat p\u00e4\u00e4ty\u00e4 katumaan sit\u00e4 my\u00f6hemmin.<\/p>\n<h3>Mit\u00e4 v\u00e4ltt\u00e4\u00e4<\/h3>\n<p>Huijarin uhriksi joutumisen v\u00e4ltt\u00e4miseksi on t\u00e4rke\u00e4\u00e4 suorittaa perusteelliset taustatarkistukset mahdollisina p\u00e4ivin\u00e4. Varmista, ett\u00e4 luet aiempien asiakkaiden j\u00e4tt\u00e4m\u00e4t arvostelut ja palautteen. Tutki my\u00f6s j\u00e4senen mainetta kolmansien osapuolten sivustojen, kuten Facebookin ja Twitterin, kautta. Tarkista lopuksi henkil\u00f6n yhteystiedot.<\/p>\n<p>K\u00e4ytt\u00e4j\u00e4n henkil\u00f6kohtaisten tietojen tarkistamisen lis\u00e4ksi on my\u00f6s t\u00e4rke\u00e4\u00e4 tarkistaa h\u00e4nen valokuvansa. Etsi kuvista ep\u00e4johdonmukaisuuksia, kuten useita kasvoja tai outoja taustoja. N\u00e4m\u00e4 punaiset liput voivat osoittaa, ett\u00e4 henkil\u00f6 piilottaa jotain.<\/p>\n<p>On my\u00f6s t\u00e4rke\u00e4\u00e4 ottaa huomioon tietojesi turvallisuus, kun k\u00e4yt\u00e4t online-treffisivustoja. Monet sivustot edellytt\u00e4v\u00e4t, ett\u00e4 annat arkaluontoisia tietoja, mukaan lukien taloudelliset tiedot ja puhelinnumerot. Ennen kuin jaat n\u00e4m\u00e4 tiedot, varmista, ett\u00e4 ymm\u00e4rr\u00e4t niiden sivustojen tietosuojak\u00e4yt\u00e4nn\u00f6t, joihin aiot liitty\u00e4.<\/p>\n<p>Online-treffisivustot ovat k\u00e4tevi\u00e4 tapoja tavata ihmisi\u00e4, mutta ne eiv\u00e4t ole t\u00e4ydellisi\u00e4. Siihen liittyy riskej\u00e4, joten on t\u00e4rke\u00e4\u00e4, ett\u00e4 punnitset edut ja haitat ennen liittymist\u00e4.<\/p>\n<h2>Miksi sinun pit\u00e4isi luottaa online-treffisivustoihin?<\/h2>\n<p>Vaikka online-treffit ovat viel\u00e4 suhteellisen uusia, k\u00e4ytett\u00e4viss\u00e4 on paljon resursseja, jotka auttavat sinua navigoimaan online-treffien maailmassa. T\u00e4ss\u00e4 on joitain vinkkej\u00e4, jotka on otettava huomioon, kun etsit rakkautta verkossa.<\/p>\n<p>Aloita rekister\u00f6itym\u00e4ll\u00e4 hyv\u00e4maineiseen palveluun. On olemassa kymmeni\u00e4 erilaisia sivustoja, jotka tarjoavat online-treffivaihtoehtoja, joten on t\u00e4rke\u00e4\u00e4 valita viisaasti. Joitakin suosituimmista sivustoista ovat Match.com, eHarmony, PlentyOfFish, Zoosk, OkCupid ja Tinder. Tutustu seuraavaksi kunkin sivuston tarjoamien profiilien tyyppeihin. Useimmat sivustot tarjoavat profiilin perusominaisuuksia, kuten valokuvia, sijaintia, ik\u00e4\u00e4, sukupuolta ja kiinnostuksen kohteita. Mutta joidenkin sivustojen avulla voit mukauttaa profiiliasi edelleen, jolloin voit lis\u00e4t\u00e4 lis\u00e4tietoja, kuten harrastukset, koulutus, ammatti ja parisuhteen tila.<\/p>\n<p>Kun olet luonut profiilin, yrit\u00e4 selata muiden j\u00e4senten profiileja. Selaa mahdollisten otteluiden profiileja, kunnes l\u00f6yd\u00e4t jonkun, jonka haluat tavata. L\u00e4het\u00e4 sitten viesti, jossa kysyt\u00e4\u00e4n niiden saatavuudesta. Ole varovainen, kun kommunikoit tekstiviestien kautta. Vaikka tekstiviestien l\u00e4hett\u00e4minen on k\u00e4tev\u00e4\u00e4, viestej\u00e4 on helppo tulkita v\u00e4\u00e4rin. Jos esimerkiksi sanot, ett\u00e4 olet kiinnostunut tapaamaan kahvia, saatat saada vastauksen, jossa sanotaan, ett\u00e4 kuulostat ep\u00e4toivoiselta. Pyyd\u00e4 sen sijaan selvennyst\u00e4.<\/p>\n<p>\u00c4l\u00e4 unohda seurata viesti\u00e4 l\u00e4hett\u00e4misen j\u00e4lkeen. Nopean seurantaviestin l\u00e4hett\u00e4minen 24 tunnin kuluessa voi auttaa sinua m\u00e4\u00e4ritt\u00e4m\u00e4\u00e4n, olisitko te kaksi yhteensopivia vai ette. Muista, ett\u00e4 online-treffit ovat vain yksi vaihtoehto rakkauden l\u00f6yt\u00e4miseen. Muita tapoja tavata ihmisi\u00e4 ovat tapahtumiin osallistuminen, ryhmiin liittyminen, vapaaehtoisty\u00f6 ja sokkotreffeill\u00e4 k\u00e4yminen.<\/p>\n","protected":false},"excerpt":{"rendered":"<p>Yksi online-treffien suurimmista eduista on, ett\u00e4 voit olla yhteydess\u00e4 ihmisiin ymp\u00e4ri maailmaa. Vain muutamalla hiiren napsautuksella voit selata tuhansien sinkkujen&hellip;<\/p>\n","protected":false},"author":1,"featured_media":79,"parent":0,"menu_order":0,"comment_status":"closed","ping_status":"closed","template":"","meta":[],"yoast_head":"<!-- This site is optimized with the Yoast SEO plugin v17.7.1 - https:\/\/yoast.com\/wordpress\/plugins\/seo\/ -->\n<title>Aikuisten tapaamis- ja vittusivustot - Adult Dating Finder<\/title>\n<meta name=\"robots\" content=\"index, follow, max-snippet:-1, max-image-preview:large, max-video-preview:-1\" \/>\n<link rel=\"canonical\" href=\"https:\/\/the-apers.com\/fi\/\" \/>\n<meta property=\"og:locale\" content=\"fi_FI\" \/>\n<meta property=\"og:type\" content=\"article\" \/>\n<meta property=\"og:title\" content=\"Aikuisten tapaamis- ja vittusivustot - Adult Dating Finder\" \/>\n<meta property=\"og:description\" content=\"Yksi online-treffien suurimmista eduista on, ett\u00e4 voit olla yhteydess\u00e4 ihmisiin ymp\u00e4ri maailmaa. Vain muutamalla hiiren napsautuksella voit selata tuhansien sinkkujen&hellip;\" \/>\n<meta property=\"og:url\" content=\"https:\/\/the-apers.com\/fi\/\" \/>\n<meta property=\"og:site_name\" content=\"Adult Dating Finder\" \/>\n<meta property=\"article:modified_time\" content=\"2022-10-04T12:39:54+00:00\" \/>\n<meta property=\"og:image\" content=\"http:\/\/the-apers.com\/wp-content\/uploads\/2022\/09\/sex-match.jpeg\" \/>\n\t<meta property=\"og:image:width\" content=\"1125\" \/>\n\t<meta property=\"og:image:height\" content=\"750\" \/>\n<meta name=\"twitter:card\" content=\"summary_large_image\" \/>\n<meta name=\"twitter:label1\" content=\"Arvioitu lukuaika\" \/>\n\t<meta name=\"twitter:data1\" content=\"4 minuuttia\" \/>\n<script type=\"application\/ld+json\" class=\"yoast-schema-graph\">{\"@context\":\"https:\/\/schema.org\",\"@graph\":[{\"@type\":\"WebSite\",\"@id\":\"http:\/\/the-apers.com\/#website\",\"url\":\"http:\/\/the-apers.com\/\",\"name\":\"Adult Dating Finder\",\"description\":\"Online Personals\",\"potentialAction\":[{\"@type\":\"SearchAction\",\"target\":{\"@type\":\"EntryPoint\",\"urlTemplate\":\"http:\/\/the-apers.com\/?s={search_term_string}\"},\"query-input\":\"required name=search_term_string\"}],\"inLanguage\":\"fi\"},{\"@type\":\"ImageObject\",\"@id\":\"https:\/\/the-apers.com\/fi\/#primaryimage\",\"inLanguage\":\"fi\",\"url\":\"https:\/\/the-apers.com\/wp-content\/uploads\/2022\/09\/sex-match.jpeg\",\"contentUrl\":\"https:\/\/the-apers.com\/wp-content\/uploads\/2022\/09\/sex-match.jpeg\",\"width\":1125,\"height\":750},{\"@type\":\"WebPage\",\"@id\":\"https:\/\/the-apers.com\/fi\/#webpage\",\"url\":\"https:\/\/the-apers.com\/fi\/\",\"name\":\"Aikuisten tapaamis- ja vittusivustot - Adult Dating Finder\",\"isPartOf\":{\"@id\":\"http:\/\/the-apers.com\/#website\"},\"primaryImageOfPage\":{\"@id\":\"https:\/\/the-apers.com\/fi\/#primaryimage\"},\"datePublished\":\"2022-09-13T11:01:16+00:00\",\"dateModified\":\"2022-10-04T12:39:54+00:00\",\"breadcrumb\":{\"@id\":\"https:\/\/the-apers.com\/fi\/#breadcrumb\"},\"inLanguage\":\"fi\",\"potentialAction\":[{\"@type\":\"ReadAction\",\"target\":[\"https:\/\/the-apers.com\/fi\/\"]}]},{\"@type\":\"BreadcrumbList\",\"@id\":\"https:\/\/the-apers.com\/fi\/#breadcrumb\",\"itemListElement\":[{\"@type\":\"ListItem\",\"position\":1,\"name\":\"Home\",\"item\":\"http:\/\/the-apers.com\/fi\/\"},{\"@type\":\"ListItem\",\"position\":2,\"name\":\"Aikuisten tapaamis- ja vittusivustot\"}]}]}<\/script>\n<!-- \/ Yoast SEO plugin. -->","yoast_head_json":{"title":"Aikuisten tapaamis- ja vittusivustot - Adult Dating Finder","robots":{"index":"index","follow":"follow","max-snippet":"max-snippet:-1","max-image-preview":"max-image-preview:large","max-video-preview":"max-video-preview:-1"},"canonical":"https:\/\/the-apers.com\/fi\/","og_locale":"fi_FI","og_type":"article","og_title":"Aikuisten tapaamis- ja vittusivustot - Adult Dating Finder","og_description":"Yksi online-treffien suurimmista eduista on, ett\u00e4 voit olla yhteydess\u00e4 ihmisiin ymp\u00e4ri maailmaa. Vain muutamalla hiiren napsautuksella voit selata tuhansien sinkkujen&hellip;","og_url":"https:\/\/the-apers.com\/fi\/","og_site_name":"Adult Dating Finder","article_modified_time":"2022-10-04T12:39:54+00:00","og_image":[{"width":1125,"height":750,"url":"http:\/\/the-apers.com\/wp-content\/uploads\/2022\/09\/sex-match.jpeg","type":"image\/jpeg"}],"twitter_card":"summary_large_image","twitter_misc":{"Arvioitu lukuaika":"4 minuuttia"},"schema":{"@context":"https:\/\/schema.org","@graph":[{"@type":"WebSite","@id":"http:\/\/the-apers.com\/#website","url":"http:\/\/the-apers.com\/","name":"Adult Dating Finder","description":"Online Personals","potentialAction":[{"@type":"SearchAction","target":{"@type":"EntryPoint","urlTemplate":"http:\/\/the-apers.com\/?s={search_term_string}"},"query-input":"required name=search_term_string"}],"inLanguage":"fi"},{"@type":"ImageObject","@id":"https:\/\/the-apers.com\/fi\/#primaryimage","inLanguage":"fi","url":"https:\/\/the-apers.com\/wp-content\/uploads\/2022\/09\/sex-match.jpeg","contentUrl":"https:\/\/the-apers.com\/wp-content\/uploads\/2022\/09\/sex-match.jpeg","width":1125,"height":750},{"@type":"WebPage","@id":"https:\/\/the-apers.com\/fi\/#webpage","url":"https:\/\/the-apers.com\/fi\/","name":"Aikuisten tapaamis- ja vittusivustot - Adult Dating Finder","isPartOf":{"@id":"http:\/\/the-apers.com\/#website"},"primaryImageOfPage":{"@id":"https:\/\/the-apers.com\/fi\/#primaryimage"},"datePublished":"2022-09-13T11:01:16+00:00","dateModified":"2022-10-04T12:39:54+00:00","breadcrumb":{"@id":"https:\/\/the-apers.com\/fi\/#breadcrumb"},"inLanguage":"fi","potentialAction":[{"@type":"ReadAction","target":["https:\/\/the-apers.com\/fi\/"]}]},{"@type":"BreadcrumbList","@id":"https:\/\/the-apers.com\/fi\/#breadcrumb","itemListElement":[{"@type":"ListItem","position":1,"name":"Home","item":"http:\/\/the-apers.com\/fi\/"},{"@type":"ListItem","position":2,"name":"Aikuisten tapaamis- ja vittusivustot"}]}]}},"_links":{"self":[{"href":"https:\/\/the-apers.com\/fi\/wp-json\/wp\/v2\/pages\/120"}],"collection":[{"href":"https:\/\/the-apers.com\/fi\/wp-json\/wp\/v2\/pages"}],"about":[{"href":"https:\/\/the-apers.com\/fi\/wp-json\/wp\/v2\/types\/page"}],"author":[{"embeddable":true,"href":"https:\/\/the-apers.com\/fi\/wp-json\/wp\/v2\/users\/1"}],"replies":[{"embeddable":true,"href":"https:\/\/the-apers.com\/fi\/wp-json\/wp\/v2\/comments?post=120"}],"version-history":[{"count":1,"href":"https:\/\/the-apers.com\/fi\/wp-json\/wp\/v2\/pages\/120\/revisions"}],"predecessor-version":[{"id":356,"href":"https:\/\/the-apers.com\/fi\/wp-json\/wp\/v2\/pages\/120\/revisions\/356"}],"wp:featuredmedia":[{"embeddable":true,"href":"https:\/\/the-apers.com\/fi\/wp-json\/wp\/v2\/media\/79"}],"wp:attachment":[{"href":"https:\/\/the-apers.com\/fi\/wp-json\/wp\/v2\/media?parent=120"}],"curies":[{"name":"wp","href":"https:\/\/api.w.org\/{rel}","templated":true}]}}