{"id":238,"date":"2022-09-30T11:15:23","date_gmt":"2022-09-30T10:15:23","guid":{"rendered":"http:\/\/the-apers.com\/paikalliset-swinger-sivustot\/"},"modified":"2022-09-30T11:15:23","modified_gmt":"2022-09-30T10:15:23","slug":"paikalliset-swinger-sivustot","status":"publish","type":"page","link":"https:\/\/the-apers.com\/fi\/paikalliset-swinger-sivustot\/","title":{"rendered":"Paikalliset Swinger-sivustot"},"content":{"rendered":"<p>On olemassa muutamia paikallisia swinger-sivustoja, jotka ovat suosittuja <a href=\"http:\/\/the-apers.com\/fi\/bondage-chat-huoneet\/\">kytkent\u00e4yhteis\u00f6ss\u00e4<\/a>. Ne ovat loistava tapa tavata muita alueesi pariskuntia tai sinkkuja, jotka ovat kiinnostuneita tutkimaan seksuaalisuuttaan. N\u00e4ill\u00e4 sivustoilla on yleens\u00e4 erilaisia ominaisuuksia, joiden avulla voit etsi\u00e4 osumia, keskustella j\u00e4senten kanssa ja jopa tarkastella profiileja. Joitakin suosituimmista ominaisuuksista ovat videokeskustelut, pikaviestit ja j\u00e4senfoorumit.<\/p>\n<h2>Swinger-sivustot<\/h2>\n<p>Verkossa on monia swinger-sivustoja, jotka palvelevat ihmisi\u00e4, jotka ovat kiinnostuneita t\u00e4m\u00e4n tyyppisest\u00e4 treffailusta. N\u00e4iden sivustojen avulla j\u00e4senet voivat yleens\u00e4 luoda profiileja ja selata muiden j\u00e4senten profiileja l\u00f6yt\u00e4\u00e4kseen mahdollisia vastaavuuksia. Jotkut sivustot tarjoavat my\u00f6s chat-huoneita ja foorumeita, joissa j\u00e4senet voivat olla vuorovaikutuksessa kesken\u00e4\u00e4n. Swinger-sivustot voivat olla loistava tapa tavata uusia ihmisi\u00e4 ja tutkia seksuaalisuuttasi turvallisessa ja mukavassa ymp\u00e4rist\u00f6ss\u00e4.<\/p>\n<p>Kun on kyse rakkauden l\u00f6yt\u00e4misest\u00e4, swingers-kytkenn\u00e4t voivat olla loistava tapa edet\u00e4. Voit tavata paljon erilaisia ihmisi\u00e4 yhdess\u00e4 y\u00f6ss\u00e4 ja tutustua heihin paremmin. T\u00e4m\u00e4 voi auttaa sinua l\u00f6yt\u00e4m\u00e4\u00e4n sinulle oikean henkil\u00f6n ja aloittamaan suhteen.<\/p>\n<h2>Paikallinen Swinger-sivusto<\/h2>\n<p>Jos etsit paikallista swinger-sivustoa, olet tullut oikeaan paikkaan. Meill\u00e4 on kaikki mit\u00e4 tarvitset swingerien l\u00f6yt\u00e4miseen alueeltasi, mukaan lukien kattava hakemisto swingers-klubeista ja tapahtumista. Tarjoamme my\u00f6s laajan valikoiman resursseja swingereille, mukaan lukien foorumin, blogin ja neuvontapalstan. Ja jos etsit jotain hieman tuhmempaa, meill\u00e4 on my\u00f6s se katettu. Joten mit\u00e4 sin\u00e4 odotat? Tule sis\u00e4\u00e4n ja aloita keinuminen!<\/p>\n<h3>SwingLifestyle<\/h3>\n<p>Jos etsit paikallista swinger-sivustoa, SwingLifestyle on loistava vaihtoehto. Sovellus on helppok\u00e4ytt\u00f6inen ja siin\u00e4 on paljon ominaisuuksia, joiden avulla voit muodostaa yhteyden muihin alueesi swingereihin. Hakutoiminto on erityisen hy\u00f6dyllinen, ja voit my\u00f6s tarkastella alueesi muiden k\u00e4ytt\u00e4jien profiileja. Sovellus sis\u00e4lt\u00e4\u00e4 my\u00f6s foorumin, joten voit olla yhteydess\u00e4 muihin k\u00e4ytt\u00e4jiin ja esitt\u00e4\u00e4 kysymyksi\u00e4 tai saada neuvoja. Kaiken kaikkiaan SwingLifestyle on loistava vaihtoehto paikallisille swingereille.<\/p>\n<h3>FabSwingers<\/h3>\n<p>Jos olet kiinnostunut l\u00f6yt\u00e4m\u00e4\u00e4n paikallisen swinger-sivuston, sinun kannattaa ehdottomasti tutustua FabSwingersiin. T\u00e4m\u00e4 sivusto on yksi alan suosituimmista ja arvostetuimmista, ja hyv\u00e4st\u00e4 syyst\u00e4. Sivustolla on paljon ominaisuuksia ja vaihtoehtoja, joiden avulla on helppo l\u00f6yt\u00e4\u00e4 ja muodostaa yhteys mahdollisiin otteluihin, ja sivusto tarjoaa my\u00f6s paljon tukea ja resursseja j\u00e4senilleen. Lis\u00e4ksi sivusto on eritt\u00e4in k\u00e4ytt\u00e4j\u00e4yst\u00e4v\u00e4llinen ja helppo navigoida, mik\u00e4 on ehdottomasti plussaa. Kaiken kaikkiaan FabSwingers on loistava vaihtoehto kaikille, jotka ovat kiinnostuneita l\u00f6yt\u00e4m\u00e4\u00e4n paikallisen swinger-sivuston, ja suosittelemme sit\u00e4 l\u00e4mpim\u00e4sti.<\/p>\n<h3>Badoo<\/h3>\n<p>Badoo on treffisovellus, jonka avulla voit tavata uusia ihmisi\u00e4 alueellasi. Monet k\u00e4ytt\u00e4j\u00e4t ovat kuitenkin valittaneet sovelluksesta sanoen, ett\u00e4 se on t\u00e4ynn\u00e4 v\u00e4\u00e4rennettyj\u00e4 profiileja eik\u00e4 ole hyv\u00e4 tapa tavata mahdollisia p\u00e4iv\u00e4m\u00e4\u00e4ri\u00e4. Lis\u00e4ksi sovellus ei ole kovin k\u00e4ytt\u00e4j\u00e4yst\u00e4v\u00e4llinen ja voi olla vaikea navigoida. Kaiken kaikkiaan emme suosittele Badoon k\u00e4ytt\u00f6\u00e4, jos etsit paikallista swinger-sivustoa. Siell\u00e4 on parempia, luotettavampia vaihtoehtoja.<\/p>\n","protected":false},"excerpt":{"rendered":"<p>On olemassa muutamia paikallisia swinger-sivustoja, jotka ovat suosittuja kytkent\u00e4yhteis\u00f6ss\u00e4. Ne ovat loistava tapa tavata muita alueesi pariskuntia tai sinkkuja, jotka&hellip;<\/p>\n","protected":false},"author":1,"featured_media":0,"parent":0,"menu_order":0,"comment_status":"closed","ping_status":"closed","template":"","meta":[],"yoast_head":"<!-- This site is optimized with the Yoast SEO plugin v17.7.1 - https:\/\/yoast.com\/wordpress\/plugins\/seo\/ -->\n<title>Paikalliset Swinger-sivustot - Adult Dating Finder<\/title>\n<meta name=\"robots\" content=\"index, follow, max-snippet:-1, max-image-preview:large, max-video-preview:-1\" \/>\n<link rel=\"canonical\" href=\"https:\/\/the-apers.com\/fi\/paikalliset-swinger-sivustot\/\" \/>\n<meta property=\"og:locale\" content=\"fi_FI\" \/>\n<meta property=\"og:type\" content=\"article\" \/>\n<meta property=\"og:title\" content=\"Paikalliset Swinger-sivustot - Adult Dating Finder\" \/>\n<meta property=\"og:description\" content=\"On olemassa muutamia paikallisia swinger-sivustoja, jotka ovat suosittuja kytkent\u00e4yhteis\u00f6ss\u00e4. Ne ovat loistava tapa tavata muita alueesi pariskuntia tai sinkkuja, jotka&hellip;\" \/>\n<meta property=\"og:url\" content=\"https:\/\/the-apers.com\/fi\/paikalliset-swinger-sivustot\/\" \/>\n<meta property=\"og:site_name\" content=\"Adult Dating Finder\" \/>\n<meta name=\"twitter:card\" content=\"summary_large_image\" \/>\n<meta name=\"twitter:label1\" content=\"Arvioitu lukuaika\" \/>\n\t<meta name=\"twitter:data1\" content=\"2 minuuttia\" \/>\n<script type=\"application\/ld+json\" class=\"yoast-schema-graph\">{\"@context\":\"https:\/\/schema.org\",\"@graph\":[{\"@type\":\"WebSite\",\"@id\":\"https:\/\/the-apers.com\/#website\",\"url\":\"https:\/\/the-apers.com\/\",\"name\":\"Adult Dating Finder\",\"description\":\"Online Personals\",\"potentialAction\":[{\"@type\":\"SearchAction\",\"target\":{\"@type\":\"EntryPoint\",\"urlTemplate\":\"https:\/\/the-apers.com\/?s={search_term_string}\"},\"query-input\":\"required name=search_term_string\"}],\"inLanguage\":\"fi\"},{\"@type\":\"WebPage\",\"@id\":\"https:\/\/the-apers.com\/fi\/paikalliset-swinger-sivustot\/#webpage\",\"url\":\"https:\/\/the-apers.com\/fi\/paikalliset-swinger-sivustot\/\",\"name\":\"Paikalliset Swinger-sivustot - Adult Dating Finder\",\"isPartOf\":{\"@id\":\"https:\/\/the-apers.com\/#website\"},\"datePublished\":\"2022-09-30T10:15:23+00:00\",\"dateModified\":\"2022-09-30T10:15:23+00:00\",\"breadcrumb\":{\"@id\":\"https:\/\/the-apers.com\/fi\/paikalliset-swinger-sivustot\/#breadcrumb\"},\"inLanguage\":\"fi\",\"potentialAction\":[{\"@type\":\"ReadAction\",\"target\":[\"https:\/\/the-apers.com\/fi\/paikalliset-swinger-sivustot\/\"]}]},{\"@type\":\"BreadcrumbList\",\"@id\":\"https:\/\/the-apers.com\/fi\/paikalliset-swinger-sivustot\/#breadcrumb\",\"itemListElement\":[{\"@type\":\"ListItem\",\"position\":1,\"name\":\"Home\",\"item\":\"https:\/\/the-apers.com\/fi\/\"},{\"@type\":\"ListItem\",\"position\":2,\"name\":\"Paikalliset Swinger-sivustot\"}]}]}<\/script>\n<!-- \/ Yoast SEO plugin. -->","yoast_head_json":{"title":"Paikalliset Swinger-sivustot - Adult Dating Finder","robots":{"index":"index","follow":"follow","max-snippet":"max-snippet:-1","max-image-preview":"max-image-preview:large","max-video-preview":"max-video-preview:-1"},"canonical":"https:\/\/the-apers.com\/fi\/paikalliset-swinger-sivustot\/","og_locale":"fi_FI","og_type":"article","og_title":"Paikalliset Swinger-sivustot - Adult Dating Finder","og_description":"On olemassa muutamia paikallisia swinger-sivustoja, jotka ovat suosittuja kytkent\u00e4yhteis\u00f6ss\u00e4. Ne ovat loistava tapa tavata muita alueesi pariskuntia tai sinkkuja, jotka&hellip;","og_url":"https:\/\/the-apers.com\/fi\/paikalliset-swinger-sivustot\/","og_site_name":"Adult Dating Finder","twitter_card":"summary_large_image","twitter_misc":{"Arvioitu lukuaika":"2 minuuttia"},"schema":{"@context":"https:\/\/schema.org","@graph":[{"@type":"WebSite","@id":"https:\/\/the-apers.com\/#website","url":"https:\/\/the-apers.com\/","name":"Adult Dating Finder","description":"Online Personals","potentialAction":[{"@type":"SearchAction","target":{"@type":"EntryPoint","urlTemplate":"https:\/\/the-apers.com\/?s={search_term_string}"},"query-input":"required name=search_term_string"}],"inLanguage":"fi"},{"@type":"WebPage","@id":"https:\/\/the-apers.com\/fi\/paikalliset-swinger-sivustot\/#webpage","url":"https:\/\/the-apers.com\/fi\/paikalliset-swinger-sivustot\/","name":"Paikalliset Swinger-sivustot - Adult Dating Finder","isPartOf":{"@id":"https:\/\/the-apers.com\/#website"},"datePublished":"2022-09-30T10:15:23+00:00","dateModified":"2022-09-30T10:15:23+00:00","breadcrumb":{"@id":"https:\/\/the-apers.com\/fi\/paikalliset-swinger-sivustot\/#breadcrumb"},"inLanguage":"fi","potentialAction":[{"@type":"ReadAction","target":["https:\/\/the-apers.com\/fi\/paikalliset-swinger-sivustot\/"]}]},{"@type":"BreadcrumbList","@id":"https:\/\/the-apers.com\/fi\/paikalliset-swinger-sivustot\/#breadcrumb","itemListElement":[{"@type":"ListItem","position":1,"name":"Home","item":"https:\/\/the-apers.com\/fi\/"},{"@type":"ListItem","position":2,"name":"Paikalliset Swinger-sivustot"}]}]}},"_links":{"self":[{"href":"https:\/\/the-apers.com\/fi\/wp-json\/wp\/v2\/pages\/238"}],"collection":[{"href":"https:\/\/the-apers.com\/fi\/wp-json\/wp\/v2\/pages"}],"about":[{"href":"https:\/\/the-apers.com\/fi\/wp-json\/wp\/v2\/types\/page"}],"author":[{"embeddable":true,"href":"https:\/\/the-apers.com\/fi\/wp-json\/wp\/v2\/users\/1"}],"replies":[{"embeddable":true,"href":"https:\/\/the-apers.com\/fi\/wp-json\/wp\/v2\/comments?post=238"}],"version-history":[{"count":0,"href":"https:\/\/the-apers.com\/fi\/wp-json\/wp\/v2\/pages\/238\/revisions"}],"wp:attachment":[{"href":"https:\/\/the-apers.com\/fi\/wp-json\/wp\/v2\/media?parent=238"}],"curies":[{"name":"wp","href":"https:\/\/api.w.org\/{rel}","templated":true}]}}