{"id":268,"date":"2022-09-30T11:14:58","date_gmt":"2022-09-30T10:14:58","guid":{"rendered":"http:\/\/the-apers.com\/milf-chat-huoneet\/"},"modified":"2022-09-30T11:14:58","modified_gmt":"2022-09-30T10:14:58","slug":"milf-chat-huoneet","status":"publish","type":"page","link":"https:\/\/the-apers.com\/fi\/milf-chat-huoneet\/","title":{"rendered":"Milf Chat-huoneet"},"content":{"rendered":"<p>MILF: ss\u00e4 on jotain uskomattoman houkuttelevaa, ja monet kaverit pit\u00e4v\u00e4t niit\u00e4 vastustamattomina. Onneksi on paljon MILF-chat-huoneita, joissa voit keskustella n\u00e4iden upeiden naisten kanssa ja ehk\u00e4 jopa j\u00e4rjest\u00e4\u00e4 tapaamisen henkil\u00f6kohtaisesti. Muista vain olla kunnioittava ja vieh\u00e4tt\u00e4v\u00e4, ja saat varmasti kuumat treffit MILF: ll\u00e4 hetkess\u00e4.<\/p>\n<h2>Ilmainen Milf Chat<\/h2>\n<p>Etsitk\u00f6 kuumaa MILF <a href=\"http:\/\/the-apers.com\/?page_id=228&amp;preview=true\">:\u00e4\u00e4, jonka kanssa keskustella verkossa<\/a>? \u00c4l\u00e4 etsi kauempaa kuin ilmainen MILF Chat. T\u00e4m\u00e4 sivusto tarjoaa ilmaisen chat-palvelun MILF: ille ja kavereille, jotka rakastavat heit\u00e4. Rekister\u00f6i vain tili ja aloita keskustelu kiimaisten MILF:ien kanssa alueellasi. Etsitp\u00e4 sitten tuhmaa hauskaa tai vakavaa suhdetta, Free MILF Chat on t\u00e4ydellinen paikka aloittaa. Sinun ei tarvitse olla ujo keskustellessasi milfien kanssa &#8211; he ovat ennakkoluulottomia ja etsiv\u00e4t rakkautta aivan kuten sin\u00e4kin. Saatat olla yll\u00e4ttynyt siit\u00e4, kuinka helppoa on olla yhteydess\u00e4 heihin ja kuinka paljon sinulla on yhteist\u00e4. Ole vain oma itsesi ja \u00e4l\u00e4 pelk\u00e4\u00e4 aloittaa keskustelua. Kuka tiet\u00e4\u00e4, saatat vain l\u00f6yt\u00e4\u00e4 el\u00e4m\u00e4si rakkauden.<\/p>\n<h2>Keskustele Milfsin kanssa<\/h2>\n<p>Nautin todella puhumisesta milfien kanssa. He ovat tyypillisesti hyvin luottavaisia ja tiet\u00e4v\u00e4t mit\u00e4 haluavat. Huomaan, ett\u00e4 he ovat my\u00f6s hyvin ennakkoluulottomia ja halukkaita kokeilemaan uusia asioita. T\u00e4m\u00e4 tekee loistavasta treffikokemuksesta, koska he eiv\u00e4t pelk\u00e4\u00e4 ottaa riskej\u00e4. Huomaan my\u00f6s, ett\u00e4 milfit ovat eritt\u00e4in seksikk\u00e4it\u00e4 ja ovat yleens\u00e4 eritt\u00e4in hyvi\u00e4 s\u00e4ngyss\u00e4. He ovat tyypillisesti hyvin kokeneita ja osaavat miellytt\u00e4\u00e4 miest\u00e4. Kaiken kaikkiaan nautin todella milfsin seurustelusta ja suosittelen sit\u00e4 kaikille kavereille, jotka etsiv\u00e4t hauskaa.<\/p>\n<h3>FabSwingers<\/h3>\n<p>T\u00e4m\u00e4 treffisovellus on t\u00e4ydellinen yhteydenpitoon vanhempien naisten kanssa, jotka etsiv\u00e4t hauskaa. Sovellus on helppok\u00e4ytt\u00f6inen ja siin\u00e4 on paljon ominaisuuksia, jotka tekev\u00e4t siit\u00e4 t\u00e4ydellisen milf: n l\u00f6yt\u00e4miseen keskustelemaan. Voit etsi\u00e4 naisia i\u00e4n, sijainnin, kiinnostuksen kohteiden ja muun mukaan. Lis\u00e4ksi voit jopa l\u00e4hett\u00e4\u00e4 viestej\u00e4 ja valokuvia naisille, joista olet kiinnostunut. Joten jos etsit milf-chat-huonetta, FabSwingers on t\u00e4ydellinen paikka aloittaa haku.<\/p>\n<h3>Fling.com<\/h3>\n<p>Fling.com on treffisovellus, jolla on ero; se on suunniteltu erityisesti ihmisille, jotka haluavat saada satunnaisia heittoja ilman ehtoja. Sovellus on eritt\u00e4in helppok\u00e4ytt\u00f6inen ja sill\u00e4 on yksinkertainen k\u00e4ytt\u00f6liittym\u00e4. Sill\u00e4 on my\u00f6s suuri k\u00e4ytt\u00e4j\u00e4kunta, mik\u00e4 tarkoittaa, ett\u00e4 verkossa on aina ihmisi\u00e4, joiden kanssa keskustella. Sovellus on ilmainen k\u00e4ytt\u00e4\u00e4, mutta siin\u00e4 on joitain ominaisuuksia, jotka ovat vain maksavien j\u00e4senten k\u00e4ytett\u00e4viss\u00e4. Kaiken kaikkiaan sovellus on loistava vaihtoehto ihmisille, jotka etsiv\u00e4t rentoja heittoja.<\/p>\n<h3>Vainflings<\/h3>\n<p>Jos etsit milf-chat-huonetta, sinun kannattaa tutustua OnlyFlings-treffisovellukseen. Se on loistava sovellus tavata vanhempia naisia ja keskustella heid\u00e4n kanssaan. Sovellus on helppok\u00e4ytt\u00f6inen ja siin\u00e4 on paljon ominaisuuksia, jotka tekev\u00e4t siit\u00e4 loistavan valinnan milf-chat-huoneisiin. Voit etsi\u00e4 naisia esimerkiksi sijainnin, i\u00e4n, kiinnostuksen kohteiden mukaan. Voit my\u00f6s l\u00e4hett\u00e4\u00e4 viestej\u00e4 ja keskustella heid\u00e4n kanssaan reaaliajassa. OnlyFlings on loistava valinta milf-chat-huoneisiin ja auttaa sinua varmasti tapaamaan vanhempia naisia, joista olet kiinnostunut.<\/p>\n","protected":false},"excerpt":{"rendered":"<p>MILF: ss\u00e4 on jotain uskomattoman houkuttelevaa, ja monet kaverit pit\u00e4v\u00e4t niit\u00e4 vastustamattomina. Onneksi on paljon MILF-chat-huoneita, joissa voit keskustella n\u00e4iden&hellip;<\/p>\n","protected":false},"author":1,"featured_media":0,"parent":0,"menu_order":0,"comment_status":"closed","ping_status":"closed","template":"","meta":[],"yoast_head":"<!-- This site is optimized with the Yoast SEO plugin v17.7.1 - https:\/\/yoast.com\/wordpress\/plugins\/seo\/ -->\n<title>Milf Chat-huoneet - Adult Dating Finder<\/title>\n<meta name=\"robots\" content=\"index, follow, max-snippet:-1, max-image-preview:large, max-video-preview:-1\" \/>\n<link rel=\"canonical\" href=\"https:\/\/the-apers.com\/fi\/milf-chat-huoneet\/\" \/>\n<meta property=\"og:locale\" content=\"fi_FI\" \/>\n<meta property=\"og:type\" content=\"article\" \/>\n<meta property=\"og:title\" content=\"Milf Chat-huoneet - Adult Dating Finder\" \/>\n<meta property=\"og:description\" content=\"MILF: ss\u00e4 on jotain uskomattoman houkuttelevaa, ja monet kaverit pit\u00e4v\u00e4t niit\u00e4 vastustamattomina. Onneksi on paljon MILF-chat-huoneita, joissa voit keskustella n\u00e4iden&hellip;\" \/>\n<meta property=\"og:url\" content=\"https:\/\/the-apers.com\/fi\/milf-chat-huoneet\/\" \/>\n<meta property=\"og:site_name\" content=\"Adult Dating Finder\" \/>\n<meta name=\"twitter:card\" content=\"summary_large_image\" \/>\n<meta name=\"twitter:label1\" content=\"Arvioitu lukuaika\" \/>\n\t<meta name=\"twitter:data1\" content=\"2 minuuttia\" \/>\n<script type=\"application\/ld+json\" class=\"yoast-schema-graph\">{\"@context\":\"https:\/\/schema.org\",\"@graph\":[{\"@type\":\"WebSite\",\"@id\":\"http:\/\/the-apers.com\/#website\",\"url\":\"http:\/\/the-apers.com\/\",\"name\":\"Adult Dating Finder\",\"description\":\"Online Personals\",\"potentialAction\":[{\"@type\":\"SearchAction\",\"target\":{\"@type\":\"EntryPoint\",\"urlTemplate\":\"http:\/\/the-apers.com\/?s={search_term_string}\"},\"query-input\":\"required name=search_term_string\"}],\"inLanguage\":\"fi\"},{\"@type\":\"WebPage\",\"@id\":\"https:\/\/the-apers.com\/fi\/milf-chat-huoneet\/#webpage\",\"url\":\"https:\/\/the-apers.com\/fi\/milf-chat-huoneet\/\",\"name\":\"Milf Chat-huoneet - Adult Dating Finder\",\"isPartOf\":{\"@id\":\"http:\/\/the-apers.com\/#website\"},\"datePublished\":\"2022-09-30T10:14:58+00:00\",\"dateModified\":\"2022-09-30T10:14:58+00:00\",\"breadcrumb\":{\"@id\":\"https:\/\/the-apers.com\/fi\/milf-chat-huoneet\/#breadcrumb\"},\"inLanguage\":\"fi\",\"potentialAction\":[{\"@type\":\"ReadAction\",\"target\":[\"https:\/\/the-apers.com\/fi\/milf-chat-huoneet\/\"]}]},{\"@type\":\"BreadcrumbList\",\"@id\":\"https:\/\/the-apers.com\/fi\/milf-chat-huoneet\/#breadcrumb\",\"itemListElement\":[{\"@type\":\"ListItem\",\"position\":1,\"name\":\"Home\",\"item\":\"http:\/\/the-apers.com\/fi\/\"},{\"@type\":\"ListItem\",\"position\":2,\"name\":\"Milf Chat-huoneet\"}]}]}<\/script>\n<!-- \/ Yoast SEO plugin. -->","yoast_head_json":{"title":"Milf Chat-huoneet - Adult Dating Finder","robots":{"index":"index","follow":"follow","max-snippet":"max-snippet:-1","max-image-preview":"max-image-preview:large","max-video-preview":"max-video-preview:-1"},"canonical":"https:\/\/the-apers.com\/fi\/milf-chat-huoneet\/","og_locale":"fi_FI","og_type":"article","og_title":"Milf Chat-huoneet - Adult Dating Finder","og_description":"MILF: ss\u00e4 on jotain uskomattoman houkuttelevaa, ja monet kaverit pit\u00e4v\u00e4t niit\u00e4 vastustamattomina. Onneksi on paljon MILF-chat-huoneita, joissa voit keskustella n\u00e4iden&hellip;","og_url":"https:\/\/the-apers.com\/fi\/milf-chat-huoneet\/","og_site_name":"Adult Dating Finder","twitter_card":"summary_large_image","twitter_misc":{"Arvioitu lukuaika":"2 minuuttia"},"schema":{"@context":"https:\/\/schema.org","@graph":[{"@type":"WebSite","@id":"http:\/\/the-apers.com\/#website","url":"http:\/\/the-apers.com\/","name":"Adult Dating Finder","description":"Online Personals","potentialAction":[{"@type":"SearchAction","target":{"@type":"EntryPoint","urlTemplate":"http:\/\/the-apers.com\/?s={search_term_string}"},"query-input":"required name=search_term_string"}],"inLanguage":"fi"},{"@type":"WebPage","@id":"https:\/\/the-apers.com\/fi\/milf-chat-huoneet\/#webpage","url":"https:\/\/the-apers.com\/fi\/milf-chat-huoneet\/","name":"Milf Chat-huoneet - Adult Dating Finder","isPartOf":{"@id":"http:\/\/the-apers.com\/#website"},"datePublished":"2022-09-30T10:14:58+00:00","dateModified":"2022-09-30T10:14:58+00:00","breadcrumb":{"@id":"https:\/\/the-apers.com\/fi\/milf-chat-huoneet\/#breadcrumb"},"inLanguage":"fi","potentialAction":[{"@type":"ReadAction","target":["https:\/\/the-apers.com\/fi\/milf-chat-huoneet\/"]}]},{"@type":"BreadcrumbList","@id":"https:\/\/the-apers.com\/fi\/milf-chat-huoneet\/#breadcrumb","itemListElement":[{"@type":"ListItem","position":1,"name":"Home","item":"http:\/\/the-apers.com\/fi\/"},{"@type":"ListItem","position":2,"name":"Milf Chat-huoneet"}]}]}},"_links":{"self":[{"href":"https:\/\/the-apers.com\/fi\/wp-json\/wp\/v2\/pages\/268"}],"collection":[{"href":"https:\/\/the-apers.com\/fi\/wp-json\/wp\/v2\/pages"}],"about":[{"href":"https:\/\/the-apers.com\/fi\/wp-json\/wp\/v2\/types\/page"}],"author":[{"embeddable":true,"href":"https:\/\/the-apers.com\/fi\/wp-json\/wp\/v2\/users\/1"}],"replies":[{"embeddable":true,"href":"https:\/\/the-apers.com\/fi\/wp-json\/wp\/v2\/comments?post=268"}],"version-history":[{"count":0,"href":"https:\/\/the-apers.com\/fi\/wp-json\/wp\/v2\/pages\/268\/revisions"}],"wp:attachment":[{"href":"https:\/\/the-apers.com\/fi\/wp-json\/wp\/v2\/media?parent=268"}],"curies":[{"name":"wp","href":"https:\/\/api.w.org\/{rel}","templated":true}]}}