{"id":287,"date":"2022-09-30T11:12:38","date_gmt":"2022-09-30T10:12:38","guid":{"rendered":"http:\/\/the-apers.com\/bdsm-sivustot\/"},"modified":"2022-09-30T11:12:38","modified_gmt":"2022-09-30T10:12:38","slug":"bdsm-sivustot","status":"publish","type":"page","link":"https:\/\/the-apers.com\/fi\/bdsm-sivustot\/","title":{"rendered":"BDSM-sivustot"},"content":{"rendered":"<p>On olemassa useita verkkosivustoja, jotka palvelevat ihmisi\u00e4, jotka ovat kiinnostuneita BDSM: st\u00e4. N\u00e4m\u00e4 verkkosivustot voivat olla loistava tapa olla yhteydess\u00e4 samanhenkisiin ihmisiin, jotka ovat kiinnostuneita tutkimaan t\u00e4m\u00e4n tyyppist\u00e4 seksuaalista toimintaa. Joillakin n\u00e4ist\u00e4 verkkosivustoista on my\u00f6s foorumeita ja chat-huoneita, joissa voit keskustella muiden j\u00e4senten kanssa ja oppia lis\u00e4\u00e4 BDSM: st\u00e4. Jos olet kiinnostunut tutkimaan t\u00e4m\u00e4n tyyppist\u00e4 seksuaalista toimintaa, n\u00e4m\u00e4 verkkosivustot voivat olla loistava paikka aloittaa.<\/p>\n<h2>Paras BDSM-treffihaku<\/h2>\n<p>Ei voida kiist\u00e4\u00e4, ett\u00e4 BDSM-treffit voivat olla melko pelottavia, varsinkin jos olet uusi kohtauksessa. BDSM-treffihaun avulla voit kuitenkin helposti l\u00f6yt\u00e4\u00e4 samanhenkisi\u00e4 ihmisi\u00e4, jotka ovat samoissa omituisuuksissa ja fetisseiss\u00e4 kuin sin\u00e4kin. BDSM-treffihaku on pohjimmiltaan hakukone, joka auttaa sinua l\u00f6yt\u00e4m\u00e4\u00e4n muita <a href=\"http:\/\/the-apers.com\/bondage-chatrooms\/\">l\u00e4hell\u00e4si olevia BDSM-harrastajia<\/a>. Sinun tarvitsee vain sy\u00f6tt\u00e4\u00e4 sijaintisi ja mieltymyksesi, ja etsin hoitaa loput. Sen lis\u00e4ksi, ett\u00e4 t\u00e4m\u00e4 helpottaa potentiaalisten kumppaneiden l\u00f6yt\u00e4mist\u00e4, se tarkoittaa my\u00f6s sit\u00e4, ett\u00e4 voit olla varma, ett\u00e4 he pit\u00e4v\u00e4t samoista asioista kuin sin\u00e4. Ei en\u00e4\u00e4 hankalia keskusteluja tai pettymyksi\u00e4!<\/p>\n<p>Maailmassa on paljon perverssej\u00e4 ihmisi\u00e4, jotka etsiv\u00e4t rakkautta, ja monet heist\u00e4 k\u00e4ytt\u00e4v\u00e4t online-treffailua l\u00f6yt\u00e4\u00e4kseen sen. Kinky-treffisivustot palvelevat ihmisi\u00e4, jotka nauttivat ep\u00e4tavallisesta seksuaalisesta toiminnasta, ja ne voivat olla loistava tapa l\u00f6yt\u00e4\u00e4 samanhenkinen kumppani. Kinky-treffisivustoilla on usein ominaisuuksia, joiden avulla voit etsi\u00e4 ihmisi\u00e4 tiettyjen kiinnostuksen kohteiden perusteella, ja heill\u00e4 voi olla my\u00f6s chat-huoneita ja foorumeita, joissa voit tutustua muihin perverssiin ihmisiin. Jos olet kiinnostunut l\u00f6yt\u00e4m\u00e4\u00e4n kinky-kumppanin, online-treffit ovat loistava paikka aloittaa haku.<\/p>\n<h2>Kink-sivustot<\/h2>\n<p>Verkossa on saatavilla erilaisia omituisia sivustoja, joista jokainen palvelee erilaisia mieltymyksi\u00e4 ja kiinnostuksen kohteita. Olitpa sitten kiinnostunut BDSM: st\u00e4, jalkafetissist\u00e4 tai jostain muusta kokonaan, on varmasti olemassa sinulle sopiva sivusto.<\/p>\n<p>Kink-sivustot voivat olla loistava tapa olla yhteydess\u00e4 samanhenkisiin ihmisiin, jotka ovat kiinnostuneita tutkimaan seksuaalisuuttaan. Ne voivat my\u00f6s olla loistava tapa oppia lis\u00e4\u00e4 itsest\u00e4si ja siit\u00e4, mist\u00e4 olet kiinnostunut. Jos olet uusi kink-kohtauksessa, n\u00e4m\u00e4 sivustot voivat olla loistava tapa kastella jalkasi ja selvitt\u00e4\u00e4, mist\u00e4 olet kiinnostunut.<\/p>\n<p>On kuitenkin t\u00e4rke\u00e4\u00e4 muistaa, ett\u00e4 kaikki omituisella sivustolla eiv\u00e4t etsi p\u00e4iv\u00e4m\u00e4\u00e4r\u00e4\u00e4 tai suhdetta. Jotkut ihmiset ovat vain siell\u00e4 keskustelemassa ja tutkimassa omituisuuksiaan muiden kanssa. Jos etsit suhdetta, on t\u00e4rke\u00e4\u00e4 tehd\u00e4 se selv\u00e4ksi alusta alkaen. Muuten saatat p\u00e4\u00e4ty\u00e4 tuhlaamaan aikaasi (ja heid\u00e4n aikaansa).<\/p>\n<h3>BBWCupid<\/h3>\n<p>Jos etsit BDSM-treffisovellusta, jossa on laaja valikoima potentiaalisia kumppaneita, BBWCupid on loistava vaihtoehto. Yli 600 000 j\u00e4senen kanssa on hyv\u00e4t mahdollisuudet l\u00f6yt\u00e4\u00e4 joku, joka jakaa omituisuutesi ja kiinnostuksen kohteesi. Sovellus on ladattavissa ja k\u00e4ytett\u00e4viss\u00e4 ilmaiseksi, mutta tarvitset maksullisen j\u00e4senyyden kaikkien ominaisuuksien avaamiseen. T\u00e4m\u00e4 sis\u00e4lt\u00e4\u00e4 viestit, haun ja tarkennetun vastaavuuksien haun. BBWCupid-tiimi on reagoiva ja avulias, joten se on loistava vaihtoehto niille, jotka ovat uusia BDSM-kohtauksessa.<\/p>\n<h3>P\u00e4iv\u00e4ysOu<\/h3>\n<p>DateYou on treffisovellus, joka palvelee niit\u00e4, jotka ovat kiinnostuneita BDSM: st\u00e4. Se on loistava tapa tavata samanhenkisi\u00e4 ihmisi\u00e4 ja tutkia mutkiasi turvallisella ja yhteisymm\u00e4rrykseen perustuvalla tavalla. Sovellus on helppok\u00e4ytt\u00f6inen ja siin\u00e4 on <a href=\"http:\/\/the-apers.com\/milf-chatrooms\/\">paljon ominaisuuksia<\/a>, joten se on loistava vaihtoehto niille, jotka haluavat p\u00e4\u00e4st\u00e4 BDSM: \u00e4\u00e4n.<\/p>\n<h3>LuckyCrush<\/h3>\n<p>LuckyCrush on treffisovellus, joka yhdist\u00e4\u00e4 ihmiset, jotka ovat kiinnostuneita BDSM: st\u00e4. Sovellus on helppok\u00e4ytt\u00f6inen ja siin\u00e4 on paljon ominaisuuksia, jotka tekev\u00e4t siit\u00e4 loistavan valinnan ihmisille, jotka pit\u00e4v\u00e4t BDSM: st\u00e4. Sovelluksen avulla voit etsi\u00e4 ihmisi\u00e4, jotka ovat kiinnostuneita BDSM: st\u00e4, ja voit my\u00f6s suodattaa hakusi sijainnin, i\u00e4n ja sukupuolen mukaan. LuckyCrushilla on my\u00f6s chat-ominaisuus, jonka avulla voit keskustella muiden k\u00e4ytt\u00e4jien kanssa, ja voit my\u00f6s l\u00e4hett\u00e4\u00e4 ja vastaanottaa viestej\u00e4. Sovellus on ilmainen k\u00e4ytt\u00e4\u00e4, ja se on saatavana sek\u00e4 iOS- ett\u00e4 Android-laitteille.<\/p>\n","protected":false},"excerpt":{"rendered":"<p>On olemassa useita verkkosivustoja, jotka palvelevat ihmisi\u00e4, jotka ovat kiinnostuneita BDSM: st\u00e4. N\u00e4m\u00e4 verkkosivustot voivat olla loistava tapa olla yhteydess\u00e4&hellip;<\/p>\n","protected":false},"author":1,"featured_media":0,"parent":0,"menu_order":0,"comment_status":"closed","ping_status":"closed","template":"","meta":[],"yoast_head":"<!-- This site is optimized with the Yoast SEO plugin v17.7.1 - https:\/\/yoast.com\/wordpress\/plugins\/seo\/ -->\n<title>Ilmainen BDSM-sivustot - Adult Dating Finder<\/title>\n<meta name=\"robots\" content=\"index, follow, max-snippet:-1, max-image-preview:large, max-video-preview:-1\" \/>\n<link rel=\"canonical\" href=\"https:\/\/the-apers.com\/fi\/bdsm-sivustot\/\" \/>\n<meta property=\"og:locale\" content=\"fi_FI\" \/>\n<meta property=\"og:type\" content=\"article\" \/>\n<meta property=\"og:title\" content=\"Ilmainen BDSM-sivustot - Adult Dating Finder\" \/>\n<meta property=\"og:description\" content=\"On olemassa useita verkkosivustoja, jotka palvelevat ihmisi\u00e4, jotka ovat kiinnostuneita BDSM: st\u00e4. N\u00e4m\u00e4 verkkosivustot voivat olla loistava tapa olla yhteydess\u00e4&hellip;\" \/>\n<meta property=\"og:url\" content=\"https:\/\/the-apers.com\/fi\/bdsm-sivustot\/\" \/>\n<meta property=\"og:site_name\" content=\"Adult Dating Finder\" \/>\n<meta name=\"twitter:card\" content=\"summary_large_image\" \/>\n<meta name=\"twitter:label1\" content=\"Arvioitu lukuaika\" \/>\n\t<meta name=\"twitter:data1\" content=\"3 minuuttia\" \/>\n<script type=\"application\/ld+json\" class=\"yoast-schema-graph\">{\"@context\":\"https:\/\/schema.org\",\"@graph\":[{\"@type\":\"WebSite\",\"@id\":\"http:\/\/the-apers.com\/#website\",\"url\":\"http:\/\/the-apers.com\/\",\"name\":\"Adult Dating Finder\",\"description\":\"Online Personals\",\"potentialAction\":[{\"@type\":\"SearchAction\",\"target\":{\"@type\":\"EntryPoint\",\"urlTemplate\":\"http:\/\/the-apers.com\/?s={search_term_string}\"},\"query-input\":\"required name=search_term_string\"}],\"inLanguage\":\"fi\"},{\"@type\":\"WebPage\",\"@id\":\"https:\/\/the-apers.com\/fi\/bdsm-sivustot\/#webpage\",\"url\":\"https:\/\/the-apers.com\/fi\/bdsm-sivustot\/\",\"name\":\"Ilmainen BDSM-sivustot - Adult Dating Finder\",\"isPartOf\":{\"@id\":\"http:\/\/the-apers.com\/#website\"},\"datePublished\":\"2022-09-30T10:12:38+00:00\",\"dateModified\":\"2022-09-30T10:12:38+00:00\",\"breadcrumb\":{\"@id\":\"https:\/\/the-apers.com\/fi\/bdsm-sivustot\/#breadcrumb\"},\"inLanguage\":\"fi\",\"potentialAction\":[{\"@type\":\"ReadAction\",\"target\":[\"https:\/\/the-apers.com\/fi\/bdsm-sivustot\/\"]}]},{\"@type\":\"BreadcrumbList\",\"@id\":\"https:\/\/the-apers.com\/fi\/bdsm-sivustot\/#breadcrumb\",\"itemListElement\":[{\"@type\":\"ListItem\",\"position\":1,\"name\":\"Home\",\"item\":\"http:\/\/the-apers.com\/fi\/\"},{\"@type\":\"ListItem\",\"position\":2,\"name\":\"BDSM-sivustot\"}]}]}<\/script>\n<!-- \/ Yoast SEO plugin. -->","yoast_head_json":{"title":"Ilmainen BDSM-sivustot - Adult Dating Finder","robots":{"index":"index","follow":"follow","max-snippet":"max-snippet:-1","max-image-preview":"max-image-preview:large","max-video-preview":"max-video-preview:-1"},"canonical":"https:\/\/the-apers.com\/fi\/bdsm-sivustot\/","og_locale":"fi_FI","og_type":"article","og_title":"Ilmainen BDSM-sivustot - Adult Dating Finder","og_description":"On olemassa useita verkkosivustoja, jotka palvelevat ihmisi\u00e4, jotka ovat kiinnostuneita BDSM: st\u00e4. N\u00e4m\u00e4 verkkosivustot voivat olla loistava tapa olla yhteydess\u00e4&hellip;","og_url":"https:\/\/the-apers.com\/fi\/bdsm-sivustot\/","og_site_name":"Adult Dating Finder","twitter_card":"summary_large_image","twitter_misc":{"Arvioitu lukuaika":"3 minuuttia"},"schema":{"@context":"https:\/\/schema.org","@graph":[{"@type":"WebSite","@id":"http:\/\/the-apers.com\/#website","url":"http:\/\/the-apers.com\/","name":"Adult Dating Finder","description":"Online Personals","potentialAction":[{"@type":"SearchAction","target":{"@type":"EntryPoint","urlTemplate":"http:\/\/the-apers.com\/?s={search_term_string}"},"query-input":"required name=search_term_string"}],"inLanguage":"fi"},{"@type":"WebPage","@id":"https:\/\/the-apers.com\/fi\/bdsm-sivustot\/#webpage","url":"https:\/\/the-apers.com\/fi\/bdsm-sivustot\/","name":"Ilmainen BDSM-sivustot - Adult Dating Finder","isPartOf":{"@id":"http:\/\/the-apers.com\/#website"},"datePublished":"2022-09-30T10:12:38+00:00","dateModified":"2022-09-30T10:12:38+00:00","breadcrumb":{"@id":"https:\/\/the-apers.com\/fi\/bdsm-sivustot\/#breadcrumb"},"inLanguage":"fi","potentialAction":[{"@type":"ReadAction","target":["https:\/\/the-apers.com\/fi\/bdsm-sivustot\/"]}]},{"@type":"BreadcrumbList","@id":"https:\/\/the-apers.com\/fi\/bdsm-sivustot\/#breadcrumb","itemListElement":[{"@type":"ListItem","position":1,"name":"Home","item":"http:\/\/the-apers.com\/fi\/"},{"@type":"ListItem","position":2,"name":"BDSM-sivustot"}]}]}},"_links":{"self":[{"href":"https:\/\/the-apers.com\/fi\/wp-json\/wp\/v2\/pages\/287"}],"collection":[{"href":"https:\/\/the-apers.com\/fi\/wp-json\/wp\/v2\/pages"}],"about":[{"href":"https:\/\/the-apers.com\/fi\/wp-json\/wp\/v2\/types\/page"}],"author":[{"embeddable":true,"href":"https:\/\/the-apers.com\/fi\/wp-json\/wp\/v2\/users\/1"}],"replies":[{"embeddable":true,"href":"https:\/\/the-apers.com\/fi\/wp-json\/wp\/v2\/comments?post=287"}],"version-history":[{"count":0,"href":"https:\/\/the-apers.com\/fi\/wp-json\/wp\/v2\/pages\/287\/revisions"}],"wp:attachment":[{"href":"https:\/\/the-apers.com\/fi\/wp-json\/wp\/v2\/media?parent=287"}],"curies":[{"name":"wp","href":"https:\/\/api.w.org\/{rel}","templated":true}]}}