{"id":295,"date":"2022-09-30T11:13:19","date_gmt":"2022-09-30T10:13:19","guid":{"rendered":"http:\/\/the-apers.com\/bondage-chat-huoneet\/"},"modified":"2022-09-30T11:13:19","modified_gmt":"2022-09-30T10:13:19","slug":"bondage-chat-huoneet","status":"publish","type":"page","link":"https:\/\/the-apers.com\/fi\/bondage-chat-huoneet\/","title":{"rendered":"Bondage-chat-huoneet"},"content":{"rendered":"<p>Chat-huoneen nimett\u00f6myydess\u00e4 on jotain, joka todella saa ihmiset puhumaan omituisuuksistaan ja fetisseist\u00e4\u00e4n. Monille ihmisille orjuuden chat-huoneet ovat tapa tutkia heid\u00e4n seksuaalisia halujaan ilman, ett\u00e4 heid\u00e4n tarvitsee huolehtia yst\u00e4vien tai perheen arvostelukyvyst\u00e4.<\/p>\n<p>N\u00e4m\u00e4 chat-huoneet tarjoavat <a href=\"http:\/\/the-apers.com\/?page_id=228&amp;preview=true\">ihmisille tilan puhua kiinnostuksen kohteistaan<\/a>, jakaa tarinoita ja jopa olla yhteydess\u00e4 samanhenkisiin ihmisiin. Etsitp\u00e4 sitten v\u00e4h\u00e4n hauskaa verkossa tai toivot tapaavasi jonkun henkil\u00f6kohtaisesti, bondage-chat-huoneet voivat olla loistava tapa tutkia seksuaalista puoltasi.<\/p>\n<p>Bondage-treffit ovat silloin, kun ihmiset, jotka ovat kiinnostuneita orjuudesta ja <a href=\"http:\/\/the-apers.com\/bdsm-sites\/\">BDSM:<\/a> st\u00e4, kokoontuvat t\u00e4h\u00e4n menness\u00e4. T\u00e4m\u00e4 voi tarkoittaa menemist\u00e4 klubeihin ja tapahtumiin, jotka ovat nimenomaan t\u00e4llaisia asioita varten, tai se voi olla yksinkertaisesti tapaamisen j\u00e4rjest\u00e4mist\u00e4 jonkun kanssa, joka jakaa kiinnostuksen kohteesi. Se voi olla loistava tapa tutkia perverssi\u00e4 puoltasi ja selvitt\u00e4\u00e4, mist\u00e4 muut ihmiset pit\u00e4v\u00e4t. Se voi my\u00f6s olla hauskaa ja loistava tapa tavata uusia ihmisi\u00e4.<\/p>\n<h2>BDSM-yhteys<\/h2>\n<p>Mit\u00e4 tulee rakkauden l\u00f6yt\u00e4miseen, jotkut ihmiset saattavat sanoa, ett\u00e4 mik\u00e4\u00e4n ei ole aivan kuin BDSM-yhteys. Niille, jotka eiv\u00e4t tunne, BDSM on lyhenne orjuudesta, kurinalaisuudesta, sadismista ja masokismista. Ja vaikka se ei ehk\u00e4 ole kaikkien kuppi teet\u00e4, ei voida kiist\u00e4\u00e4, ett\u00e4 se voi olla loistava tapa olla yhteydess\u00e4 johonkin fyysisell\u00e4 ja emotionaalisella tasolla.<\/p>\n<p>Jos aiot kokeilla BDSM: \u00e4\u00e4, sinun tulee pit\u00e4\u00e4 mieless\u00e4si muutama asia. Ensinn\u00e4kin on t\u00e4rke\u00e4\u00e4 l\u00f6yt\u00e4\u00e4 kumppani, joka on ennakkoluuloton ja halukas tutkimaan uusia asioita. Toiseksi viestint\u00e4 on avainasemassa. Sinun on kyett\u00e4v\u00e4 viestim\u00e4\u00e4n toiveistasi, tarpeistasi ja rajoistasi kumppanisi kanssa ennen kuin aloitat.<\/p>\n<p>Ja lopuksi, \u00e4l\u00e4 pelk\u00e4\u00e4 kokeilla. BDSM voi olla loistava tapa pirist\u00e4\u00e4 seksiel\u00e4m\u00e4\u00e4si ja lis\u00e4t\u00e4 hieman j\u00e4nnityst\u00e4 suhteeseesi. Joten mene eteenp\u00e4in ja tutki! Kuka tiet\u00e4\u00e4, saatat vain l\u00f6yt\u00e4\u00e4 el\u00e4m\u00e4si rakkauden.<\/p>\n<h2>Fetissi Kohtaa sivustot<\/h2>\n<p>Fetissikokoussivustot voivat olla loistava tapa olla yhteydess\u00e4 muihin ihmisiin, jotka jakavat kiinnostuksen kohteesi. Ne voivat tarjota turvallisen ja vieraanvaraisen ymp\u00e4rist\u00f6n, jossa voit tutkia seksuaalisuuttasi ja fetissej\u00e4si. On kuitenkin muutamia asioita, jotka on pidett\u00e4v\u00e4 mieless\u00e4, kun k\u00e4yt\u00e4t n\u00e4it\u00e4 sivustoja. Varmista ensin, ett\u00e4 luet sivuston s\u00e4\u00e4nn\u00f6t ja m\u00e4\u00e4r\u00e4ykset huolellisesti. T\u00e4m\u00e4 auttaa sinua v\u00e4ltt\u00e4m\u00e4\u00e4n kiellon tai poistamisen sivustolta. Toiseksi, olkaa kunnioittakaa muita j\u00e4seni\u00e4. T\u00e4m\u00e4 sis\u00e4lt\u00e4\u00e4 henkil\u00f6kohtaisten tietojen l\u00e4hett\u00e4misen tai muiden j\u00e4senten h\u00e4irinn\u00e4n. Muista lopuksi pit\u00e4\u00e4 hauskaa ja olla turvassa!<\/p>\n<h3>Xmeets<\/h3>\n<p>Jos pid\u00e4t orjuudesta ja omituisemmasta seksist\u00e4, Xmeets on treffisovellus sinulle! Xmeets keskittyy yhdist\u00e4m\u00e4\u00e4n ihmisi\u00e4, jotka ovat BDSM: \u00e4\u00e4n ja muihin omituisiin, on loistava vaihtoehto kaikille, jotka haluavat tutkia kinky-puoltaan. Sovellus on helppok\u00e4ytt\u00f6inen ja siin\u00e4 on paljon ominaisuuksia, joten se on loistava vaihtoehto kaikille, jotka haluavat kokeilla orjuutta ja kinkier-seksi\u00e4.<\/p>\n<h3>Datehookup<\/h3>\n<p>Datehookup on treffisovellus, jonka avulla k\u00e4ytt\u00e4j\u00e4t voivat muodostaa yhteyden mahdollisiin l\u00e4hell\u00e4 oleviin otteluihin. Sovellus sis\u00e4lt\u00e4\u00e4 my\u00f6s ominaisuuden nimelt\u00e4 &#8221;Bondage Chatrooms&#8221;, jonka avulla k\u00e4ytt\u00e4j\u00e4t voivat olla yhteydess\u00e4 muihin, jotka jakavat kiinnostuksensa orjuuteen ja fetissipeliin. Chat-huoneet ovat loistava tapa olla yhteydess\u00e4 samanhenkisiin ihmisiin, ja sovellus sis\u00e4lt\u00e4\u00e4 my\u00f6s ominaisuuksia, kuten yksityisviestit ja videokeskustelun. Kaiken kaikkiaan sovellus on loistava tapa olla yhteydess\u00e4 mahdollisiin otteluihin ja tutkia mutkiasi ja fetissej\u00e4si turvallisella ja yhteisymm\u00e4rrykseen perustuvalla tavalla.<\/p>\n<h3>Paljon kalaa<\/h3>\n<p>Jos etsit bondage-chat-huonetta, Plenty of Fish on loistava vaihtoehto. Treffisovellus tarjoaa laajan valikoiman ominaisuuksia ja on eritt\u00e4in k\u00e4ytt\u00e4j\u00e4yst\u00e4v\u00e4llinen. Voit etsi\u00e4 j\u00e4seni\u00e4 sijainnin, i\u00e4n ja kiinnostuksen kohteiden mukaan, ja sovellus jopa ehdottaa sinulle vastaavuuksia. Ainoa haittapuoli on, ett\u00e4 erityisi\u00e4 orjuuden chat-huoneita ei ole, joten sinun on etsitt\u00e4v\u00e4 niit\u00e4 yleisist\u00e4 chat-huoneista.<\/p>\n","protected":false},"excerpt":{"rendered":"<p>Chat-huoneen nimett\u00f6myydess\u00e4 on jotain, joka todella saa ihmiset puhumaan omituisuuksistaan ja fetisseist\u00e4\u00e4n. Monille ihmisille orjuuden chat-huoneet ovat tapa tutkia heid\u00e4n&hellip;<\/p>\n","protected":false},"author":1,"featured_media":0,"parent":0,"menu_order":0,"comment_status":"closed","ping_status":"closed","template":"","meta":[],"yoast_head":"<!-- This site is optimized with the Yoast SEO plugin v17.7.1 - https:\/\/yoast.com\/wordpress\/plugins\/seo\/ -->\n<title>Bondage-chat-huoneet - Adult Dating Finder<\/title>\n<meta name=\"robots\" content=\"index, follow, max-snippet:-1, max-image-preview:large, max-video-preview:-1\" \/>\n<link rel=\"canonical\" href=\"https:\/\/the-apers.com\/fi\/bondage-chat-huoneet\/\" \/>\n<meta property=\"og:locale\" content=\"fi_FI\" \/>\n<meta property=\"og:type\" content=\"article\" \/>\n<meta property=\"og:title\" content=\"Bondage-chat-huoneet - Adult Dating Finder\" \/>\n<meta property=\"og:description\" content=\"Chat-huoneen nimett\u00f6myydess\u00e4 on jotain, joka todella saa ihmiset puhumaan omituisuuksistaan ja fetisseist\u00e4\u00e4n. Monille ihmisille orjuuden chat-huoneet ovat tapa tutkia heid\u00e4n&hellip;\" \/>\n<meta property=\"og:url\" content=\"https:\/\/the-apers.com\/fi\/bondage-chat-huoneet\/\" \/>\n<meta property=\"og:site_name\" content=\"Adult Dating Finder\" \/>\n<meta name=\"twitter:card\" content=\"summary_large_image\" \/>\n<meta name=\"twitter:label1\" content=\"Arvioitu lukuaika\" \/>\n\t<meta name=\"twitter:data1\" content=\"3 minuuttia\" \/>\n<script type=\"application\/ld+json\" class=\"yoast-schema-graph\">{\"@context\":\"https:\/\/schema.org\",\"@graph\":[{\"@type\":\"WebSite\",\"@id\":\"https:\/\/the-apers.com\/#website\",\"url\":\"https:\/\/the-apers.com\/\",\"name\":\"Adult Dating Finder\",\"description\":\"Online Personals\",\"potentialAction\":[{\"@type\":\"SearchAction\",\"target\":{\"@type\":\"EntryPoint\",\"urlTemplate\":\"https:\/\/the-apers.com\/?s={search_term_string}\"},\"query-input\":\"required name=search_term_string\"}],\"inLanguage\":\"fi\"},{\"@type\":\"WebPage\",\"@id\":\"https:\/\/the-apers.com\/fi\/bondage-chat-huoneet\/#webpage\",\"url\":\"https:\/\/the-apers.com\/fi\/bondage-chat-huoneet\/\",\"name\":\"Bondage-chat-huoneet - Adult Dating Finder\",\"isPartOf\":{\"@id\":\"https:\/\/the-apers.com\/#website\"},\"datePublished\":\"2022-09-30T10:13:19+00:00\",\"dateModified\":\"2022-09-30T10:13:19+00:00\",\"breadcrumb\":{\"@id\":\"https:\/\/the-apers.com\/fi\/bondage-chat-huoneet\/#breadcrumb\"},\"inLanguage\":\"fi\",\"potentialAction\":[{\"@type\":\"ReadAction\",\"target\":[\"https:\/\/the-apers.com\/fi\/bondage-chat-huoneet\/\"]}]},{\"@type\":\"BreadcrumbList\",\"@id\":\"https:\/\/the-apers.com\/fi\/bondage-chat-huoneet\/#breadcrumb\",\"itemListElement\":[{\"@type\":\"ListItem\",\"position\":1,\"name\":\"Home\",\"item\":\"https:\/\/the-apers.com\/fi\/\"},{\"@type\":\"ListItem\",\"position\":2,\"name\":\"Bondage-chat-huoneet\"}]}]}<\/script>\n<!-- \/ Yoast SEO plugin. -->","yoast_head_json":{"title":"Bondage-chat-huoneet - Adult Dating Finder","robots":{"index":"index","follow":"follow","max-snippet":"max-snippet:-1","max-image-preview":"max-image-preview:large","max-video-preview":"max-video-preview:-1"},"canonical":"https:\/\/the-apers.com\/fi\/bondage-chat-huoneet\/","og_locale":"fi_FI","og_type":"article","og_title":"Bondage-chat-huoneet - Adult Dating Finder","og_description":"Chat-huoneen nimett\u00f6myydess\u00e4 on jotain, joka todella saa ihmiset puhumaan omituisuuksistaan ja fetisseist\u00e4\u00e4n. Monille ihmisille orjuuden chat-huoneet ovat tapa tutkia heid\u00e4n&hellip;","og_url":"https:\/\/the-apers.com\/fi\/bondage-chat-huoneet\/","og_site_name":"Adult Dating Finder","twitter_card":"summary_large_image","twitter_misc":{"Arvioitu lukuaika":"3 minuuttia"},"schema":{"@context":"https:\/\/schema.org","@graph":[{"@type":"WebSite","@id":"https:\/\/the-apers.com\/#website","url":"https:\/\/the-apers.com\/","name":"Adult Dating Finder","description":"Online Personals","potentialAction":[{"@type":"SearchAction","target":{"@type":"EntryPoint","urlTemplate":"https:\/\/the-apers.com\/?s={search_term_string}"},"query-input":"required name=search_term_string"}],"inLanguage":"fi"},{"@type":"WebPage","@id":"https:\/\/the-apers.com\/fi\/bondage-chat-huoneet\/#webpage","url":"https:\/\/the-apers.com\/fi\/bondage-chat-huoneet\/","name":"Bondage-chat-huoneet - Adult Dating Finder","isPartOf":{"@id":"https:\/\/the-apers.com\/#website"},"datePublished":"2022-09-30T10:13:19+00:00","dateModified":"2022-09-30T10:13:19+00:00","breadcrumb":{"@id":"https:\/\/the-apers.com\/fi\/bondage-chat-huoneet\/#breadcrumb"},"inLanguage":"fi","potentialAction":[{"@type":"ReadAction","target":["https:\/\/the-apers.com\/fi\/bondage-chat-huoneet\/"]}]},{"@type":"BreadcrumbList","@id":"https:\/\/the-apers.com\/fi\/bondage-chat-huoneet\/#breadcrumb","itemListElement":[{"@type":"ListItem","position":1,"name":"Home","item":"https:\/\/the-apers.com\/fi\/"},{"@type":"ListItem","position":2,"name":"Bondage-chat-huoneet"}]}]}},"_links":{"self":[{"href":"https:\/\/the-apers.com\/fi\/wp-json\/wp\/v2\/pages\/295"}],"collection":[{"href":"https:\/\/the-apers.com\/fi\/wp-json\/wp\/v2\/pages"}],"about":[{"href":"https:\/\/the-apers.com\/fi\/wp-json\/wp\/v2\/types\/page"}],"author":[{"embeddable":true,"href":"https:\/\/the-apers.com\/fi\/wp-json\/wp\/v2\/users\/1"}],"replies":[{"embeddable":true,"href":"https:\/\/the-apers.com\/fi\/wp-json\/wp\/v2\/comments?post=295"}],"version-history":[{"count":0,"href":"https:\/\/the-apers.com\/fi\/wp-json\/wp\/v2\/pages\/295\/revisions"}],"wp:attachment":[{"href":"https:\/\/the-apers.com\/fi\/wp-json\/wp\/v2\/media?parent=295"}],"curies":[{"name":"wp","href":"https:\/\/api.w.org\/{rel}","templated":true}]}}