{"id":100,"date":"2022-09-13T12:01:16","date_gmt":"2022-09-13T11:01:16","guid":{"rendered":"http:\/\/the-apers.com\/sites-de-rencontre-et-de-baise-pour-adultes\/"},"modified":"2022-09-13T12:01:16","modified_gmt":"2022-09-13T11:01:16","slug":"sites-de-rencontre-et-de-baise-pour-adultes","status":"publish","type":"page","link":"https:\/\/the-apers.com\/fr\/","title":{"rendered":"Sites de rencontre et de baise pour adultes"},"content":{"rendered":"<p>L\u2019un des plus grands avantages des rencontres en ligne est que vous pouvez vous connecter avec des personnes du monde entier. En quelques clics de souris, vous pouvez parcourir les profils de milliers de c\u00e9libataires dans votre r\u00e9gion. Vous pouvez \u00e9galement filtrer les membres en fonction de leur \u00e2ge, de leur emplacement, de leurs int\u00e9r\u00eats, de leur statut relationnel et d\u2019autres crit\u00e8res.<\/p>\n<p>Bien que les sites de rencontres en ligne offrent une commodit\u00e9, ils pr\u00e9sentent \u00e9galement des d\u00e9fis. L\u2019un des d\u00e9fis consiste \u00e0 trouver des correspondances compatibles. Un autre probl\u00e8me consiste \u00e0 d\u00e9terminer si une personne est authentique ou si elle essaie de vous arnaquer. Les escroqueries de rencontres en ligne sont courantes, il est donc important que vous appreniez \u00e0 rep\u00e9rer un faux profil.<\/p>\n<h2>Comment fonctionnent les applications de rencontres si vous voulez juste du sexe<\/h2>\n<p>Il existe de nombreux sites d\u00e9di\u00e9s aux rencontres occasionnelles, notamment Tinder, OkCupid et Bumble. Ces applications vous permettent de balayer vers la gauche ou la droite en fonction des photos et des messages, puis de vous connecter avec d\u2019autres personnes qui partagent des int\u00e9r\u00eats communs. Lorsque vous rencontrez quelqu\u2019un que vous aimez, vous pouvez discuter en priv\u00e9 ou fixer un rendez-vous.<\/p>\n<p>Bien que les rencontres occasionnelles soient amusantes et faciles, il est important de se rappeler qu\u2019il ne s\u2019agit toujours que d\u2019une forme de divertissement. Assurez-vous d\u2019\u00eatre \u00e0 l\u2019aise avec la personne \u00e0 qui vous parlez avant d\u2019accepter quoi que ce soit. Faites \u00e9galement attention \u00e0 ne pas partager de d\u00e9tails personnels, en particulier des informations financi\u00e8res.<\/p>\n<p>Il est \u00e9galement important de comprendre que les rencontres occasionnelles ne sont pas toujours s\u00fbres. Bien qu\u2019il soit possible de rencontrer quelqu\u2019un en qui vous avez confiance, ce n\u2019est pas toujours garanti. M\u00eame si vous vous sentez assez confiant pour parler \u00e0 quelqu\u2019un que vous avez rencontr\u00e9 en ligne, vous ne savez jamais vraiment jusqu\u2019\u00e0 ce que vous le rencontriez dans la vraie vie.<\/p>\n<p>Ainsi, bien que les rencontres occasionnelles puissent \u00eatre amusantes, il est important d\u2019\u00eatre conscient des risques potentiels.<\/p>\n<h2>Comment rester en s\u00e9curit\u00e9 en ligne<\/h2>\n<p>Les rencontres sont amusantes et excitantes, mais elles ne sont pas toujours s\u00fbres. Il existe de nombreuses applications disponibles aujourd\u2019hui qui vous permettent de vous connecter avec quelqu\u2019un \u00e0 proximit\u00e9, mais vous courez toujours le risque de rencontrer quelqu\u2019un qui pourrait ne pas \u00eatre digne de confiance.<\/p>\n<p>Il est facile de tomber dans le pi\u00e8ge de penser que les rencontres sont plus s\u00fbres que d\u2019aller dans les bars ou les clubs, mais la v\u00e9rit\u00e9 est qu\u2019elles sont tout aussi dangereuses. Lorsque vous rencontrez quelqu\u2019un en personne, vous avez l\u2019occasion d\u2019\u00e9valuer son caract\u00e8re et de d\u00e9cider si vous vous sentez \u00e0 l\u2019aise avec lui ou non. En ligne, vous ne savez jamais vraiment \u00e0 quel genre de personne vous avez affaire jusqu\u2019apr\u00e8s coup.<\/p>\n<p>C\u2019est pourquoi il est important d\u2019\u00eatre prudent lorsque vous choisissez o\u00f9 vous rencontrez quelqu\u2019un. Assurez-vous de choisir une application r\u00e9put\u00e9e qui vous permet de v\u00e9rifier les profils et les photos avant d\u2019accepter de vous rencontrer. Essayez \u00e9galement d\u2019\u00e9viter de rencontrer quelqu\u2019un dans un bar ou un club; optez plut\u00f4t pour un caf\u00e9 ou un autre lieu public.<\/p>\n<p>S\u2019il est vrai que les connexions sont pratiques, elles peuvent \u00e9galement entra\u00eener des probl\u00e8mes. Ainsi, bien que vous puissiez appr\u00e9cier le frisson de trouver quelqu\u2019un avec qui passer du temps, rappelez-vous que vous pourriez finir par le regretter plus tard.<\/p>\n<h3>Ce qu\u2019il faut \u00e9viter<\/h3>\n<p>Pour \u00e9viter d\u2019\u00eatre victime d\u2019un escroc, il est important d\u2019effectuer des v\u00e9rifications approfondies des ant\u00e9c\u00e9dents aux dates potentielles. Assurez-vous de lire les commentaires et les commentaires laiss\u00e9s par les clients pr\u00e9c\u00e9dents. Examinez \u00e9galement la r\u00e9putation du membre via des sites tiers tels que Facebook et Twitter. Enfin, v\u00e9rifiez les coordonn\u00e9es de la personne.<\/p>\n<p>En plus de v\u00e9rifier les informations personnelles de l\u2019utilisateur, il est \u00e9galement important de revoir ses photos. Recherchez les incoh\u00e9rences dans les images, telles que plusieurs visages ou arri\u00e8re-plans \u00e9tranges. Ces drapeaux rouges pourraient indiquer que la personne cache quelque chose.<\/p>\n<p>Il est \u00e9galement important de prendre en compte la s\u00e9curit\u00e9 de vos donn\u00e9es lorsque vous utilisez des sites de rencontres en ligne. De nombreux sites exigent que vous fournissiez des informations sensibles, y compris des informations financi\u00e8res et des num\u00e9ros de t\u00e9l\u00e9phone. Avant de partager ces informations, assurez-vous de bien comprendre les politiques de confidentialit\u00e9 des sites que vous envisagez de rejoindre.<\/p>\n<p>Les sites de rencontres en ligne sont des moyens pratiques de rencontrer des gens, mais ils ne sont pas parfaits. Il y a des risques impliqu\u00e9s, il est donc important que vous pesiez le pour et le contre avant de vous joindre.<\/p>\n<h2>Pourquoi devriez-vous faire confiance aux sites de rencontres en ligne?<\/h2>\n<p>Bien que les rencontres en ligne soient encore relativement nouvelles, il existe de nombreuses ressources disponibles pour vous aider \u00e0 naviguer dans le monde des rencontres en ligne. Voici quelques conseils \u00e0 prendre en compte lors de la recherche de l\u2019amour en ligne.<\/p>\n<p>Commencez par vous inscrire \u00e0 un service r\u00e9put\u00e9. Il existe des dizaines de sites diff\u00e9rents offrant des options de rencontres en ligne, il est donc important de choisir judicieusement. Certains des sites les plus populaires incluent Match.com, eHarmony, PlentyOfFish, Zoosk, OkCupid et Tinder. Ensuite, examinez les types de profils propos\u00e9s par chaque site. La plupart des sites offrent des fonctionnalit\u00e9s de profil de base, y compris les photos, l\u2019emplacement, l\u2019\u00e2ge, le sexe et les int\u00e9r\u00eats. Mais certains sites vous permettent de personnaliser davantage votre profil, ce qui vous permet d\u2019ajouter des d\u00e9tails suppl\u00e9mentaires tels que les passe-temps, l\u2019\u00e9ducation, la profession et le statut de la relation.<\/p>\n<p>Apr\u00e8s avoir cr\u00e9\u00e9 un profil, essayez de parcourir les profils des autres membres. Parcourez les profils des correspondances potentielles jusqu\u2019\u00e0 ce que vous trouviez quelqu\u2019un que vous aimeriez rencontrer. Ensuite, envoyez un message vous demandant leur disponibilit\u00e9. Soyez prudent lorsque vous communiquez par messagerie texte. Bien que les textos soient pratiques, il est facile de mal interpr\u00e9ter les messages. Par exemple, si vous dites que vous \u00eates int\u00e9ress\u00e9 \u00e0 vous rencontrer pour prendre un caf\u00e9, vous pourriez recevoir une r\u00e9ponse disant que vous avez l\u2019air d\u00e9sesp\u00e9r\u00e9. Demandez plut\u00f4t des \u00e9claircissements.<\/p>\n<p>N\u2019oubliez pas de faire un suivi apr\u00e8s avoir envoy\u00e9 un message. L\u2019envoi d\u2019un message de suivi rapide dans les 24 heures peut vous aider \u00e0 d\u00e9terminer si vous seriez compatibles ou non. Rappelez-vous que les rencontres en ligne ne sont qu\u2019une option pour trouver l\u2019amour. D\u2019autres fa\u00e7ons de rencontrer des gens comprennent assister \u00e0 des \u00e9v\u00e9nements, rejoindre des groupes, faire du b\u00e9n\u00e9volat et aller \u00e0 des rendez-vous \u00e0 l\u2019aveugle.<\/p>\n","protected":false},"excerpt":{"rendered":"<p>L\u2019un des plus grands avantages des rencontres en ligne est que vous pouvez vous connecter avec des personnes du monde&hellip;<\/p>\n","protected":false},"author":1,"featured_media":80,"parent":0,"menu_order":0,"comment_status":"closed","ping_status":"closed","template":"","meta":[],"yoast_head":"<!-- This site is optimized with the Yoast SEO plugin v17.7.1 - https:\/\/yoast.com\/wordpress\/plugins\/seo\/ -->\n<title>Sites de rencontre et de baise pour adultes - Adult Dating Finder<\/title>\n<meta name=\"robots\" content=\"index, follow, max-snippet:-1, max-image-preview:large, max-video-preview:-1\" \/>\n<link rel=\"canonical\" href=\"https:\/\/the-apers.com\/fr\/\" \/>\n<meta property=\"og:locale\" content=\"fr_FR\" \/>\n<meta property=\"og:type\" content=\"article\" \/>\n<meta property=\"og:title\" content=\"Sites de rencontre et de baise pour adultes - Adult Dating Finder\" \/>\n<meta property=\"og:description\" content=\"L\u2019un des plus grands avantages des rencontres en ligne est que vous pouvez vous connecter avec des personnes du monde&hellip;\" \/>\n<meta property=\"og:url\" content=\"https:\/\/the-apers.com\/fr\/\" \/>\n<meta property=\"og:site_name\" content=\"Adult Dating Finder\" \/>\n<meta property=\"og:image\" content=\"https:\/\/the-apers.com\/wp-content\/uploads\/2022\/09\/sex-match.jpeg\" \/>\n\t<meta property=\"og:image:width\" content=\"1125\" \/>\n\t<meta property=\"og:image:height\" content=\"750\" \/>\n<meta name=\"twitter:card\" content=\"summary_large_image\" \/>\n<meta name=\"twitter:label1\" content=\"Dur\u00e9e de lecture estim\u00e9e\" \/>\n\t<meta name=\"twitter:data1\" content=\"6 minutes\" \/>\n<script type=\"application\/ld+json\" class=\"yoast-schema-graph\">{\"@context\":\"https:\/\/schema.org\",\"@graph\":[{\"@type\":\"WebSite\",\"@id\":\"http:\/\/the-apers.com\/#website\",\"url\":\"http:\/\/the-apers.com\/\",\"name\":\"Adult Dating Finder\",\"description\":\"Online Personals\",\"potentialAction\":[{\"@type\":\"SearchAction\",\"target\":{\"@type\":\"EntryPoint\",\"urlTemplate\":\"http:\/\/the-apers.com\/?s={search_term_string}\"},\"query-input\":\"required name=search_term_string\"}],\"inLanguage\":\"fr-FR\"},{\"@type\":\"ImageObject\",\"@id\":\"https:\/\/the-apers.com\/fr\/#primaryimage\",\"inLanguage\":\"fr-FR\",\"url\":\"https:\/\/the-apers.com\/wp-content\/uploads\/2022\/09\/sex-match.jpeg\",\"contentUrl\":\"https:\/\/the-apers.com\/wp-content\/uploads\/2022\/09\/sex-match.jpeg\",\"width\":1125,\"height\":750},{\"@type\":\"WebPage\",\"@id\":\"https:\/\/the-apers.com\/fr\/#webpage\",\"url\":\"https:\/\/the-apers.com\/fr\/\",\"name\":\"Sites de rencontre et de baise pour adultes - Adult Dating Finder\",\"isPartOf\":{\"@id\":\"http:\/\/the-apers.com\/#website\"},\"primaryImageOfPage\":{\"@id\":\"https:\/\/the-apers.com\/fr\/#primaryimage\"},\"datePublished\":\"2022-09-13T11:01:16+00:00\",\"dateModified\":\"2022-09-13T11:01:16+00:00\",\"breadcrumb\":{\"@id\":\"https:\/\/the-apers.com\/fr\/#breadcrumb\"},\"inLanguage\":\"fr-FR\",\"potentialAction\":[{\"@type\":\"ReadAction\",\"target\":[\"https:\/\/the-apers.com\/fr\/\"]}]},{\"@type\":\"BreadcrumbList\",\"@id\":\"https:\/\/the-apers.com\/fr\/#breadcrumb\",\"itemListElement\":[{\"@type\":\"ListItem\",\"position\":1,\"name\":\"Home\",\"item\":\"https:\/\/the-apers.com\/fr\/\"},{\"@type\":\"ListItem\",\"position\":2,\"name\":\"Sites de rencontre et de baise pour adultes\"}]}]}<\/script>\n<!-- \/ Yoast SEO plugin. -->","yoast_head_json":{"title":"Sites de rencontre et de baise pour adultes - Adult Dating Finder","robots":{"index":"index","follow":"follow","max-snippet":"max-snippet:-1","max-image-preview":"max-image-preview:large","max-video-preview":"max-video-preview:-1"},"canonical":"https:\/\/the-apers.com\/fr\/","og_locale":"fr_FR","og_type":"article","og_title":"Sites de rencontre et de baise pour adultes - Adult Dating Finder","og_description":"L\u2019un des plus grands avantages des rencontres en ligne est que vous pouvez vous connecter avec des personnes du monde&hellip;","og_url":"https:\/\/the-apers.com\/fr\/","og_site_name":"Adult Dating Finder","og_image":[{"width":1125,"height":750,"url":"https:\/\/the-apers.com\/wp-content\/uploads\/2022\/09\/sex-match.jpeg","type":"image\/jpeg"}],"twitter_card":"summary_large_image","twitter_misc":{"Dur\u00e9e de lecture estim\u00e9e":"6 minutes"},"schema":{"@context":"https:\/\/schema.org","@graph":[{"@type":"WebSite","@id":"http:\/\/the-apers.com\/#website","url":"http:\/\/the-apers.com\/","name":"Adult Dating Finder","description":"Online Personals","potentialAction":[{"@type":"SearchAction","target":{"@type":"EntryPoint","urlTemplate":"http:\/\/the-apers.com\/?s={search_term_string}"},"query-input":"required name=search_term_string"}],"inLanguage":"fr-FR"},{"@type":"ImageObject","@id":"https:\/\/the-apers.com\/fr\/#primaryimage","inLanguage":"fr-FR","url":"https:\/\/the-apers.com\/wp-content\/uploads\/2022\/09\/sex-match.jpeg","contentUrl":"https:\/\/the-apers.com\/wp-content\/uploads\/2022\/09\/sex-match.jpeg","width":1125,"height":750},{"@type":"WebPage","@id":"https:\/\/the-apers.com\/fr\/#webpage","url":"https:\/\/the-apers.com\/fr\/","name":"Sites de rencontre et de baise pour adultes - Adult Dating Finder","isPartOf":{"@id":"http:\/\/the-apers.com\/#website"},"primaryImageOfPage":{"@id":"https:\/\/the-apers.com\/fr\/#primaryimage"},"datePublished":"2022-09-13T11:01:16+00:00","dateModified":"2022-09-13T11:01:16+00:00","breadcrumb":{"@id":"https:\/\/the-apers.com\/fr\/#breadcrumb"},"inLanguage":"fr-FR","potentialAction":[{"@type":"ReadAction","target":["https:\/\/the-apers.com\/fr\/"]}]},{"@type":"BreadcrumbList","@id":"https:\/\/the-apers.com\/fr\/#breadcrumb","itemListElement":[{"@type":"ListItem","position":1,"name":"Home","item":"https:\/\/the-apers.com\/fr\/"},{"@type":"ListItem","position":2,"name":"Sites de rencontre et de baise pour adultes"}]}]}},"_links":{"self":[{"href":"https:\/\/the-apers.com\/fr\/wp-json\/wp\/v2\/pages\/100"}],"collection":[{"href":"https:\/\/the-apers.com\/fr\/wp-json\/wp\/v2\/pages"}],"about":[{"href":"https:\/\/the-apers.com\/fr\/wp-json\/wp\/v2\/types\/page"}],"author":[{"embeddable":true,"href":"https:\/\/the-apers.com\/fr\/wp-json\/wp\/v2\/users\/1"}],"replies":[{"embeddable":true,"href":"https:\/\/the-apers.com\/fr\/wp-json\/wp\/v2\/comments?post=100"}],"version-history":[{"count":0,"href":"https:\/\/the-apers.com\/fr\/wp-json\/wp\/v2\/pages\/100\/revisions"}],"wp:featuredmedia":[{"embeddable":true,"href":"https:\/\/the-apers.com\/fr\/wp-json\/wp\/v2\/media\/80"}],"wp:attachment":[{"href":"https:\/\/the-apers.com\/fr\/wp-json\/wp\/v2\/media?parent=100"}],"curies":[{"name":"wp","href":"https:\/\/api.w.org\/{rel}","templated":true}]}}