{"id":243,"date":"2022-09-30T11:14:58","date_gmt":"2022-09-30T10:14:58","guid":{"rendered":"http:\/\/the-apers.com\/salons-de-discussion-milf\/"},"modified":"2022-09-30T11:14:58","modified_gmt":"2022-09-30T10:14:58","slug":"salons-de-discussion-milf","status":"publish","type":"page","link":"https:\/\/the-apers.com\/fr\/salons-de-discussion-milf\/","title":{"rendered":"Salons de discussion Milf"},"content":{"rendered":"<p>Il y a quelque chose d\u2019incroyablement s\u00e9duisant dans les MILF, et beaucoup de gars les trouvent irr\u00e9sistibles. Heureusement, il existe de nombreux salons de discussion MILF o\u00f9 vous pouvez discuter avec ces femmes magnifiques et peut-\u00eatre m\u00eame organiser une rencontre en personne. Assurez-vous simplement d\u2019\u00eatre respectueux et charmant, et vous serez s\u00fbr de marquer un rendez-vous chaud avec un MILF en un rien de temps.<\/p>\n<h2>Chat Milf gratuit<\/h2>\n<p>Vous cherchez un MILF chaud <a href=\"http:\/\/the-apers.com\/?page_id=228&amp;preview=true\">avec qui discuter en ligne<\/a>? Ne cherchez pas plus loin que Free MILF Chat. Ce site offre un service de chat gratuit pour les MILF et les gars qui les aiment. Il vous suffit de cr\u00e9er un compte et de commencer \u00e0 discuter avec des MILF excit\u00e9s dans votre r\u00e9gion. Que vous recherchiez un plaisir coquin ou une relation s\u00e9rieuse, Free MILF Chat est l\u2019endroit id\u00e9al pour commencer. Il n\u2019est pas n\u00e9cessaire d\u2019\u00eatre timide lorsque vous discutez avec des milfs &#8211; ils sont ouverts d\u2019esprit et recherchent l\u2019amour comme vous. Vous pourriez \u00eatre surpris de voir \u00e0 quel point il est facile de se connecter avec eux et combien vous avez en commun. Soyez simplement vous-m\u00eame et n\u2019ayez pas peur d\u2019entamer une conversation. Qui sait, vous pourriez bien trouver l\u2019amour de votre vie.<\/p>\n<h2>Parlez avec Milfs<\/h2>\n<p>J\u2019aime vraiment parler avec milfs. Ils sont g\u00e9n\u00e9ralement tr\u00e8s confiants et savent ce qu\u2019ils veulent. Je trouve qu\u2019ils sont aussi tr\u00e8s ouverts d\u2019esprit et pr\u00eats \u00e0 essayer de nouvelles choses. Cela en fait une excellente exp\u00e9rience de rencontre car ils n\u2019ont pas peur de prendre des risques. Je trouve aussi que les milfs sont tr\u00e8s sexy et sont g\u00e9n\u00e9ralement tr\u00e8s bons au lit. Ils sont g\u00e9n\u00e9ralement tr\u00e8s exp\u00e9riment\u00e9s et savent comment plaire \u00e0 un homme. Dans l\u2019ensemble, j\u2019aime vraiment sortir avec des milfs et je le recommanderais \u00e0 tout gars \u00e0 la recherche d\u2019un bon moment.<\/p>\n<h3>FabSwingers<\/h3>\n<p>Cette application de rencontres est parfaite pour se connecter avec des femmes plus \u00e2g\u00e9es qui recherchent un bon moment. L\u2019application est facile \u00e0 utiliser et dispose d\u2019une tonne de fonctionnalit\u00e9s qui la rendent parfaite pour trouver une milf avec laquelle discuter. Vous pouvez rechercher des femmes par \u00e2ge, emplacement, int\u00e9r\u00eats, etc. De plus, vous pouvez m\u00eame envoyer des messages et des photos aux femmes qui vous int\u00e9ressent. Donc, si vous cherchez un salon de discussion milf, FabSwingers est l\u2019endroit id\u00e9al pour commencer votre recherche.<\/p>\n<h3>Fling.com<\/h3>\n<p>Fling.com est une application de rencontres avec une diff\u00e9rence; il est sp\u00e9cialement con\u00e7u pour les personnes qui cherchent \u00e0 avoir des aventures occasionnelles sans aucune condition. L\u2019application est tr\u00e8s facile \u00e0 utiliser et dispose d\u2019une interface simple. Il a \u00e9galement une grande base d\u2019utilisateurs, ce qui signifie qu\u2019il y a toujours des gens en ligne avec qui discuter. L\u2019application est gratuite, mais certaines fonctionnalit\u00e9s ne sont disponibles que pour les membres payants. Dans l\u2019ensemble, l\u2019application est une excellente option pour les personnes qui recherchent des aventures occasionnelles.<\/p>\n<h3>OnlyFlings<\/h3>\n<p>Si vous recherchez un salon de discussion milf, vous voudrez consulter l\u2019application de rencontres OnlyFlings. C\u2019est une excellente application pour rencontrer des femmes plus \u00e2g\u00e9es et discuter avec elles. L\u2019application est facile \u00e0 utiliser et poss\u00e8de de nombreuses fonctionnalit\u00e9s qui en font un excellent choix pour les salons de discussion milf. Vous pouvez rechercher des femmes par emplacement, \u00e2ge, int\u00e9r\u00eats, etc. Vous pouvez \u00e9galement envoyer des messages et discuter avec eux en temps r\u00e9el. OnlyFlings est un excellent choix pour les salons de discussion milf et est s\u00fbr de vous aider \u00e0 rencontrer des femmes plus \u00e2g\u00e9es qui vous int\u00e9ressent.<\/p>\n","protected":false},"excerpt":{"rendered":"<p>Il y a quelque chose d\u2019incroyablement s\u00e9duisant dans les MILF, et beaucoup de gars les trouvent irr\u00e9sistibles. Heureusement, il existe&hellip;<\/p>\n","protected":false},"author":1,"featured_media":0,"parent":0,"menu_order":0,"comment_status":"closed","ping_status":"closed","template":"","meta":[],"yoast_head":"<!-- This site is optimized with the Yoast SEO plugin v17.7.1 - https:\/\/yoast.com\/wordpress\/plugins\/seo\/ -->\n<title>Salons de discussion Milf - Adult Dating Finder<\/title>\n<meta name=\"robots\" content=\"index, follow, max-snippet:-1, max-image-preview:large, max-video-preview:-1\" \/>\n<link rel=\"canonical\" href=\"https:\/\/the-apers.com\/fr\/salons-de-discussion-milf\/\" \/>\n<meta property=\"og:locale\" content=\"fr_FR\" \/>\n<meta property=\"og:type\" content=\"article\" \/>\n<meta property=\"og:title\" content=\"Salons de discussion Milf - Adult Dating Finder\" \/>\n<meta property=\"og:description\" content=\"Il y a quelque chose d\u2019incroyablement s\u00e9duisant dans les MILF, et beaucoup de gars les trouvent irr\u00e9sistibles. Heureusement, il existe&hellip;\" \/>\n<meta property=\"og:url\" content=\"https:\/\/the-apers.com\/fr\/salons-de-discussion-milf\/\" \/>\n<meta property=\"og:site_name\" content=\"Adult Dating Finder\" \/>\n<meta name=\"twitter:card\" content=\"summary_large_image\" \/>\n<meta name=\"twitter:label1\" content=\"Dur\u00e9e de lecture estim\u00e9e\" \/>\n\t<meta name=\"twitter:data1\" content=\"3 minutes\" \/>\n<script type=\"application\/ld+json\" class=\"yoast-schema-graph\">{\"@context\":\"https:\/\/schema.org\",\"@graph\":[{\"@type\":\"WebSite\",\"@id\":\"https:\/\/the-apers.com\/nl\/#website\",\"url\":\"https:\/\/the-apers.com\/nl\/\",\"name\":\"Adult Dating Finder\",\"description\":\"Online Personals\",\"potentialAction\":[{\"@type\":\"SearchAction\",\"target\":{\"@type\":\"EntryPoint\",\"urlTemplate\":\"https:\/\/the-apers.com\/nl\/?s={search_term_string}\"},\"query-input\":\"required name=search_term_string\"}],\"inLanguage\":\"fr-FR\"},{\"@type\":\"WebPage\",\"@id\":\"https:\/\/the-apers.com\/fr\/salons-de-discussion-milf\/#webpage\",\"url\":\"https:\/\/the-apers.com\/fr\/salons-de-discussion-milf\/\",\"name\":\"Salons de discussion Milf - Adult Dating Finder\",\"isPartOf\":{\"@id\":\"https:\/\/the-apers.com\/nl\/#website\"},\"datePublished\":\"2022-09-30T10:14:58+00:00\",\"dateModified\":\"2022-09-30T10:14:58+00:00\",\"breadcrumb\":{\"@id\":\"https:\/\/the-apers.com\/fr\/salons-de-discussion-milf\/#breadcrumb\"},\"inLanguage\":\"fr-FR\",\"potentialAction\":[{\"@type\":\"ReadAction\",\"target\":[\"https:\/\/the-apers.com\/fr\/salons-de-discussion-milf\/\"]}]},{\"@type\":\"BreadcrumbList\",\"@id\":\"https:\/\/the-apers.com\/fr\/salons-de-discussion-milf\/#breadcrumb\",\"itemListElement\":[{\"@type\":\"ListItem\",\"position\":1,\"name\":\"Home\",\"item\":\"http:\/\/the-apers.com\/fr\/\"},{\"@type\":\"ListItem\",\"position\":2,\"name\":\"Salons de discussion Milf\"}]}]}<\/script>\n<!-- \/ Yoast SEO plugin. -->","yoast_head_json":{"title":"Salons de discussion Milf - Adult Dating Finder","robots":{"index":"index","follow":"follow","max-snippet":"max-snippet:-1","max-image-preview":"max-image-preview:large","max-video-preview":"max-video-preview:-1"},"canonical":"https:\/\/the-apers.com\/fr\/salons-de-discussion-milf\/","og_locale":"fr_FR","og_type":"article","og_title":"Salons de discussion Milf - Adult Dating Finder","og_description":"Il y a quelque chose d\u2019incroyablement s\u00e9duisant dans les MILF, et beaucoup de gars les trouvent irr\u00e9sistibles. Heureusement, il existe&hellip;","og_url":"https:\/\/the-apers.com\/fr\/salons-de-discussion-milf\/","og_site_name":"Adult Dating Finder","twitter_card":"summary_large_image","twitter_misc":{"Dur\u00e9e de lecture estim\u00e9e":"3 minutes"},"schema":{"@context":"https:\/\/schema.org","@graph":[{"@type":"WebSite","@id":"https:\/\/the-apers.com\/nl\/#website","url":"https:\/\/the-apers.com\/nl\/","name":"Adult Dating Finder","description":"Online Personals","potentialAction":[{"@type":"SearchAction","target":{"@type":"EntryPoint","urlTemplate":"https:\/\/the-apers.com\/nl\/?s={search_term_string}"},"query-input":"required name=search_term_string"}],"inLanguage":"fr-FR"},{"@type":"WebPage","@id":"https:\/\/the-apers.com\/fr\/salons-de-discussion-milf\/#webpage","url":"https:\/\/the-apers.com\/fr\/salons-de-discussion-milf\/","name":"Salons de discussion Milf - Adult Dating Finder","isPartOf":{"@id":"https:\/\/the-apers.com\/nl\/#website"},"datePublished":"2022-09-30T10:14:58+00:00","dateModified":"2022-09-30T10:14:58+00:00","breadcrumb":{"@id":"https:\/\/the-apers.com\/fr\/salons-de-discussion-milf\/#breadcrumb"},"inLanguage":"fr-FR","potentialAction":[{"@type":"ReadAction","target":["https:\/\/the-apers.com\/fr\/salons-de-discussion-milf\/"]}]},{"@type":"BreadcrumbList","@id":"https:\/\/the-apers.com\/fr\/salons-de-discussion-milf\/#breadcrumb","itemListElement":[{"@type":"ListItem","position":1,"name":"Home","item":"http:\/\/the-apers.com\/fr\/"},{"@type":"ListItem","position":2,"name":"Salons de discussion Milf"}]}]}},"_links":{"self":[{"href":"https:\/\/the-apers.com\/fr\/wp-json\/wp\/v2\/pages\/243"}],"collection":[{"href":"https:\/\/the-apers.com\/fr\/wp-json\/wp\/v2\/pages"}],"about":[{"href":"https:\/\/the-apers.com\/fr\/wp-json\/wp\/v2\/types\/page"}],"author":[{"embeddable":true,"href":"https:\/\/the-apers.com\/fr\/wp-json\/wp\/v2\/users\/1"}],"replies":[{"embeddable":true,"href":"https:\/\/the-apers.com\/fr\/wp-json\/wp\/v2\/comments?post=243"}],"version-history":[{"count":0,"href":"https:\/\/the-apers.com\/fr\/wp-json\/wp\/v2\/pages\/243\/revisions"}],"wp:attachment":[{"href":"https:\/\/the-apers.com\/fr\/wp-json\/wp\/v2\/media?parent=243"}],"curies":[{"name":"wp","href":"https:\/\/api.w.org\/{rel}","templated":true}]}}