{"id":248,"date":"2022-09-30T11:13:19","date_gmt":"2022-09-30T10:13:19","guid":{"rendered":"http:\/\/the-apers.com\/salles-de-discussion-bondage\/"},"modified":"2022-09-30T11:13:19","modified_gmt":"2022-09-30T10:13:19","slug":"salles-de-discussion-bondage","status":"publish","type":"page","link":"https:\/\/the-apers.com\/fr\/salles-de-discussion-bondage\/","title":{"rendered":"Salles de discussion Bondage"},"content":{"rendered":"<p>Il y a quelque chose dans l\u2019anonymat d\u2019un salon de discussion qui fait vraiment parler les gens de leurs probl\u00e8mes et de leurs f\u00e9tiches. Pour beaucoup de gens, les salons de discussion de bondage sont un moyen d\u2019explorer leurs d\u00e9sirs sexuels sans avoir \u00e0 se soucier du jugement de leurs amis ou de leur famille.<\/p>\n<p>Ces salons de discussion offrent aux gens un espace pour <a href=\"http:\/\/the-apers.com\/?page_id=228&amp;preview=true\">parler de leurs int\u00e9r\u00eats<\/a>, partager des histoires et m\u00eame se connecter avec des personnes partageant les m\u00eames id\u00e9es. Que vous recherchiez un peu de plaisir en ligne ou que vous esp\u00e9riez rencontrer quelqu\u2019un en personne, les forums de discussion sur le bondage peuvent \u00eatre un excellent moyen d\u2019explorer votre c\u00f4t\u00e9 sexuel.<\/p>\n<p>Les rencontres de bondage, c\u2019est quand les gens qui s\u2019int\u00e9ressent au bondage et au <a href=\"http:\/\/the-apers.com\/bdsm-sites\/\">BDSM<\/a> se r\u00e9unissent \u00e0 ce jour. Cela peut impliquer d\u2019aller dans des clubs et des \u00e9v\u00e9nements qui sont sp\u00e9cifiquement pour ce genre de chose, ou cela peut simplement \u00eatre d\u2019organiser pour rencontrer quelqu\u2019un qui partage vos int\u00e9r\u00eats. Cela peut \u00eatre un excellent moyen d\u2019explorer votre c\u00f4t\u00e9 pervers et de d\u00e9couvrir ce que les autres aiment. Cela peut aussi \u00eatre tr\u00e8s amusant et un excellent moyen de rencontrer de nouvelles personnes.<\/p>\n<h2>Connexion BDSM<\/h2>\n<p>Quand il s\u2019agit de trouver l\u2019amour, certaines personnes pourraient dire qu\u2019il n\u2019y a rien de tel qu\u2019une connexion BDSM. Pour ceux qui ne sont pas familiers, BDSM est un acronyme pour bondage, discipline, sadisme et masochisme. Et bien que ce ne soit peut-\u00eatre pas la tasse de th\u00e9 de tout le monde, il est ind\u00e9niable que cela peut \u00eatre un excellent moyen de se connecter avec quelqu\u2019un sur le plan physique et \u00e9motionnel.<\/p>\n<p>Si vous envisagez d\u2019essayer le BDSM, il y a quelques choses que vous devez garder \u00e0 l\u2019esprit. Tout d\u2019abord, il est important de trouver un partenaire ouvert d\u2019esprit et pr\u00eat \u00e0 explorer de nouvelles choses. Deuxi\u00e8mement, la communication est essentielle. Vous devrez \u00eatre en mesure de communiquer vos d\u00e9sirs, vos besoins et vos limites avec votre partenaire avant de commencer.<\/p>\n<p>Et enfin, n\u2019ayez pas peur d\u2019exp\u00e9rimenter. Le BDSM peut \u00eatre un excellent moyen de pimenter votre vie sexuelle et d\u2019ajouter un peu d\u2019excitation \u00e0 votre relation. Alors allez-y et explorez! Qui sait, vous pourriez bien trouver l\u2019amour de votre vie.<\/p>\n<h2>Sites de rencontre f\u00e9tichistes<\/h2>\n<p>Les sites de rencontre f\u00e9tichistes peuvent \u00eatre un excellent moyen de se connecter avec d\u2019autres personnes qui partagent vos int\u00e9r\u00eats. Ils peuvent fournir un environnement s\u00fbr et accueillant pour vous permettre d\u2019explorer votre sexualit\u00e9 et vos f\u00e9tiches. Il y a cependant quelques points \u00e0 garder \u00e0 l\u2019esprit lors de l\u2019utilisation de ces sites. Tout d\u2019abord, assurez-vous de lire attentivement les r\u00e8gles et r\u00e8glements du site. Cela vous aidera \u00e0 \u00e9viter d\u2019\u00eatre banni ou supprim\u00e9 du site. Deuxi\u00e8mement, soyez respectueux des autres membres. Cela inclut de ne pas publier d\u2019informations personnelles ou de harceler d\u2019autres membres. Enfin, n\u2019oubliez pas de vous amuser et d\u2019\u00eatre en s\u00e9curit\u00e9!<\/p>\n<h3>Xmeets<\/h3>\n<p>Si vous aimez le bondage et le sexe plus pervers, alors Xmeets est l\u2019application de rencontres qu\u2019il vous faut! En mettant l\u2019accent sur la connexion des personnes qui sont dans le BDSM et d\u2019autres kinks, Xmeets est une excellente option pour tous ceux qui cherchent \u00e0 explorer leur c\u00f4t\u00e9 pervers. L\u2019application est facile \u00e0 utiliser et poss\u00e8de une tonne de fonctionnalit\u00e9s, ce qui en fait une excellente option pour tous ceux qui cherchent \u00e0 exp\u00e9rimenter le bondage et le sexe plus pervers.<\/p>\n<h3>Datehookup<\/h3>\n<p>Datehookup est une application de rencontres qui permet aux utilisateurs de se connecter avec des correspondances potentielles \u00e0 proximit\u00e9. L\u2019application comprend \u00e9galement une fonctionnalit\u00e9 appel\u00e9e \u00ab&nbsp;Bondage Chatrooms&nbsp;\u00bb qui permet aux utilisateurs de se connecter avec d\u2019autres personnes qui partagent leur int\u00e9r\u00eat pour le bondage et le jeu f\u00e9tiche. Les salons de discussion sont un excellent moyen de se connecter avec des personnes partageant les m\u00eames id\u00e9es, et l\u2019application comprend \u00e9galement des fonctionnalit\u00e9s telles que la messagerie priv\u00e9e et le chat vid\u00e9o. Dans l\u2019ensemble, l\u2019application est un excellent moyen de se connecter avec des correspondances potentielles et d\u2019explorer vos probl\u00e8mes et vos f\u00e9tiches de mani\u00e8re s\u00fbre et consensuelle.<\/p>\n<h3>Beaucoup de poissons<\/h3>\n<p>Si vous \u00eates \u00e0 la recherche d\u2019un salon de discussion de bondage, Plenty of Fish est une excellente option. L\u2019application de rencontres offre une grande vari\u00e9t\u00e9 de fonctionnalit\u00e9s et est tr\u00e8s conviviale. Vous pouvez rechercher des membres par emplacement, \u00e2ge et int\u00e9r\u00eats, et l\u2019application vous sugg\u00e9rera m\u00eame des correspondances. Le seul inconv\u00e9nient est qu\u2019il n\u2019y a pas de salons de discussion de bondage sp\u00e9cifiques, vous devrez donc les rechercher dans les salons de discussion g\u00e9n\u00e9raux.<\/p>\n","protected":false},"excerpt":{"rendered":"<p>Il y a quelque chose dans l\u2019anonymat d\u2019un salon de discussion qui fait vraiment parler les gens de leurs probl\u00e8mes&hellip;<\/p>\n","protected":false},"author":1,"featured_media":0,"parent":0,"menu_order":0,"comment_status":"closed","ping_status":"closed","template":"","meta":[],"yoast_head":"<!-- This site is optimized with the Yoast SEO plugin v17.7.1 - https:\/\/yoast.com\/wordpress\/plugins\/seo\/ -->\n<title>Salles de discussion Bondage - Adult Dating Finder<\/title>\n<meta name=\"robots\" content=\"index, follow, max-snippet:-1, max-image-preview:large, max-video-preview:-1\" \/>\n<link rel=\"canonical\" href=\"https:\/\/the-apers.com\/fr\/salles-de-discussion-bondage\/\" \/>\n<meta property=\"og:locale\" content=\"fr_FR\" \/>\n<meta property=\"og:type\" content=\"article\" \/>\n<meta property=\"og:title\" content=\"Salles de discussion Bondage - Adult Dating Finder\" \/>\n<meta property=\"og:description\" content=\"Il y a quelque chose dans l\u2019anonymat d\u2019un salon de discussion qui fait vraiment parler les gens de leurs probl\u00e8mes&hellip;\" \/>\n<meta property=\"og:url\" content=\"https:\/\/the-apers.com\/fr\/salles-de-discussion-bondage\/\" \/>\n<meta property=\"og:site_name\" content=\"Adult Dating Finder\" \/>\n<meta name=\"twitter:card\" content=\"summary_large_image\" \/>\n<meta name=\"twitter:label1\" content=\"Dur\u00e9e de lecture estim\u00e9e\" \/>\n\t<meta name=\"twitter:data1\" content=\"4 minutes\" \/>\n<script type=\"application\/ld+json\" class=\"yoast-schema-graph\">{\"@context\":\"https:\/\/schema.org\",\"@graph\":[{\"@type\":\"WebSite\",\"@id\":\"https:\/\/the-apers.com\/#website\",\"url\":\"https:\/\/the-apers.com\/\",\"name\":\"Adult Dating Finder\",\"description\":\"Online Personals\",\"potentialAction\":[{\"@type\":\"SearchAction\",\"target\":{\"@type\":\"EntryPoint\",\"urlTemplate\":\"https:\/\/the-apers.com\/?s={search_term_string}\"},\"query-input\":\"required name=search_term_string\"}],\"inLanguage\":\"fr-FR\"},{\"@type\":\"WebPage\",\"@id\":\"https:\/\/the-apers.com\/fr\/salles-de-discussion-bondage\/#webpage\",\"url\":\"https:\/\/the-apers.com\/fr\/salles-de-discussion-bondage\/\",\"name\":\"Salles de discussion Bondage - Adult Dating Finder\",\"isPartOf\":{\"@id\":\"https:\/\/the-apers.com\/#website\"},\"datePublished\":\"2022-09-30T10:13:19+00:00\",\"dateModified\":\"2022-09-30T10:13:19+00:00\",\"breadcrumb\":{\"@id\":\"https:\/\/the-apers.com\/fr\/salles-de-discussion-bondage\/#breadcrumb\"},\"inLanguage\":\"fr-FR\",\"potentialAction\":[{\"@type\":\"ReadAction\",\"target\":[\"https:\/\/the-apers.com\/fr\/salles-de-discussion-bondage\/\"]}]},{\"@type\":\"BreadcrumbList\",\"@id\":\"https:\/\/the-apers.com\/fr\/salles-de-discussion-bondage\/#breadcrumb\",\"itemListElement\":[{\"@type\":\"ListItem\",\"position\":1,\"name\":\"Home\",\"item\":\"https:\/\/the-apers.com\/fr\/\"},{\"@type\":\"ListItem\",\"position\":2,\"name\":\"Salles de discussion Bondage\"}]}]}<\/script>\n<!-- \/ Yoast SEO plugin. -->","yoast_head_json":{"title":"Salles de discussion Bondage - Adult Dating Finder","robots":{"index":"index","follow":"follow","max-snippet":"max-snippet:-1","max-image-preview":"max-image-preview:large","max-video-preview":"max-video-preview:-1"},"canonical":"https:\/\/the-apers.com\/fr\/salles-de-discussion-bondage\/","og_locale":"fr_FR","og_type":"article","og_title":"Salles de discussion Bondage - Adult Dating Finder","og_description":"Il y a quelque chose dans l\u2019anonymat d\u2019un salon de discussion qui fait vraiment parler les gens de leurs probl\u00e8mes&hellip;","og_url":"https:\/\/the-apers.com\/fr\/salles-de-discussion-bondage\/","og_site_name":"Adult Dating Finder","twitter_card":"summary_large_image","twitter_misc":{"Dur\u00e9e de lecture estim\u00e9e":"4 minutes"},"schema":{"@context":"https:\/\/schema.org","@graph":[{"@type":"WebSite","@id":"https:\/\/the-apers.com\/#website","url":"https:\/\/the-apers.com\/","name":"Adult Dating Finder","description":"Online Personals","potentialAction":[{"@type":"SearchAction","target":{"@type":"EntryPoint","urlTemplate":"https:\/\/the-apers.com\/?s={search_term_string}"},"query-input":"required name=search_term_string"}],"inLanguage":"fr-FR"},{"@type":"WebPage","@id":"https:\/\/the-apers.com\/fr\/salles-de-discussion-bondage\/#webpage","url":"https:\/\/the-apers.com\/fr\/salles-de-discussion-bondage\/","name":"Salles de discussion Bondage - Adult Dating Finder","isPartOf":{"@id":"https:\/\/the-apers.com\/#website"},"datePublished":"2022-09-30T10:13:19+00:00","dateModified":"2022-09-30T10:13:19+00:00","breadcrumb":{"@id":"https:\/\/the-apers.com\/fr\/salles-de-discussion-bondage\/#breadcrumb"},"inLanguage":"fr-FR","potentialAction":[{"@type":"ReadAction","target":["https:\/\/the-apers.com\/fr\/salles-de-discussion-bondage\/"]}]},{"@type":"BreadcrumbList","@id":"https:\/\/the-apers.com\/fr\/salles-de-discussion-bondage\/#breadcrumb","itemListElement":[{"@type":"ListItem","position":1,"name":"Home","item":"https:\/\/the-apers.com\/fr\/"},{"@type":"ListItem","position":2,"name":"Salles de discussion Bondage"}]}]}},"_links":{"self":[{"href":"https:\/\/the-apers.com\/fr\/wp-json\/wp\/v2\/pages\/248"}],"collection":[{"href":"https:\/\/the-apers.com\/fr\/wp-json\/wp\/v2\/pages"}],"about":[{"href":"https:\/\/the-apers.com\/fr\/wp-json\/wp\/v2\/types\/page"}],"author":[{"embeddable":true,"href":"https:\/\/the-apers.com\/fr\/wp-json\/wp\/v2\/users\/1"}],"replies":[{"embeddable":true,"href":"https:\/\/the-apers.com\/fr\/wp-json\/wp\/v2\/comments?post=248"}],"version-history":[{"count":0,"href":"https:\/\/the-apers.com\/fr\/wp-json\/wp\/v2\/pages\/248\/revisions"}],"wp:attachment":[{"href":"https:\/\/the-apers.com\/fr\/wp-json\/wp\/v2\/media?parent=248"}],"curies":[{"name":"wp","href":"https:\/\/api.w.org\/{rel}","templated":true}]}}