{"id":257,"date":"2022-09-30T11:15:23","date_gmt":"2022-09-30T10:15:23","guid":{"rendered":"http:\/\/the-apers.com\/sites-echangistes-locaux\/"},"modified":"2022-09-30T11:15:23","modified_gmt":"2022-09-30T10:15:23","slug":"sites-echangistes-locaux","status":"publish","type":"page","link":"https:\/\/the-apers.com\/fr\/sites-echangistes-locaux\/","title":{"rendered":"Sites \u00e9changistes locaux"},"content":{"rendered":"<p>Il y a quelques sites \u00e9changistes locaux qui sont populaires dans la <a href=\"http:\/\/the-apers.com\/bondage-chatrooms\/\">communaut\u00e9 des connexions<\/a>. Ils sont un excellent moyen de rencontrer d\u2019autres couples ou c\u00e9libataires dans votre r\u00e9gion qui sont int\u00e9ress\u00e9s \u00e0 explorer leur sexualit\u00e9. Ces sites ont g\u00e9n\u00e9ralement une vari\u00e9t\u00e9 de fonctionnalit\u00e9s qui vous permettent de rechercher des correspondances, de discuter avec les membres et m\u00eame d\u2019afficher des profils. Certaines des fonctionnalit\u00e9s les plus populaires incluent les chats vid\u00e9o, la messagerie instantan\u00e9e et les forums de membres.<\/p>\n<h2>Sites \u00e9changistes<\/h2>\n<p>Il existe de nombreux sites \u00e9changistes disponibles en ligne qui s\u2019adressent aux personnes int\u00e9ress\u00e9es par ce type de rencontres. Ces sites permettent g\u00e9n\u00e9ralement aux membres de cr\u00e9er des profils et de parcourir les profils des autres membres afin de trouver des correspondances potentielles. Certains sites proposent \u00e9galement des salles de discussion et des forums o\u00f9 les membres peuvent interagir les uns avec les autres. Les sites \u00e9changistes peuvent \u00eatre un excellent moyen de rencontrer de nouvelles personnes et d\u2019explorer votre sexualit\u00e9 dans un environnement s\u00fbr et confortable.<\/p>\n<p>Quand il s\u2019agit de trouver l\u2019amour, les rencontres \u00e9changistes peuvent \u00eatre une excellente fa\u00e7on de proc\u00e9der. Vous pouvez rencontrer beaucoup de gens diff\u00e9rents en une nuit et apprendre \u00e0 mieux les conna\u00eetre. Cela peut vous aider \u00e0 trouver la bonne personne pour vous et \u00e0 commencer une relation.<\/p>\n<h2>Site \u00e9changiste local<\/h2>\n<p>Si vous cherchez un site \u00e9changiste local, vous \u00eates au bon endroit. Nous avons tout ce dont vous avez besoin pour trouver des \u00e9changistes dans votre r\u00e9gion, y compris un r\u00e9pertoire complet des clubs et des \u00e9v\u00e9nements \u00e9changistes. Nous offrons \u00e9galement un large \u00e9ventail de ressources pour les \u00e9changistes, y compris un forum, un blog et une colonne de conseils. Et si vous cherchez quelque chose d\u2019un peu plus m\u00e9chant, nous l\u2019avons aussi couvert. Alors, qu\u2019attendez-vous? Entrez et commencez \u00e0 vous balancer!<\/p>\n<h3>SwingLifestyle<\/h3>\n<p>Si vous recherchez un site \u00e9changiste local, SwingLifestyle est une excellente option. L\u2019application est facile \u00e0 utiliser et dispose de nombreuses fonctionnalit\u00e9s pour vous aider \u00e0 vous connecter avec d\u2019autres \u00e9changistes de votre r\u00e9gion. La fonction de recherche est particuli\u00e8rement utile et vous pouvez \u00e9galement afficher les profils d\u2019autres utilisateurs de votre r\u00e9gion. L\u2019application comprend \u00e9galement un forum, afin que vous puissiez vous connecter avec d\u2019autres utilisateurs et poser des questions ou obtenir des conseils. Dans l\u2019ensemble, SwingLifestyle est une excellente option pour les \u00e9changistes locaux.<\/p>\n<h3>FabSwingers<\/h3>\n<p>Si vous \u00eates int\u00e9ress\u00e9 \u00e0 trouver un site \u00e9changiste local, alors vous voudrez certainement consulter FabSwingers. Ce site est l\u2019un des plus populaires et des plus respect\u00e9s de l\u2019industrie, et pour cause. Le site dispose d\u2019une tonne de fonctionnalit\u00e9s et d\u2019options qui facilitent la recherche et la connexion avec des correspondances potentielles, et le site offre \u00e9galement beaucoup de soutien et de ressources \u00e0 ses membres. De plus, le site est tr\u00e8s convivial et facile \u00e0 naviguer, ce qui est certainement un plus. Dans l\u2019ensemble, FabSwingers est une excellente option pour tous ceux qui souhaitent trouver un site \u00e9changiste local, et nous le recommandons vivement.<\/p>\n<h3>Badoo<\/h3>\n<p>Badoo est une application de rencontres qui vous permet de rencontrer de nouvelles personnes dans votre r\u00e9gion. Cependant, de nombreux utilisateurs se sont plaints de l\u2019application, affirmant qu\u2019elle regorge de faux profils et qu\u2019elle n\u2019est pas un bon moyen de respecter des dates potentielles. De plus, l\u2019application n\u2019est pas tr\u00e8s conviviale et peut \u00eatre difficile \u00e0 naviguer. Dans l\u2019ensemble, nous ne recommandons pas d\u2019utiliser Badoo si vous recherchez un site \u00e9changiste local. Il existe de meilleures options plus fiables.<\/p>\n","protected":false},"excerpt":{"rendered":"<p>Il y a quelques sites \u00e9changistes locaux qui sont populaires dans la communaut\u00e9 des connexions. Ils sont un excellent moyen&hellip;<\/p>\n","protected":false},"author":1,"featured_media":0,"parent":0,"menu_order":0,"comment_status":"closed","ping_status":"closed","template":"","meta":[],"yoast_head":"<!-- This site is optimized with the Yoast SEO plugin v17.7.1 - https:\/\/yoast.com\/wordpress\/plugins\/seo\/ -->\n<title>Sites \u00e9changistes locaux - Adult Dating Finder<\/title>\n<meta name=\"robots\" content=\"index, follow, max-snippet:-1, max-image-preview:large, max-video-preview:-1\" \/>\n<link rel=\"canonical\" href=\"https:\/\/the-apers.com\/fr\/sites-echangistes-locaux\/\" \/>\n<meta property=\"og:locale\" content=\"fr_FR\" \/>\n<meta property=\"og:type\" content=\"article\" \/>\n<meta property=\"og:title\" content=\"Sites \u00e9changistes locaux - Adult Dating Finder\" \/>\n<meta property=\"og:description\" content=\"Il y a quelques sites \u00e9changistes locaux qui sont populaires dans la communaut\u00e9 des connexions. Ils sont un excellent moyen&hellip;\" \/>\n<meta property=\"og:url\" content=\"https:\/\/the-apers.com\/fr\/sites-echangistes-locaux\/\" \/>\n<meta property=\"og:site_name\" content=\"Adult Dating Finder\" \/>\n<meta name=\"twitter:card\" content=\"summary_large_image\" \/>\n<meta name=\"twitter:label1\" content=\"Dur\u00e9e de lecture estim\u00e9e\" \/>\n\t<meta name=\"twitter:data1\" content=\"3 minutes\" \/>\n<script type=\"application\/ld+json\" class=\"yoast-schema-graph\">{\"@context\":\"https:\/\/schema.org\",\"@graph\":[{\"@type\":\"WebSite\",\"@id\":\"https:\/\/the-apers.com\/#website\",\"url\":\"https:\/\/the-apers.com\/\",\"name\":\"Adult Dating Finder\",\"description\":\"Online Personals\",\"potentialAction\":[{\"@type\":\"SearchAction\",\"target\":{\"@type\":\"EntryPoint\",\"urlTemplate\":\"https:\/\/the-apers.com\/?s={search_term_string}\"},\"query-input\":\"required name=search_term_string\"}],\"inLanguage\":\"fr-FR\"},{\"@type\":\"WebPage\",\"@id\":\"https:\/\/the-apers.com\/fr\/sites-echangistes-locaux\/#webpage\",\"url\":\"https:\/\/the-apers.com\/fr\/sites-echangistes-locaux\/\",\"name\":\"Sites \\u00e9changistes locaux - Adult Dating Finder\",\"isPartOf\":{\"@id\":\"https:\/\/the-apers.com\/#website\"},\"datePublished\":\"2022-09-30T10:15:23+00:00\",\"dateModified\":\"2022-09-30T10:15:23+00:00\",\"breadcrumb\":{\"@id\":\"https:\/\/the-apers.com\/fr\/sites-echangistes-locaux\/#breadcrumb\"},\"inLanguage\":\"fr-FR\",\"potentialAction\":[{\"@type\":\"ReadAction\",\"target\":[\"https:\/\/the-apers.com\/fr\/sites-echangistes-locaux\/\"]}]},{\"@type\":\"BreadcrumbList\",\"@id\":\"https:\/\/the-apers.com\/fr\/sites-echangistes-locaux\/#breadcrumb\",\"itemListElement\":[{\"@type\":\"ListItem\",\"position\":1,\"name\":\"Home\",\"item\":\"https:\/\/the-apers.com\/fr\/\"},{\"@type\":\"ListItem\",\"position\":2,\"name\":\"Sites \\u00e9changistes locaux\"}]}]}<\/script>\n<!-- \/ Yoast SEO plugin. -->","yoast_head_json":{"title":"Sites \u00e9changistes locaux - Adult Dating Finder","robots":{"index":"index","follow":"follow","max-snippet":"max-snippet:-1","max-image-preview":"max-image-preview:large","max-video-preview":"max-video-preview:-1"},"canonical":"https:\/\/the-apers.com\/fr\/sites-echangistes-locaux\/","og_locale":"fr_FR","og_type":"article","og_title":"Sites \u00e9changistes locaux - Adult Dating Finder","og_description":"Il y a quelques sites \u00e9changistes locaux qui sont populaires dans la communaut\u00e9 des connexions. Ils sont un excellent moyen&hellip;","og_url":"https:\/\/the-apers.com\/fr\/sites-echangistes-locaux\/","og_site_name":"Adult Dating Finder","twitter_card":"summary_large_image","twitter_misc":{"Dur\u00e9e de lecture estim\u00e9e":"3 minutes"},"schema":{"@context":"https:\/\/schema.org","@graph":[{"@type":"WebSite","@id":"https:\/\/the-apers.com\/#website","url":"https:\/\/the-apers.com\/","name":"Adult Dating Finder","description":"Online Personals","potentialAction":[{"@type":"SearchAction","target":{"@type":"EntryPoint","urlTemplate":"https:\/\/the-apers.com\/?s={search_term_string}"},"query-input":"required name=search_term_string"}],"inLanguage":"fr-FR"},{"@type":"WebPage","@id":"https:\/\/the-apers.com\/fr\/sites-echangistes-locaux\/#webpage","url":"https:\/\/the-apers.com\/fr\/sites-echangistes-locaux\/","name":"Sites \u00e9changistes locaux - Adult Dating Finder","isPartOf":{"@id":"https:\/\/the-apers.com\/#website"},"datePublished":"2022-09-30T10:15:23+00:00","dateModified":"2022-09-30T10:15:23+00:00","breadcrumb":{"@id":"https:\/\/the-apers.com\/fr\/sites-echangistes-locaux\/#breadcrumb"},"inLanguage":"fr-FR","potentialAction":[{"@type":"ReadAction","target":["https:\/\/the-apers.com\/fr\/sites-echangistes-locaux\/"]}]},{"@type":"BreadcrumbList","@id":"https:\/\/the-apers.com\/fr\/sites-echangistes-locaux\/#breadcrumb","itemListElement":[{"@type":"ListItem","position":1,"name":"Home","item":"https:\/\/the-apers.com\/fr\/"},{"@type":"ListItem","position":2,"name":"Sites \u00e9changistes locaux"}]}]}},"_links":{"self":[{"href":"https:\/\/the-apers.com\/fr\/wp-json\/wp\/v2\/pages\/257"}],"collection":[{"href":"https:\/\/the-apers.com\/fr\/wp-json\/wp\/v2\/pages"}],"about":[{"href":"https:\/\/the-apers.com\/fr\/wp-json\/wp\/v2\/types\/page"}],"author":[{"embeddable":true,"href":"https:\/\/the-apers.com\/fr\/wp-json\/wp\/v2\/users\/1"}],"replies":[{"embeddable":true,"href":"https:\/\/the-apers.com\/fr\/wp-json\/wp\/v2\/comments?post=257"}],"version-history":[{"count":0,"href":"https:\/\/the-apers.com\/fr\/wp-json\/wp\/v2\/pages\/257\/revisions"}],"wp:attachment":[{"href":"https:\/\/the-apers.com\/fr\/wp-json\/wp\/v2\/media?parent=257"}],"curies":[{"name":"wp","href":"https:\/\/api.w.org\/{rel}","templated":true}]}}