{"id":291,"date":"2022-09-30T11:12:38","date_gmt":"2022-09-30T10:12:38","guid":{"rendered":"http:\/\/the-apers.com\/bdsm-sites\/"},"modified":"2022-09-30T11:12:38","modified_gmt":"2022-09-30T10:12:38","slug":"bdsm-sites","status":"publish","type":"page","link":"https:\/\/the-apers.com\/fr\/bdsm-sites\/","title":{"rendered":"BDSM Sites"},"content":{"rendered":"<p>Il existe un certain nombre de sites Web qui s\u2019adressent aux personnes int\u00e9ress\u00e9es par le BDSM. Ces sites Web peuvent \u00eatre un excellent moyen de se connecter avec des personnes partageant les m\u00eames id\u00e9es qui sont int\u00e9ress\u00e9es \u00e0 explorer ce type d\u2019activit\u00e9 sexuelle. Certains de ces sites Web ont \u00e9galement des forums et des salles de discussion o\u00f9 vous pouvez discuter avec d\u2019autres membres et en apprendre davantage sur le BDSM. Si vous \u00eates int\u00e9ress\u00e9 \u00e0 explorer ce type d\u2019activit\u00e9 sexuelle, ces sites Web peuvent \u00eatre un excellent point de d\u00e9part.<\/p>\n<h2>Meilleur chercheur de rencontres BDSM<\/h2>\n<p>Il est ind\u00e9niable que les rencontres BDSM peuvent \u00eatre assez intimidantes, surtout si vous \u00eates nouveau sur la sc\u00e8ne. Cependant, avec l\u2019aide d\u2019un chercheur de rencontres BDSM, vous pouvez facilement trouver des personnes partageant les m\u00eames id\u00e9es qui sont dans les m\u00eames plis et f\u00e9tiches que vous. Un chercheur de rencontres BDSM est essentiellement un moteur de recherche qui vous aide \u00e0 trouver d\u2019autres <a href=\"http:\/\/the-apers.com\/bondage-chatrooms\/\">passionn\u00e9s de BDSM pr\u00e8s de chez vous<\/a>. Tout ce que vous avez \u00e0 faire est d\u2019entrer votre emplacement et vos pr\u00e9f\u00e9rences, et le finder fera le reste. Non seulement cela facilite la recherche de partenaires potentiels, mais cela signifie \u00e9galement que vous pouvez \u00eatre s\u00fbr qu\u2019ils sont dans les m\u00eames choses que vous. Fini les conversations g\u00eanantes ou les d\u00e9ceptions !<\/p>\n<p>Il y a beaucoup de gens pervers \u00e0 la recherche de l\u2019amour dans le monde, et beaucoup d\u2019entre eux utilisent les rencontres en ligne pour le trouver. Les sites de rencontres Kinky s\u2019adressent aux personnes qui aiment les activit\u00e9s sexuelles inhabituelles, et ils peuvent \u00eatre un excellent moyen de trouver un partenaire partageant les m\u00eames id\u00e9es. Les sites de rencontres Kinky ont souvent des fonctionnalit\u00e9s qui vous permettent de rechercher des personnes par int\u00e9r\u00eats sp\u00e9cifiques, et ils peuvent \u00e9galement avoir des salles de discussion et des forums o\u00f9 vous pouvez apprendre \u00e0 conna\u00eetre d\u2019autres personnes perverses. Si vous \u00eates int\u00e9ress\u00e9 \u00e0 trouver un partenaire pervers, les rencontres en ligne sont un excellent endroit pour commencer votre recherche.<\/p>\n<h2>Kink Sites<\/h2>\n<p>Il existe une vari\u00e9t\u00e9 de sites kink disponibles en ligne, chacun r\u00e9pondant \u00e0 des pr\u00e9f\u00e9rences et des int\u00e9r\u00eats diff\u00e9rents. Que vous soyez dans le BDSM, le f\u00e9tichisme des pieds ou autre chose, il y a certainement un site qui vous convient.<\/p>\n<p>Les sites Kink peuvent \u00eatre un excellent moyen de se connecter avec des personnes partageant les m\u00eames id\u00e9es qui sont int\u00e9ress\u00e9es \u00e0 explorer leur sexualit\u00e9. Ils peuvent \u00e9galement \u00eatre un excellent moyen d\u2019en apprendre davantage sur vous-m\u00eame et sur ce que vous aimez. Si vous \u00eates nouveau sur la sc\u00e8ne kink, ces sites peuvent \u00eatre un excellent moyen de vous mouiller les pieds et de comprendre dans quoi vous \u00eates.<\/p>\n<p>Cependant, il est important de se rappeler que tout le monde sur un site kink n\u2019est pas \u00e0 la recherche d\u2019un rendez-vous ou d\u2019une relation. Certaines personnes sont juste l\u00e0 pour discuter et explorer leurs probl\u00e8mes avec d\u2019autres. Si vous \u00eates \u00e0 la recherche d\u2019une relation, il est important d\u2019\u00eatre clair \u00e0 ce sujet d\u00e8s le d\u00e9but. Sinon, vous pourriez finir par perdre votre temps (et le leur).<\/p>\n<h3>BBWCupid<\/h3>\n<p>Si vous recherchez une application de rencontres BDSM avec un grand choix de partenaires potentiels, BBWCupid est une excellente option. Avec plus de 600 000 membres, il y a de fortes chances que vous trouviez quelqu\u2019un qui partage vos probl\u00e8mes et vos int\u00e9r\u00eats. L\u2019application est gratuite \u00e0 t\u00e9l\u00e9charger et \u00e0 utiliser, mais vous aurez besoin d\u2019un abonnement payant pour d\u00e9verrouiller toutes les fonctionnalit\u00e9s. Cela inclut la messagerie, la recherche et la correspondance avanc\u00e9e. L\u2019\u00e9quipe BBWCupid est r\u00e9active et serviable, ce qui en fait une excellente option pour ceux qui d\u00e9butent sur la sc\u00e8ne BDSM.<\/p>\n<h3>DateVous<\/h3>\n<p>DateYou est une application de rencontres qui s\u2019adresse \u00e0 ceux qui s\u2019int\u00e9ressent au BDSM. C\u2019est un excellent moyen de rencontrer des personnes partageant les m\u00eames id\u00e9es et d\u2019explorer vos probl\u00e8mes de mani\u00e8re s\u00fbre et consensuelle. L\u2019application est facile \u00e0 utiliser et poss\u00e8de <a href=\"http:\/\/the-apers.com\/milf-chatrooms\/\">de nombreuses fonctionnalit\u00e9s<\/a>, ce qui en fait une excellente option pour ceux qui cherchent \u00e0 se lancer dans le BDSM.<\/p>\n<h3>LuckyCrush<\/h3>\n<p>LuckyCrush est une application de rencontres qui connecte les personnes int\u00e9ress\u00e9es par le BDSM. L\u2019application est facile \u00e0 utiliser et poss\u00e8de de nombreuses fonctionnalit\u00e9s qui en font un excellent choix pour les personnes qui aiment le BDSM. L\u2019application vous permet de rechercher des personnes qui sont dans le BDSM, et vous pouvez \u00e9galement filtrer votre recherche par emplacement, \u00e2ge et sexe. LuckyCrush dispose \u00e9galement d\u2019une fonction de chat qui vous permet de discuter avec d\u2019autres utilisateurs, et vous pouvez \u00e9galement envoyer et recevoir des messages. L\u2019application est gratuite et est disponible pour les appareils iOS et Android.<\/p>\n","protected":false},"excerpt":{"rendered":"<p>Il existe un certain nombre de sites Web qui s\u2019adressent aux personnes int\u00e9ress\u00e9es par le BDSM. Ces sites Web peuvent&hellip;<\/p>\n","protected":false},"author":1,"featured_media":0,"parent":0,"menu_order":0,"comment_status":"closed","ping_status":"closed","template":"","meta":[],"yoast_head":"<!-- This site is optimized with the Yoast SEO plugin v17.7.1 - https:\/\/yoast.com\/wordpress\/plugins\/seo\/ -->\n<title>Page BDSM Sites - Adult Dating Finder<\/title>\n<meta name=\"robots\" content=\"index, follow, max-snippet:-1, max-image-preview:large, max-video-preview:-1\" \/>\n<link rel=\"canonical\" href=\"https:\/\/the-apers.com\/fr\/bdsm-sites\/\" \/>\n<meta property=\"og:locale\" content=\"fr_FR\" \/>\n<meta property=\"og:type\" content=\"article\" \/>\n<meta property=\"og:title\" content=\"Page BDSM Sites - Adult Dating Finder\" \/>\n<meta property=\"og:description\" content=\"Il existe un certain nombre de sites Web qui s\u2019adressent aux personnes int\u00e9ress\u00e9es par le BDSM. Ces sites Web peuvent&hellip;\" \/>\n<meta property=\"og:url\" content=\"https:\/\/the-apers.com\/fr\/bdsm-sites\/\" \/>\n<meta property=\"og:site_name\" content=\"Adult Dating Finder\" \/>\n<meta name=\"twitter:card\" content=\"summary_large_image\" \/>\n<meta name=\"twitter:label1\" content=\"Dur\u00e9e de lecture estim\u00e9e\" \/>\n\t<meta name=\"twitter:data1\" content=\"4 minutes\" \/>\n<script type=\"application\/ld+json\" class=\"yoast-schema-graph\">{\"@context\":\"https:\/\/schema.org\",\"@graph\":[{\"@type\":\"WebSite\",\"@id\":\"https:\/\/the-apers.com\/nl\/#website\",\"url\":\"https:\/\/the-apers.com\/nl\/\",\"name\":\"Adult Dating Finder\",\"description\":\"Online Personals\",\"potentialAction\":[{\"@type\":\"SearchAction\",\"target\":{\"@type\":\"EntryPoint\",\"urlTemplate\":\"https:\/\/the-apers.com\/nl\/?s={search_term_string}\"},\"query-input\":\"required name=search_term_string\"}],\"inLanguage\":\"fr-FR\"},{\"@type\":\"WebPage\",\"@id\":\"https:\/\/the-apers.com\/fr\/bdsm-sites\/#webpage\",\"url\":\"https:\/\/the-apers.com\/fr\/bdsm-sites\/\",\"name\":\"Page BDSM Sites - Adult Dating Finder\",\"isPartOf\":{\"@id\":\"https:\/\/the-apers.com\/nl\/#website\"},\"datePublished\":\"2022-09-30T10:12:38+00:00\",\"dateModified\":\"2022-09-30T10:12:38+00:00\",\"breadcrumb\":{\"@id\":\"https:\/\/the-apers.com\/fr\/bdsm-sites\/#breadcrumb\"},\"inLanguage\":\"fr-FR\",\"potentialAction\":[{\"@type\":\"ReadAction\",\"target\":[\"https:\/\/the-apers.com\/fr\/bdsm-sites\/\"]}]},{\"@type\":\"BreadcrumbList\",\"@id\":\"https:\/\/the-apers.com\/fr\/bdsm-sites\/#breadcrumb\",\"itemListElement\":[{\"@type\":\"ListItem\",\"position\":1,\"name\":\"Home\",\"item\":\"http:\/\/the-apers.com\/fr\/\"},{\"@type\":\"ListItem\",\"position\":2,\"name\":\"BDSM Sites\"}]}]}<\/script>\n<!-- \/ Yoast SEO plugin. -->","yoast_head_json":{"title":"Page BDSM Sites - Adult Dating Finder","robots":{"index":"index","follow":"follow","max-snippet":"max-snippet:-1","max-image-preview":"max-image-preview:large","max-video-preview":"max-video-preview:-1"},"canonical":"https:\/\/the-apers.com\/fr\/bdsm-sites\/","og_locale":"fr_FR","og_type":"article","og_title":"Page BDSM Sites - Adult Dating Finder","og_description":"Il existe un certain nombre de sites Web qui s\u2019adressent aux personnes int\u00e9ress\u00e9es par le BDSM. Ces sites Web peuvent&hellip;","og_url":"https:\/\/the-apers.com\/fr\/bdsm-sites\/","og_site_name":"Adult Dating Finder","twitter_card":"summary_large_image","twitter_misc":{"Dur\u00e9e de lecture estim\u00e9e":"4 minutes"},"schema":{"@context":"https:\/\/schema.org","@graph":[{"@type":"WebSite","@id":"https:\/\/the-apers.com\/nl\/#website","url":"https:\/\/the-apers.com\/nl\/","name":"Adult Dating Finder","description":"Online Personals","potentialAction":[{"@type":"SearchAction","target":{"@type":"EntryPoint","urlTemplate":"https:\/\/the-apers.com\/nl\/?s={search_term_string}"},"query-input":"required name=search_term_string"}],"inLanguage":"fr-FR"},{"@type":"WebPage","@id":"https:\/\/the-apers.com\/fr\/bdsm-sites\/#webpage","url":"https:\/\/the-apers.com\/fr\/bdsm-sites\/","name":"Page BDSM Sites - Adult Dating Finder","isPartOf":{"@id":"https:\/\/the-apers.com\/nl\/#website"},"datePublished":"2022-09-30T10:12:38+00:00","dateModified":"2022-09-30T10:12:38+00:00","breadcrumb":{"@id":"https:\/\/the-apers.com\/fr\/bdsm-sites\/#breadcrumb"},"inLanguage":"fr-FR","potentialAction":[{"@type":"ReadAction","target":["https:\/\/the-apers.com\/fr\/bdsm-sites\/"]}]},{"@type":"BreadcrumbList","@id":"https:\/\/the-apers.com\/fr\/bdsm-sites\/#breadcrumb","itemListElement":[{"@type":"ListItem","position":1,"name":"Home","item":"http:\/\/the-apers.com\/fr\/"},{"@type":"ListItem","position":2,"name":"BDSM Sites"}]}]}},"_links":{"self":[{"href":"https:\/\/the-apers.com\/fr\/wp-json\/wp\/v2\/pages\/291"}],"collection":[{"href":"https:\/\/the-apers.com\/fr\/wp-json\/wp\/v2\/pages"}],"about":[{"href":"https:\/\/the-apers.com\/fr\/wp-json\/wp\/v2\/types\/page"}],"author":[{"embeddable":true,"href":"https:\/\/the-apers.com\/fr\/wp-json\/wp\/v2\/users\/1"}],"replies":[{"embeddable":true,"href":"https:\/\/the-apers.com\/fr\/wp-json\/wp\/v2\/comments?post=291"}],"version-history":[{"count":0,"href":"https:\/\/the-apers.com\/fr\/wp-json\/wp\/v2\/pages\/291\/revisions"}],"wp:attachment":[{"href":"https:\/\/the-apers.com\/fr\/wp-json\/wp\/v2\/media?parent=291"}],"curies":[{"name":"wp","href":"https:\/\/api.w.org\/{rel}","templated":true}]}}