{"id":116,"date":"2022-09-13T12:01:16","date_gmt":"2022-09-13T11:01:16","guid":{"rendered":"http:\/\/the-apers.com\/web-stranice-za-upoznavanje-i-jebanje-odraslih\/"},"modified":"2022-09-13T12:01:16","modified_gmt":"2022-09-13T11:01:16","slug":"web-stranice-za-upoznavanje-i-jebanje-odraslih","status":"publish","type":"page","link":"https:\/\/the-apers.com\/hr\/","title":{"rendered":"Web stranice za upoznavanje i jebanje odraslih"},"content":{"rendered":"<p>Jedna od najve\u0107ih prednosti online upoznavanja je ta \u0161to se mo\u017eete povezati s ljudima iz cijelog svijeta. Sa samo nekoliko klikova mi\u0161em mo\u017eete pregledavati profile tisu\u0107a samaca u svom podru\u010dju. \u010clanove mo\u017eete filtrirati i na temelju dobi, lokacije, interesa, statusa odnosa i drugih kriterija.<\/p>\n<p>Iako internetske web stranice za upoznavanje nude prakti\u010dnost, one tako\u0111er predstavljaju izazove. Jedan od izazova je pronala\u017eenje kompatibilnih podudaranja. Drugi problem je otkriti je li osoba autenti\u010dna ili vas poku\u0161ava prevariti. Prijevare s internetskim spojevima su \u010deste, pa je va\u017eno da nau\u010dite kako uo\u010diti la\u017eni profil.<\/p>\n<h2>Kako aplikacije za upoznavanje funkcioniraju ako samo \u017eelite seks<\/h2>\n<p>Postoji mnogo web lokacija posve\u0107enih le\u017eernim izlascima, uklju\u010duju\u0107i Tinder, OkCupid i Bumble. Te aplikacije omogu\u0107uju prelazak prstom ulijevo ili udesno na temelju fotografija i poruka, a zatim povezivanje s drugima koji dijele zajedni\u010dke interese. Kada upoznate nekoga tko vam se svi\u0111a, mo\u017eete \u010davrljati privatno ili postaviti datum.<\/p>\n<p>Iako su le\u017eerni izlasci zabavni i jednostavni, va\u017eno je zapamtiti da je to jo\u0161 uvijek samo oblik zabave. Pobrinite se da vam odgovara osoba s kojom razgovarate prije nego \u0161to pristanete na bilo \u0161to. Tako\u0111er, budite oprezni pri dijeljenju osobnih podataka, posebno financijskih podataka.<\/p>\n<p>Tako\u0111er je va\u017eno razumjeti da povremeni izlasci nisu uvijek sigurni. Iako je mogu\u0107e upoznati nekoga kome vjerujete, to nije uvijek zajam\u010deno. Iako se mo\u017eda osje\u0107ate dovoljno samouvjereno da razgovarate s nekim koga ste upoznali na mre\u017ei, nikada zapravo ne znate dok ih ne upoznate u stvarnom \u017eivotu.<\/p>\n<p>Dakle, iako povremeni izlasci mogu biti zabavni, va\u017eno je biti svjestan potencijalnih rizika.<\/p>\n<h2>Kako ostati siguran na mre\u017ei<\/h2>\n<p>Veze su zabavne i uzbudljive, ali nisu uvijek sigurne. Danas je dostupno mnogo aplikacija koje vam omogu\u0107uju povezivanje s nekim u blizini, ali i dalje riskirate da upoznate nekoga tko mo\u017eda nije pouzdan.<\/p>\n<p>Lako je upasti u zamku misle\u0107i da su spajanja sigurnija od odlaska u barove ili klubove, ali istina je da su jednako opasne. Kada nekoga upoznate osobno, imate priliku procijeniti njegov karakter i odlu\u010diti osje\u0107ate li se ugodno s njim ili ne. Na mre\u017ei nikad zapravo ne znate s kakvom osobom imate posla dok ne pro\u0111ete \u010dinjenicu.<\/p>\n<p>Zbog toga je va\u017eno biti oprezan pri odabiru mjesta na kojem \u0107ete nekoga upoznati. Prije nego \u0161to pristanete na sastanak, provjerite jeste li odabrali uglednu aplikaciju koja vam omogu\u0107uje provjeru profila i fotografija. Tako\u0111er, poku\u0161ajte izbje\u0107i susret s nekim u baru ili klubu; umjesto toga, odlu\u010dite se za kafi\u0107 ili drugo javno mjesto.<\/p>\n<p>Iako je istina da su spajanja prikladna, mogu dovesti i do problema. Dakle, iako mo\u017eda u\u017eivate u uzbu\u0111enju pronala\u017eenja nekoga s kim \u0107ete provoditi vrijeme, sjetite se da biste kasnije mogli po\u017ealiti.<\/p>\n<h3>\u0160to izbjegavati<\/h3>\n<p>Kako ne biste postali \u017ertve prevaranta, va\u017eno je provesti temeljite provjere potencijalnih datuma. Provjerite jeste li pro\u010ditali recenzije i povratne informacije koje su ostavili prethodni kupci. Tako\u0111er, pogledajte ugled \u010dlana putem web stranica tre\u0107ih strana poput Facebooka i Twittera. Na kraju provjerite podatke za kontakt osobe.<\/p>\n<p>Osim provjere osobnih podataka korisnika, va\u017eno je pregledati i njegove fotografije. Potra\u017eite nedosljednosti na slikama, poput vi\u0161e lica ili \u010dudnih pozadina. Ove crvene zastave mogu ukazivati na to da osoba ne\u0161to skriva.<\/p>\n<p>Tako\u0111er je va\u017eno uzeti u obzir sigurnost svojih podataka prilikom kori\u0161tenja internetskih stranica za upoznavanje. Mnoge web stranice zahtijevaju od vas da pru\u017eite osjetljive podatke, uklju\u010duju\u0107i financijske podatke i telefonske brojeve. Prije dijeljenja tih podataka provjerite razumijete li pravila o privatnosti web-mjesta kojima se namjeravate pridru\u017eiti.<\/p>\n<p>Internetske web stranice za upoznavanje prikladni su na\u010dini za upoznavanje ljudi, ali nisu savr\u0161eni. Uklju\u010deni su rizici, pa je va\u017eno da prije pridru\u017eivanja odmjerite prednosti i nedostatke.<\/p>\n<h2>Za\u0161to biste trebali vjerovati internetskim stranicama za upoznavanje?<\/h2>\n<p>Iako je online upoznavanje jo\u0161 uvijek relativno novo, na raspolaganju je mnogo resursa koji \u0107e vam pomo\u0107i u navigaciji svijetom internetskih spojeva. Evo nekoliko savjeta koje treba uzeti u obzir prilikom tra\u017eenja ljubavi na mre\u017ei.<\/p>\n<p>Zapo\u010dnite prijavom za uglednu uslugu. Postoje deseci razli\u010ditih web lokacija koje nude mogu\u0107nosti online upoznavanja, pa je va\u017eno pametno odabrati. Neke od najpopularnijih web stranica uklju\u010duju Match.com, eHarmony, PlentyOfFish, Zoosk, OkCupid i Tinder. Zatim pogledajte vrste profila koje nudi svaka web lokacija. Ve\u0107ina web lokacija nudi osnovne zna\u010dajke profila, uklju\u010duju\u0107i fotografije, lokaciju, dob, spol i interese. Ali neke web stranice omogu\u0107uju vam daljnju prilagodbu profila, omogu\u0107uju\u0107i vam da dodate dodatne detalje poput hobija, obrazovanja, zanimanja i statusa veze.<\/p>\n<p>Nakon izrade profila poku\u0161ajte pregledavati profile drugih \u010dlanova. Pregledajte profile potencijalnih podudaranja dok ne prona\u0111ete nekoga koga \u017eelite upoznati. Zatim po\u0161aljite poruku s pitanjem o njihovoj dostupnosti. Budite oprezni pri komunikaciji putem tekstualnih poruka. Iako je slanje poruka prikladno, lako je pogre\u0161no protuma\u010diti poruke. Na primjer, ako ka\u017eete da ste zainteresirani za sastanak na kavi, mo\u017eda \u0107ete dobiti odgovor da zvu\u010dite o\u010dajno. Umjesto toga, zatra\u017eite poja\u0161njenje.<\/p>\n<p>Ne zaboravite pratiti nakon slanja poruke. Slanje brze poruke pra\u0107enja u roku od 24 sata mo\u017ee vam pomo\u0107i da utvrdite ho\u0107e li vas dvoje biti kompatibilno. Zapamtite da je online upoznavanje samo jedna od opcija za pronala\u017eenje ljubavi. Drugi na\u010dini upoznavanja ljudi uklju\u010duju prisustvovanje doga\u0111ajima, pridru\u017eivanje grupama, volontiranje i odlazak na spojeve na slijepo.<\/p>\n","protected":false},"excerpt":{"rendered":"<p>Jedna od najve\u0107ih prednosti online upoznavanja je ta \u0161to se mo\u017eete povezati s ljudima iz cijelog svijeta. Sa samo nekoliko&hellip;<\/p>\n","protected":false},"author":1,"featured_media":75,"parent":0,"menu_order":0,"comment_status":"closed","ping_status":"closed","template":"","meta":[],"yoast_head":"<!-- This site is optimized with the Yoast SEO plugin v17.7.1 - https:\/\/yoast.com\/wordpress\/plugins\/seo\/ -->\n<title>Web stranice za upoznavanje i jebanje odraslih - Adult Dating Finder<\/title>\n<meta name=\"robots\" content=\"index, follow, max-snippet:-1, max-image-preview:large, max-video-preview:-1\" \/>\n<link rel=\"canonical\" href=\"https:\/\/the-apers.com\/hr\/\" \/>\n<meta property=\"og:locale\" content=\"hr_HR\" \/>\n<meta property=\"og:type\" content=\"article\" \/>\n<meta property=\"og:title\" content=\"Web stranice za upoznavanje i jebanje odraslih - Adult Dating Finder\" \/>\n<meta property=\"og:description\" content=\"Jedna od najve\u0107ih prednosti online upoznavanja je ta \u0161to se mo\u017eete povezati s ljudima iz cijelog svijeta. Sa samo nekoliko&hellip;\" \/>\n<meta property=\"og:url\" content=\"https:\/\/the-apers.com\/hr\/\" \/>\n<meta property=\"og:site_name\" content=\"Adult Dating Finder\" \/>\n<meta property=\"og:image\" content=\"http:\/\/the-apers.com\/wp-content\/uploads\/2022\/09\/sex-match.jpeg\" \/>\n\t<meta property=\"og:image:width\" content=\"1125\" \/>\n\t<meta property=\"og:image:height\" content=\"750\" \/>\n<meta name=\"twitter:card\" content=\"summary_large_image\" \/>\n<meta name=\"twitter:label1\" content=\"Procijenjeno vrijeme \u010ditanja\" \/>\n\t<meta name=\"twitter:data1\" content=\"5 minuta\" \/>\n<script type=\"application\/ld+json\" class=\"yoast-schema-graph\">{\"@context\":\"https:\/\/schema.org\",\"@graph\":[{\"@type\":\"WebSite\",\"@id\":\"http:\/\/the-apers.com\/#website\",\"url\":\"http:\/\/the-apers.com\/\",\"name\":\"Adult Dating Finder\",\"description\":\"Online Personals\",\"potentialAction\":[{\"@type\":\"SearchAction\",\"target\":{\"@type\":\"EntryPoint\",\"urlTemplate\":\"http:\/\/the-apers.com\/?s={search_term_string}\"},\"query-input\":\"required name=search_term_string\"}],\"inLanguage\":\"hr\"},{\"@type\":\"ImageObject\",\"@id\":\"https:\/\/the-apers.com\/hr\/#primaryimage\",\"inLanguage\":\"hr\",\"url\":\"https:\/\/the-apers.com\/wp-content\/uploads\/2022\/09\/sex-match.jpeg\",\"contentUrl\":\"https:\/\/the-apers.com\/wp-content\/uploads\/2022\/09\/sex-match.jpeg\",\"width\":1125,\"height\":750},{\"@type\":\"WebPage\",\"@id\":\"https:\/\/the-apers.com\/hr\/#webpage\",\"url\":\"https:\/\/the-apers.com\/hr\/\",\"name\":\"Web stranice za upoznavanje i jebanje odraslih - Adult Dating Finder\",\"isPartOf\":{\"@id\":\"http:\/\/the-apers.com\/#website\"},\"primaryImageOfPage\":{\"@id\":\"https:\/\/the-apers.com\/hr\/#primaryimage\"},\"datePublished\":\"2022-09-13T11:01:16+00:00\",\"dateModified\":\"2022-09-13T11:01:16+00:00\",\"breadcrumb\":{\"@id\":\"https:\/\/the-apers.com\/hr\/#breadcrumb\"},\"inLanguage\":\"hr\",\"potentialAction\":[{\"@type\":\"ReadAction\",\"target\":[\"https:\/\/the-apers.com\/hr\/\"]}]},{\"@type\":\"BreadcrumbList\",\"@id\":\"https:\/\/the-apers.com\/hr\/#breadcrumb\",\"itemListElement\":[{\"@type\":\"ListItem\",\"position\":1,\"name\":\"Home\",\"item\":\"http:\/\/the-apers.com\/hr\/\"},{\"@type\":\"ListItem\",\"position\":2,\"name\":\"Web stranice za upoznavanje i jebanje odraslih\"}]}]}<\/script>\n<!-- \/ Yoast SEO plugin. -->","yoast_head_json":{"title":"Web stranice za upoznavanje i jebanje odraslih - Adult Dating Finder","robots":{"index":"index","follow":"follow","max-snippet":"max-snippet:-1","max-image-preview":"max-image-preview:large","max-video-preview":"max-video-preview:-1"},"canonical":"https:\/\/the-apers.com\/hr\/","og_locale":"hr_HR","og_type":"article","og_title":"Web stranice za upoznavanje i jebanje odraslih - Adult Dating Finder","og_description":"Jedna od najve\u0107ih prednosti online upoznavanja je ta \u0161to se mo\u017eete povezati s ljudima iz cijelog svijeta. Sa samo nekoliko&hellip;","og_url":"https:\/\/the-apers.com\/hr\/","og_site_name":"Adult Dating Finder","og_image":[{"width":1125,"height":750,"url":"http:\/\/the-apers.com\/wp-content\/uploads\/2022\/09\/sex-match.jpeg","type":"image\/jpeg"}],"twitter_card":"summary_large_image","twitter_misc":{"Procijenjeno vrijeme \u010ditanja":"5 minuta"},"schema":{"@context":"https:\/\/schema.org","@graph":[{"@type":"WebSite","@id":"http:\/\/the-apers.com\/#website","url":"http:\/\/the-apers.com\/","name":"Adult Dating Finder","description":"Online Personals","potentialAction":[{"@type":"SearchAction","target":{"@type":"EntryPoint","urlTemplate":"http:\/\/the-apers.com\/?s={search_term_string}"},"query-input":"required name=search_term_string"}],"inLanguage":"hr"},{"@type":"ImageObject","@id":"https:\/\/the-apers.com\/hr\/#primaryimage","inLanguage":"hr","url":"https:\/\/the-apers.com\/wp-content\/uploads\/2022\/09\/sex-match.jpeg","contentUrl":"https:\/\/the-apers.com\/wp-content\/uploads\/2022\/09\/sex-match.jpeg","width":1125,"height":750},{"@type":"WebPage","@id":"https:\/\/the-apers.com\/hr\/#webpage","url":"https:\/\/the-apers.com\/hr\/","name":"Web stranice za upoznavanje i jebanje odraslih - Adult Dating Finder","isPartOf":{"@id":"http:\/\/the-apers.com\/#website"},"primaryImageOfPage":{"@id":"https:\/\/the-apers.com\/hr\/#primaryimage"},"datePublished":"2022-09-13T11:01:16+00:00","dateModified":"2022-09-13T11:01:16+00:00","breadcrumb":{"@id":"https:\/\/the-apers.com\/hr\/#breadcrumb"},"inLanguage":"hr","potentialAction":[{"@type":"ReadAction","target":["https:\/\/the-apers.com\/hr\/"]}]},{"@type":"BreadcrumbList","@id":"https:\/\/the-apers.com\/hr\/#breadcrumb","itemListElement":[{"@type":"ListItem","position":1,"name":"Home","item":"http:\/\/the-apers.com\/hr\/"},{"@type":"ListItem","position":2,"name":"Web stranice za upoznavanje i jebanje odraslih"}]}]}},"_links":{"self":[{"href":"https:\/\/the-apers.com\/hr\/wp-json\/wp\/v2\/pages\/116"}],"collection":[{"href":"https:\/\/the-apers.com\/hr\/wp-json\/wp\/v2\/pages"}],"about":[{"href":"https:\/\/the-apers.com\/hr\/wp-json\/wp\/v2\/types\/page"}],"author":[{"embeddable":true,"href":"https:\/\/the-apers.com\/hr\/wp-json\/wp\/v2\/users\/1"}],"replies":[{"embeddable":true,"href":"https:\/\/the-apers.com\/hr\/wp-json\/wp\/v2\/comments?post=116"}],"version-history":[{"count":0,"href":"https:\/\/the-apers.com\/hr\/wp-json\/wp\/v2\/pages\/116\/revisions"}],"wp:featuredmedia":[{"embeddable":true,"href":"https:\/\/the-apers.com\/hr\/wp-json\/wp\/v2\/media\/75"}],"wp:attachment":[{"href":"https:\/\/the-apers.com\/hr\/wp-json\/wp\/v2\/media?parent=116"}],"curies":[{"name":"wp","href":"https:\/\/api.w.org\/{rel}","templated":true}]}}