{"id":247,"date":"2022-09-30T11:13:19","date_gmt":"2022-09-30T10:13:19","guid":{"rendered":"http:\/\/the-apers.com\/chat-sobe-o-ropstvu\/"},"modified":"2022-09-30T11:13:19","modified_gmt":"2022-09-30T10:13:19","slug":"chat-sobe-o-ropstvu","status":"publish","type":"page","link":"https:\/\/the-apers.com\/hr\/chat-sobe-o-ropstvu\/","title":{"rendered":"Chat sobe o ropstvu"},"content":{"rendered":"<p>Ima ne\u0161to u anonimnosti chat sobe \u0161to stvarno tjera ljude da pri\u010daju o svojim problemima i feti\u0161ima. Za mnoge ljude, chat sobe o ropstvu na\u010din su da istra\u017ee svoje seksualne \u017eelje bez brige o prosudbi prijatelja ili obitelji.<\/p>\n<p>Ove chat sobe pru\u017eaju prostor <a href=\"http:\/\/the-apers.com\/?page_id=228&amp;preview=true\">ljudima da razgovaraju o svojim interesima<\/a>, dijele pri\u010de, pa \u010dak i spajaju se s istomi\u0161ljenicima. Bilo da tra\u017eite malo internetske zabave ili se nadate da \u0107ete nekoga osobno upoznati, chat sobe o ropstvu mogu biti izvrstan na\u010din da istra\u017eite svoju seksualnu stranu.<\/p>\n<p>Upoznavanje ropstva je kada se ljudi koji su zainteresirani za ropstvo i <a href=\"http:\/\/the-apers.com\/bdsm-sites\/\">BDSM<\/a> okupljaju do danas. To mo\u017ee uklju\u010divati odlazak u klubove i doga\u0111aje koji su posebno za ovakve stvari, ili jednostavno mo\u017ee biti dogovaranje susreta s nekim tko dijeli va\u0161e interese. To mo\u017ee biti sjajan na\u010din da istra\u017eite svoju nastranu stranu i saznate u \u0161to se drugi ljudi bave. Tako\u0111er mo\u017ee biti jako zabavno i sjajan na\u010din upoznavanja novih ljudi.<\/p>\n<h2>BDSM spajanje<\/h2>\n<p>\u0160to se ti\u010de pronala\u017eenja ljubavi, neki bi ljudi mogli re\u0107i da ne postoji ni\u0161ta poput BDSM spajanja. Za one koji nisu upoznati, BDSM je akronim za ropstvo, disciplinu, sadizam i mazohizam. Iako to mo\u017eda nije sva\u010dija \u0161alica \u010daja, ne mo\u017ee se pore\u0107i da to mo\u017ee biti sjajan na\u010din povezivanja s nekim na fizi\u010dkoj i emocionalnoj razini.<\/p>\n<p>Ako razmi\u0161ljate o isprobavanju BDSM-a, postoji nekoliko stvari koje biste trebali imati na umu. Prvo, va\u017eno je prona\u0107i partnera koji je otvorenog uma i spreman istra\u017eiti nove stvari. Drugo, komunikacija je klju\u010dna. Prije po\u010detka morat \u0107ete mo\u0107i komunicirati svoje \u017eelje, potrebe i granice s partnerom.<\/p>\n<p>I na kraju, ne bojte se eksperimentirati. BDSM mo\u017ee biti sjajan na\u010din da za\u010dinite svoj seksualni \u017eivot i dodate malo uzbu\u0111enja svojoj vezi. Zato samo naprijed i istra\u017eite! Tko zna, mo\u017eda na\u0111e\u0161 ljubav svog \u017eivota.<\/p>\n<h2>Feti\u0161 Meet Sites<\/h2>\n<p>Feti\u0161 web stranice za upoznavanje mogu biti izvrstan na\u010din povezivanja s drugim ljudima koji dijele va\u0161e interese. Oni vam mogu pru\u017eiti sigurno i gostoljubivo okru\u017eenje za istra\u017eivanje va\u0161e seksualnosti i feti\u0161a. Me\u0111utim, postoji nekoliko stvari koje treba imati na umu prilikom kori\u0161tenja ovih web stranica. Prvo pa\u017eljivo pro\u010ditajte pravila i propise web stranice. To \u0107e vam pomo\u0107i da izbjegnete zabranu ili uklanjanje s web mjesta. Drugo, po\u0161tujte druge \u010dlanove. To uklju\u010duje ne objavljivanje osobnih podataka ili uznemiravanje drugih \u010dlanova. Kona\u010dno, ne zaboravite se zabaviti i biti sigurni!<\/p>\n<h3>Xmeets<\/h3>\n<p>Ako se bavite ropstvom i kinkier seksom, onda je Xmeets aplikacija za upoznavanje za vas! S naglaskom na povezivanje ljudi koji se bave BDSM-om i drugim kinksima, Xmeets je izvrsna opcija za svakoga tko \u017eeli istra\u017eiti svoju nastranu stranu. Aplikacija je jednostavna za upotrebu i ima mno\u0161tvo zna\u010dajki, \u0161to je \u010dini izvrsnom opcijom za sve koji \u017eele eksperimentirati s ropstvom i \u010dudnijim seksom.<\/p>\n<h3>Datehookup<\/h3>\n<p>Datehookup je aplikacija za upoznavanje koja korisnicima omogu\u0107uje povezivanje s potencijalnim podudaranjima u blizini. Aplikacija tako\u0111er uklju\u010duje zna\u010dajku pod nazivom &#8220;Bondage Chatrooms&#8221; koja korisnicima omogu\u0107uje povezivanje s drugima koji dijele svoj interes za ropstvo i feti\u0161 igru. Chat sobe izvrstan su na\u010din povezivanja s istomi\u0161ljenicima, a aplikacija uklju\u010duje i zna\u010dajke poput privatnih poruka i video chata. Sve u svemu, aplikacija je izvrstan na\u010din povezivanja s potencijalnim podudaranjima i istra\u017eivanja va\u0161ih kinkova i feti\u0161a na siguran i sporazuman na\u010din.<\/p>\n<h3>Puno ribe<\/h3>\n<p>Ako tra\u017eite sobu za razgovor o ropstvu, Puno ribe izvrsna je opcija. Aplikacija za upoznavanje nudi \u0161iroku paletu zna\u010dajki i vrlo je jednostavna za upotrebu. \u010clanove mo\u017eete pretra\u017eivati prema lokaciji, dobi i interesima, a aplikacija \u0107e vam \u010dak predlo\u017eiti podudaranja. Jedina mana je \u0161to nema specifi\u010dnih chat soba za ropstvo, pa \u0107ete ih morati potra\u017eiti u op\u0107im chat sobama.<\/p>\n","protected":false},"excerpt":{"rendered":"<p>Ima ne\u0161to u anonimnosti chat sobe \u0161to stvarno tjera ljude da pri\u010daju o svojim problemima i feti\u0161ima. Za mnoge ljude,&hellip;<\/p>\n","protected":false},"author":1,"featured_media":0,"parent":0,"menu_order":0,"comment_status":"closed","ping_status":"closed","template":"","meta":[],"yoast_head":"<!-- This site is optimized with the Yoast SEO plugin v17.7.1 - https:\/\/yoast.com\/wordpress\/plugins\/seo\/ -->\n<title>Chat sobe o ropstvu - Adult Dating Finder<\/title>\n<meta name=\"robots\" content=\"index, follow, max-snippet:-1, max-image-preview:large, max-video-preview:-1\" \/>\n<link rel=\"canonical\" href=\"https:\/\/the-apers.com\/hr\/chat-sobe-o-ropstvu\/\" \/>\n<meta property=\"og:locale\" content=\"hr_HR\" \/>\n<meta property=\"og:type\" content=\"article\" \/>\n<meta property=\"og:title\" content=\"Chat sobe o ropstvu - Adult Dating Finder\" \/>\n<meta property=\"og:description\" content=\"Ima ne\u0161to u anonimnosti chat sobe \u0161to stvarno tjera ljude da pri\u010daju o svojim problemima i feti\u0161ima. Za mnoge ljude,&hellip;\" \/>\n<meta property=\"og:url\" content=\"https:\/\/the-apers.com\/hr\/chat-sobe-o-ropstvu\/\" \/>\n<meta property=\"og:site_name\" content=\"Adult Dating Finder\" \/>\n<meta name=\"twitter:card\" content=\"summary_large_image\" \/>\n<meta name=\"twitter:label1\" content=\"Procijenjeno vrijeme \u010ditanja\" \/>\n\t<meta name=\"twitter:data1\" content=\"3 minute\" \/>\n<script type=\"application\/ld+json\" class=\"yoast-schema-graph\">{\"@context\":\"https:\/\/schema.org\",\"@graph\":[{\"@type\":\"WebSite\",\"@id\":\"https:\/\/the-apers.com\/nl\/#website\",\"url\":\"https:\/\/the-apers.com\/nl\/\",\"name\":\"Adult Dating Finder\",\"description\":\"Online Personals\",\"potentialAction\":[{\"@type\":\"SearchAction\",\"target\":{\"@type\":\"EntryPoint\",\"urlTemplate\":\"https:\/\/the-apers.com\/nl\/?s={search_term_string}\"},\"query-input\":\"required name=search_term_string\"}],\"inLanguage\":\"hr\"},{\"@type\":\"WebPage\",\"@id\":\"https:\/\/the-apers.com\/hr\/chat-sobe-o-ropstvu\/#webpage\",\"url\":\"https:\/\/the-apers.com\/hr\/chat-sobe-o-ropstvu\/\",\"name\":\"Chat sobe o ropstvu - Adult Dating Finder\",\"isPartOf\":{\"@id\":\"https:\/\/the-apers.com\/nl\/#website\"},\"datePublished\":\"2022-09-30T10:13:19+00:00\",\"dateModified\":\"2022-09-30T10:13:19+00:00\",\"breadcrumb\":{\"@id\":\"https:\/\/the-apers.com\/hr\/chat-sobe-o-ropstvu\/#breadcrumb\"},\"inLanguage\":\"hr\",\"potentialAction\":[{\"@type\":\"ReadAction\",\"target\":[\"https:\/\/the-apers.com\/hr\/chat-sobe-o-ropstvu\/\"]}]},{\"@type\":\"BreadcrumbList\",\"@id\":\"https:\/\/the-apers.com\/hr\/chat-sobe-o-ropstvu\/#breadcrumb\",\"itemListElement\":[{\"@type\":\"ListItem\",\"position\":1,\"name\":\"Home\",\"item\":\"http:\/\/the-apers.com\/hr\/\"},{\"@type\":\"ListItem\",\"position\":2,\"name\":\"Chat sobe o ropstvu\"}]}]}<\/script>\n<!-- \/ Yoast SEO plugin. -->","yoast_head_json":{"title":"Chat sobe o ropstvu - Adult Dating Finder","robots":{"index":"index","follow":"follow","max-snippet":"max-snippet:-1","max-image-preview":"max-image-preview:large","max-video-preview":"max-video-preview:-1"},"canonical":"https:\/\/the-apers.com\/hr\/chat-sobe-o-ropstvu\/","og_locale":"hr_HR","og_type":"article","og_title":"Chat sobe o ropstvu - Adult Dating Finder","og_description":"Ima ne\u0161to u anonimnosti chat sobe \u0161to stvarno tjera ljude da pri\u010daju o svojim problemima i feti\u0161ima. Za mnoge ljude,&hellip;","og_url":"https:\/\/the-apers.com\/hr\/chat-sobe-o-ropstvu\/","og_site_name":"Adult Dating Finder","twitter_card":"summary_large_image","twitter_misc":{"Procijenjeno vrijeme \u010ditanja":"3 minute"},"schema":{"@context":"https:\/\/schema.org","@graph":[{"@type":"WebSite","@id":"https:\/\/the-apers.com\/nl\/#website","url":"https:\/\/the-apers.com\/nl\/","name":"Adult Dating Finder","description":"Online Personals","potentialAction":[{"@type":"SearchAction","target":{"@type":"EntryPoint","urlTemplate":"https:\/\/the-apers.com\/nl\/?s={search_term_string}"},"query-input":"required name=search_term_string"}],"inLanguage":"hr"},{"@type":"WebPage","@id":"https:\/\/the-apers.com\/hr\/chat-sobe-o-ropstvu\/#webpage","url":"https:\/\/the-apers.com\/hr\/chat-sobe-o-ropstvu\/","name":"Chat sobe o ropstvu - Adult Dating Finder","isPartOf":{"@id":"https:\/\/the-apers.com\/nl\/#website"},"datePublished":"2022-09-30T10:13:19+00:00","dateModified":"2022-09-30T10:13:19+00:00","breadcrumb":{"@id":"https:\/\/the-apers.com\/hr\/chat-sobe-o-ropstvu\/#breadcrumb"},"inLanguage":"hr","potentialAction":[{"@type":"ReadAction","target":["https:\/\/the-apers.com\/hr\/chat-sobe-o-ropstvu\/"]}]},{"@type":"BreadcrumbList","@id":"https:\/\/the-apers.com\/hr\/chat-sobe-o-ropstvu\/#breadcrumb","itemListElement":[{"@type":"ListItem","position":1,"name":"Home","item":"http:\/\/the-apers.com\/hr\/"},{"@type":"ListItem","position":2,"name":"Chat sobe o ropstvu"}]}]}},"_links":{"self":[{"href":"https:\/\/the-apers.com\/hr\/wp-json\/wp\/v2\/pages\/247"}],"collection":[{"href":"https:\/\/the-apers.com\/hr\/wp-json\/wp\/v2\/pages"}],"about":[{"href":"https:\/\/the-apers.com\/hr\/wp-json\/wp\/v2\/types\/page"}],"author":[{"embeddable":true,"href":"https:\/\/the-apers.com\/hr\/wp-json\/wp\/v2\/users\/1"}],"replies":[{"embeddable":true,"href":"https:\/\/the-apers.com\/hr\/wp-json\/wp\/v2\/comments?post=247"}],"version-history":[{"count":0,"href":"https:\/\/the-apers.com\/hr\/wp-json\/wp\/v2\/pages\/247\/revisions"}],"wp:attachment":[{"href":"https:\/\/the-apers.com\/hr\/wp-json\/wp\/v2\/media?parent=247"}],"curies":[{"name":"wp","href":"https:\/\/api.w.org\/{rel}","templated":true}]}}