{"id":258,"date":"2022-09-30T11:15:23","date_gmt":"2022-09-30T10:15:23","guid":{"rendered":"http:\/\/the-apers.com\/lokalna-swingerska-mjesta\/"},"modified":"2022-09-30T11:15:23","modified_gmt":"2022-09-30T10:15:23","slug":"lokalna-swingerska-mjesta","status":"publish","type":"page","link":"https:\/\/the-apers.com\/hr\/lokalna-swingerska-mjesta\/","title":{"rendered":"Lokalna swingerska mjesta"},"content":{"rendered":"<p>Postoji nekoliko lokalnih swinger stranica koje su popularne u <a href=\"http:\/\/the-apers.com\/bondage-chatrooms\/\">zajednici spajanja<\/a>. Oni su izvrstan na\u010din da upoznate druge parove ili samce u va\u0161em podru\u010dju koji su zainteresirani za istra\u017eivanje njihove seksualnosti. Ove web stranice obi\u010dno imaju razne zna\u010dajke koje vam omogu\u0107uju pretra\u017eivanje utakmica, razgovor s \u010dlanovima, pa \u010dak i pregled profila. Neke od popularnijih zna\u010dajki uklju\u010duju video chatove, razmjenu izravnih poruka i forume \u010dlanova.<\/p>\n<h2>Swinger stranice<\/h2>\n<p>Na mre\u017ei su dostupne mnoge swingerske web stranice koje zadovoljavaju ljude koji su zainteresirani za ovu vrstu upoznavanja. Te web stranice obi\u010dno omogu\u0107uju \u010dlanovima stvaranje profila i pregledavanje profila drugih \u010dlanova kako bi prona\u0161li potencijalna podudaranja. Neke web stranice tako\u0111er nude chat sobe i forume na kojima \u010dlanovi mogu me\u0111usobno komunicirati. Swinger web stranice mogu biti izvrstan na\u010din za upoznavanje novih ljudi i istra\u017eivanje va\u0161e seksualnosti u sigurnom i ugodnom okru\u017eenju.<\/p>\n<p>\u0160to se ti\u010de pronala\u017eenja ljubavi, veze za swingere mogu biti sjajan na\u010din. Mo\u017eete upoznati puno razli\u010ditih ljudi u jednoj no\u0107i i bolje ih upoznati. To vam mo\u017ee pomo\u0107i da prona\u0111ete pravu osobu za sebe i zapo\u010dnete vezu.<\/p>\n<h2>Lokalno swingersko mjesto<\/h2>\n<p>Ako tra\u017eite lokalnu web stranicu za swingere, do\u0161li ste na pravo mjesto. Imamo sve \u0161to vam je potrebno za pronala\u017eenje swingera u va\u0161em podru\u010dju, uklju\u010duju\u0107i sveobuhvatan direktorij swingerskih klubova i doga\u0111aja. Tako\u0111er nudimo \u0161irok raspon resursa za swingere, uklju\u010duju\u0107i forum, blog i kolumnu sa savjetima. A ako tra\u017eite ne\u0161to malo zlo\u010destije, i to smo pokrili. \u0160to \u010dekate? U\u0111ite i po\u010dnite se ljuljati!<\/p>\n<h3>SwingLifestyle<\/h3>\n<p>Ako tra\u017eite lokalnu swingersku stranicu, SwingLifestyle je izvrsna opcija. Aplikacija je jednostavna za upotrebu i ima mnogo zna\u010dajki koje \u0107e vam pomo\u0107i da se pove\u017eete s drugim swingerima u va\u0161em podru\u010dju. Funkcija pretra\u017eivanja posebno je korisna, a mo\u017eete pregledati i profile drugih korisnika u va\u0161em podru\u010dju. Aplikacija tako\u0111er uklju\u010duje forum, tako da se mo\u017eete povezati s drugim korisnicima i postavljati pitanja ili dobiti savjet. Sve u svemu, SwingLifestyle je izvrsna opcija za lokalne swingere.<\/p>\n<h3>FabSwingers<\/h3>\n<p>Ako ste zainteresirani za pronala\u017eenje lokalne swingerske stranice, svakako \u0107ete htjeti provjeriti FabSwingers. Ova stranica je jedna od najpopularnijih i najcjenjenijih u industriji i to s dobrim razlogom. Stranica ima mno\u0161tvo zna\u010dajki i opcija koje olak\u0161avaju pronala\u017eenje i povezivanje s potencijalnim podudaranjima, a stranica tako\u0111er nudi veliku podr\u0161ku i resurse za svoje \u010dlanove. Osim toga, stranica je vrlo jednostavna za upotrebu i jednostavna za navigaciju, \u0161to je definitivno plus. Sve u svemu, FabSwingers je izvrsna opcija za sve koji su zainteresirani za pronala\u017eenje lokalne swingerske stranice, a mi ga toplo preporu\u010dujemo.<\/p>\n<h3>Badoo<\/h3>\n<p>Badoo je aplikacija za upoznavanje koja vam omogu\u0107uje upoznavanje novih ljudi u va\u0161em podru\u010dju. Me\u0111utim, mnogi su se korisnici \u017ealili na aplikaciju, rekav\u0161i da je puna la\u017enih profila i da nije dobar na\u010din za ispunjavanje potencijalnih datuma. Osim toga, aplikacija nije ba\u0161 jednostavna za upotrebu i mo\u017ee biti te\u0161ka za navigaciju. Sve u svemu, ne bismo preporu\u010dili kori\u0161tenje Badooa ako tra\u017eite lokalnu swingersku stranicu. Postoje bolje, pouzdanije opcije.<\/p>\n","protected":false},"excerpt":{"rendered":"<p>Postoji nekoliko lokalnih swinger stranica koje su popularne u zajednici spajanja. Oni su izvrstan na\u010din da upoznate druge parove ili&hellip;<\/p>\n","protected":false},"author":1,"featured_media":0,"parent":0,"menu_order":0,"comment_status":"closed","ping_status":"closed","template":"","meta":[],"yoast_head":"<!-- This site is optimized with the Yoast SEO plugin v17.7.1 - https:\/\/yoast.com\/wordpress\/plugins\/seo\/ -->\n<title>Lokalna swingerska mjesta - Adult Dating Finder<\/title>\n<meta name=\"robots\" content=\"index, follow, max-snippet:-1, max-image-preview:large, max-video-preview:-1\" \/>\n<link rel=\"canonical\" href=\"https:\/\/the-apers.com\/hr\/lokalna-swingerska-mjesta\/\" \/>\n<meta property=\"og:locale\" content=\"hr_HR\" \/>\n<meta property=\"og:type\" content=\"article\" \/>\n<meta property=\"og:title\" content=\"Lokalna swingerska mjesta - Adult Dating Finder\" \/>\n<meta property=\"og:description\" content=\"Postoji nekoliko lokalnih swinger stranica koje su popularne u zajednici spajanja. Oni su izvrstan na\u010din da upoznate druge parove ili&hellip;\" \/>\n<meta property=\"og:url\" content=\"https:\/\/the-apers.com\/hr\/lokalna-swingerska-mjesta\/\" \/>\n<meta property=\"og:site_name\" content=\"Adult Dating Finder\" \/>\n<meta name=\"twitter:card\" content=\"summary_large_image\" \/>\n<meta name=\"twitter:label1\" content=\"Procijenjeno vrijeme \u010ditanja\" \/>\n\t<meta name=\"twitter:data1\" content=\"3 minute\" \/>\n<script type=\"application\/ld+json\" class=\"yoast-schema-graph\">{\"@context\":\"https:\/\/schema.org\",\"@graph\":[{\"@type\":\"WebSite\",\"@id\":\"https:\/\/the-apers.com\/nl\/#website\",\"url\":\"https:\/\/the-apers.com\/nl\/\",\"name\":\"Adult Dating Finder\",\"description\":\"Online Personals\",\"potentialAction\":[{\"@type\":\"SearchAction\",\"target\":{\"@type\":\"EntryPoint\",\"urlTemplate\":\"https:\/\/the-apers.com\/nl\/?s={search_term_string}\"},\"query-input\":\"required name=search_term_string\"}],\"inLanguage\":\"hr\"},{\"@type\":\"WebPage\",\"@id\":\"https:\/\/the-apers.com\/hr\/lokalna-swingerska-mjesta\/#webpage\",\"url\":\"https:\/\/the-apers.com\/hr\/lokalna-swingerska-mjesta\/\",\"name\":\"Lokalna swingerska mjesta - Adult Dating Finder\",\"isPartOf\":{\"@id\":\"https:\/\/the-apers.com\/nl\/#website\"},\"datePublished\":\"2022-09-30T10:15:23+00:00\",\"dateModified\":\"2022-09-30T10:15:23+00:00\",\"breadcrumb\":{\"@id\":\"https:\/\/the-apers.com\/hr\/lokalna-swingerska-mjesta\/#breadcrumb\"},\"inLanguage\":\"hr\",\"potentialAction\":[{\"@type\":\"ReadAction\",\"target\":[\"https:\/\/the-apers.com\/hr\/lokalna-swingerska-mjesta\/\"]}]},{\"@type\":\"BreadcrumbList\",\"@id\":\"https:\/\/the-apers.com\/hr\/lokalna-swingerska-mjesta\/#breadcrumb\",\"itemListElement\":[{\"@type\":\"ListItem\",\"position\":1,\"name\":\"Home\",\"item\":\"http:\/\/the-apers.com\/hr\/\"},{\"@type\":\"ListItem\",\"position\":2,\"name\":\"Lokalna swingerska mjesta\"}]}]}<\/script>\n<!-- \/ Yoast SEO plugin. -->","yoast_head_json":{"title":"Lokalna swingerska mjesta - Adult Dating Finder","robots":{"index":"index","follow":"follow","max-snippet":"max-snippet:-1","max-image-preview":"max-image-preview:large","max-video-preview":"max-video-preview:-1"},"canonical":"https:\/\/the-apers.com\/hr\/lokalna-swingerska-mjesta\/","og_locale":"hr_HR","og_type":"article","og_title":"Lokalna swingerska mjesta - Adult Dating Finder","og_description":"Postoji nekoliko lokalnih swinger stranica koje su popularne u zajednici spajanja. Oni su izvrstan na\u010din da upoznate druge parove ili&hellip;","og_url":"https:\/\/the-apers.com\/hr\/lokalna-swingerska-mjesta\/","og_site_name":"Adult Dating Finder","twitter_card":"summary_large_image","twitter_misc":{"Procijenjeno vrijeme \u010ditanja":"3 minute"},"schema":{"@context":"https:\/\/schema.org","@graph":[{"@type":"WebSite","@id":"https:\/\/the-apers.com\/nl\/#website","url":"https:\/\/the-apers.com\/nl\/","name":"Adult Dating Finder","description":"Online Personals","potentialAction":[{"@type":"SearchAction","target":{"@type":"EntryPoint","urlTemplate":"https:\/\/the-apers.com\/nl\/?s={search_term_string}"},"query-input":"required name=search_term_string"}],"inLanguage":"hr"},{"@type":"WebPage","@id":"https:\/\/the-apers.com\/hr\/lokalna-swingerska-mjesta\/#webpage","url":"https:\/\/the-apers.com\/hr\/lokalna-swingerska-mjesta\/","name":"Lokalna swingerska mjesta - Adult Dating Finder","isPartOf":{"@id":"https:\/\/the-apers.com\/nl\/#website"},"datePublished":"2022-09-30T10:15:23+00:00","dateModified":"2022-09-30T10:15:23+00:00","breadcrumb":{"@id":"https:\/\/the-apers.com\/hr\/lokalna-swingerska-mjesta\/#breadcrumb"},"inLanguage":"hr","potentialAction":[{"@type":"ReadAction","target":["https:\/\/the-apers.com\/hr\/lokalna-swingerska-mjesta\/"]}]},{"@type":"BreadcrumbList","@id":"https:\/\/the-apers.com\/hr\/lokalna-swingerska-mjesta\/#breadcrumb","itemListElement":[{"@type":"ListItem","position":1,"name":"Home","item":"http:\/\/the-apers.com\/hr\/"},{"@type":"ListItem","position":2,"name":"Lokalna swingerska mjesta"}]}]}},"_links":{"self":[{"href":"https:\/\/the-apers.com\/hr\/wp-json\/wp\/v2\/pages\/258"}],"collection":[{"href":"https:\/\/the-apers.com\/hr\/wp-json\/wp\/v2\/pages"}],"about":[{"href":"https:\/\/the-apers.com\/hr\/wp-json\/wp\/v2\/types\/page"}],"author":[{"embeddable":true,"href":"https:\/\/the-apers.com\/hr\/wp-json\/wp\/v2\/users\/1"}],"replies":[{"embeddable":true,"href":"https:\/\/the-apers.com\/hr\/wp-json\/wp\/v2\/comments?post=258"}],"version-history":[{"count":0,"href":"https:\/\/the-apers.com\/hr\/wp-json\/wp\/v2\/pages\/258\/revisions"}],"wp:attachment":[{"href":"https:\/\/the-apers.com\/hr\/wp-json\/wp\/v2\/media?parent=258"}],"curies":[{"name":"wp","href":"https:\/\/api.w.org\/{rel}","templated":true}]}}