{"id":273,"date":"2022-09-30T11:14:58","date_gmt":"2022-09-30T10:14:58","guid":{"rendered":"http:\/\/the-apers.com\/milf-chatrooms\/"},"modified":"2022-09-30T11:14:58","modified_gmt":"2022-09-30T10:14:58","slug":"milf-chatrooms","status":"publish","type":"page","link":"https:\/\/the-apers.com\/hr\/milf-chatrooms\/","title":{"rendered":"Milf Chatrooms"},"content":{"rendered":"<p>Ima ne\u0161to nevjerojatno primamljivo u MILF-ovima, a mnogi ih smatraju neodoljivima. Sre\u0107om, postoji mnogo MILF chat soba u kojima mo\u017eete razgovarati s ovim prekrasnim \u017eenama, a mo\u017eda \u010dak i dogovoriti da se osobno sastanete. Samo budite sigurni da budete puni po\u0161tovanja i \u0161armantni, a za\u010das \u0107ete sigurno posti\u0107i vru\u0107i spoj s MILF-om.<\/p>\n<h2>Besplatni Milf Chat<\/h2>\n<p>Tra\u017eite vru\u0107i MILF za <a href=\"http:\/\/the-apers.com\/?page_id=228&amp;preview=true\">razgovor na mre\u017ei<\/a>? Ne tra\u017eite dalje od besplatnog MILF Chata. Ova stranica nudi besplatnu uslugu chata za MILF-ove i momke koji ih vole. Jednostavno se prijavite za ra\u010dun i po\u010dnite razgovarati s napaljenim MILF-ovima u va\u0161em podru\u010dju. Bilo da tra\u017eite nesta\u0161nu zabavu ili ozbiljnu vezu, Besplatni MILF Chat savr\u0161eno je mjesto za po\u010detak. Nema potrebe za srame\u017eljivo\u0161\u0107u kada razgovarate s milficama &#8211; otvoreni su i tra\u017ee ljubav ba\u0161 kao i vi. Mo\u017eda \u0107ete se iznenaditi koliko je lako povezati se s njima i koliko vam je zajedni\u010dko. Samo budite svoji i ne bojte se zapo\u010deti razgovor. Tko zna, mo\u017eda na\u0111e\u0161 ljubav svog \u017eivota.<\/p>\n<h2>Razgovarajte s Milfsom<\/h2>\n<p>Stvarno u\u017eivam u razgovoru s milficama. Obi\u010dno su vrlo samouvjereni i znaju \u0161to \u017eele. Smatram da su i oni vrlo otvorenog uma i voljni isprobati nove stvari. To \u010dini sjajno iskustvo upoznavanja jer se ne boje riskirati. Tako\u0111er smatram da su milfice vrlo seksi i obi\u010dno su vrlo dobre u krevetu. Obi\u010dno su vrlo iskusni i znaju kako ugoditi mu\u0161karcu. Sve u svemu, stvarno u\u017eivam u izlascima s milficama i preporu\u010dila bih ga svakom tipu koji tra\u017ei sjajno vrijeme.<\/p>\n<h3>FabSwingers<\/h3>\n<p>Ova aplikacija za upoznavanje savr\u0161ena je za povezivanje sa starijim \u017eenama koje tra\u017ee dobar provod. Aplikacija je jednostavna za upotrebu i ima mno\u0161tvo zna\u010dajki koje je \u010dine savr\u0161enom za pronala\u017eenje milf-a za razgovor. \u017dene mo\u017eete tra\u017eiti prema dobi, lokaciji, interesima i jo\u0161 mnogo toga. Osim toga, \u010dak mo\u017eete slati poruke i fotografije \u017eenama koje vas zanimaju. Dakle, ako tra\u017eite milf chat sobu, FabSwingers je savr\u0161eno mjesto za po\u010detak potrage.<\/p>\n<h3>Fling.com<\/h3>\n<p>Fling.com je aplikacija za upoznavanje s razlikom; posebno je dizajniran za ljude koji \u017eele imati le\u017eerne avanture bez pri\u010dvr\u0161\u0107enih \u017eica. Aplikacija je vrlo jednostavna za upotrebu i ima jednostavno su\u010delje. Tako\u0111er ima veliku bazu korisnika, \u0161to zna\u010di da uvijek postoje ljudi na mre\u017ei za razgovor. Aplikacija je besplatna za upotrebu, ali postoje neke zna\u010dajke koje su dostupne samo \u010dlanovima koji pla\u0107aju. Sve u svemu, aplikacija je izvrsna opcija za ljude koji tra\u017ee le\u017eerne avanture.<\/p>\n<h3>OnlyFlings<\/h3>\n<p>Ako tra\u017eite milf chat sobu, htjet \u0107ete pogledati aplikaciju za upoznavanje OnlyFlings. To je izvrsna aplikacija za upoznavanje starijih \u017eena i razgovor s njima. Aplikacija je jednostavna za upotrebu i ima mnogo zna\u010dajki koje je \u010dine izvrsnim izborom za milf chat sobe. \u017dene mo\u017eete tra\u017eiti prema lokaciji, dobi, interesima i jo\u0161 mnogo toga. Tako\u0111er mo\u017eete slati poruke i razgovarati s njima u stvarnom vremenu. OnlyFlings je izvrstan izbor za milf chat sobe i sigurno \u0107e vam pomo\u0107i da upoznate starije \u017eene koje vas zanimaju.<\/p>\n","protected":false},"excerpt":{"rendered":"<p>Ima ne\u0161to nevjerojatno primamljivo u MILF-ovima, a mnogi ih smatraju neodoljivima. Sre\u0107om, postoji mnogo MILF chat soba u kojima mo\u017eete&hellip;<\/p>\n","protected":false},"author":1,"featured_media":0,"parent":0,"menu_order":0,"comment_status":"closed","ping_status":"closed","template":"","meta":[],"yoast_head":"<!-- This site is optimized with the Yoast SEO plugin v17.7.1 - https:\/\/yoast.com\/wordpress\/plugins\/seo\/ -->\n<title>Milf Chatrooms - Adult Dating Finder<\/title>\n<meta name=\"robots\" content=\"index, follow, max-snippet:-1, max-image-preview:large, max-video-preview:-1\" \/>\n<link rel=\"canonical\" href=\"https:\/\/the-apers.com\/hr\/milf-chatrooms\/\" \/>\n<meta property=\"og:locale\" content=\"hr_HR\" \/>\n<meta property=\"og:type\" content=\"article\" \/>\n<meta property=\"og:title\" content=\"Milf Chatrooms - Adult Dating Finder\" \/>\n<meta property=\"og:description\" content=\"Ima ne\u0161to nevjerojatno primamljivo u MILF-ovima, a mnogi ih smatraju neodoljivima. Sre\u0107om, postoji mnogo MILF chat soba u kojima mo\u017eete&hellip;\" \/>\n<meta property=\"og:url\" content=\"https:\/\/the-apers.com\/hr\/milf-chatrooms\/\" \/>\n<meta property=\"og:site_name\" content=\"Adult Dating Finder\" \/>\n<meta name=\"twitter:card\" content=\"summary_large_image\" \/>\n<meta name=\"twitter:label1\" content=\"Procijenjeno vrijeme \u010ditanja\" \/>\n\t<meta name=\"twitter:data1\" content=\"3 minute\" \/>\n<script type=\"application\/ld+json\" class=\"yoast-schema-graph\">{\"@context\":\"https:\/\/schema.org\",\"@graph\":[{\"@type\":\"WebSite\",\"@id\":\"https:\/\/the-apers.com\/#website\",\"url\":\"https:\/\/the-apers.com\/\",\"name\":\"Adult Dating Finder\",\"description\":\"Online Personals\",\"potentialAction\":[{\"@type\":\"SearchAction\",\"target\":{\"@type\":\"EntryPoint\",\"urlTemplate\":\"https:\/\/the-apers.com\/?s={search_term_string}\"},\"query-input\":\"required name=search_term_string\"}],\"inLanguage\":\"hr\"},{\"@type\":\"WebPage\",\"@id\":\"https:\/\/the-apers.com\/hr\/milf-chatrooms\/#webpage\",\"url\":\"https:\/\/the-apers.com\/hr\/milf-chatrooms\/\",\"name\":\"Milf Chatrooms - Adult Dating Finder\",\"isPartOf\":{\"@id\":\"https:\/\/the-apers.com\/#website\"},\"datePublished\":\"2022-09-30T10:14:58+00:00\",\"dateModified\":\"2022-09-30T10:14:58+00:00\",\"breadcrumb\":{\"@id\":\"https:\/\/the-apers.com\/hr\/milf-chatrooms\/#breadcrumb\"},\"inLanguage\":\"hr\",\"potentialAction\":[{\"@type\":\"ReadAction\",\"target\":[\"https:\/\/the-apers.com\/hr\/milf-chatrooms\/\"]}]},{\"@type\":\"BreadcrumbList\",\"@id\":\"https:\/\/the-apers.com\/hr\/milf-chatrooms\/#breadcrumb\",\"itemListElement\":[{\"@type\":\"ListItem\",\"position\":1,\"name\":\"Home\",\"item\":\"https:\/\/the-apers.com\/hr\/\"},{\"@type\":\"ListItem\",\"position\":2,\"name\":\"Milf Chatrooms\"}]}]}<\/script>\n<!-- \/ Yoast SEO plugin. -->","yoast_head_json":{"title":"Milf Chatrooms - Adult Dating Finder","robots":{"index":"index","follow":"follow","max-snippet":"max-snippet:-1","max-image-preview":"max-image-preview:large","max-video-preview":"max-video-preview:-1"},"canonical":"https:\/\/the-apers.com\/hr\/milf-chatrooms\/","og_locale":"hr_HR","og_type":"article","og_title":"Milf Chatrooms - Adult Dating Finder","og_description":"Ima ne\u0161to nevjerojatno primamljivo u MILF-ovima, a mnogi ih smatraju neodoljivima. Sre\u0107om, postoji mnogo MILF chat soba u kojima mo\u017eete&hellip;","og_url":"https:\/\/the-apers.com\/hr\/milf-chatrooms\/","og_site_name":"Adult Dating Finder","twitter_card":"summary_large_image","twitter_misc":{"Procijenjeno vrijeme \u010ditanja":"3 minute"},"schema":{"@context":"https:\/\/schema.org","@graph":[{"@type":"WebSite","@id":"https:\/\/the-apers.com\/#website","url":"https:\/\/the-apers.com\/","name":"Adult Dating Finder","description":"Online Personals","potentialAction":[{"@type":"SearchAction","target":{"@type":"EntryPoint","urlTemplate":"https:\/\/the-apers.com\/?s={search_term_string}"},"query-input":"required name=search_term_string"}],"inLanguage":"hr"},{"@type":"WebPage","@id":"https:\/\/the-apers.com\/hr\/milf-chatrooms\/#webpage","url":"https:\/\/the-apers.com\/hr\/milf-chatrooms\/","name":"Milf Chatrooms - Adult Dating Finder","isPartOf":{"@id":"https:\/\/the-apers.com\/#website"},"datePublished":"2022-09-30T10:14:58+00:00","dateModified":"2022-09-30T10:14:58+00:00","breadcrumb":{"@id":"https:\/\/the-apers.com\/hr\/milf-chatrooms\/#breadcrumb"},"inLanguage":"hr","potentialAction":[{"@type":"ReadAction","target":["https:\/\/the-apers.com\/hr\/milf-chatrooms\/"]}]},{"@type":"BreadcrumbList","@id":"https:\/\/the-apers.com\/hr\/milf-chatrooms\/#breadcrumb","itemListElement":[{"@type":"ListItem","position":1,"name":"Home","item":"https:\/\/the-apers.com\/hr\/"},{"@type":"ListItem","position":2,"name":"Milf Chatrooms"}]}]}},"_links":{"self":[{"href":"https:\/\/the-apers.com\/hr\/wp-json\/wp\/v2\/pages\/273"}],"collection":[{"href":"https:\/\/the-apers.com\/hr\/wp-json\/wp\/v2\/pages"}],"about":[{"href":"https:\/\/the-apers.com\/hr\/wp-json\/wp\/v2\/types\/page"}],"author":[{"embeddable":true,"href":"https:\/\/the-apers.com\/hr\/wp-json\/wp\/v2\/users\/1"}],"replies":[{"embeddable":true,"href":"https:\/\/the-apers.com\/hr\/wp-json\/wp\/v2\/comments?post=273"}],"version-history":[{"count":0,"href":"https:\/\/the-apers.com\/hr\/wp-json\/wp\/v2\/pages\/273\/revisions"}],"wp:attachment":[{"href":"https:\/\/the-apers.com\/hr\/wp-json\/wp\/v2\/media?parent=273"}],"curies":[{"name":"wp","href":"https:\/\/api.w.org\/{rel}","templated":true}]}}