{"id":276,"date":"2022-09-30T11:12:38","date_gmt":"2022-09-30T10:12:38","guid":{"rendered":"http:\/\/the-apers.com\/bdsm-web-mjesta\/"},"modified":"2022-09-30T11:12:38","modified_gmt":"2022-09-30T10:12:38","slug":"bdsm-web-mjesta","status":"publish","type":"page","link":"https:\/\/the-apers.com\/hr\/bdsm-web-mjesta\/","title":{"rendered":"BDSM web-mjesta"},"content":{"rendered":"<p>Postoje brojne web stranice koje zadovoljavaju ljude koji su zainteresirani za BDSM. Ove web stranice mogu biti izvrstan na\u010din povezivanja s istomi\u0161ljenicima koji su zainteresirani za istra\u017eivanje ove vrste seksualne aktivnosti. Neke od ovih web stranica tako\u0111er imaju forume i chat sobe u kojima mo\u017eete razgovarati s drugim \u010dlanovima i saznati vi\u0161e o BDSM-u. Ako ste zainteresirani za istra\u017eivanje ove vrste seksualnih aktivnosti, ove web stranice mogu biti izvrsno mjesto za po\u010detak.<\/p>\n<h2>Najbolji BDSM dating finder<\/h2>\n<p>Ne mo\u017ee se pore\u0107i da BDSM izlasci mogu biti prili\u010dno zastra\u0161uju\u0107i, pogotovo ako ste novi na sceni. Me\u0111utim, uz pomo\u0107 BDSM pronalaza\u010da spojeva, lako mo\u017eete prona\u0107i istomi\u0161ljenike koji se bave istim problemima i feti\u0161ima kao i vi. BDSM pronalaza\u010d spojeva u osnovi je tra\u017eilica koja vam poma\u017ee prona\u0107i druge <a href=\"http:\/\/the-apers.com\/bondage-chatrooms\/\">BDSM entuzijaste u va\u0161oj blizini<\/a>. Sve \u0161to trebate u\u010diniti je unijeti svoju lokaciju i preferencije, a nalaznik \u0107e u\u010diniti ostalo. Ne samo da to olak\u0161ava pronala\u017eenje potencijalnih partnera, ve\u0107 zna\u010di i da mo\u017eete biti sigurni da se bave istim stvarima kao i vi. Nema vi\u0161e neugodnih razgovora ili razo\u010daranja!<\/p>\n<p>Postoji mnogo nastranih ljudi koji tra\u017ee ljubav na svijetu, a mnogi od njih koriste internetske spojeve kako bi je prona\u0161li. Nastrane web stranice za upoznavanje zadovoljavaju ljude koji u\u017eivaju u neobi\u010dnim seksualnim aktivnostima, a mogu biti izvrstan na\u010din za pronala\u017eenje partnera istomi\u0161ljenika. Nastrane web stranice za upoznavanje \u010desto imaju zna\u010dajke koje vam omogu\u0107uju tra\u017eenje ljudi po odre\u0111enim interesima, a mogu imati i chat sobe i forume na kojima mo\u017eete upoznati druge nastrane ljude. Ako ste zainteresirani za pronala\u017eenje nastranog partnera, online upoznavanje izvrsno je mjesto za po\u010detak pretra\u017eivanja.<\/p>\n<h2>Kink stranice<\/h2>\n<p>Na internetu su dostupne razne kink stranice, od kojih svaka udovoljava razli\u010ditim preferencijama i interesima. Bilo da se bavite BDSM-om, feti\u0161om na stopala ili ne\u010dim sasvim drugim, sigurno \u0107e postojati web mjesto koje je pravo za vas.<\/p>\n<p>Kink stranice mogu biti izvrstan na\u010din povezivanja s istomi\u0161ljenicima koji su zainteresirani za istra\u017eivanje njihove seksualnosti. Oni tako\u0111er mogu biti izvrstan na\u010din da saznate vi\u0161e o sebi i onome \u0161to vas zanima. Ako ste novi u kink sceni, ove web stranice mogu biti sjajan na\u010din da smo\u010dite noge i shvatite u \u0161to se bavite.<\/p>\n<p>Me\u0111utim, va\u017eno je zapamtiti da ne tra\u017ee svi na kink web mjestu datum ili vezu. Neki ljudi su tu samo da razgovaraju i istra\u017ee svoje probleme s drugima. Ako tra\u017eite vezu, va\u017eno je biti jasan o tome od samog po\u010detka. U suprotnom biste mogli izgubiti svoje vrijeme (i njihovo).<\/p>\n<h3>BBWCupid<\/h3>\n<p>Ako tra\u017eite BDSM aplikaciju za upoznavanje s velikim izborom potencijalnih partnera, BBWCupid je izvrsna opcija. S vi\u0161e od 600.000 \u010dlanova, velika je vjerojatnost da \u0107ete prona\u0107i nekoga tko dijeli va\u0161e probleme i interese. Aplikacija je besplatna za preuzimanje i upotrebu, ali trebat \u0107e vam pla\u0107eno \u010dlanstvo za otklju\u010davanje svih zna\u010dajki. To uklju\u010duje razmjenu poruka, pretra\u017eivanje i napredno podudaranje. Tim BBWCupid reagira i poma\u017ee, \u0161to ga \u010dini izvrsnom opcijom za one koji su novi na BDSM sceni.<\/p>\n<h3>DateYou<\/h3>\n<p>DateYou je aplikacija za upoznavanje koja zadovoljava one koji su zainteresirani za BDSM. To je sjajan na\u010din da upoznate istomi\u0161ljenike i istra\u017eite svoje probleme na siguran i sporazuman na\u010din. Aplikacija je jednostavna za upotrebu i ima <a href=\"http:\/\/the-apers.com\/milf-chatrooms\/\">mnogo zna\u010dajki<\/a>, \u0161to je \u010dini izvrsnom opcijom za one koji \u017eele u\u0107i u BDSM.<\/p>\n<h3>LuckyCrush<\/h3>\n<p>LuckyCrush je aplikacija za upoznavanje koja povezuje ljude koji su zainteresirani za BDSM. Aplikacija je jednostavna za upotrebu i ima mnogo zna\u010dajki koje je \u010dine izvrsnim izborom za ljude koji se bave BDSM-om. Aplikacija vam omogu\u0107uje pretra\u017eivanje osoba koje se bave BDSM-om, a pretra\u017eivanje mo\u017eete filtrirati i prema lokaciji, dobi i spolu. LuckyCrush tako\u0111er ima zna\u010dajku chata koja vam omogu\u0107uje \u010davrljanje s drugim korisnicima, a tako\u0111er mo\u017eete slati i primati poruke. Aplikacija je besplatna za upotrebu, a dostupna je i za iOS i za Android ure\u0111aje.<\/p>\n","protected":false},"excerpt":{"rendered":"<p>Postoje brojne web stranice koje zadovoljavaju ljude koji su zainteresirani za BDSM. Ove web stranice mogu biti izvrstan na\u010din povezivanja&hellip;<\/p>\n","protected":false},"author":1,"featured_media":0,"parent":0,"menu_order":0,"comment_status":"closed","ping_status":"closed","template":"","meta":[],"yoast_head":"<!-- This site is optimized with the Yoast SEO plugin v17.7.1 - https:\/\/yoast.com\/wordpress\/plugins\/seo\/ -->\n<title>Besplatni Adult Dating Finder BDSM web-mjesta -<\/title>\n<meta name=\"robots\" content=\"index, follow, max-snippet:-1, max-image-preview:large, max-video-preview:-1\" \/>\n<link rel=\"canonical\" href=\"https:\/\/the-apers.com\/hr\/bdsm-web-mjesta\/\" \/>\n<meta property=\"og:locale\" content=\"hr_HR\" \/>\n<meta property=\"og:type\" content=\"article\" \/>\n<meta property=\"og:title\" content=\"Besplatni Adult Dating Finder BDSM web-mjesta -\" \/>\n<meta property=\"og:description\" content=\"Postoje brojne web stranice koje zadovoljavaju ljude koji su zainteresirani za BDSM. Ove web stranice mogu biti izvrstan na\u010din povezivanja&hellip;\" \/>\n<meta property=\"og:url\" content=\"https:\/\/the-apers.com\/hr\/bdsm-web-mjesta\/\" \/>\n<meta property=\"og:site_name\" content=\"Adult Dating Finder\" \/>\n<meta name=\"twitter:card\" content=\"summary_large_image\" \/>\n<meta name=\"twitter:label1\" content=\"Procijenjeno vrijeme \u010ditanja\" \/>\n\t<meta name=\"twitter:data1\" content=\"4 minute\" \/>\n<script type=\"application\/ld+json\" class=\"yoast-schema-graph\">{\"@context\":\"https:\/\/schema.org\",\"@graph\":[{\"@type\":\"WebSite\",\"@id\":\"https:\/\/the-apers.com\/nl\/#website\",\"url\":\"https:\/\/the-apers.com\/nl\/\",\"name\":\"Adult Dating Finder\",\"description\":\"Online Personals\",\"potentialAction\":[{\"@type\":\"SearchAction\",\"target\":{\"@type\":\"EntryPoint\",\"urlTemplate\":\"https:\/\/the-apers.com\/nl\/?s={search_term_string}\"},\"query-input\":\"required name=search_term_string\"}],\"inLanguage\":\"hr\"},{\"@type\":\"WebPage\",\"@id\":\"https:\/\/the-apers.com\/hr\/bdsm-web-mjesta\/#webpage\",\"url\":\"https:\/\/the-apers.com\/hr\/bdsm-web-mjesta\/\",\"name\":\"Besplatni Adult Dating Finder BDSM web-mjesta -\",\"isPartOf\":{\"@id\":\"https:\/\/the-apers.com\/nl\/#website\"},\"datePublished\":\"2022-09-30T10:12:38+00:00\",\"dateModified\":\"2022-09-30T10:12:38+00:00\",\"breadcrumb\":{\"@id\":\"https:\/\/the-apers.com\/hr\/bdsm-web-mjesta\/#breadcrumb\"},\"inLanguage\":\"hr\",\"potentialAction\":[{\"@type\":\"ReadAction\",\"target\":[\"https:\/\/the-apers.com\/hr\/bdsm-web-mjesta\/\"]}]},{\"@type\":\"BreadcrumbList\",\"@id\":\"https:\/\/the-apers.com\/hr\/bdsm-web-mjesta\/#breadcrumb\",\"itemListElement\":[{\"@type\":\"ListItem\",\"position\":1,\"name\":\"Home\",\"item\":\"http:\/\/the-apers.com\/hr\/\"},{\"@type\":\"ListItem\",\"position\":2,\"name\":\"BDSM web-mjesta\"}]}]}<\/script>\n<!-- \/ Yoast SEO plugin. -->","yoast_head_json":{"title":"Besplatni Adult Dating Finder BDSM web-mjesta -","robots":{"index":"index","follow":"follow","max-snippet":"max-snippet:-1","max-image-preview":"max-image-preview:large","max-video-preview":"max-video-preview:-1"},"canonical":"https:\/\/the-apers.com\/hr\/bdsm-web-mjesta\/","og_locale":"hr_HR","og_type":"article","og_title":"Besplatni Adult Dating Finder BDSM web-mjesta -","og_description":"Postoje brojne web stranice koje zadovoljavaju ljude koji su zainteresirani za BDSM. Ove web stranice mogu biti izvrstan na\u010din povezivanja&hellip;","og_url":"https:\/\/the-apers.com\/hr\/bdsm-web-mjesta\/","og_site_name":"Adult Dating Finder","twitter_card":"summary_large_image","twitter_misc":{"Procijenjeno vrijeme \u010ditanja":"4 minute"},"schema":{"@context":"https:\/\/schema.org","@graph":[{"@type":"WebSite","@id":"https:\/\/the-apers.com\/nl\/#website","url":"https:\/\/the-apers.com\/nl\/","name":"Adult Dating Finder","description":"Online Personals","potentialAction":[{"@type":"SearchAction","target":{"@type":"EntryPoint","urlTemplate":"https:\/\/the-apers.com\/nl\/?s={search_term_string}"},"query-input":"required name=search_term_string"}],"inLanguage":"hr"},{"@type":"WebPage","@id":"https:\/\/the-apers.com\/hr\/bdsm-web-mjesta\/#webpage","url":"https:\/\/the-apers.com\/hr\/bdsm-web-mjesta\/","name":"Besplatni Adult Dating Finder BDSM web-mjesta -","isPartOf":{"@id":"https:\/\/the-apers.com\/nl\/#website"},"datePublished":"2022-09-30T10:12:38+00:00","dateModified":"2022-09-30T10:12:38+00:00","breadcrumb":{"@id":"https:\/\/the-apers.com\/hr\/bdsm-web-mjesta\/#breadcrumb"},"inLanguage":"hr","potentialAction":[{"@type":"ReadAction","target":["https:\/\/the-apers.com\/hr\/bdsm-web-mjesta\/"]}]},{"@type":"BreadcrumbList","@id":"https:\/\/the-apers.com\/hr\/bdsm-web-mjesta\/#breadcrumb","itemListElement":[{"@type":"ListItem","position":1,"name":"Home","item":"http:\/\/the-apers.com\/hr\/"},{"@type":"ListItem","position":2,"name":"BDSM web-mjesta"}]}]}},"_links":{"self":[{"href":"https:\/\/the-apers.com\/hr\/wp-json\/wp\/v2\/pages\/276"}],"collection":[{"href":"https:\/\/the-apers.com\/hr\/wp-json\/wp\/v2\/pages"}],"about":[{"href":"https:\/\/the-apers.com\/hr\/wp-json\/wp\/v2\/types\/page"}],"author":[{"embeddable":true,"href":"https:\/\/the-apers.com\/hr\/wp-json\/wp\/v2\/users\/1"}],"replies":[{"embeddable":true,"href":"https:\/\/the-apers.com\/hr\/wp-json\/wp\/v2\/comments?post=276"}],"version-history":[{"count":0,"href":"https:\/\/the-apers.com\/hr\/wp-json\/wp\/v2\/pages\/276\/revisions"}],"wp:attachment":[{"href":"https:\/\/the-apers.com\/hr\/wp-json\/wp\/v2\/media?parent=276"}],"curies":[{"name":"wp","href":"https:\/\/api.w.org\/{rel}","templated":true}]}}