{"id":117,"date":"2022-09-13T12:01:16","date_gmt":"2022-09-13T11:01:16","guid":{"rendered":"http:\/\/the-apers.com\/siti-di-incontri-e-scopare-per-adulti\/"},"modified":"2022-10-04T13:39:10","modified_gmt":"2022-10-04T12:39:10","slug":"siti-di-incontri-e-scopare-per-adulti","status":"publish","type":"page","link":"https:\/\/the-apers.com\/it\/","title":{"rendered":"Siti di incontri e scopare per adulti"},"content":{"rendered":"<p>Uno dei maggiori vantaggi degli appuntamenti online \u00e8 che puoi connetterti con persone di tutto il mondo. Con pochi clic del mouse, puoi sfogliare i profili di migliaia di single nella tua zona. Puoi anche filtrare i membri in base a et\u00e0, posizione, interessi, stato della relazione e altri criteri.<\/p>\n<p>Mentre i siti di incontri online offrono convenienza, presentano anche sfide. Una sfida \u00e8 trovare corrispondenze compatibili. Un altro problema \u00e8 capire se una persona \u00e8 genuina o sta cercando di truffarti. Le truffe di appuntamenti online sono comuni, quindi \u00e8 importante imparare come individuare un profilo falso.<\/p>\n<h2>Come funzionano le app di appuntamenti se vuoi solo sesso<\/h2>\n<p>Ci sono molti siti dedicati agli appuntamenti casuali, tra cui Tinder, OkCupid e Bumble. Queste app ti consentono di scorrere verso sinistra <a href=\"http:\/\/www.sito-per-sesso.com\">sito sesso gratis<\/a> o destra in base a foto e messaggi e quindi di connetterti con altri che condividono interessi comuni. Quando incontri qualcuno che ti piace, puoi chattare privatamente o fissare un appuntamento.<\/p>\n<p>Mentre gli appuntamenti casuali sono divertenti e facili, \u00e8 importante ricordare che \u00e8 ancora solo una forma di intrattenimento. Assicurati di sentirti a tuo agio con la persona con cui stai parlando prima di accettare qualsiasi cosa. Inoltre, fai attenzione a condividere i dettagli personali, in particolare le informazioni finanziarie.<\/p>\n<p>\u00c8 anche importante capire che gli appuntamenti casuali non sono sempre sicuri. Mentre \u00e8 possibile incontrare qualcuno di cui ti fidi, non \u00e8 sempre garantito. Anche se potresti sentirti abbastanza sicuro da parlare con qualcuno che hai incontrato online, non lo sai mai fino a quando non lo incontri nella vita reale.<\/p>\n<p>Quindi, mentre gli appuntamenti casuali possono essere divertenti, \u00e8 importante essere consapevoli dei potenziali rischi.<\/p>\n<h2>Come stare al sicuro online<\/h2>\n<p>I collegamenti sono divertenti ed eccitanti, ma non sono sempre sicuri. Ci sono molte app disponibili oggi che <a href=\"https:\/\/www.siti-incontri.net\/\">siti incontri sesso gratuiti<\/a> ti consentono di collegarti con qualcuno nelle vicinanze, ma corri comunque il rischio di incontrare qualcuno che potrebbe non essere affidabile.<\/p>\n<p>\u00c8 facile cadere nella trappola di pensare che i collegamenti siano pi\u00f9 sicuri che andare nei bar o nei club, ma la verit\u00e0 \u00e8 che sono altrettanto pericolosi. Quando incontri qualcuno di persona, hai l&#8217;opportunit\u00e0 di valutare il suo carattere e decidere se ti senti a tuo agio o meno con lui. Online, non sai mai davvero con che tipo di persona hai a che fare fino a dopo il fatto.<\/p>\n<p>Questo \u00e8 il motivo per cui \u00e8 importante essere cauti quando si sceglie dove incontrare qualcuno. Assicurati di scegliere un&#8217;app affidabile che ti consenta di verificare profili e foto prima di accettare di incontrarti. Inoltre, cerca di evitare di incontrare qualcuno in un bar o in un club; invece, optare per una caffetteria o un altro luogo pubblico.<\/p>\n<p>Mentre \u00e8 vero che i collegamenti sono convenienti, possono anche portare a problemi. Quindi, mentre potresti goderti il brivido di trovare qualcuno con cui passare del tempo, ricorda che potresti finire per pentirtene in seguito.<\/p>\n<h3>Cosa evitare<\/h3>\n<p>Per evitare di cadere vittima di un truffatore, \u00e8 importante condurre controlli approfonditi in background su potenziali date. Assicurati di leggere le recensioni e i feedback lasciati dai clienti precedenti. Inoltre, esamina la reputazione del membro attraverso siti di terze parti come Facebook e Twitter. Infine, verifica le informazioni di contatto della persona.<\/p>\n<p>Oltre a controllare i dettagli personali dell&#8217;utente, \u00e8 anche importante rivedere le sue foto. Cerca incongruenze nelle immagini, come volti multipli o sfondi strani. Queste bandiere rosse potrebbero indicare che la persona sta nascondendo qualcosa.<\/p>\n<p>\u00c8 anche importante considerare la sicurezza dei tuoi dati quando utilizzi siti di incontri online. Molti siti richiedono di fornire informazioni sensibili, tra cui informazioni finanziarie e numeri di telefono. Prima di condividere queste informazioni, assicurati di aver compreso le politiche sulla privacy dei siti a cui prevedi di iscriverti.<\/p>\n<p>I siti di incontri online sono modi convenienti per incontrare persone, ma non sono perfetti. Ci sono dei rischi, quindi \u00e8 importante che tu valuti i pro e i contro prima di unirti.<\/p>\n<h2>Perch\u00e9 dovresti fidarti dei siti di incontri online?<\/h2>\n<p>Mentre gli appuntamenti online sono ancora relativamente nuovi, ci sono molte risorse disponibili per aiutarti a navigare nel mondo degli appuntamenti online. Ecco alcuni suggerimenti da considerare quando si cerca l&#8217;amore online.<\/p>\n<p>Inizia iscrivendoti a un servizio affidabile. Ci sono dozzine di siti diversi che offrono opzioni di appuntamenti online, quindi \u00e8 importante scegliere con saggezza. Alcuni dei siti pi\u00f9 popolari includono Match.com, eHarmony, PlentyOfFish, Zoosk, OkCupid e Tinder. Quindi, esamina i tipi di profili offerti da ciascun sito. La maggior parte dei siti offre funzionalit\u00e0 di base del profilo, tra cui foto, posizione, et\u00e0, sesso e interessi. Ma alcuni siti ti consentono di personalizzare ulteriormente il tuo profilo, permettendoti di aggiungere ulteriori dettagli come hobby, istruzione, occupazione e stato delle relazioni.<\/p>\n<p>Dopo aver creato un profilo, prova a sfogliare i profili degli altri membri. Sfoglia i profili delle potenziali corrispondenze fino a trovare qualcuno che vorresti incontrare. Quindi, invia un messaggio chiedendo informazioni sulla loro disponibilit\u00e0. Fai attenzione quando comunichi tramite messaggi di testo. Mentre gli SMS sono convenienti, \u00e8 facile interpretare erroneamente i messaggi. Ad esempio, se dici che sei interessato a incontrarti per un caff\u00e8, potresti ricevere una risposta che dice che sembri disperato. Invece, chiedi chiarimenti.<\/p>\n<p>Non dimenticare di seguire dopo aver inviato un messaggio. L&#8217;invio di un rapido messaggio di follow-up entro 24 ore pu\u00f2 aiutarti a determinare se voi due sareste compatibili o meno. Ricorda che gli appuntamenti online sono solo un&#8217;opzione per trovare l&#8217;amore. Altri modi per incontrare persone includono partecipare a eventi, unirsi a gruppi, fare volontariato e andare in appuntamenti al buio.<\/p>\n","protected":false},"excerpt":{"rendered":"<p>Uno dei maggiori vantaggi degli appuntamenti online \u00e8 che puoi connetterti con persone di tutto il mondo. Con pochi clic&hellip;<\/p>\n","protected":false},"author":1,"featured_media":83,"parent":0,"menu_order":0,"comment_status":"closed","ping_status":"closed","template":"","meta":[],"yoast_head":"<!-- This site is optimized with the Yoast SEO plugin v17.7.1 - https:\/\/yoast.com\/wordpress\/plugins\/seo\/ -->\n<title>Siti di incontri e scopare per adulti - Adult Dating Finder<\/title>\n<meta name=\"robots\" content=\"index, follow, max-snippet:-1, max-image-preview:large, max-video-preview:-1\" \/>\n<link rel=\"canonical\" href=\"https:\/\/the-apers.com\/it\/\" \/>\n<meta property=\"og:locale\" content=\"it_IT\" \/>\n<meta property=\"og:type\" content=\"article\" \/>\n<meta property=\"og:title\" content=\"Siti di incontri e scopare per adulti - Adult Dating Finder\" \/>\n<meta property=\"og:description\" content=\"Uno dei maggiori vantaggi degli appuntamenti online \u00e8 che puoi connetterti con persone di tutto il mondo. Con pochi clic&hellip;\" \/>\n<meta property=\"og:url\" content=\"https:\/\/the-apers.com\/it\/\" \/>\n<meta property=\"og:site_name\" content=\"Adult Dating Finder\" \/>\n<meta property=\"article:modified_time\" content=\"2022-10-04T12:39:10+00:00\" \/>\n<meta property=\"og:image\" content=\"https:\/\/the-apers.com\/wp-content\/uploads\/2022\/09\/sex-match.jpeg\" \/>\n\t<meta property=\"og:image:width\" content=\"1125\" \/>\n\t<meta property=\"og:image:height\" content=\"750\" \/>\n<meta name=\"twitter:card\" content=\"summary_large_image\" \/>\n<meta name=\"twitter:label1\" content=\"Tempo di lettura stimato\" \/>\n\t<meta name=\"twitter:data1\" content=\"5 minuti\" \/>\n<script type=\"application\/ld+json\" class=\"yoast-schema-graph\">{\"@context\":\"https:\/\/schema.org\",\"@graph\":[{\"@type\":\"WebSite\",\"@id\":\"http:\/\/the-apers.com\/#website\",\"url\":\"http:\/\/the-apers.com\/\",\"name\":\"Adult Dating Finder\",\"description\":\"Online Personals\",\"potentialAction\":[{\"@type\":\"SearchAction\",\"target\":{\"@type\":\"EntryPoint\",\"urlTemplate\":\"http:\/\/the-apers.com\/?s={search_term_string}\"},\"query-input\":\"required name=search_term_string\"}],\"inLanguage\":\"it-IT\"},{\"@type\":\"ImageObject\",\"@id\":\"https:\/\/the-apers.com\/it\/#primaryimage\",\"inLanguage\":\"it-IT\",\"url\":\"https:\/\/the-apers.com\/wp-content\/uploads\/2022\/09\/sex-match.jpeg\",\"contentUrl\":\"https:\/\/the-apers.com\/wp-content\/uploads\/2022\/09\/sex-match.jpeg\",\"width\":1125,\"height\":750},{\"@type\":\"WebPage\",\"@id\":\"https:\/\/the-apers.com\/it\/#webpage\",\"url\":\"https:\/\/the-apers.com\/it\/\",\"name\":\"Siti di incontri e scopare per adulti - Adult Dating Finder\",\"isPartOf\":{\"@id\":\"http:\/\/the-apers.com\/#website\"},\"primaryImageOfPage\":{\"@id\":\"https:\/\/the-apers.com\/it\/#primaryimage\"},\"datePublished\":\"2022-09-13T11:01:16+00:00\",\"dateModified\":\"2022-10-04T12:39:10+00:00\",\"breadcrumb\":{\"@id\":\"https:\/\/the-apers.com\/it\/#breadcrumb\"},\"inLanguage\":\"it-IT\",\"potentialAction\":[{\"@type\":\"ReadAction\",\"target\":[\"https:\/\/the-apers.com\/it\/\"]}]},{\"@type\":\"BreadcrumbList\",\"@id\":\"https:\/\/the-apers.com\/it\/#breadcrumb\",\"itemListElement\":[{\"@type\":\"ListItem\",\"position\":1,\"name\":\"Home\",\"item\":\"https:\/\/the-apers.com\/it\/\"},{\"@type\":\"ListItem\",\"position\":2,\"name\":\"Siti di incontri e scopare per adulti\"}]}]}<\/script>\n<!-- \/ Yoast SEO plugin. -->","yoast_head_json":{"title":"Siti di incontri e scopare per adulti - Adult Dating Finder","robots":{"index":"index","follow":"follow","max-snippet":"max-snippet:-1","max-image-preview":"max-image-preview:large","max-video-preview":"max-video-preview:-1"},"canonical":"https:\/\/the-apers.com\/it\/","og_locale":"it_IT","og_type":"article","og_title":"Siti di incontri e scopare per adulti - Adult Dating Finder","og_description":"Uno dei maggiori vantaggi degli appuntamenti online \u00e8 che puoi connetterti con persone di tutto il mondo. Con pochi clic&hellip;","og_url":"https:\/\/the-apers.com\/it\/","og_site_name":"Adult Dating Finder","article_modified_time":"2022-10-04T12:39:10+00:00","og_image":[{"width":1125,"height":750,"url":"https:\/\/the-apers.com\/wp-content\/uploads\/2022\/09\/sex-match.jpeg","type":"image\/jpeg"}],"twitter_card":"summary_large_image","twitter_misc":{"Tempo di lettura stimato":"5 minuti"},"schema":{"@context":"https:\/\/schema.org","@graph":[{"@type":"WebSite","@id":"http:\/\/the-apers.com\/#website","url":"http:\/\/the-apers.com\/","name":"Adult Dating Finder","description":"Online Personals","potentialAction":[{"@type":"SearchAction","target":{"@type":"EntryPoint","urlTemplate":"http:\/\/the-apers.com\/?s={search_term_string}"},"query-input":"required name=search_term_string"}],"inLanguage":"it-IT"},{"@type":"ImageObject","@id":"https:\/\/the-apers.com\/it\/#primaryimage","inLanguage":"it-IT","url":"https:\/\/the-apers.com\/wp-content\/uploads\/2022\/09\/sex-match.jpeg","contentUrl":"https:\/\/the-apers.com\/wp-content\/uploads\/2022\/09\/sex-match.jpeg","width":1125,"height":750},{"@type":"WebPage","@id":"https:\/\/the-apers.com\/it\/#webpage","url":"https:\/\/the-apers.com\/it\/","name":"Siti di incontri e scopare per adulti - Adult Dating Finder","isPartOf":{"@id":"http:\/\/the-apers.com\/#website"},"primaryImageOfPage":{"@id":"https:\/\/the-apers.com\/it\/#primaryimage"},"datePublished":"2022-09-13T11:01:16+00:00","dateModified":"2022-10-04T12:39:10+00:00","breadcrumb":{"@id":"https:\/\/the-apers.com\/it\/#breadcrumb"},"inLanguage":"it-IT","potentialAction":[{"@type":"ReadAction","target":["https:\/\/the-apers.com\/it\/"]}]},{"@type":"BreadcrumbList","@id":"https:\/\/the-apers.com\/it\/#breadcrumb","itemListElement":[{"@type":"ListItem","position":1,"name":"Home","item":"https:\/\/the-apers.com\/it\/"},{"@type":"ListItem","position":2,"name":"Siti di incontri e scopare per adulti"}]}]}},"_links":{"self":[{"href":"https:\/\/the-apers.com\/it\/wp-json\/wp\/v2\/pages\/117"}],"collection":[{"href":"https:\/\/the-apers.com\/it\/wp-json\/wp\/v2\/pages"}],"about":[{"href":"https:\/\/the-apers.com\/it\/wp-json\/wp\/v2\/types\/page"}],"author":[{"embeddable":true,"href":"https:\/\/the-apers.com\/it\/wp-json\/wp\/v2\/users\/1"}],"replies":[{"embeddable":true,"href":"https:\/\/the-apers.com\/it\/wp-json\/wp\/v2\/comments?post=117"}],"version-history":[{"count":1,"href":"https:\/\/the-apers.com\/it\/wp-json\/wp\/v2\/pages\/117\/revisions"}],"predecessor-version":[{"id":355,"href":"https:\/\/the-apers.com\/it\/wp-json\/wp\/v2\/pages\/117\/revisions\/355"}],"wp:featuredmedia":[{"embeddable":true,"href":"https:\/\/the-apers.com\/it\/wp-json\/wp\/v2\/media\/83"}],"wp:attachment":[{"href":"https:\/\/the-apers.com\/it\/wp-json\/wp\/v2\/media?parent=117"}],"curies":[{"name":"wp","href":"https:\/\/api.w.org\/{rel}","templated":true}]}}