{"id":254,"date":"2022-09-30T11:14:58","date_gmt":"2022-09-30T10:14:58","guid":{"rendered":"http:\/\/the-apers.com\/chat-room-milf\/"},"modified":"2022-09-30T11:14:58","modified_gmt":"2022-09-30T10:14:58","slug":"chat-room-milf","status":"publish","type":"page","link":"https:\/\/the-apers.com\/it\/chat-room-milf\/","title":{"rendered":"Chat room Milf"},"content":{"rendered":"<p>C&#8217;\u00e8 qualcosa di incredibilmente allettante nelle MILF, e molti ragazzi le trovano irresistibili. Fortunatamente, ci sono molte chat room MILF dove puoi chattare con queste splendide donne e forse anche organizzare un incontro di persona. Assicurati solo di essere rispettoso e affascinante, e sarai sicuro di segnare un appuntamento caldo con una MILF in pochissimo tempo.<\/p>\n<h2>Chat Milf gratuita<\/h2>\n<p>Cerchi una MILF calda con cui <a href=\"http:\/\/the-apers.com\/?page_id=228&amp;preview=true\">chattare online<\/a>? Non guardare oltre free MILF Chat. Questo sito offre un servizio di chat gratuito per MILF e ragazzi che li amano. Basta registrarsi per un account e iniziare a chattare con miLF arrapati nella tua zona. Sia che tu stia cercando un po &#8216;di divertimento cattivo o una relazione seria, Free MILF Chat \u00e8 il posto perfetto per iniziare. Non c&#8217;\u00e8 bisogno di essere timidi quando si chiacchiera con le milfs &#8211; sono di mentalit\u00e0 aperta e cercano l&#8217;amore proprio come te. Potresti essere sorpreso di quanto sia facile connettersi con loro e di quanto tu abbia in comune. Sii te stesso e non aver paura di iniziare una conversazione. Chiss\u00e0, potresti semplicemente trovare l&#8217;amore della tua vita.<\/p>\n<h2>Parla con Milfs<\/h2>\n<p>Mi piace molto parlare con le milfs. In genere sono molto fiduciosi e sanno cosa vogliono. Trovo che siano anche molto aperti e disposti a provare cose nuove. Questo rende una grande esperienza di appuntamenti in quanto non hanno paura di correre rischi. Trovo anche che le milf siano molto sexy e di solito sono molto buone a letto. In genere sono molto esperti e sanno come compiacere un uomo. Nel complesso, mi piace molto uscire con le milfs e lo consiglierei a qualsiasi ragazzo in cerca di un grande momento.<\/p>\n<h3>FabSwingers<\/h3>\n<p>Questa app di appuntamenti \u00e8 perfetta per connettersi con donne anziane che sono alla ricerca di un buon momento. L&#8217;app \u00e8 facile da usare e ha un sacco di funzionalit\u00e0 che la rendono perfetta per trovare una milf con cui chattare. Puoi cercare le donne per et\u00e0, posizione, interessi e altro ancora. Inoltre, puoi persino inviare messaggi e foto alle donne che ti interessano. Quindi, se stai cercando una chat room milf, FabSwingers \u00e8 il posto perfetto per iniziare la tua ricerca.<\/p>\n<h3>Fling.com<\/h3>\n<p>Fling.com \u00e8 un&#8217;app di appuntamenti con una differenza; \u00e8 specificamente progettato per le persone che stanno cercando di avere avventure casuali senza vincoli. L&#8217;app \u00e8 molto facile da usare e ha un&#8217;interfaccia semplice. Ha anche una vasta base di utenti, il che significa che ci sono sempre persone online con cui chattare. L&#8217;app \u00e8 gratuita, ma ci sono alcune funzionalit\u00e0 che sono disponibili solo per i membri paganti. Nel complesso, l&#8217;app \u00e8 un&#8217;ottima opzione per le persone che sono alla ricerca di avventure casuali.<\/p>\n<h3>OnlyFlings<\/h3>\n<p>Se stai cercando una chat room milf, ti consigliamo di dare un&#8217;occhiata all&#8217;app di appuntamenti OnlyFlings. \u00c8 un&#8217;ottima app per incontrare donne anziane e chattare con loro. L&#8217;app \u00e8 facile da usare e ha molte funzionalit\u00e0 che la rendono un&#8217;ottima scelta per le chat room milf. Puoi cercare le donne per posizione, et\u00e0, interessi e altro ancora. Puoi anche inviare messaggi e chattare con loro in tempo reale. OnlyFlings \u00e8 un&#8217;ottima scelta per le chat room milf ed \u00e8 sicuro di aiutarti a incontrare donne anziane a cui sei interessato.<\/p>\n","protected":false},"excerpt":{"rendered":"<p>C&#8217;\u00e8 qualcosa di incredibilmente allettante nelle MILF, e molti ragazzi le trovano irresistibili. Fortunatamente, ci sono molte chat room MILF&hellip;<\/p>\n","protected":false},"author":1,"featured_media":0,"parent":0,"menu_order":0,"comment_status":"closed","ping_status":"closed","template":"","meta":[],"yoast_head":"<!-- This site is optimized with the Yoast SEO plugin v17.7.1 - https:\/\/yoast.com\/wordpress\/plugins\/seo\/ -->\n<title>Chat room Milf - Adult Dating Finder<\/title>\n<meta name=\"robots\" content=\"index, follow, max-snippet:-1, max-image-preview:large, max-video-preview:-1\" \/>\n<link rel=\"canonical\" href=\"https:\/\/the-apers.com\/it\/chat-room-milf\/\" \/>\n<meta property=\"og:locale\" content=\"it_IT\" \/>\n<meta property=\"og:type\" content=\"article\" \/>\n<meta property=\"og:title\" content=\"Chat room Milf - Adult Dating Finder\" \/>\n<meta property=\"og:description\" content=\"C&#8217;\u00e8 qualcosa di incredibilmente allettante nelle MILF, e molti ragazzi le trovano irresistibili. Fortunatamente, ci sono molte chat room MILF&hellip;\" \/>\n<meta property=\"og:url\" content=\"https:\/\/the-apers.com\/it\/chat-room-milf\/\" \/>\n<meta property=\"og:site_name\" content=\"Adult Dating Finder\" \/>\n<meta name=\"twitter:card\" content=\"summary_large_image\" \/>\n<meta name=\"twitter:label1\" content=\"Tempo di lettura stimato\" \/>\n\t<meta name=\"twitter:data1\" content=\"3 minuti\" \/>\n<script type=\"application\/ld+json\" class=\"yoast-schema-graph\">{\"@context\":\"https:\/\/schema.org\",\"@graph\":[{\"@type\":\"WebSite\",\"@id\":\"https:\/\/the-apers.com\/nl\/#website\",\"url\":\"https:\/\/the-apers.com\/nl\/\",\"name\":\"Adult Dating Finder\",\"description\":\"Online Personals\",\"potentialAction\":[{\"@type\":\"SearchAction\",\"target\":{\"@type\":\"EntryPoint\",\"urlTemplate\":\"https:\/\/the-apers.com\/nl\/?s={search_term_string}\"},\"query-input\":\"required name=search_term_string\"}],\"inLanguage\":\"it-IT\"},{\"@type\":\"WebPage\",\"@id\":\"https:\/\/the-apers.com\/it\/chat-room-milf\/#webpage\",\"url\":\"https:\/\/the-apers.com\/it\/chat-room-milf\/\",\"name\":\"Chat room Milf - Adult Dating Finder\",\"isPartOf\":{\"@id\":\"https:\/\/the-apers.com\/nl\/#website\"},\"datePublished\":\"2022-09-30T10:14:58+00:00\",\"dateModified\":\"2022-09-30T10:14:58+00:00\",\"breadcrumb\":{\"@id\":\"https:\/\/the-apers.com\/it\/chat-room-milf\/#breadcrumb\"},\"inLanguage\":\"it-IT\",\"potentialAction\":[{\"@type\":\"ReadAction\",\"target\":[\"https:\/\/the-apers.com\/it\/chat-room-milf\/\"]}]},{\"@type\":\"BreadcrumbList\",\"@id\":\"https:\/\/the-apers.com\/it\/chat-room-milf\/#breadcrumb\",\"itemListElement\":[{\"@type\":\"ListItem\",\"position\":1,\"name\":\"Home\",\"item\":\"http:\/\/the-apers.com\/it\/\"},{\"@type\":\"ListItem\",\"position\":2,\"name\":\"Chat room Milf\"}]}]}<\/script>\n<!-- \/ Yoast SEO plugin. -->","yoast_head_json":{"title":"Chat room Milf - Adult Dating Finder","robots":{"index":"index","follow":"follow","max-snippet":"max-snippet:-1","max-image-preview":"max-image-preview:large","max-video-preview":"max-video-preview:-1"},"canonical":"https:\/\/the-apers.com\/it\/chat-room-milf\/","og_locale":"it_IT","og_type":"article","og_title":"Chat room Milf - Adult Dating Finder","og_description":"C&#8217;\u00e8 qualcosa di incredibilmente allettante nelle MILF, e molti ragazzi le trovano irresistibili. Fortunatamente, ci sono molte chat room MILF&hellip;","og_url":"https:\/\/the-apers.com\/it\/chat-room-milf\/","og_site_name":"Adult Dating Finder","twitter_card":"summary_large_image","twitter_misc":{"Tempo di lettura stimato":"3 minuti"},"schema":{"@context":"https:\/\/schema.org","@graph":[{"@type":"WebSite","@id":"https:\/\/the-apers.com\/nl\/#website","url":"https:\/\/the-apers.com\/nl\/","name":"Adult Dating Finder","description":"Online Personals","potentialAction":[{"@type":"SearchAction","target":{"@type":"EntryPoint","urlTemplate":"https:\/\/the-apers.com\/nl\/?s={search_term_string}"},"query-input":"required name=search_term_string"}],"inLanguage":"it-IT"},{"@type":"WebPage","@id":"https:\/\/the-apers.com\/it\/chat-room-milf\/#webpage","url":"https:\/\/the-apers.com\/it\/chat-room-milf\/","name":"Chat room Milf - Adult Dating Finder","isPartOf":{"@id":"https:\/\/the-apers.com\/nl\/#website"},"datePublished":"2022-09-30T10:14:58+00:00","dateModified":"2022-09-30T10:14:58+00:00","breadcrumb":{"@id":"https:\/\/the-apers.com\/it\/chat-room-milf\/#breadcrumb"},"inLanguage":"it-IT","potentialAction":[{"@type":"ReadAction","target":["https:\/\/the-apers.com\/it\/chat-room-milf\/"]}]},{"@type":"BreadcrumbList","@id":"https:\/\/the-apers.com\/it\/chat-room-milf\/#breadcrumb","itemListElement":[{"@type":"ListItem","position":1,"name":"Home","item":"http:\/\/the-apers.com\/it\/"},{"@type":"ListItem","position":2,"name":"Chat room Milf"}]}]}},"_links":{"self":[{"href":"https:\/\/the-apers.com\/it\/wp-json\/wp\/v2\/pages\/254"}],"collection":[{"href":"https:\/\/the-apers.com\/it\/wp-json\/wp\/v2\/pages"}],"about":[{"href":"https:\/\/the-apers.com\/it\/wp-json\/wp\/v2\/types\/page"}],"author":[{"embeddable":true,"href":"https:\/\/the-apers.com\/it\/wp-json\/wp\/v2\/users\/1"}],"replies":[{"embeddable":true,"href":"https:\/\/the-apers.com\/it\/wp-json\/wp\/v2\/comments?post=254"}],"version-history":[{"count":0,"href":"https:\/\/the-apers.com\/it\/wp-json\/wp\/v2\/pages\/254\/revisions"}],"wp:attachment":[{"href":"https:\/\/the-apers.com\/it\/wp-json\/wp\/v2\/media?parent=254"}],"curies":[{"name":"wp","href":"https:\/\/api.w.org\/{rel}","templated":true}]}}