{"id":262,"date":"2022-09-30T11:13:19","date_gmt":"2022-09-30T10:13:19","guid":{"rendered":"http:\/\/the-apers.com\/chat-room-bondage\/"},"modified":"2022-09-30T11:13:19","modified_gmt":"2022-09-30T10:13:19","slug":"chat-room-bondage","status":"publish","type":"page","link":"https:\/\/the-apers.com\/it\/chat-room-bondage\/","title":{"rendered":"Chat room bondage"},"content":{"rendered":"<p>C&#8217;\u00e8 qualcosa nell&#8217;anonimato di una chat room che fa davvero parlare le persone dei loro nodi e feticci. Per molte persone, le chat room di bondage sono un modo per esplorare i loro desideri sessuali senza doversi preoccupare del giudizio di amici o familiari.<\/p>\n<p>Queste chat room offrono uno spazio <a href=\"http:\/\/the-apers.com\/?page_id=228&amp;preview=true\">per le persone per parlare dei loro interessi<\/a>, condividere storie e persino collegarsi con persone che la pensano allo stesso modo. Sia che tu stia cercando un po &#8216;di divertimento online o che speri di incontrare qualcuno di persona, le chat room di bondage possono essere un ottimo modo per esplorare il tuo lato sessuale.<\/p>\n<p>Gli appuntamenti bondage sono quando le persone interessate al bondage e al <a href=\"http:\/\/the-apers.com\/bdsm-sites\/\">BDSM<\/a> si riuniscono fino ad oggi. Questo pu\u00f2 comportare l&#8217;andare a club ed eventi che sono specifici per questo tipo di cose, o pu\u00f2 semplicemente organizzare per incontrare qualcuno che condivide i tuoi interessi. Pu\u00f2 essere un ottimo modo per esplorare il tuo lato stravagante e scoprire in cosa si trovano le altre persone. Pu\u00f2 anche essere molto divertente e un ottimo modo per incontrare nuove persone.<\/p>\n<h2>Collegamento BDSM<\/h2>\n<p>Quando si tratta di trovare l&#8217;amore, alcune persone potrebbero dire che non c&#8217;\u00e8 niente di simile a un collegamento BDSM. Per coloro che non lo conoscono, BDSM \u00e8 l&#8217;acronimo di bondage, disciplina, sadismo e masochismo. E anche se potrebbe non essere la tazza di t\u00e8 di tutti, non si pu\u00f2 negare che possa essere un ottimo modo per connettersi con qualcuno a livello fisico ed emotivo.<\/p>\n<p>Se stai pensando di provare il BDSM, ci sono alcune cose che dovresti tenere a mente. Innanzitutto, \u00e8 importante trovare un partner che sia di mentalit\u00e0 aperta e disposto a esplorare cose nuove. In secondo luogo, la comunicazione \u00e8 fondamentale. Dovrai essere in grado di comunicare i tuoi desideri, bisogni e confini con il tuo partner prima di iniziare.<\/p>\n<p>E infine, non aver paura di sperimentare. Il BDSM pu\u00f2 essere un ottimo modo per ravvivare la tua vita sessuale e aggiungere un po &#8216;di eccitazione alla tua relazione. Quindi vai avanti ed esplora! Chiss\u00e0, potresti semplicemente trovare l&#8217;amore della tua vita.<\/p>\n<h2>Fetish Incontra Siti<\/h2>\n<p>I siti di incontri fetish possono essere un ottimo modo per connettersi con altre persone che condividono i tuoi interessi. Possono fornire un ambiente sicuro e accogliente per esplorare la tua sessualit\u00e0 e feticci. Tuttavia, ci sono alcune cose da tenere a mente quando si utilizzano questi siti. Innanzitutto, assicurati di leggere attentamente le regole e i regolamenti del sito. Questo ti aiuter\u00e0 a evitare di essere bannato o rimosso dal sito. In secondo luogo, sii rispettoso degli altri membri. Ci\u00f2 include non pubblicare informazioni personali o molestare altri membri. Infine, ricordati di divertirti e di essere al sicuro!<\/p>\n<h3>Xmeets<\/h3>\n<p>Se ti piace il bondage e il sesso kinkier, allora Xmeets \u00e8 l&#8217;app di appuntamenti che fa per te! Con l&#8217;obiettivo di connettere le persone che sono in BDSM e altri nodi, Xmeets \u00e8 un&#8217;ottima opzione per chiunque cerchi di esplorare il proprio lato stravagante. L&#8217;app \u00e8 facile da usare e ha un sacco di funzionalit\u00e0, rendendola un&#8217;ottima opzione per chiunque cerchi di sperimentare il bondage e il sesso kinkier.<\/p>\n<h3>Datehookup<\/h3>\n<p>Datehookup \u00e8 un&#8217;app di appuntamenti che consente agli utenti di connettersi con potenziali corrispondenze nelle vicinanze. L&#8217;app include anche una funzione chiamata &#8220;Bondage Chatrooms&#8221; che consente agli utenti di connettersi con altri che condividono il loro interesse per il bondage e il gioco fetish. Le chat room sono un ottimo modo per connettersi con persone che la pensano allo stesso modo e l&#8217;app include anche funzionalit\u00e0 come la messaggistica privata e la chat video. Nel complesso, l&#8217;app \u00e8 un ottimo modo per connettersi con potenziali corrispondenze ed esplorare i tuoi nodi e feticci in modo sicuro e consensuale.<\/p>\n<h3>Un sacco di pesce<\/h3>\n<p>Se stai cercando una chat room bondage, Plenty of Fish \u00e8 un&#8217;ottima opzione. L&#8217;app di appuntamenti offre un&#8217;ampia variet\u00e0 di funzionalit\u00e0 ed \u00e8 molto user-friendly. Puoi cercare membri per posizione, et\u00e0 e interessi e l&#8217;app ti suggerir\u00e0 anche corrispondenze. L&#8217;unico aspetto negativo \u00e8 che non ci sono chat room bondage specifiche, quindi dovrai cercarle nelle chat room generali.<\/p>\n","protected":false},"excerpt":{"rendered":"<p>C&#8217;\u00e8 qualcosa nell&#8217;anonimato di una chat room che fa davvero parlare le persone dei loro nodi e feticci. Per molte&hellip;<\/p>\n","protected":false},"author":1,"featured_media":0,"parent":0,"menu_order":0,"comment_status":"closed","ping_status":"closed","template":"","meta":[],"yoast_head":"<!-- This site is optimized with the Yoast SEO plugin v17.7.1 - https:\/\/yoast.com\/wordpress\/plugins\/seo\/ -->\n<title>Chat room bondage - Adult Dating Finder<\/title>\n<meta name=\"robots\" content=\"index, follow, max-snippet:-1, max-image-preview:large, max-video-preview:-1\" \/>\n<link rel=\"canonical\" href=\"https:\/\/the-apers.com\/it\/chat-room-bondage\/\" \/>\n<meta property=\"og:locale\" content=\"it_IT\" \/>\n<meta property=\"og:type\" content=\"article\" \/>\n<meta property=\"og:title\" content=\"Chat room bondage - Adult Dating Finder\" \/>\n<meta property=\"og:description\" content=\"C&#8217;\u00e8 qualcosa nell&#8217;anonimato di una chat room che fa davvero parlare le persone dei loro nodi e feticci. Per molte&hellip;\" \/>\n<meta property=\"og:url\" content=\"https:\/\/the-apers.com\/it\/chat-room-bondage\/\" \/>\n<meta property=\"og:site_name\" content=\"Adult Dating Finder\" \/>\n<meta name=\"twitter:card\" content=\"summary_large_image\" \/>\n<meta name=\"twitter:label1\" content=\"Tempo di lettura stimato\" \/>\n\t<meta name=\"twitter:data1\" content=\"3 minuti\" \/>\n<script type=\"application\/ld+json\" class=\"yoast-schema-graph\">{\"@context\":\"https:\/\/schema.org\",\"@graph\":[{\"@type\":\"WebSite\",\"@id\":\"https:\/\/the-apers.com\/#website\",\"url\":\"https:\/\/the-apers.com\/\",\"name\":\"Adult Dating Finder\",\"description\":\"Online Personals\",\"potentialAction\":[{\"@type\":\"SearchAction\",\"target\":{\"@type\":\"EntryPoint\",\"urlTemplate\":\"https:\/\/the-apers.com\/?s={search_term_string}\"},\"query-input\":\"required name=search_term_string\"}],\"inLanguage\":\"it-IT\"},{\"@type\":\"WebPage\",\"@id\":\"https:\/\/the-apers.com\/it\/chat-room-bondage\/#webpage\",\"url\":\"https:\/\/the-apers.com\/it\/chat-room-bondage\/\",\"name\":\"Chat room bondage - Adult Dating Finder\",\"isPartOf\":{\"@id\":\"https:\/\/the-apers.com\/#website\"},\"datePublished\":\"2022-09-30T10:13:19+00:00\",\"dateModified\":\"2022-09-30T10:13:19+00:00\",\"breadcrumb\":{\"@id\":\"https:\/\/the-apers.com\/it\/chat-room-bondage\/#breadcrumb\"},\"inLanguage\":\"it-IT\",\"potentialAction\":[{\"@type\":\"ReadAction\",\"target\":[\"https:\/\/the-apers.com\/it\/chat-room-bondage\/\"]}]},{\"@type\":\"BreadcrumbList\",\"@id\":\"https:\/\/the-apers.com\/it\/chat-room-bondage\/#breadcrumb\",\"itemListElement\":[{\"@type\":\"ListItem\",\"position\":1,\"name\":\"Home\",\"item\":\"https:\/\/the-apers.com\/it\/\"},{\"@type\":\"ListItem\",\"position\":2,\"name\":\"Chat room bondage\"}]}]}<\/script>\n<!-- \/ Yoast SEO plugin. -->","yoast_head_json":{"title":"Chat room bondage - Adult Dating Finder","robots":{"index":"index","follow":"follow","max-snippet":"max-snippet:-1","max-image-preview":"max-image-preview:large","max-video-preview":"max-video-preview:-1"},"canonical":"https:\/\/the-apers.com\/it\/chat-room-bondage\/","og_locale":"it_IT","og_type":"article","og_title":"Chat room bondage - Adult Dating Finder","og_description":"C&#8217;\u00e8 qualcosa nell&#8217;anonimato di una chat room che fa davvero parlare le persone dei loro nodi e feticci. Per molte&hellip;","og_url":"https:\/\/the-apers.com\/it\/chat-room-bondage\/","og_site_name":"Adult Dating Finder","twitter_card":"summary_large_image","twitter_misc":{"Tempo di lettura stimato":"3 minuti"},"schema":{"@context":"https:\/\/schema.org","@graph":[{"@type":"WebSite","@id":"https:\/\/the-apers.com\/#website","url":"https:\/\/the-apers.com\/","name":"Adult Dating Finder","description":"Online Personals","potentialAction":[{"@type":"SearchAction","target":{"@type":"EntryPoint","urlTemplate":"https:\/\/the-apers.com\/?s={search_term_string}"},"query-input":"required name=search_term_string"}],"inLanguage":"it-IT"},{"@type":"WebPage","@id":"https:\/\/the-apers.com\/it\/chat-room-bondage\/#webpage","url":"https:\/\/the-apers.com\/it\/chat-room-bondage\/","name":"Chat room bondage - Adult Dating Finder","isPartOf":{"@id":"https:\/\/the-apers.com\/#website"},"datePublished":"2022-09-30T10:13:19+00:00","dateModified":"2022-09-30T10:13:19+00:00","breadcrumb":{"@id":"https:\/\/the-apers.com\/it\/chat-room-bondage\/#breadcrumb"},"inLanguage":"it-IT","potentialAction":[{"@type":"ReadAction","target":["https:\/\/the-apers.com\/it\/chat-room-bondage\/"]}]},{"@type":"BreadcrumbList","@id":"https:\/\/the-apers.com\/it\/chat-room-bondage\/#breadcrumb","itemListElement":[{"@type":"ListItem","position":1,"name":"Home","item":"https:\/\/the-apers.com\/it\/"},{"@type":"ListItem","position":2,"name":"Chat room bondage"}]}]}},"_links":{"self":[{"href":"https:\/\/the-apers.com\/it\/wp-json\/wp\/v2\/pages\/262"}],"collection":[{"href":"https:\/\/the-apers.com\/it\/wp-json\/wp\/v2\/pages"}],"about":[{"href":"https:\/\/the-apers.com\/it\/wp-json\/wp\/v2\/types\/page"}],"author":[{"embeddable":true,"href":"https:\/\/the-apers.com\/it\/wp-json\/wp\/v2\/users\/1"}],"replies":[{"embeddable":true,"href":"https:\/\/the-apers.com\/it\/wp-json\/wp\/v2\/comments?post=262"}],"version-history":[{"count":0,"href":"https:\/\/the-apers.com\/it\/wp-json\/wp\/v2\/pages\/262\/revisions"}],"wp:attachment":[{"href":"https:\/\/the-apers.com\/it\/wp-json\/wp\/v2\/media?parent=262"}],"curies":[{"name":"wp","href":"https:\/\/api.w.org\/{rel}","templated":true}]}}