{"id":280,"date":"2022-09-30T11:12:38","date_gmt":"2022-09-30T10:12:38","guid":{"rendered":"http:\/\/the-apers.com\/siti-bdsm\/"},"modified":"2022-09-30T11:12:38","modified_gmt":"2022-09-30T10:12:38","slug":"siti-bdsm","status":"publish","type":"page","link":"https:\/\/the-apers.com\/it\/siti-bdsm\/","title":{"rendered":"Siti BDSM"},"content":{"rendered":"<p>Ci sono un certo numero di siti web che si rivolgono a persone che sono interessate al BDSM. Questi siti Web possono essere un ottimo modo per connettersi con persone che la pensano allo stesso modo che sono interessate ad esplorare questo tipo di attivit\u00e0 sessuale. Alcuni di questi siti Web hanno anche forum e chat room in cui \u00e8 possibile chattare con altri membri e saperne di pi\u00f9 sul BDSM. Se sei interessato ad esplorare questo tipo di attivit\u00e0 sessuale, questi siti Web possono essere un ottimo punto di partenza.<\/p>\n<h2>Miglior cercatore di appuntamenti BDSM<\/h2>\n<p>Non si pu\u00f2 negare che gli appuntamenti BDSM possano essere piuttosto scoraggianti, soprattutto se sei nuovo sulla scena. Tuttavia, con l&#8217;aiuto di un cercatore di appuntamenti BDSM, puoi facilmente trovare persone che la pensano allo stesso modo che sono negli stessi nodi e feticci che sei tu. Un cercatore di appuntamenti BDSM \u00e8 essenzialmente un motore di ricerca che ti aiuta a trovare altri <a href=\"http:\/\/the-apers.com\/bondage-chatrooms\/\">appassionati bdSM vicino a te<\/a>. Tutto quello che devi fare \u00e8 inserire la tua posizione e le tue preferenze, e il cercatore far\u00e0 il resto. Questo non solo rende facile trovare potenziali partner, ma significa anche che puoi essere sicuro che siano nelle stesse cose che sei. Niente pi\u00f9 conversazioni imbarazzanti o delusioni!<\/p>\n<p>Ci sono molte persone stravaganti che cercano l&#8217;amore nel mondo e molti di loro usano gli appuntamenti online per trovarlo. I siti di incontri Kinky si rivolgono a persone che amano attivit\u00e0 sessuali insolite e possono essere un ottimo modo per trovare un partner che la pensa allo stesso modo. I siti di incontri Kinky hanno spesso funzionalit\u00e0 che ti consentono di cercare persone per interessi specifici e possono anche avere chat room e forum in cui puoi conoscere altre persone stravaganti. Se sei interessato a trovare un partner stravagante, gli appuntamenti online sono un ottimo posto per iniziare la tua ricerca.<\/p>\n<h2>Siti Kink<\/h2>\n<p>Ci sono una variet\u00e0 di siti kink disponibili online, ognuno dei quali si rivolge a preferenze e interessi diversi. Che ti piaccia il BDSM, il feticcio del piede o qualcos&#8217;altro, ci sar\u00e0 sicuramente un sito adatto a te.<\/p>\n<p>I siti Kink possono essere un ottimo modo per connettersi con persone che la pensano allo stesso modo che sono interessate a esplorare la loro sessualit\u00e0. Possono anche essere un ottimo modo per saperne di pi\u00f9 su te stesso e su ci\u00f2 che ti piace. Se sei nuovo nella scena del kink, questi siti possono essere un ottimo modo per bagnarti i piedi e capire in cosa ti trovi.<\/p>\n<p>Tuttavia, \u00e8 importante ricordare che non tutti su un sito kink sono alla ricerca di un appuntamento o di una relazione. Alcune persone sono l\u00ec solo per chattare ed esplorare i loro nodi con gli altri. Se stai cercando una relazione, \u00e8 importante essere chiari su questo fin dall&#8217;inizio. Altrimenti, potresti finire per sprecare il tuo tempo (e il loro).<\/p>\n<h3>BBWCupid<\/h3>\n<p>Se stai cercando un&#8217;app di appuntamenti BDSM con una vasta selezione di potenziali partner, BBWCupid \u00e8 un&#8217;ottima opzione. Con oltre 600.000 membri, ci sono buone probabilit\u00e0 che troverai qualcuno che condivide i tuoi nodi e interessi. L&#8217;app \u00e8 scaricabile e utilizzabile gratuitamente, ma avrai bisogno di un abbonamento a pagamento per sbloccare tutte le funzionalit\u00e0. Ci\u00f2 include la messaggistica, la ricerca e la corrispondenza avanzata. Il team di BBWCupid \u00e8 reattivo e disponibile, rendendolo un&#8217;ottima opzione per chi \u00e8 nuovo nella scena BDSM.<\/p>\n<h3>DateYou<\/h3>\n<p>DateYou \u00e8 un&#8217;app di appuntamenti che si rivolge a coloro che sono interessati al BDSM. \u00c8 un ottimo modo per incontrare persone che la pensano allo stesso modo ed esplorare i tuoi nodi in modo sicuro e consensuale. L&#8217;app \u00e8 facile da usare e ha <a href=\"http:\/\/the-apers.com\/milf-chatrooms\/\">molte funzionalit\u00e0<\/a>, rendendola un&#8217;ottima opzione per coloro che cercano di entrare nel BDSM.<\/p>\n<h3>LuckyCrush<\/h3>\n<p>LuckyCrush \u00e8 un&#8217;app di appuntamenti che collega le persone interessate al BDSM. L&#8217;app \u00e8 facile da usare e ha molte funzionalit\u00e0 che la rendono un&#8217;ottima scelta per le persone che amano il BDSM. L&#8217;app ti consente di cercare persone che sono in BDSM e puoi anche filtrare la tua ricerca per posizione, et\u00e0 e sesso. LuckyCrush ha anche una funzione di chat che ti consente di chattare con altri utenti e puoi anche inviare e ricevere messaggi. L&#8217;app \u00e8 gratuita ed \u00e8 disponibile per dispositivi iOS e Android.<\/p>\n","protected":false},"excerpt":{"rendered":"<p>Ci sono un certo numero di siti web che si rivolgono a persone che sono interessate al BDSM. Questi siti&hellip;<\/p>\n","protected":false},"author":1,"featured_media":0,"parent":0,"menu_order":0,"comment_status":"closed","ping_status":"closed","template":"","meta":[],"yoast_head":"<!-- This site is optimized with the Yoast SEO plugin v17.7.1 - https:\/\/yoast.com\/wordpress\/plugins\/seo\/ -->\n<title>Siti BDSM - Adult Dating Finder<\/title>\n<meta name=\"robots\" content=\"index, follow, max-snippet:-1, max-image-preview:large, max-video-preview:-1\" \/>\n<link rel=\"canonical\" href=\"https:\/\/the-apers.com\/it\/siti-bdsm\/\" \/>\n<meta property=\"og:locale\" content=\"it_IT\" \/>\n<meta property=\"og:type\" content=\"article\" \/>\n<meta property=\"og:title\" content=\"Siti BDSM - Adult Dating Finder\" \/>\n<meta property=\"og:description\" content=\"Ci sono un certo numero di siti web che si rivolgono a persone che sono interessate al BDSM. Questi siti&hellip;\" \/>\n<meta property=\"og:url\" content=\"https:\/\/the-apers.com\/it\/siti-bdsm\/\" \/>\n<meta property=\"og:site_name\" content=\"Adult Dating Finder\" \/>\n<meta name=\"twitter:card\" content=\"summary_large_image\" \/>\n<meta name=\"twitter:label1\" content=\"Tempo di lettura stimato\" \/>\n\t<meta name=\"twitter:data1\" content=\"3 minuti\" \/>\n<script type=\"application\/ld+json\" class=\"yoast-schema-graph\">{\"@context\":\"https:\/\/schema.org\",\"@graph\":[{\"@type\":\"WebSite\",\"@id\":\"https:\/\/the-apers.com\/#website\",\"url\":\"https:\/\/the-apers.com\/\",\"name\":\"Adult Dating Finder\",\"description\":\"Online Personals\",\"potentialAction\":[{\"@type\":\"SearchAction\",\"target\":{\"@type\":\"EntryPoint\",\"urlTemplate\":\"https:\/\/the-apers.com\/?s={search_term_string}\"},\"query-input\":\"required name=search_term_string\"}],\"inLanguage\":\"it-IT\"},{\"@type\":\"WebPage\",\"@id\":\"https:\/\/the-apers.com\/it\/siti-bdsm\/#webpage\",\"url\":\"https:\/\/the-apers.com\/it\/siti-bdsm\/\",\"name\":\"Siti BDSM - Adult Dating Finder\",\"isPartOf\":{\"@id\":\"https:\/\/the-apers.com\/#website\"},\"datePublished\":\"2022-09-30T10:12:38+00:00\",\"dateModified\":\"2022-09-30T10:12:38+00:00\",\"breadcrumb\":{\"@id\":\"https:\/\/the-apers.com\/it\/siti-bdsm\/#breadcrumb\"},\"inLanguage\":\"it-IT\",\"potentialAction\":[{\"@type\":\"ReadAction\",\"target\":[\"https:\/\/the-apers.com\/it\/siti-bdsm\/\"]}]},{\"@type\":\"BreadcrumbList\",\"@id\":\"https:\/\/the-apers.com\/it\/siti-bdsm\/#breadcrumb\",\"itemListElement\":[{\"@type\":\"ListItem\",\"position\":1,\"name\":\"Home\",\"item\":\"https:\/\/the-apers.com\/it\/\"},{\"@type\":\"ListItem\",\"position\":2,\"name\":\"Siti BDSM\"}]}]}<\/script>\n<!-- \/ Yoast SEO plugin. -->","yoast_head_json":{"title":"Siti BDSM - Adult Dating Finder","robots":{"index":"index","follow":"follow","max-snippet":"max-snippet:-1","max-image-preview":"max-image-preview:large","max-video-preview":"max-video-preview:-1"},"canonical":"https:\/\/the-apers.com\/it\/siti-bdsm\/","og_locale":"it_IT","og_type":"article","og_title":"Siti BDSM - Adult Dating Finder","og_description":"Ci sono un certo numero di siti web che si rivolgono a persone che sono interessate al BDSM. Questi siti&hellip;","og_url":"https:\/\/the-apers.com\/it\/siti-bdsm\/","og_site_name":"Adult Dating Finder","twitter_card":"summary_large_image","twitter_misc":{"Tempo di lettura stimato":"3 minuti"},"schema":{"@context":"https:\/\/schema.org","@graph":[{"@type":"WebSite","@id":"https:\/\/the-apers.com\/#website","url":"https:\/\/the-apers.com\/","name":"Adult Dating Finder","description":"Online Personals","potentialAction":[{"@type":"SearchAction","target":{"@type":"EntryPoint","urlTemplate":"https:\/\/the-apers.com\/?s={search_term_string}"},"query-input":"required name=search_term_string"}],"inLanguage":"it-IT"},{"@type":"WebPage","@id":"https:\/\/the-apers.com\/it\/siti-bdsm\/#webpage","url":"https:\/\/the-apers.com\/it\/siti-bdsm\/","name":"Siti BDSM - Adult Dating Finder","isPartOf":{"@id":"https:\/\/the-apers.com\/#website"},"datePublished":"2022-09-30T10:12:38+00:00","dateModified":"2022-09-30T10:12:38+00:00","breadcrumb":{"@id":"https:\/\/the-apers.com\/it\/siti-bdsm\/#breadcrumb"},"inLanguage":"it-IT","potentialAction":[{"@type":"ReadAction","target":["https:\/\/the-apers.com\/it\/siti-bdsm\/"]}]},{"@type":"BreadcrumbList","@id":"https:\/\/the-apers.com\/it\/siti-bdsm\/#breadcrumb","itemListElement":[{"@type":"ListItem","position":1,"name":"Home","item":"https:\/\/the-apers.com\/it\/"},{"@type":"ListItem","position":2,"name":"Siti BDSM"}]}]}},"_links":{"self":[{"href":"https:\/\/the-apers.com\/it\/wp-json\/wp\/v2\/pages\/280"}],"collection":[{"href":"https:\/\/the-apers.com\/it\/wp-json\/wp\/v2\/pages"}],"about":[{"href":"https:\/\/the-apers.com\/it\/wp-json\/wp\/v2\/types\/page"}],"author":[{"embeddable":true,"href":"https:\/\/the-apers.com\/it\/wp-json\/wp\/v2\/users\/1"}],"replies":[{"embeddable":true,"href":"https:\/\/the-apers.com\/it\/wp-json\/wp\/v2\/comments?post=280"}],"version-history":[{"count":0,"href":"https:\/\/the-apers.com\/it\/wp-json\/wp\/v2\/pages\/280\/revisions"}],"wp:attachment":[{"href":"https:\/\/the-apers.com\/it\/wp-json\/wp\/v2\/media?parent=280"}],"curies":[{"name":"wp","href":"https:\/\/api.w.org\/{rel}","templated":true}]}}