{"id":125,"date":"2022-09-13T12:01:16","date_gmt":"2022-09-13T11:01:16","guid":{"rendered":"http:\/\/the-apers.com\/witryny-adult-meet-and-fuck\/"},"modified":"2022-10-11T16:06:59","modified_gmt":"2022-10-11T15:06:59","slug":"witryny-adult-meet-and-fuck","status":"publish","type":"page","link":"https:\/\/the-apers.com\/pl\/","title":{"rendered":"Witryny Adult Meet And Fuck"},"content":{"rendered":"<p>Jedn\u0105 z najwi\u0119kszych zalet randek online jest to, \u017ce mo\u017cesz \u0142\u0105czy\u0107 si\u0119 z lud\u017ami z ca\u0142ego \u015bwiata. Wystarczy kilka klikni\u0119\u0107 myszk\u0105, aby przegl\u0105da\u0107 profile tysi\u0119cy singli w Twojej okolicy. Mo\u017cesz tak\u017ce filtrowa\u0107 cz\u0142onk\u00f3w na podstawie wieku, lokalizacji, zainteresowa\u0144, statusu zwi\u0105zku i innych kryteri\u00f3w.<\/p>\n<p>Podczas gdy internetowe serwisy randkowe oferuj\u0105 wygod\u0119, stanowi\u0105 r\u00f3wnie\u017c wyzwanie. Jednym z wyzwa\u0144 jest znalezienie kompatybilnych dopasowa\u0144. Inn\u0105 kwesti\u0105 jest ustalenie, czy dana osoba jest prawdziwa, czy pr\u00f3buje ci\u0119 oszuka\u0107. Oszustwa randkowe online s\u0105 powszechne, dlatego wa\u017cne jest, aby nauczy\u0107 si\u0119 rozpoznawa\u0107 fa\u0142szywy profil.<\/p>\n<h2>Jak dzia\u0142aj\u0105 aplikacje randkowe, je\u015bli chcesz tylko seksu<\/h2>\n<p>Istnieje wiele stron po\u015bwi\u0119conych swobodnym randkom, w tym Tinder, OkCupid i Bumble. Te aplikacje umo\u017cliwiaj\u0105 przesuwanie palcem w lewo lub w prawo na podstawie zdj\u0119\u0107 i wiadomo\u015bci, a nast\u0119pnie \u0142\u0105czenie si\u0119 z innymi osobami o wsp\u00f3lnych zainteresowaniach. Kiedy spotkasz kogo\u015b, kogo lubisz, mo\u017cesz porozmawia\u0107 prywatnie lub um\u00f3wi\u0107 si\u0119 na randk\u0119.<\/p>\n<p>Podczas gdy przypadkowe randki s\u0105 zabawne i \u0142atwe, wa\u017cne jest, aby pami\u0119ta\u0107, \u017ce nadal jest to tylko forma rozrywki. Upewnij si\u0119, \u017ce czujesz si\u0119 komfortowo z osob\u0105, z kt\u00f3r\u0105 rozmawiasz, zanim zgodzisz si\u0119 na cokolwiek. Uwa\u017caj r\u00f3wnie\u017c na udost\u0119pnianie danych osobowych, zw\u0142aszcza informacji finansowych.<\/p>\n<p>Wa\u017cne jest r\u00f3wnie\u017c, aby zrozumie\u0107, \u017ce przypadkowe randki nie zawsze s\u0105 bezpieczne. Chocia\u017c mo\u017cna spotka\u0107 kogo\u015b, komu ufasz, nie zawsze jest to gwarantowane. Nawet je\u015bli mo\u017cesz czu\u0107 si\u0119 wystarczaj\u0105co pewnie, aby porozmawia\u0107 z kim\u015b, kogo pozna\u0142e\u015b online, nigdy tak naprawd\u0119 nie wiesz, dop\u00f3ki nie spotkasz go w prawdziwym \u017cyciu.<\/p>\n<p>Tak wi\u0119c, podczas gdy przypadkowe randki mog\u0105 by\u0107 zabawne, wa\u017cne jest, aby zdawa\u0107 sobie spraw\u0119 z potencjalnych zagro\u017ce\u0144.<\/p>\n<h2>Jak zachowa\u0107 bezpiecze\u0144stwo w Internecie<\/h2>\n<p>Pod\u0142\u0105czenia s\u0105 zabawne i ekscytuj\u0105ce, ale nie zawsze s\u0105 bezpieczne. Obecnie dost\u0119pnych jest wiele aplikacji <a href=\"http:\/\/www.sexrandki.org\">Sexrandki.org<\/a>, kt\u00f3re pozwalaj\u0105 po\u0142\u0105czy\u0107 si\u0119 z kim\u015b w pobli\u017cu, ale nadal ryzykujesz spotkanie z kim\u015b, kto mo\u017ce nie by\u0107 godny zaufania.<\/p>\n<p>\u0141atwo wpa\u015b\u0107 w pu\u0142apk\u0119 my\u015blenia, \u017ce pod\u0142\u0105czenia s\u0105 bezpieczniejsze ni\u017c chodzenie do bar\u00f3w lub klub\u00f3w, ale prawda jest taka, \u017ce s\u0105 one r\u00f3wnie niebezpieczne. Kiedy spotykasz kogo\u015b osobi\u015bcie, masz okazj\u0119 oceni\u0107 jego charakter i zdecydowa\u0107, czy czujesz si\u0119 z nim komfortowo. W Internecie nigdy tak naprawd\u0119 nie wiesz, z jak\u0105 osob\u0105 masz do czynienia, dop\u00f3ki nie sko\u0144czysz tego faktu.<\/p>\n<p>Dlatego wa\u017cne jest, aby zachowa\u0107 ostro\u017cno\u015b\u0107 przy wyborze miejsca, w kt\u00f3rym kogo\u015b spotykasz. Upewnij si\u0119, \u017ce wybra\u0142e\u015b renomowan\u0105 aplikacj\u0119, kt\u00f3ra pozwala zweryfikowa\u0107 profile i zdj\u0119cia przed wyra\u017ceniem zgody na spotkanie. Staraj si\u0119 r\u00f3wnie\u017c unika\u0107 spotkania z kim\u015b w barze lub klubie; zamiast tego wybierz kawiarni\u0119 lub inne miejsce publiczne.<\/p>\n<p>Chocia\u017c prawd\u0105 jest, \u017ce pod\u0142\u0105czenia s\u0105 wygodne, mog\u0105 r\u00f3wnie\u017c prowadzi\u0107 do k\u0142opot\u00f3w. Tak wi\u0119c <a href=\"http:\/\/www.darmowe-sex-randki.com\">Darmowe-Sex-Randki.com<\/a>, chocia\u017c mo\u017cesz cieszy\u0107 si\u0119 dreszczykiem emocji zwi\u0105zanym ze znalezieniem kogo\u015b, z kim mo\u017cesz sp\u0119dzi\u0107 czas, pami\u0119taj, \u017ce mo\u017cesz p\u00f3\u017aniej tego \u017ca\u0142owa\u0107.<\/p>\n<h3>Czego unika\u0107<\/h3>\n<p>Aby unikn\u0105\u0107 stania si\u0119 ofiar\u0105 oszusta, wa\u017cne jest, aby przeprowadzi\u0107 dok\u0142adne sprawdzenie potencjalnych dat. Upewnij si\u0119, \u017ce czytasz recenzje i opinie wystawione przez poprzednich klient\u00f3w. Przyjrzyj si\u0119 r\u00f3wnie\u017c reputacji cz\u0142onka za po\u015brednictwem witryn stron trzecich, takich jak Facebook i Twitter. Na koniec zweryfikuj informacje kontaktowe osoby.<\/p>\n<p>Opr\u00f3cz sprawdzania danych osobowych u\u017cytkownika, wa\u017cne jest r\u00f3wnie\u017c, aby przejrze\u0107 jego zdj\u0119cia. Poszukaj niesp\u00f3jno\u015bci na zdj\u0119ciach, takich jak wiele twarzy lub dziwne t\u0142a. Te czerwone flagi mog\u0105 wskazywa\u0107, \u017ce dana osoba co\u015b ukrywa.<\/p>\n<p>Wa\u017cne jest r\u00f3wnie\u017c, aby wzi\u0105\u0107 pod uwag\u0119 bezpiecze\u0144stwo swoich danych podczas korzystania z internetowych serwis\u00f3w randkowych. Wiele witryn wymaga podania poufnych informacji, w tym informacji finansowych i numer\u00f3w telefon\u00f3w. Przed udost\u0119pnieniem tych informacji upewnij si\u0119, \u017ce rozumiesz polityk\u0119 prywatno\u015bci witryn, do kt\u00f3rych chcesz do\u0142\u0105czy\u0107.<\/p>\n<p>Internetowe serwisy randkowe to wygodne sposoby poznawania ludzi, ale nie s\u0105 idealne. Wi\u0105\u017ce si\u0119 to z ryzykiem, dlatego wa\u017cne jest, aby rozwa\u017cy\u0107 zalety i wady przed do\u0142\u0105czeniem.<\/p>\n<h2>Dlaczego warto ufa\u0107 internetowym serwisom randkowym?<\/h2>\n<p>Podczas gdy randki online s\u0105 wci\u0105\u017c stosunkowo nowe, dost\u0119pnych jest wiele zasob\u00f3w, kt\u00f3re pomog\u0105 Ci porusza\u0107 si\u0119 po \u015bwiecie randek online. Oto kilka wskaz\u00f3wek, kt\u00f3re nale\u017cy wzi\u0105\u0107 pod uwag\u0119 podczas wyszukiwania mi\u0142o\u015bci w Internecie.<\/p>\n<p>Zacznij od zarejestrowania si\u0119 w renomowanej us\u0142udze. Istniej\u0105 dziesi\u0105tki r\u00f3\u017cnych witryn oferuj\u0105cych opcje randek online, dlatego wa\u017cne jest, aby wybra\u0107 m\u0105drze. Niekt\u00f3re z najpopularniejszych witryn to Match.com, eHarmony, PlentyOfFish, Zoosk, OkCupid i Tinder. Nast\u0119pnie przyjrzyj si\u0119 typom profili oferowanych przez ka\u017cd\u0105 witryn\u0119. Wi\u0119kszo\u015b\u0107 witryn oferuje podstawowe funkcje profilu, w tym zdj\u0119cia, lokalizacj\u0119, wiek, p\u0142e\u0107 i zainteresowania. Ale niekt\u00f3re witryny umo\u017cliwiaj\u0105 dalsze dostosowywanie profilu, umo\u017cliwiaj\u0105c dodawanie dodatkowych szczeg\u00f3\u0142\u00f3w, takich jak hobby, wykszta\u0142cenie, zaw\u00f3d i status zwi\u0105zku.<\/p>\n<p>Po utworzeniu profilu spr\u00f3buj przejrze\u0107 profile innych cz\u0142onk\u00f3w. Przegl\u0105daj profile potencjalnych dopasowa\u0144, a\u017c znajdziesz kogo\u015b, kogo chcesz pozna\u0107. Nast\u0119pnie wy\u015blij wiadomo\u015b\u0107 z pytaniem o ich dost\u0119pno\u015b\u0107. Zachowaj ostro\u017cno\u015b\u0107 podczas komunikowania si\u0119 za po\u015brednictwem wiadomo\u015bci tekstowych. Chocia\u017c wysy\u0142anie SMS-\u00f3w jest wygodne, \u0142atwo jest b\u0142\u0119dnie zinterpretowa\u0107 wiadomo\u015bci. Na przyk\u0142ad, je\u015bli powiesz, \u017ce jeste\u015b zainteresowany spotkaniem na kaw\u0119, mo\u017cesz otrzyma\u0107 odpowied\u017a, \u017ce brzmisz zdesperowany. Zamiast tego popro\u015b o wyja\u015bnienie.<\/p>\n<p>Nie zapomnij skontaktowa\u0107 si\u0119 z tob\u0105 po wys\u0142aniu wiadomo\u015bci. Wys\u0142anie szybkiej wiadomo\u015bci uzupe\u0142niaj\u0105cej w ci\u0105gu 24 godzin mo\u017ce pom\u00f3c w ustaleniu, czy oboje b\u0119dziecie zgodni. Pami\u0119taj, \u017ce randki online to tylko jedna z opcji znalezienia mi\u0142o\u015bci. Inne sposoby poznawania ludzi obejmuj\u0105 uczestnictwo w wydarzeniach, do\u0142\u0105czanie do grup, wolontariat i randki w ciemno.<\/p>\n","protected":false},"excerpt":{"rendered":"<p>Jedn\u0105 z najwi\u0119kszych zalet randek online jest to, \u017ce mo\u017cesz \u0142\u0105czy\u0107 si\u0119 z lud\u017ami z ca\u0142ego \u015bwiata. Wystarczy kilka klikni\u0119\u0107&hellip;<\/p>\n","protected":false},"author":1,"featured_media":85,"parent":0,"menu_order":0,"comment_status":"closed","ping_status":"closed","template":"","meta":[],"yoast_head":"<!-- This site is optimized with the Yoast SEO plugin v17.7.1 - https:\/\/yoast.com\/wordpress\/plugins\/seo\/ -->\n<title>Witryny Adult Meet And Fuck - Adult Dating Finder<\/title>\n<meta name=\"robots\" content=\"index, follow, max-snippet:-1, max-image-preview:large, max-video-preview:-1\" \/>\n<link rel=\"canonical\" href=\"https:\/\/the-apers.com\/pl\/\" \/>\n<meta property=\"og:locale\" content=\"pl_PL\" \/>\n<meta property=\"og:type\" content=\"article\" \/>\n<meta property=\"og:title\" content=\"Witryny Adult Meet And Fuck - Adult Dating Finder\" \/>\n<meta property=\"og:description\" content=\"Jedn\u0105 z najwi\u0119kszych zalet randek online jest to, \u017ce mo\u017cesz \u0142\u0105czy\u0107 si\u0119 z lud\u017ami z ca\u0142ego \u015bwiata. Wystarczy kilka klikni\u0119\u0107&hellip;\" \/>\n<meta property=\"og:url\" content=\"https:\/\/the-apers.com\/pl\/\" \/>\n<meta property=\"og:site_name\" content=\"Adult Dating Finder\" \/>\n<meta property=\"article:modified_time\" content=\"2022-10-11T15:06:59+00:00\" \/>\n<meta property=\"og:image\" content=\"https:\/\/the-apers.com\/wp-content\/uploads\/2022\/09\/sex-match.jpeg\" \/>\n\t<meta property=\"og:image:width\" content=\"1125\" \/>\n\t<meta property=\"og:image:height\" content=\"750\" \/>\n<meta name=\"twitter:card\" content=\"summary_large_image\" \/>\n<meta name=\"twitter:label1\" content=\"Szacowany czas czytania\" \/>\n\t<meta name=\"twitter:data1\" content=\"5 minut\" \/>\n<script type=\"application\/ld+json\" class=\"yoast-schema-graph\">{\"@context\":\"https:\/\/schema.org\",\"@graph\":[{\"@type\":\"WebSite\",\"@id\":\"https:\/\/the-apers.com\/nl\/#website\",\"url\":\"https:\/\/the-apers.com\/nl\/\",\"name\":\"Adult Dating Finder\",\"description\":\"Online Personals\",\"potentialAction\":[{\"@type\":\"SearchAction\",\"target\":{\"@type\":\"EntryPoint\",\"urlTemplate\":\"https:\/\/the-apers.com\/nl\/?s={search_term_string}\"},\"query-input\":\"required name=search_term_string\"}],\"inLanguage\":\"pl-PL\"},{\"@type\":\"ImageObject\",\"@id\":\"https:\/\/the-apers.com\/pl\/#primaryimage\",\"inLanguage\":\"pl-PL\",\"url\":\"https:\/\/the-apers.com\/wp-content\/uploads\/2022\/09\/sex-match.jpeg\",\"contentUrl\":\"https:\/\/the-apers.com\/wp-content\/uploads\/2022\/09\/sex-match.jpeg\",\"width\":1125,\"height\":750},{\"@type\":\"WebPage\",\"@id\":\"https:\/\/the-apers.com\/pl\/#webpage\",\"url\":\"https:\/\/the-apers.com\/pl\/\",\"name\":\"Witryny Adult Meet And Fuck - Adult Dating Finder\",\"isPartOf\":{\"@id\":\"https:\/\/the-apers.com\/nl\/#website\"},\"primaryImageOfPage\":{\"@id\":\"https:\/\/the-apers.com\/pl\/#primaryimage\"},\"datePublished\":\"2022-09-13T11:01:16+00:00\",\"dateModified\":\"2022-10-11T15:06:59+00:00\",\"breadcrumb\":{\"@id\":\"https:\/\/the-apers.com\/pl\/#breadcrumb\"},\"inLanguage\":\"pl-PL\",\"potentialAction\":[{\"@type\":\"ReadAction\",\"target\":[\"https:\/\/the-apers.com\/pl\/\"]}]},{\"@type\":\"BreadcrumbList\",\"@id\":\"https:\/\/the-apers.com\/pl\/#breadcrumb\",\"itemListElement\":[{\"@type\":\"ListItem\",\"position\":1,\"name\":\"Home\",\"item\":\"https:\/\/the-apers.com\/pl\/\"},{\"@type\":\"ListItem\",\"position\":2,\"name\":\"Witryny Adult Meet And Fuck\"}]}]}<\/script>\n<!-- \/ Yoast SEO plugin. -->","yoast_head_json":{"title":"Witryny Adult Meet And Fuck - Adult Dating Finder","robots":{"index":"index","follow":"follow","max-snippet":"max-snippet:-1","max-image-preview":"max-image-preview:large","max-video-preview":"max-video-preview:-1"},"canonical":"https:\/\/the-apers.com\/pl\/","og_locale":"pl_PL","og_type":"article","og_title":"Witryny Adult Meet And Fuck - Adult Dating Finder","og_description":"Jedn\u0105 z najwi\u0119kszych zalet randek online jest to, \u017ce mo\u017cesz \u0142\u0105czy\u0107 si\u0119 z lud\u017ami z ca\u0142ego \u015bwiata. Wystarczy kilka klikni\u0119\u0107&hellip;","og_url":"https:\/\/the-apers.com\/pl\/","og_site_name":"Adult Dating Finder","article_modified_time":"2022-10-11T15:06:59+00:00","og_image":[{"width":1125,"height":750,"url":"https:\/\/the-apers.com\/wp-content\/uploads\/2022\/09\/sex-match.jpeg","type":"image\/jpeg"}],"twitter_card":"summary_large_image","twitter_misc":{"Szacowany czas czytania":"5 minut"},"schema":{"@context":"https:\/\/schema.org","@graph":[{"@type":"WebSite","@id":"https:\/\/the-apers.com\/nl\/#website","url":"https:\/\/the-apers.com\/nl\/","name":"Adult Dating Finder","description":"Online Personals","potentialAction":[{"@type":"SearchAction","target":{"@type":"EntryPoint","urlTemplate":"https:\/\/the-apers.com\/nl\/?s={search_term_string}"},"query-input":"required name=search_term_string"}],"inLanguage":"pl-PL"},{"@type":"ImageObject","@id":"https:\/\/the-apers.com\/pl\/#primaryimage","inLanguage":"pl-PL","url":"https:\/\/the-apers.com\/wp-content\/uploads\/2022\/09\/sex-match.jpeg","contentUrl":"https:\/\/the-apers.com\/wp-content\/uploads\/2022\/09\/sex-match.jpeg","width":1125,"height":750},{"@type":"WebPage","@id":"https:\/\/the-apers.com\/pl\/#webpage","url":"https:\/\/the-apers.com\/pl\/","name":"Witryny Adult Meet And Fuck - Adult Dating Finder","isPartOf":{"@id":"https:\/\/the-apers.com\/nl\/#website"},"primaryImageOfPage":{"@id":"https:\/\/the-apers.com\/pl\/#primaryimage"},"datePublished":"2022-09-13T11:01:16+00:00","dateModified":"2022-10-11T15:06:59+00:00","breadcrumb":{"@id":"https:\/\/the-apers.com\/pl\/#breadcrumb"},"inLanguage":"pl-PL","potentialAction":[{"@type":"ReadAction","target":["https:\/\/the-apers.com\/pl\/"]}]},{"@type":"BreadcrumbList","@id":"https:\/\/the-apers.com\/pl\/#breadcrumb","itemListElement":[{"@type":"ListItem","position":1,"name":"Home","item":"https:\/\/the-apers.com\/pl\/"},{"@type":"ListItem","position":2,"name":"Witryny Adult Meet And Fuck"}]}]}},"_links":{"self":[{"href":"https:\/\/the-apers.com\/pl\/wp-json\/wp\/v2\/pages\/125"}],"collection":[{"href":"https:\/\/the-apers.com\/pl\/wp-json\/wp\/v2\/pages"}],"about":[{"href":"https:\/\/the-apers.com\/pl\/wp-json\/wp\/v2\/types\/page"}],"author":[{"embeddable":true,"href":"https:\/\/the-apers.com\/pl\/wp-json\/wp\/v2\/users\/1"}],"replies":[{"embeddable":true,"href":"https:\/\/the-apers.com\/pl\/wp-json\/wp\/v2\/comments?post=125"}],"version-history":[{"count":1,"href":"https:\/\/the-apers.com\/pl\/wp-json\/wp\/v2\/pages\/125\/revisions"}],"predecessor-version":[{"id":359,"href":"https:\/\/the-apers.com\/pl\/wp-json\/wp\/v2\/pages\/125\/revisions\/359"}],"wp:featuredmedia":[{"embeddable":true,"href":"https:\/\/the-apers.com\/pl\/wp-json\/wp\/v2\/media\/85"}],"wp:attachment":[{"href":"https:\/\/the-apers.com\/pl\/wp-json\/wp\/v2\/media?parent=125"}],"curies":[{"name":"wp","href":"https:\/\/api.w.org\/{rel}","templated":true}]}}