{"id":253,"date":"2022-09-30T11:14:58","date_gmt":"2022-09-30T10:14:58","guid":{"rendered":"http:\/\/the-apers.com\/czaty-milf\/"},"modified":"2022-09-30T11:14:58","modified_gmt":"2022-09-30T10:14:58","slug":"czaty-milf","status":"publish","type":"page","link":"https:\/\/the-apers.com\/pl\/czaty-milf\/","title":{"rendered":"Czaty Milf"},"content":{"rendered":"<p>Jest co\u015b niesamowicie poci\u0105gaj\u0105cego w MILF-ach, a wielu facet\u00f3w uwa\u017ca je za nieodparte. Na szcz\u0119\u015bcie istnieje wiele czat\u00f3w MILF, w kt\u00f3rych mo\u017cna porozmawia\u0107 z tymi wspania\u0142ymi kobietami, a mo\u017ce nawet um\u00f3wi\u0107 si\u0119 na osobiste spotkanie. Pami\u0119taj tylko, aby by\u0107 pe\u0142nym szacunku i czaruj\u0105cym, a na pewno zdob\u0119dziesz gor\u0105c\u0105 randk\u0119 z MILF w mgnieniu oka.<\/p>\n<h2>Darmowy czat Milf<\/h2>\n<p>Szukasz gor\u0105cego MILF do <a href=\"http:\/\/the-apers.com\/?page_id=228&amp;preview=true\">czatowania online<\/a>? Nie szukaj dalej ni\u017c Darmowy czat MILF. Ta strona oferuje bezp\u0142atn\u0105 us\u0142ug\u0119 czatu dla MILF i facet\u00f3w, kt\u00f3rzy je kochaj\u0105. Po prostu za\u0142\u00f3\u017c konto i zacznij rozmawia\u0107 z napalonymi MILF w Twojej okolicy. Niezale\u017cnie od tego, czy szukasz niegrzecznej zabawy, czy powa\u017cnego zwi\u0105zku, Free MILF Chat to idealne miejsce na rozpocz\u0119cie. Nie musisz si\u0119 wstydzi\u0107 podczas rozmowy z milfami &#8211; s\u0105 otwarci i szukaj\u0105 mi\u0142o\u015bci tak jak ty. Mo\u017cesz by\u0107 zaskoczony, jak \u0142atwo jest si\u0119 z nimi po\u0142\u0105czy\u0107 i jak wiele masz wsp\u00f3lnego. Po prostu b\u0105d\u017a sob\u0105 i nie b\u00f3j si\u0119 rozpocz\u0105\u0107 rozmowy. Kto wie, mo\u017ce po prostu znajdziesz mi\u0142o\u015b\u0107 swojego \u017cycia.<\/p>\n<h2>Porozmawiaj z Milfs<\/h2>\n<p>Naprawd\u0119 lubi\u0119 rozmawia\u0107 z milfs. Zazwyczaj s\u0105 bardzo pewni siebie i wiedz\u0105, czego chc\u0105. Uwa\u017cam, \u017ce s\u0105 r\u00f3wnie\u017c bardzo otwarci i ch\u0119tni do pr\u00f3bowania nowych rzeczy. To sprawia, \u017ce randki s\u0105 \u015bwietne, poniewa\u017c nie boj\u0105 si\u0119 podejmowa\u0107 ryzyka. Uwa\u017cam r\u00f3wnie\u017c, \u017ce milfy s\u0105 bardzo seksowne i zwykle s\u0105 bardzo dobre w \u0142\u00f3\u017cku. Zazwyczaj s\u0105 bardzo do\u015bwiadczeni i wiedz\u0105, jak zadowoli\u0107 m\u0119\u017cczyzn\u0119. Og\u00f3lnie rzecz bior\u0105c, naprawd\u0119 lubi\u0119 randkowa\u0107 z milfs i poleci\u0142bym go ka\u017cdemu facetowi, kt\u00f3ry szuka \u015bwietnej zabawy.<\/p>\n<h3>FabSwingers<\/h3>\n<p>Ta aplikacja randkowa jest idealna do \u0142\u0105czenia si\u0119 ze starszymi kobietami, kt\u00f3re szukaj\u0105 dobrej zabawy. Aplikacja jest \u0142atwa w u\u017cyciu i ma mn\u00f3stwo funkcji, kt\u00f3re sprawiaj\u0105, \u017ce idealnie nadaje si\u0119 do znalezienia milf do rozmowy. Mo\u017cesz wyszukiwa\u0107 kobiety wed\u0142ug wieku, lokalizacji, zainteresowa\u0144 i nie tylko. Ponadto mo\u017cesz nawet wysy\u0142a\u0107 wiadomo\u015bci i zdj\u0119cia do kobiet, kt\u00f3re Ci\u0119 interesuj\u0105. Tak wi\u0119c, je\u015bli szukasz czatu milf, FabSwingers jest idealnym miejscem do rozpocz\u0119cia wyszukiwania.<\/p>\n<h3>Fling.com<\/h3>\n<p>Fling.com to aplikacja randkowa z r\u00f3\u017cnic\u0105; jest specjalnie zaprojektowany dla os\u00f3b, kt\u00f3re chc\u0105 mie\u0107 przypadkowe flingi bez \u017cadnych zobowi\u0105za\u0144. Aplikacja jest bardzo \u0142atwa w u\u017cyciu i ma prosty interfejs. Ma r\u00f3wnie\u017c du\u017c\u0105 baz\u0119 u\u017cytkownik\u00f3w, co oznacza, \u017ce zawsze s\u0105 ludzie online, z kt\u00f3rymi mo\u017cna rozmawia\u0107. Aplikacja jest bezp\u0142atna, ale istniej\u0105 pewne funkcje, kt\u00f3re s\u0105 dost\u0119pne tylko dla p\u0142ac\u0105cych cz\u0142onk\u00f3w. Og\u00f3lnie rzecz bior\u0105c, aplikacja jest \u015bwietn\u0105 opcj\u0105 dla os\u00f3b, kt\u00f3re szukaj\u0105 przypadkowych fling\u00f3w.<\/p>\n<h3>OnlyFlings<\/h3>\n<p>Je\u015bli szukasz czatu milf, b\u0119dziesz chcia\u0142 sprawdzi\u0107 aplikacj\u0119 randkow\u0105 OnlyFlings. To \u015bwietna aplikacja do spotka\u0144 ze starszymi kobietami i rozmawiania z nimi. Aplikacja jest \u0142atwa w u\u017cyciu i ma wiele funkcji, kt\u00f3re sprawiaj\u0105, \u017ce jest doskona\u0142ym wyborem dla czat\u00f3w milf. Mo\u017cesz wyszukiwa\u0107 kobiety wed\u0142ug lokalizacji, wieku, zainteresowa\u0144 i nie tylko. Mo\u017cesz tak\u017ce wysy\u0142a\u0107 wiadomo\u015bci i rozmawia\u0107 z nimi w czasie rzeczywistym. OnlyFlings to \u015bwietny wyb\u00f3r dla czat\u00f3w milf i z pewno\u015bci\u0105 pomo\u017ce Ci pozna\u0107 starsze kobiety, kt\u00f3re Ci\u0119 interesuj\u0105.<\/p>\n","protected":false},"excerpt":{"rendered":"<p>Jest co\u015b niesamowicie poci\u0105gaj\u0105cego w MILF-ach, a wielu facet\u00f3w uwa\u017ca je za nieodparte. Na szcz\u0119\u015bcie istnieje wiele czat\u00f3w MILF, w&hellip;<\/p>\n","protected":false},"author":1,"featured_media":0,"parent":0,"menu_order":0,"comment_status":"closed","ping_status":"closed","template":"","meta":[],"yoast_head":"<!-- This site is optimized with the Yoast SEO plugin v17.7.1 - https:\/\/yoast.com\/wordpress\/plugins\/seo\/ -->\n<title>Czaty Milf - Adult Dating Finder<\/title>\n<meta name=\"robots\" content=\"index, follow, max-snippet:-1, max-image-preview:large, max-video-preview:-1\" \/>\n<link rel=\"canonical\" href=\"https:\/\/the-apers.com\/pl\/czaty-milf\/\" \/>\n<meta property=\"og:locale\" content=\"pl_PL\" \/>\n<meta property=\"og:type\" content=\"article\" \/>\n<meta property=\"og:title\" content=\"Czaty Milf - Adult Dating Finder\" \/>\n<meta property=\"og:description\" content=\"Jest co\u015b niesamowicie poci\u0105gaj\u0105cego w MILF-ach, a wielu facet\u00f3w uwa\u017ca je za nieodparte. Na szcz\u0119\u015bcie istnieje wiele czat\u00f3w MILF, w&hellip;\" \/>\n<meta property=\"og:url\" content=\"https:\/\/the-apers.com\/pl\/czaty-milf\/\" \/>\n<meta property=\"og:site_name\" content=\"Adult Dating Finder\" \/>\n<meta name=\"twitter:card\" content=\"summary_large_image\" \/>\n<meta name=\"twitter:label1\" content=\"Szacowany czas czytania\" \/>\n\t<meta name=\"twitter:data1\" content=\"3 minuty\" \/>\n<script type=\"application\/ld+json\" class=\"yoast-schema-graph\">{\"@context\":\"https:\/\/schema.org\",\"@graph\":[{\"@type\":\"WebSite\",\"@id\":\"https:\/\/the-apers.com\/nl\/#website\",\"url\":\"https:\/\/the-apers.com\/nl\/\",\"name\":\"Adult Dating Finder\",\"description\":\"Online Personals\",\"potentialAction\":[{\"@type\":\"SearchAction\",\"target\":{\"@type\":\"EntryPoint\",\"urlTemplate\":\"https:\/\/the-apers.com\/nl\/?s={search_term_string}\"},\"query-input\":\"required name=search_term_string\"}],\"inLanguage\":\"pl-PL\"},{\"@type\":\"WebPage\",\"@id\":\"https:\/\/the-apers.com\/pl\/czaty-milf\/#webpage\",\"url\":\"https:\/\/the-apers.com\/pl\/czaty-milf\/\",\"name\":\"Czaty Milf - Adult Dating Finder\",\"isPartOf\":{\"@id\":\"https:\/\/the-apers.com\/nl\/#website\"},\"datePublished\":\"2022-09-30T10:14:58+00:00\",\"dateModified\":\"2022-09-30T10:14:58+00:00\",\"breadcrumb\":{\"@id\":\"https:\/\/the-apers.com\/pl\/czaty-milf\/#breadcrumb\"},\"inLanguage\":\"pl-PL\",\"potentialAction\":[{\"@type\":\"ReadAction\",\"target\":[\"https:\/\/the-apers.com\/pl\/czaty-milf\/\"]}]},{\"@type\":\"BreadcrumbList\",\"@id\":\"https:\/\/the-apers.com\/pl\/czaty-milf\/#breadcrumb\",\"itemListElement\":[{\"@type\":\"ListItem\",\"position\":1,\"name\":\"Home\",\"item\":\"https:\/\/the-apers.com\/pl\/\"},{\"@type\":\"ListItem\",\"position\":2,\"name\":\"Czaty Milf\"}]}]}<\/script>\n<!-- \/ Yoast SEO plugin. -->","yoast_head_json":{"title":"Czaty Milf - Adult Dating Finder","robots":{"index":"index","follow":"follow","max-snippet":"max-snippet:-1","max-image-preview":"max-image-preview:large","max-video-preview":"max-video-preview:-1"},"canonical":"https:\/\/the-apers.com\/pl\/czaty-milf\/","og_locale":"pl_PL","og_type":"article","og_title":"Czaty Milf - Adult Dating Finder","og_description":"Jest co\u015b niesamowicie poci\u0105gaj\u0105cego w MILF-ach, a wielu facet\u00f3w uwa\u017ca je za nieodparte. Na szcz\u0119\u015bcie istnieje wiele czat\u00f3w MILF, w&hellip;","og_url":"https:\/\/the-apers.com\/pl\/czaty-milf\/","og_site_name":"Adult Dating Finder","twitter_card":"summary_large_image","twitter_misc":{"Szacowany czas czytania":"3 minuty"},"schema":{"@context":"https:\/\/schema.org","@graph":[{"@type":"WebSite","@id":"https:\/\/the-apers.com\/nl\/#website","url":"https:\/\/the-apers.com\/nl\/","name":"Adult Dating Finder","description":"Online Personals","potentialAction":[{"@type":"SearchAction","target":{"@type":"EntryPoint","urlTemplate":"https:\/\/the-apers.com\/nl\/?s={search_term_string}"},"query-input":"required name=search_term_string"}],"inLanguage":"pl-PL"},{"@type":"WebPage","@id":"https:\/\/the-apers.com\/pl\/czaty-milf\/#webpage","url":"https:\/\/the-apers.com\/pl\/czaty-milf\/","name":"Czaty Milf - Adult Dating Finder","isPartOf":{"@id":"https:\/\/the-apers.com\/nl\/#website"},"datePublished":"2022-09-30T10:14:58+00:00","dateModified":"2022-09-30T10:14:58+00:00","breadcrumb":{"@id":"https:\/\/the-apers.com\/pl\/czaty-milf\/#breadcrumb"},"inLanguage":"pl-PL","potentialAction":[{"@type":"ReadAction","target":["https:\/\/the-apers.com\/pl\/czaty-milf\/"]}]},{"@type":"BreadcrumbList","@id":"https:\/\/the-apers.com\/pl\/czaty-milf\/#breadcrumb","itemListElement":[{"@type":"ListItem","position":1,"name":"Home","item":"https:\/\/the-apers.com\/pl\/"},{"@type":"ListItem","position":2,"name":"Czaty Milf"}]}]}},"_links":{"self":[{"href":"https:\/\/the-apers.com\/pl\/wp-json\/wp\/v2\/pages\/253"}],"collection":[{"href":"https:\/\/the-apers.com\/pl\/wp-json\/wp\/v2\/pages"}],"about":[{"href":"https:\/\/the-apers.com\/pl\/wp-json\/wp\/v2\/types\/page"}],"author":[{"embeddable":true,"href":"https:\/\/the-apers.com\/pl\/wp-json\/wp\/v2\/users\/1"}],"replies":[{"embeddable":true,"href":"https:\/\/the-apers.com\/pl\/wp-json\/wp\/v2\/comments?post=253"}],"version-history":[{"count":0,"href":"https:\/\/the-apers.com\/pl\/wp-json\/wp\/v2\/pages\/253\/revisions"}],"wp:attachment":[{"href":"https:\/\/the-apers.com\/pl\/wp-json\/wp\/v2\/media?parent=253"}],"curies":[{"name":"wp","href":"https:\/\/api.w.org\/{rel}","templated":true}]}}