{"id":271,"date":"2022-09-30T11:15:23","date_gmt":"2022-09-30T10:15:23","guid":{"rendered":"http:\/\/the-apers.com\/lokalne-strony-swinger\/"},"modified":"2022-09-30T11:15:23","modified_gmt":"2022-09-30T10:15:23","slug":"lokalne-strony-swinger","status":"publish","type":"page","link":"https:\/\/the-apers.com\/pl\/lokalne-strony-swinger\/","title":{"rendered":"Lokalne strony Swinger"},"content":{"rendered":"<p>Istnieje kilka lokalnych stron swinger\u00f3w, kt\u00f3re s\u0105 popularne w <a href=\"http:\/\/the-apers.com\/bondage-chatrooms\/\">spo\u0142eczno\u015bci hookup<\/a>. S\u0105 \u015bwietnym sposobem na poznanie innych par lub singli w Twojej okolicy, kt\u00f3rzy s\u0105 zainteresowani odkrywaniem swojej seksualno\u015bci. Witryny te zwykle maj\u0105 wiele funkcji, kt\u00f3re umo\u017cliwiaj\u0105 wyszukiwanie dopasowa\u0144, czatowanie z cz\u0142onkami, a nawet przegl\u0105danie profili. Niekt\u00f3re z bardziej popularnych funkcji obejmuj\u0105 czaty wideo, wiadomo\u015bci b\u0142yskawiczne i fora cz\u0142onkowskie.<\/p>\n<h2>Swinger Sites<\/h2>\n<p>Istnieje wiele stron swinger\u00f3w dost\u0119pnych online, kt\u00f3re zaspokajaj\u0105 potrzeby os\u00f3b zainteresowanych tego typu randkami. Witryny te zazwyczaj umo\u017cliwiaj\u0105 cz\u0142onkom tworzenie profili i przegl\u0105danie profili innych cz\u0142onk\u00f3w w celu znalezienia potencjalnych dopasowa\u0144. Niekt\u00f3re witryny oferuj\u0105 r\u00f3wnie\u017c pokoje rozm\u00f3w i fora, na kt\u00f3rych cz\u0142onkowie mog\u0105 wchodzi\u0107 ze sob\u0105 w interakcje. Strony swingers\u00f3w mog\u0105 by\u0107 \u015bwietnym sposobem na poznanie nowych ludzi i odkrywanie swojej seksualno\u015bci w bezpiecznym i wygodnym \u015brodowisku.<\/p>\n<p>Je\u015bli chodzi o znalezienie mi\u0142o\u015bci, po\u0142\u0105czenia swingers\u00f3w mog\u0105 by\u0107 \u015bwietnym rozwi\u0105zaniem. W ci\u0105gu jednej nocy mo\u017cna spotka\u0107 wiele r\u00f3\u017cnych os\u00f3b i lepiej ich pozna\u0107. Mo\u017ce to pom\u00f3c Ci znale\u017a\u0107 odpowiedni\u0105 osob\u0119 dla siebie i rozpocz\u0105\u0107 zwi\u0105zek.<\/p>\n<h2>Lokalna strona Swinger<\/h2>\n<p>Je\u015bli szukasz lokalnej strony swingerskiej, trafi\u0142e\u015b we w\u0142a\u015bciwe miejsce. Mamy wszystko, czego potrzebujesz, aby znale\u017a\u0107 swingers\u00f3w w Twojej okolicy, w tym obszerny katalog klub\u00f3w i wydarze\u0144 swingers\u00f3w. Oferujemy r\u00f3wnie\u017c szerok\u0105 gam\u0119 zasob\u00f3w dla swingers\u00f3w, w tym forum, blog i kolumn\u0119 porad. A je\u015bli szukasz czego\u015b bardziej niegrzecznego, mamy to r\u00f3wnie\u017c pod kontrol\u0105. Na co wi\u0119c czekasz? Wejd\u017a i zacznij si\u0119 ko\u0142ysa\u0107!<\/p>\n<h3>SwingStyl \u017cycia<\/h3>\n<p>Je\u015bli szukasz lokalnej strony swinger\u00f3w, SwingLifestyle to \u015bwietna opcja. Aplikacja jest \u0142atwa w u\u017cyciu i ma wiele funkcji, kt\u00f3re pomog\u0105 Ci po\u0142\u0105czy\u0107 si\u0119 z innymi swingersami w Twojej okolicy. Funkcja wyszukiwania jest szczeg\u00f3lnie przydatna, a tak\u017ce mo\u017cna przegl\u0105da\u0107 profile innych u\u017cytkownik\u00f3w w Twojej okolicy. Aplikacja zawiera r\u00f3wnie\u017c forum, dzi\u0119ki czemu mo\u017cesz \u0142\u0105czy\u0107 si\u0119 z innymi u\u017cytkownikami i zadawa\u0107 pytania lub uzyskiwa\u0107 porady. Og\u00f3lnie rzecz bior\u0105c, SwingLifestyle to \u015bwietna opcja dla lokalnych swingers\u00f3w.<\/p>\n<h3>FabSwingers<\/h3>\n<p>Je\u015bli jeste\u015b zainteresowany znalezieniem lokalnej strony swinger\u00f3w, na pewno b\u0119dziesz chcia\u0142 sprawdzi\u0107 FabSwingers. Ta strona jest jedn\u0105 z najbardziej popularnych i szanowanych w bran\u017cy i nie bez powodu. Witryna ma mn\u00f3stwo funkcji i opcji, kt\u00f3re u\u0142atwiaj\u0105 znajdowanie i \u0142\u0105czenie si\u0119 z potencjalnymi dopasowaniami, a witryna oferuje r\u00f3wnie\u017c wiele wsparcia i zasob\u00f3w dla swoich cz\u0142onk\u00f3w. Ponadto strona jest bardzo przyjazna dla u\u017cytkownika i \u0142atwa w nawigacji, co jest zdecydowanie plusem. Og\u00f3lnie rzecz bior\u0105c, FabSwingers to \u015bwietna opcja dla wszystkich zainteresowanych znalezieniem lokalnej strony swinger\u00f3w i gor\u0105co j\u0105 polecamy.<\/p>\n<h3>Badoo \u2022<\/h3>\n<p>Badoo to aplikacja randkowa, kt\u00f3ra pozwala pozna\u0107 nowych ludzi w Twojej okolicy. Jednak wielu u\u017cytkownik\u00f3w skar\u017cy\u0142o si\u0119 na aplikacj\u0119, m\u00f3wi\u0105c, \u017ce jest pe\u0142na fa\u0142szywych profili i nie jest dobrym sposobem na spotkanie potencjalnych dat. Ponadto aplikacja nie jest zbyt przyjazna dla u\u017cytkownika i mo\u017ce by\u0107 trudna w nawigacji. Og\u00f3lnie rzecz bior\u0105c, nie zalecamy korzystania z Badoo, je\u015bli szukasz lokalnej strony swinger\u00f3w. Istniej\u0105 lepsze, bardziej niezawodne opcje.<\/p>\n","protected":false},"excerpt":{"rendered":"<p>Istnieje kilka lokalnych stron swinger\u00f3w, kt\u00f3re s\u0105 popularne w spo\u0142eczno\u015bci hookup. S\u0105 \u015bwietnym sposobem na poznanie innych par lub singli&hellip;<\/p>\n","protected":false},"author":1,"featured_media":0,"parent":0,"menu_order":0,"comment_status":"closed","ping_status":"closed","template":"","meta":[],"yoast_head":"<!-- This site is optimized with the Yoast SEO plugin v17.7.1 - https:\/\/yoast.com\/wordpress\/plugins\/seo\/ -->\n<title>Lokalne strony Swinger - Adult Dating Finder<\/title>\n<meta name=\"robots\" content=\"index, follow, max-snippet:-1, max-image-preview:large, max-video-preview:-1\" \/>\n<link rel=\"canonical\" href=\"https:\/\/the-apers.com\/pl\/lokalne-strony-swinger\/\" \/>\n<meta property=\"og:locale\" content=\"pl_PL\" \/>\n<meta property=\"og:type\" content=\"article\" \/>\n<meta property=\"og:title\" content=\"Lokalne strony Swinger - Adult Dating Finder\" \/>\n<meta property=\"og:description\" content=\"Istnieje kilka lokalnych stron swinger\u00f3w, kt\u00f3re s\u0105 popularne w spo\u0142eczno\u015bci hookup. S\u0105 \u015bwietnym sposobem na poznanie innych par lub singli&hellip;\" \/>\n<meta property=\"og:url\" content=\"https:\/\/the-apers.com\/pl\/lokalne-strony-swinger\/\" \/>\n<meta property=\"og:site_name\" content=\"Adult Dating Finder\" \/>\n<meta name=\"twitter:card\" content=\"summary_large_image\" \/>\n<meta name=\"twitter:label1\" content=\"Szacowany czas czytania\" \/>\n\t<meta name=\"twitter:data1\" content=\"3 minuty\" \/>\n<script type=\"application\/ld+json\" class=\"yoast-schema-graph\">{\"@context\":\"https:\/\/schema.org\",\"@graph\":[{\"@type\":\"WebSite\",\"@id\":\"https:\/\/the-apers.com\/#website\",\"url\":\"https:\/\/the-apers.com\/\",\"name\":\"Adult Dating Finder\",\"description\":\"Online Personals\",\"potentialAction\":[{\"@type\":\"SearchAction\",\"target\":{\"@type\":\"EntryPoint\",\"urlTemplate\":\"https:\/\/the-apers.com\/?s={search_term_string}\"},\"query-input\":\"required name=search_term_string\"}],\"inLanguage\":\"pl-PL\"},{\"@type\":\"WebPage\",\"@id\":\"https:\/\/the-apers.com\/pl\/lokalne-strony-swinger\/#webpage\",\"url\":\"https:\/\/the-apers.com\/pl\/lokalne-strony-swinger\/\",\"name\":\"Lokalne strony Swinger - Adult Dating Finder\",\"isPartOf\":{\"@id\":\"https:\/\/the-apers.com\/#website\"},\"datePublished\":\"2022-09-30T10:15:23+00:00\",\"dateModified\":\"2022-09-30T10:15:23+00:00\",\"breadcrumb\":{\"@id\":\"https:\/\/the-apers.com\/pl\/lokalne-strony-swinger\/#breadcrumb\"},\"inLanguage\":\"pl-PL\",\"potentialAction\":[{\"@type\":\"ReadAction\",\"target\":[\"https:\/\/the-apers.com\/pl\/lokalne-strony-swinger\/\"]}]},{\"@type\":\"BreadcrumbList\",\"@id\":\"https:\/\/the-apers.com\/pl\/lokalne-strony-swinger\/#breadcrumb\",\"itemListElement\":[{\"@type\":\"ListItem\",\"position\":1,\"name\":\"Home\",\"item\":\"https:\/\/the-apers.com\/pl\/\"},{\"@type\":\"ListItem\",\"position\":2,\"name\":\"Lokalne strony Swinger\"}]}]}<\/script>\n<!-- \/ Yoast SEO plugin. -->","yoast_head_json":{"title":"Lokalne strony Swinger - Adult Dating Finder","robots":{"index":"index","follow":"follow","max-snippet":"max-snippet:-1","max-image-preview":"max-image-preview:large","max-video-preview":"max-video-preview:-1"},"canonical":"https:\/\/the-apers.com\/pl\/lokalne-strony-swinger\/","og_locale":"pl_PL","og_type":"article","og_title":"Lokalne strony Swinger - Adult Dating Finder","og_description":"Istnieje kilka lokalnych stron swinger\u00f3w, kt\u00f3re s\u0105 popularne w spo\u0142eczno\u015bci hookup. S\u0105 \u015bwietnym sposobem na poznanie innych par lub singli&hellip;","og_url":"https:\/\/the-apers.com\/pl\/lokalne-strony-swinger\/","og_site_name":"Adult Dating Finder","twitter_card":"summary_large_image","twitter_misc":{"Szacowany czas czytania":"3 minuty"},"schema":{"@context":"https:\/\/schema.org","@graph":[{"@type":"WebSite","@id":"https:\/\/the-apers.com\/#website","url":"https:\/\/the-apers.com\/","name":"Adult Dating Finder","description":"Online Personals","potentialAction":[{"@type":"SearchAction","target":{"@type":"EntryPoint","urlTemplate":"https:\/\/the-apers.com\/?s={search_term_string}"},"query-input":"required name=search_term_string"}],"inLanguage":"pl-PL"},{"@type":"WebPage","@id":"https:\/\/the-apers.com\/pl\/lokalne-strony-swinger\/#webpage","url":"https:\/\/the-apers.com\/pl\/lokalne-strony-swinger\/","name":"Lokalne strony Swinger - Adult Dating Finder","isPartOf":{"@id":"https:\/\/the-apers.com\/#website"},"datePublished":"2022-09-30T10:15:23+00:00","dateModified":"2022-09-30T10:15:23+00:00","breadcrumb":{"@id":"https:\/\/the-apers.com\/pl\/lokalne-strony-swinger\/#breadcrumb"},"inLanguage":"pl-PL","potentialAction":[{"@type":"ReadAction","target":["https:\/\/the-apers.com\/pl\/lokalne-strony-swinger\/"]}]},{"@type":"BreadcrumbList","@id":"https:\/\/the-apers.com\/pl\/lokalne-strony-swinger\/#breadcrumb","itemListElement":[{"@type":"ListItem","position":1,"name":"Home","item":"https:\/\/the-apers.com\/pl\/"},{"@type":"ListItem","position":2,"name":"Lokalne strony Swinger"}]}]}},"_links":{"self":[{"href":"https:\/\/the-apers.com\/pl\/wp-json\/wp\/v2\/pages\/271"}],"collection":[{"href":"https:\/\/the-apers.com\/pl\/wp-json\/wp\/v2\/pages"}],"about":[{"href":"https:\/\/the-apers.com\/pl\/wp-json\/wp\/v2\/types\/page"}],"author":[{"embeddable":true,"href":"https:\/\/the-apers.com\/pl\/wp-json\/wp\/v2\/users\/1"}],"replies":[{"embeddable":true,"href":"https:\/\/the-apers.com\/pl\/wp-json\/wp\/v2\/comments?post=271"}],"version-history":[{"count":0,"href":"https:\/\/the-apers.com\/pl\/wp-json\/wp\/v2\/pages\/271\/revisions"}],"wp:attachment":[{"href":"https:\/\/the-apers.com\/pl\/wp-json\/wp\/v2\/media?parent=271"}],"curies":[{"name":"wp","href":"https:\/\/api.w.org\/{rel}","templated":true}]}}