{"id":288,"date":"2022-09-30T11:12:38","date_gmt":"2022-09-30T10:12:38","guid":{"rendered":"http:\/\/the-apers.com\/witryny-bdsm\/"},"modified":"2022-09-30T11:12:38","modified_gmt":"2022-09-30T10:12:38","slug":"witryny-bdsm","status":"publish","type":"page","link":"https:\/\/the-apers.com\/pl\/witryny-bdsm\/","title":{"rendered":"Witryny BDSM"},"content":{"rendered":"<p>Istnieje wiele stron internetowych, kt\u00f3re zaspokajaj\u0105 potrzeby os\u00f3b zainteresowanych BDSM. Te strony internetowe mog\u0105 by\u0107 \u015bwietnym sposobem na nawi\u0105zanie kontaktu z podobnie my\u015bl\u0105cymi lud\u017ami, kt\u00f3rzy s\u0105 zainteresowani odkrywaniem tego rodzaju aktywno\u015bci seksualnej. Niekt\u00f3re z tych stron internetowych maj\u0105 r\u00f3wnie\u017c fora i czaty, na kt\u00f3rych mo\u017cna rozmawia\u0107 z innymi cz\u0142onkami i dowiedzie\u0107 si\u0119 wi\u0119cej o BDSM. Je\u015bli jeste\u015b zainteresowany odkrywaniem tego rodzaju aktywno\u015bci seksualnej, te strony internetowe mog\u0105 by\u0107 doskona\u0142ym miejscem do rozpocz\u0119cia.<\/p>\n<h2>Najlepsza wyszukiwarka randek BDSM<\/h2>\n<p>Nie mo\u017cna zaprzeczy\u0107, \u017ce randki BDSM mog\u0105 by\u0107 do\u015b\u0107 zniech\u0119caj\u0105ce, zw\u0142aszcza je\u015bli jeste\u015b nowy na scenie. Jednak za pomoc\u0105 wyszukiwarki randek BDSM mo\u017cesz \u0142atwo znale\u017a\u0107 podobnie my\u015bl\u0105cych ludzi, kt\u00f3rzy s\u0105 w tych samych za\u0142amaniach i fetyszach, co ty. Wyszukiwarka randek BDSM to zasadniczo wyszukiwarka, kt\u00f3ra pomaga znale\u017a\u0107 innych <a href=\"http:\/\/the-apers.com\/bondage-chatrooms\/\">entuzjast\u00f3w BDSM w pobli\u017cu<\/a>. Wszystko, co musisz zrobi\u0107, to wprowadzi\u0107 swoj\u0105 lokalizacj\u0119 i preferencje, a wyszukiwarka zrobi reszt\u0119. Nie tylko u\u0142atwia to znalezienie potencjalnych partner\u00f3w, ale tak\u017ce oznacza, \u017ce mo\u017cesz by\u0107 pewien, \u017ce interesuj\u0105 si\u0119 tymi samymi rzeczami, co Ty. Koniec z niezr\u0119cznymi rozmowami i rozczarowaniami!<\/p>\n<p>Na \u015bwiecie jest wielu perwersyjnych ludzi szukaj\u0105cych mi\u0142o\u015bci, a wielu z nich korzysta z randek internetowych, aby j\u0105 znale\u017a\u0107. Perwersyjne serwisy randkowe zaspokajaj\u0105 potrzeby os\u00f3b, kt\u00f3re lubi\u0105 niezwyk\u0142e czynno\u015bci seksualne i mog\u0105 by\u0107 \u015bwietnym sposobem na znalezienie podobnie my\u015bl\u0105cego partnera. Perwersyjne serwisy randkowe cz\u0119sto maj\u0105 funkcje, kt\u00f3re pozwalaj\u0105 wyszukiwa\u0107 ludzi wed\u0142ug konkretnych zainteresowa\u0144, a tak\u017ce mog\u0105 mie\u0107 czaty i fora, na kt\u00f3rych mo\u017cna pozna\u0107 innych perwersyjnych ludzi. Je\u015bli jeste\u015b zainteresowany znalezieniem perwersyjnego partnera, randki online to \u015bwietne miejsce na rozpocz\u0119cie poszukiwa\u0144.<\/p>\n<h2>Witryny Kink<\/h2>\n<p>Istnieje wiele stron kink dost\u0119pnych online, z kt\u00f3rych ka\u017cda zaspokaja r\u00f3\u017cne preferencje i zainteresowania. Niezale\u017cnie od tego, czy interesujesz si\u0119 BDSM, fetyszem st\u00f3p, czy czym\u015b zupe\u0142nie innym, z pewno\u015bci\u0105 znajdziesz witryn\u0119, kt\u00f3ra jest dla Ciebie odpowiednia.<\/p>\n<p>Strony Kink mog\u0105 by\u0107 \u015bwietnym sposobem na nawi\u0105zanie kontaktu z podobnie my\u015bl\u0105cymi lud\u017ami, kt\u00f3rzy s\u0105 zainteresowani odkrywaniem swojej seksualno\u015bci. Mog\u0105 by\u0107 r\u00f3wnie\u017c \u015bwietnym sposobem, aby dowiedzie\u0107 si\u0119 wi\u0119cej o sobie i o tym, co lubisz. Je\u015bli jeste\u015b nowy na scenie za\u0142amania, te strony mog\u0105 by\u0107 \u015bwietnym sposobem na zmoczenie st\u00f3p i ustalenie, co lubisz.<\/p>\n<p>Jednak wa\u017cne jest, aby pami\u0119ta\u0107, \u017ce nie ka\u017cdy na stronie kink szuka randki lub zwi\u0105zku. Niekt\u00f3rzy ludzie s\u0105 tam tylko po to, aby rozmawia\u0107 i odkrywa\u0107 swoje za\u0142amania z innymi. Je\u015bli szukasz zwi\u0105zku, wa\u017cne jest, aby mie\u0107 jasno\u015b\u0107 co do tego od samego pocz\u0105tku. W przeciwnym razie mo\u017cesz sko\u0144czy\u0107 marnuj\u0105c sw\u00f3j czas (i ich).<\/p>\n<h3>BBWCupid<\/h3>\n<p>Je\u015bli szukasz aplikacji randkowej BDSM z du\u017cym wyborem potencjalnych partner\u00f3w, BBWCupid to \u015bwietna opcja. Z ponad 600 000 cz\u0142onk\u00f3w, istnieje du\u017ca szansa, \u017ce znajdziesz kogo\u015b, kto podziela twoje za\u0142amania i zainteresowania. Aplikacja jest bezp\u0142atna do pobrania i u\u017cywania, ale potrzebujesz p\u0142atnego cz\u0142onkostwa, aby odblokowa\u0107 wszystkie funkcje. Obejmuje to wiadomo\u015bci, wyszukiwanie i zaawansowane dopasowywanie. Zesp\u00f3\u0142 BBWCupid jest responsywny i pomocny, dzi\u0119ki czemu jest \u015bwietn\u0105 opcj\u0105 dla os\u00f3b nowych na scenie BDSM.<\/p>\n<h3>DateYou<\/h3>\n<p>DateYou to aplikacja randkowa, kt\u00f3ra jest przeznaczona dla os\u00f3b zainteresowanych BDSM. To \u015bwietny spos\u00f3b na poznanie podobnie my\u015bl\u0105cych ludzi i odkrywanie swoich za\u0142ama\u0144 w bezpieczny i zgodny spos\u00f3b. Aplikacja jest \u0142atwa w <a href=\"http:\/\/the-apers.com\/milf-chatrooms\/\">u\u017cyciu i ma wiele funkcji<\/a>, dzi\u0119ki czemu jest \u015bwietn\u0105 opcj\u0105 dla tych, kt\u00f3rzy chc\u0105 dosta\u0107 si\u0119 do BDSM.<\/p>\n<h3>LuckyCrush<\/h3>\n<p>LuckyCrush to aplikacja randkowa, kt\u00f3ra \u0142\u0105czy ludzi zainteresowanych BDSM. Aplikacja jest \u0142atwa w u\u017cyciu i ma wiele funkcji, kt\u00f3re sprawiaj\u0105, \u017ce jest doskona\u0142ym wyborem dla os\u00f3b, kt\u00f3re s\u0105 w BDSM. Aplikacja umo\u017cliwia wyszukiwanie os\u00f3b, kt\u00f3re s\u0105 w BDSM, a tak\u017ce mo\u017cesz filtrowa\u0107 wyszukiwanie wed\u0142ug lokalizacji, wieku i p\u0142ci. LuckyCrush ma r\u00f3wnie\u017c funkcj\u0119 czatu, kt\u00f3ra pozwala rozmawia\u0107 z innymi u\u017cytkownikami, a tak\u017ce wysy\u0142a\u0107 i odbiera\u0107 wiadomo\u015bci. Aplikacja jest bezp\u0142atna i jest dost\u0119pna zar\u00f3wno dla urz\u0105dze\u0144 z systemem iOS, jak i Android.<\/p>\n","protected":false},"excerpt":{"rendered":"<p>Istnieje wiele stron internetowych, kt\u00f3re zaspokajaj\u0105 potrzeby os\u00f3b zainteresowanych BDSM. Te strony internetowe mog\u0105 by\u0107 \u015bwietnym sposobem na nawi\u0105zanie kontaktu&hellip;<\/p>\n","protected":false},"author":1,"featured_media":0,"parent":0,"menu_order":0,"comment_status":"closed","ping_status":"closed","template":"","meta":[],"yoast_head":"<!-- This site is optimized with the Yoast SEO plugin v17.7.1 - https:\/\/yoast.com\/wordpress\/plugins\/seo\/ -->\n<title>Darmowa - Adult Dating Finder Witryny BDSM<\/title>\n<meta name=\"robots\" content=\"index, follow, max-snippet:-1, max-image-preview:large, max-video-preview:-1\" \/>\n<link rel=\"canonical\" href=\"https:\/\/the-apers.com\/pl\/witryny-bdsm\/\" \/>\n<meta property=\"og:locale\" content=\"pl_PL\" \/>\n<meta property=\"og:type\" content=\"article\" \/>\n<meta property=\"og:title\" content=\"Darmowa - Adult Dating Finder Witryny BDSM\" \/>\n<meta property=\"og:description\" content=\"Istnieje wiele stron internetowych, kt\u00f3re zaspokajaj\u0105 potrzeby os\u00f3b zainteresowanych BDSM. Te strony internetowe mog\u0105 by\u0107 \u015bwietnym sposobem na nawi\u0105zanie kontaktu&hellip;\" \/>\n<meta property=\"og:url\" content=\"https:\/\/the-apers.com\/pl\/witryny-bdsm\/\" \/>\n<meta property=\"og:site_name\" content=\"Adult Dating Finder\" \/>\n<meta name=\"twitter:card\" content=\"summary_large_image\" \/>\n<meta name=\"twitter:label1\" content=\"Szacowany czas czytania\" \/>\n\t<meta name=\"twitter:data1\" content=\"4 minuty\" \/>\n<script type=\"application\/ld+json\" class=\"yoast-schema-graph\">{\"@context\":\"https:\/\/schema.org\",\"@graph\":[{\"@type\":\"WebSite\",\"@id\":\"https:\/\/the-apers.com\/#website\",\"url\":\"https:\/\/the-apers.com\/\",\"name\":\"Adult Dating Finder\",\"description\":\"Online Personals\",\"potentialAction\":[{\"@type\":\"SearchAction\",\"target\":{\"@type\":\"EntryPoint\",\"urlTemplate\":\"https:\/\/the-apers.com\/?s={search_term_string}\"},\"query-input\":\"required name=search_term_string\"}],\"inLanguage\":\"pl-PL\"},{\"@type\":\"WebPage\",\"@id\":\"https:\/\/the-apers.com\/pl\/witryny-bdsm\/#webpage\",\"url\":\"https:\/\/the-apers.com\/pl\/witryny-bdsm\/\",\"name\":\"Darmowa - Adult Dating Finder Witryny BDSM\",\"isPartOf\":{\"@id\":\"https:\/\/the-apers.com\/#website\"},\"datePublished\":\"2022-09-30T10:12:38+00:00\",\"dateModified\":\"2022-09-30T10:12:38+00:00\",\"breadcrumb\":{\"@id\":\"https:\/\/the-apers.com\/pl\/witryny-bdsm\/#breadcrumb\"},\"inLanguage\":\"pl-PL\",\"potentialAction\":[{\"@type\":\"ReadAction\",\"target\":[\"https:\/\/the-apers.com\/pl\/witryny-bdsm\/\"]}]},{\"@type\":\"BreadcrumbList\",\"@id\":\"https:\/\/the-apers.com\/pl\/witryny-bdsm\/#breadcrumb\",\"itemListElement\":[{\"@type\":\"ListItem\",\"position\":1,\"name\":\"Home\",\"item\":\"https:\/\/the-apers.com\/pl\/\"},{\"@type\":\"ListItem\",\"position\":2,\"name\":\"Witryny BDSM\"}]}]}<\/script>\n<!-- \/ Yoast SEO plugin. -->","yoast_head_json":{"title":"Darmowa - Adult Dating Finder Witryny BDSM","robots":{"index":"index","follow":"follow","max-snippet":"max-snippet:-1","max-image-preview":"max-image-preview:large","max-video-preview":"max-video-preview:-1"},"canonical":"https:\/\/the-apers.com\/pl\/witryny-bdsm\/","og_locale":"pl_PL","og_type":"article","og_title":"Darmowa - Adult Dating Finder Witryny BDSM","og_description":"Istnieje wiele stron internetowych, kt\u00f3re zaspokajaj\u0105 potrzeby os\u00f3b zainteresowanych BDSM. Te strony internetowe mog\u0105 by\u0107 \u015bwietnym sposobem na nawi\u0105zanie kontaktu&hellip;","og_url":"https:\/\/the-apers.com\/pl\/witryny-bdsm\/","og_site_name":"Adult Dating Finder","twitter_card":"summary_large_image","twitter_misc":{"Szacowany czas czytania":"4 minuty"},"schema":{"@context":"https:\/\/schema.org","@graph":[{"@type":"WebSite","@id":"https:\/\/the-apers.com\/#website","url":"https:\/\/the-apers.com\/","name":"Adult Dating Finder","description":"Online Personals","potentialAction":[{"@type":"SearchAction","target":{"@type":"EntryPoint","urlTemplate":"https:\/\/the-apers.com\/?s={search_term_string}"},"query-input":"required name=search_term_string"}],"inLanguage":"pl-PL"},{"@type":"WebPage","@id":"https:\/\/the-apers.com\/pl\/witryny-bdsm\/#webpage","url":"https:\/\/the-apers.com\/pl\/witryny-bdsm\/","name":"Darmowa - Adult Dating Finder Witryny BDSM","isPartOf":{"@id":"https:\/\/the-apers.com\/#website"},"datePublished":"2022-09-30T10:12:38+00:00","dateModified":"2022-09-30T10:12:38+00:00","breadcrumb":{"@id":"https:\/\/the-apers.com\/pl\/witryny-bdsm\/#breadcrumb"},"inLanguage":"pl-PL","potentialAction":[{"@type":"ReadAction","target":["https:\/\/the-apers.com\/pl\/witryny-bdsm\/"]}]},{"@type":"BreadcrumbList","@id":"https:\/\/the-apers.com\/pl\/witryny-bdsm\/#breadcrumb","itemListElement":[{"@type":"ListItem","position":1,"name":"Home","item":"https:\/\/the-apers.com\/pl\/"},{"@type":"ListItem","position":2,"name":"Witryny BDSM"}]}]}},"_links":{"self":[{"href":"https:\/\/the-apers.com\/pl\/wp-json\/wp\/v2\/pages\/288"}],"collection":[{"href":"https:\/\/the-apers.com\/pl\/wp-json\/wp\/v2\/pages"}],"about":[{"href":"https:\/\/the-apers.com\/pl\/wp-json\/wp\/v2\/types\/page"}],"author":[{"embeddable":true,"href":"https:\/\/the-apers.com\/pl\/wp-json\/wp\/v2\/users\/1"}],"replies":[{"embeddable":true,"href":"https:\/\/the-apers.com\/pl\/wp-json\/wp\/v2\/comments?post=288"}],"version-history":[{"count":0,"href":"https:\/\/the-apers.com\/pl\/wp-json\/wp\/v2\/pages\/288\/revisions"}],"wp:attachment":[{"href":"https:\/\/the-apers.com\/pl\/wp-json\/wp\/v2\/media?parent=288"}],"curies":[{"name":"wp","href":"https:\/\/api.w.org\/{rel}","templated":true}]}}