{"id":302,"date":"2022-09-30T11:13:19","date_gmt":"2022-09-30T10:13:19","guid":{"rendered":"http:\/\/the-apers.com\/czaty-bondage\/"},"modified":"2022-09-30T11:13:19","modified_gmt":"2022-09-30T10:13:19","slug":"czaty-bondage","status":"publish","type":"page","link":"https:\/\/the-apers.com\/pl\/czaty-bondage\/","title":{"rendered":"Czaty Bondage"},"content":{"rendered":"<p>Jest co\u015b w anonimowo\u015bci czatu, co naprawd\u0119 sprawia, \u017ce ludzie m\u00f3wi\u0105 o swoich za\u0142amaniach i fetyszach. Dla wielu os\u00f3b czaty zniewoleniem s\u0105 sposobem na odkrywanie swoich pragnie\u0144 seksualnych bez martwienia si\u0119 o os\u0105d ze strony przyjaci\u00f3\u0142 lub rodziny.<\/p>\n<p>Te czaty zapewniaj\u0105 <a href=\"http:\/\/the-apers.com\/?page_id=228&amp;preview=true\">przestrze\u0144 dla ludzi do rozmowy o swoich zainteresowaniach<\/a>, dzielenia si\u0119 historiami, a nawet nawi\u0105zywania kontakt\u00f3w z podobnie my\u015bl\u0105cymi lud\u017ami. Niezale\u017cnie od tego, czy szukasz odrobiny zabawy online, czy masz nadziej\u0119 spotka\u0107 kogo\u015b osobi\u015bcie, czaty z niewoli mog\u0105 by\u0107 \u015bwietnym sposobem na poznanie swojej seksualnej strony.<\/p>\n<p>Randki zniewoleniem to czas, kiedy ludzie, kt\u00f3rzy s\u0105 zainteresowani zniewoleniem i <a href=\"http:\/\/the-apers.com\/bdsm-sites\/\">BDSM<\/a> , spotykaj\u0105 si\u0119 do tej pory. Mo\u017ce to obejmowa\u0107 chodzenie do klub\u00f3w i wydarze\u0144, kt\u00f3re s\u0105 specjalnie dla tego rodzaju rzeczy, lub mo\u017ce to by\u0107 po prostu zorganizowanie spotkania z kim\u015b, kto podziela twoje zainteresowania. Mo\u017ce to by\u0107 \u015bwietny spos\u00f3b na poznanie swojej perwersyjnej strony i dowiedzenie si\u0119, czym interesuj\u0105 si\u0119 inni ludzie. Mo\u017ce to by\u0107 r\u00f3wnie\u017c \u015bwietna zabawa i \u015bwietny spos\u00f3b na poznanie nowych ludzi.<\/p>\n<h2>Pod\u0142\u0105czenie BDSM<\/h2>\n<p>Je\u015bli chodzi o znalezienie mi\u0142o\u015bci, niekt\u00f3rzy ludzie mog\u0105 powiedzie\u0107, \u017ce nie ma nic lepszego ni\u017c po\u0142\u0105czenie BDSM. Dla tych, kt\u00f3rzy nie s\u0105 zaznajomieni, BDSM jest akronimem niewoli, dyscypliny, sadyzmu i masochizmu. I chocia\u017c mo\u017ce to nie by\u0107 fili\u017canka herbaty dla wszystkich, nie mo\u017cna zaprzeczy\u0107, \u017ce mo\u017ce to by\u0107 \u015bwietny spos\u00f3b na nawi\u0105zanie kontaktu z kim\u015b na poziomie fizycznym i emocjonalnym.<\/p>\n<p>Je\u015bli my\u015blisz o wypr\u00f3bowaniu BDSM, jest kilka rzeczy, o kt\u00f3rych powiniene\u015b pami\u0119ta\u0107. Po pierwsze, wa\u017cne jest, aby znale\u017a\u0107 partnera, kt\u00f3ry jest otwarty i ch\u0119tny do odkrywania nowych rzeczy. Po drugie, komunikacja jest kluczowa. Musisz by\u0107 w stanie komunikowa\u0107 swoje pragnienia, potrzeby i granice ze swoim partnerem, zanim zaczniesz.<\/p>\n<p>I wreszcie, nie b\u00f3j si\u0119 eksperymentowa\u0107. BDSM mo\u017ce by\u0107 \u015bwietnym sposobem na urozmaicenie \u017cycia seksualnego i dodanie odrobiny emocji do zwi\u0105zku. Wi\u0119c \u015bmia\u0142o i odkrywaj! Kto wie, mo\u017ce po prostu znajdziesz mi\u0142o\u015b\u0107 swojego \u017cycia.<\/p>\n<h2>Witryny Fetish Meet<\/h2>\n<p>Witryny spotka\u0144 Fetish mog\u0105 by\u0107 \u015bwietnym sposobem na nawi\u0105zanie kontaktu z innymi osobami, kt\u00f3re podzielaj\u0105 Twoje zainteresowania. Mog\u0105 zapewni\u0107 bezpieczne i przyjazne \u015brodowisko do odkrywania swojej seksualno\u015bci i fetyszy. Jest jednak kilka rzeczy, o kt\u00f3rych nale\u017cy pami\u0119ta\u0107 podczas korzystania z tych witryn. Najpierw upewnij si\u0119, \u017ce uwa\u017cnie przeczyta\u0142e\u015b zasady i przepisy witryny. Pomo\u017ce Ci to unikn\u0105\u0107 zbanowania lub usuni\u0119cia z witryny. Po drugie, szanuj innych cz\u0142onk\u00f3w. Obejmuje to niepublikowanie danych osobowych ani n\u0119kanie innych cz\u0142onk\u00f3w. Na koniec pami\u0119taj, aby dobrze si\u0119 bawi\u0107 i by\u0107 bezpiecznym!<\/p>\n<h3>Xmeets<\/h3>\n<p>Je\u015bli lubisz zniewolenie i bardziej perwersyjny seks, to Xmeets to aplikacja randkowa dla Ciebie! Koncentruj\u0105c si\u0119 na \u0142\u0105czeniu ludzi, kt\u00f3rzy s\u0105 w BDSM i innych za\u0142amaniach, Xmeets jest \u015bwietn\u0105 opcj\u0105 dla ka\u017cdego, kto chce odkry\u0107 swoj\u0105 perwersyjn\u0105 stron\u0119. Aplikacja jest \u0142atwa w u\u017cyciu i ma mn\u00f3stwo funkcji, dzi\u0119ki czemu jest \u015bwietn\u0105 opcj\u0105 dla ka\u017cdego, kto chce eksperymentowa\u0107 z niewolnictwem i bardziej perwersyjnym seksem.<\/p>\n<h3>Datehookup<\/h3>\n<p>Datehookup to aplikacja randkowa, kt\u00f3ra pozwala u\u017cytkownikom \u0142\u0105czy\u0107 si\u0119 z potencjalnymi meczami w pobli\u017cu. Aplikacja zawiera r\u00f3wnie\u017c funkcj\u0119 o nazwie &#8222;Bondage Chatrooms&#8221;, kt\u00f3ra pozwala u\u017cytkownikom \u0142\u0105czy\u0107 si\u0119 z innymi, kt\u00f3rzy podzielaj\u0105 ich zainteresowanie zniewoleniem i gr\u0105 fetyszyst\u00f3w. Czaty to \u015bwietny spos\u00f3b na nawi\u0105zanie kontaktu z podobnie my\u015bl\u0105cymi lud\u017ami, a aplikacja zawiera r\u00f3wnie\u017c takie funkcje, jak prywatne wiadomo\u015bci i czat wideo. Og\u00f3lnie rzecz bior\u0105c, aplikacja to \u015bwietny spos\u00f3b na \u0142\u0105czenie si\u0119 z potencjalnymi meczami i odkrywanie za\u0142ama\u0144 i fetyszy w bezpieczny i zgodny spos\u00f3b.<\/p>\n<h3>Mn\u00f3stwo ryb<\/h3>\n<p>Je\u015bli szukasz czatu z niewoli, Plenty of Fish to \u015bwietna opcja. Aplikacja randkowa oferuje szerok\u0105 gam\u0119 funkcji i jest bardzo przyjazna dla u\u017cytkownika. Mo\u017cesz wyszukiwa\u0107 cz\u0142onk\u00f3w wed\u0142ug lokalizacji, wieku i zainteresowa\u0144, a aplikacja nawet zasugeruje Ci dopasowania. Jedynym minusem jest to, \u017ce nie ma konkretnych czat\u00f3w zniewoleniem, wi\u0119c b\u0119dziesz musia\u0142 szuka\u0107 ich w og\u00f3lnych czatach.<\/p>\n","protected":false},"excerpt":{"rendered":"<p>Jest co\u015b w anonimowo\u015bci czatu, co naprawd\u0119 sprawia, \u017ce ludzie m\u00f3wi\u0105 o swoich za\u0142amaniach i fetyszach. Dla wielu os\u00f3b czaty&hellip;<\/p>\n","protected":false},"author":1,"featured_media":0,"parent":0,"menu_order":0,"comment_status":"closed","ping_status":"closed","template":"","meta":[],"yoast_head":"<!-- This site is optimized with the Yoast SEO plugin v17.7.1 - https:\/\/yoast.com\/wordpress\/plugins\/seo\/ -->\n<title>Czaty Bondage - Adult Dating Finder<\/title>\n<meta name=\"robots\" content=\"index, follow, max-snippet:-1, max-image-preview:large, max-video-preview:-1\" \/>\n<link rel=\"canonical\" href=\"https:\/\/the-apers.com\/pl\/czaty-bondage\/\" \/>\n<meta property=\"og:locale\" content=\"pl_PL\" \/>\n<meta property=\"og:type\" content=\"article\" \/>\n<meta property=\"og:title\" content=\"Czaty Bondage - Adult Dating Finder\" \/>\n<meta property=\"og:description\" content=\"Jest co\u015b w anonimowo\u015bci czatu, co naprawd\u0119 sprawia, \u017ce ludzie m\u00f3wi\u0105 o swoich za\u0142amaniach i fetyszach. Dla wielu os\u00f3b czaty&hellip;\" \/>\n<meta property=\"og:url\" content=\"https:\/\/the-apers.com\/pl\/czaty-bondage\/\" \/>\n<meta property=\"og:site_name\" content=\"Adult Dating Finder\" \/>\n<meta name=\"twitter:card\" content=\"summary_large_image\" \/>\n<meta name=\"twitter:label1\" content=\"Szacowany czas czytania\" \/>\n\t<meta name=\"twitter:data1\" content=\"4 minuty\" \/>\n<script type=\"application\/ld+json\" class=\"yoast-schema-graph\">{\"@context\":\"https:\/\/schema.org\",\"@graph\":[{\"@type\":\"WebSite\",\"@id\":\"https:\/\/the-apers.com\/nl\/#website\",\"url\":\"https:\/\/the-apers.com\/nl\/\",\"name\":\"Adult Dating Finder\",\"description\":\"Online Personals\",\"potentialAction\":[{\"@type\":\"SearchAction\",\"target\":{\"@type\":\"EntryPoint\",\"urlTemplate\":\"https:\/\/the-apers.com\/nl\/?s={search_term_string}\"},\"query-input\":\"required name=search_term_string\"}],\"inLanguage\":\"pl-PL\"},{\"@type\":\"WebPage\",\"@id\":\"https:\/\/the-apers.com\/pl\/czaty-bondage\/#webpage\",\"url\":\"https:\/\/the-apers.com\/pl\/czaty-bondage\/\",\"name\":\"Czaty Bondage - Adult Dating Finder\",\"isPartOf\":{\"@id\":\"https:\/\/the-apers.com\/nl\/#website\"},\"datePublished\":\"2022-09-30T10:13:19+00:00\",\"dateModified\":\"2022-09-30T10:13:19+00:00\",\"breadcrumb\":{\"@id\":\"https:\/\/the-apers.com\/pl\/czaty-bondage\/#breadcrumb\"},\"inLanguage\":\"pl-PL\",\"potentialAction\":[{\"@type\":\"ReadAction\",\"target\":[\"https:\/\/the-apers.com\/pl\/czaty-bondage\/\"]}]},{\"@type\":\"BreadcrumbList\",\"@id\":\"https:\/\/the-apers.com\/pl\/czaty-bondage\/#breadcrumb\",\"itemListElement\":[{\"@type\":\"ListItem\",\"position\":1,\"name\":\"Home\",\"item\":\"https:\/\/the-apers.com\/pl\/\"},{\"@type\":\"ListItem\",\"position\":2,\"name\":\"Czaty Bondage\"}]}]}<\/script>\n<!-- \/ Yoast SEO plugin. -->","yoast_head_json":{"title":"Czaty Bondage - Adult Dating Finder","robots":{"index":"index","follow":"follow","max-snippet":"max-snippet:-1","max-image-preview":"max-image-preview:large","max-video-preview":"max-video-preview:-1"},"canonical":"https:\/\/the-apers.com\/pl\/czaty-bondage\/","og_locale":"pl_PL","og_type":"article","og_title":"Czaty Bondage - Adult Dating Finder","og_description":"Jest co\u015b w anonimowo\u015bci czatu, co naprawd\u0119 sprawia, \u017ce ludzie m\u00f3wi\u0105 o swoich za\u0142amaniach i fetyszach. Dla wielu os\u00f3b czaty&hellip;","og_url":"https:\/\/the-apers.com\/pl\/czaty-bondage\/","og_site_name":"Adult Dating Finder","twitter_card":"summary_large_image","twitter_misc":{"Szacowany czas czytania":"4 minuty"},"schema":{"@context":"https:\/\/schema.org","@graph":[{"@type":"WebSite","@id":"https:\/\/the-apers.com\/nl\/#website","url":"https:\/\/the-apers.com\/nl\/","name":"Adult Dating Finder","description":"Online Personals","potentialAction":[{"@type":"SearchAction","target":{"@type":"EntryPoint","urlTemplate":"https:\/\/the-apers.com\/nl\/?s={search_term_string}"},"query-input":"required name=search_term_string"}],"inLanguage":"pl-PL"},{"@type":"WebPage","@id":"https:\/\/the-apers.com\/pl\/czaty-bondage\/#webpage","url":"https:\/\/the-apers.com\/pl\/czaty-bondage\/","name":"Czaty Bondage - Adult Dating Finder","isPartOf":{"@id":"https:\/\/the-apers.com\/nl\/#website"},"datePublished":"2022-09-30T10:13:19+00:00","dateModified":"2022-09-30T10:13:19+00:00","breadcrumb":{"@id":"https:\/\/the-apers.com\/pl\/czaty-bondage\/#breadcrumb"},"inLanguage":"pl-PL","potentialAction":[{"@type":"ReadAction","target":["https:\/\/the-apers.com\/pl\/czaty-bondage\/"]}]},{"@type":"BreadcrumbList","@id":"https:\/\/the-apers.com\/pl\/czaty-bondage\/#breadcrumb","itemListElement":[{"@type":"ListItem","position":1,"name":"Home","item":"https:\/\/the-apers.com\/pl\/"},{"@type":"ListItem","position":2,"name":"Czaty Bondage"}]}]}},"_links":{"self":[{"href":"https:\/\/the-apers.com\/pl\/wp-json\/wp\/v2\/pages\/302"}],"collection":[{"href":"https:\/\/the-apers.com\/pl\/wp-json\/wp\/v2\/pages"}],"about":[{"href":"https:\/\/the-apers.com\/pl\/wp-json\/wp\/v2\/types\/page"}],"author":[{"embeddable":true,"href":"https:\/\/the-apers.com\/pl\/wp-json\/wp\/v2\/users\/1"}],"replies":[{"embeddable":true,"href":"https:\/\/the-apers.com\/pl\/wp-json\/wp\/v2\/comments?post=302"}],"version-history":[{"count":0,"href":"https:\/\/the-apers.com\/pl\/wp-json\/wp\/v2\/pages\/302\/revisions"}],"wp:attachment":[{"href":"https:\/\/the-apers.com\/pl\/wp-json\/wp\/v2\/media?parent=302"}],"curies":[{"name":"wp","href":"https:\/\/api.w.org\/{rel}","templated":true}]}}