{"id":130,"date":"2022-09-13T12:01:16","date_gmt":"2022-09-13T11:01:16","guid":{"rendered":"http:\/\/the-apers.com\/sites-de-encontro-de-adultos-e-fodam-se\/"},"modified":"2022-09-13T12:01:16","modified_gmt":"2022-09-13T11:01:16","slug":"sites-de-encontro-de-adultos-e-fodam-se","status":"publish","type":"page","link":"https:\/\/the-apers.com\/pt-pt\/","title":{"rendered":"Sites de encontro de adultos e fodam-se"},"content":{"rendered":"<p>Uma das maiores vantagens do namoro online \u00e9 que voc\u00ea pode se conectar com pessoas de todo o mundo. Com apenas alguns cliques de rato, voc\u00ea pode navegar perfis de milhares de singles na sua \u00e1rea. Tamb\u00e9m pode filtrar membros com base na idade, localiza\u00e7\u00e3o, interesses, estado de relacionamento e outros crit\u00e9rios.<\/p>\n<p>Enquanto sites de encontros online oferecem conveni\u00eancia, eles tamb\u00e9m apresentam desafios. Um desafio \u00e9 encontrar f\u00f3sforos compat\u00edveis. Outra quest\u00e3o \u00e9 descobrir se uma pessoa \u00e9 genu\u00edna ou tentar engan\u00e1-lo. Esquemas de namoro online s\u00e3o comuns, por isso \u00e9 importante que aprendas a identificar um perfil falso.<\/p>\n<h2>Como aplicativos de namoro funcionam se voc\u00ea s\u00f3 quer sexo<\/h2>\n<p>H\u00e1 muitos sites dedicados a encontros casuais, incluindo Tinder, OkCupid e Bumble. Estas aplica\u00e7\u00f5es permitem-lhe passar para a esquerda ou para a direita com base em fotos e mensagens e, em seguida, conectar-se com outras pessoas que partilham interesses comuns. Quando conhecer algu\u00e9m de quem gosta, pode conversar em privado ou marcar uma data.<\/p>\n<p>Embora namorar casualmente seja divertido e f\u00e1cil, \u00e9 importante lembrar que ainda \u00e9 apenas uma forma de entretenimento. Certifique-se de que est\u00e1 confort\u00e1vel com a pessoa com quem est\u00e1 a falar antes de concordar com qualquer coisa. Al\u00e9m disso, tenha cuidado ao partilhar detalhes pessoais, especialmente informa\u00e7\u00f5es financeiras.<\/p>\n<p>Tamb\u00e9m \u00e9 importante entender que encontros casuais nem sempre s\u00e3o seguros. Embora seja poss\u00edvel conhecer algu\u00e9m em quem confiamos, nem sempre \u00e9 garantido. Mesmo que te sintas confiante o suficiente para falar com algu\u00e9m que conheceste online, nunca se sabe at\u00e9 conhec\u00ea-lo na vida real.<\/p>\n<p>Por isso, embora namorar casualmente possa ser divertido, \u00e9 importante estar atento a potenciais riscos.<\/p>\n<h2>Como se manter seguro on-line<\/h2>\n<p>Os encontros s\u00e3o divertidos e excitantes, mas nem sempre s\u00e3o seguros. Existem muitas aplica\u00e7\u00f5es dispon\u00edveis hoje em dia que permitem que voc\u00ea se junte a algu\u00e9m pr\u00f3ximo, mas voc\u00ea ainda corre o risco de encontrar algu\u00e9m que pode n\u00e3o ser de confian\u00e7a.<\/p>\n<p>\u00c9 f\u00e1cil cair na armadilha de pensar que os encontros s\u00e3o mais seguros do que ir a bares ou clubes, mas a verdade \u00e9 que s\u00e3o igualmente perigosos. Quando se conhece algu\u00e9m pessoalmente, tem a oportunidade de avaliar o seu car\u00e1cter e decidir se se sente ou n\u00e3o confort\u00e1vel com ela. Online, nunca se sabe com que tipo de pessoa lidamos at\u00e9 depois do facto.<\/p>\n<p>\u00c9 por isso que \u00e9 importante ser cauteloso ao escolher onde se encontra algu\u00e9m. Certifique-se de que escolhe uma aplica\u00e7\u00e3o respeit\u00e1vel que lhe permite verificar perfis e fotos antes de concordar em encontrar-se. Al\u00e9m disso, tente evitar encontrar algu\u00e9m num bar ou clube; em vez disso, opte por um caf\u00e9 ou outro local p\u00fablico.<\/p>\n<p>Embora seja verdade que os encontros s\u00e3o convenientes, tamb\u00e9m podem causar problemas. Por isso, embora possas desfrutar da emo\u00e7\u00e3o de encontrar algu\u00e9m com quem passar tempo, lembra-te que podes acabar por te arrepender mais tarde.<\/p>\n<h3>O que evitar<\/h3>\n<p>Para evitar ser v\u00edtima de um burl\u00e3o, \u00e9 importante realizar verifica\u00e7\u00f5es completas de antecedentes em datas potenciais. Certifique-se de que l\u00ea coment\u00e1rios e feedback deixados por clientes anteriores. Al\u00e9m disso, veja a reputa\u00e7\u00e3o do membro atrav\u00e9s de sites de terceiros como facebook e Twitter. Finalmente, verifique os dados de contacto da pessoa.<\/p>\n<p>Al\u00e9m de verificar os detalhes pessoais do utilizador, tamb\u00e9m \u00e9 importante rever as suas fotos. Procure inconsist\u00eancias nas imagens, tais como m\u00faltiplas faces ou origens estranhas. Estas bandeiras vermelhas podem indicar que a pessoa est\u00e1 a esconder alguma coisa.<\/p>\n<p>Tamb\u00e9m \u00e9 importante considerar a seguran\u00e7a dos seus dados ao usar sites de encontros online. Muitos sites exigem que voc\u00ea forne\u00e7a informa\u00e7\u00f5es confidenciais, incluindo informa\u00e7\u00f5es financeiras e n\u00fameros de telefone. Antes de partilhar esta informa\u00e7\u00e3o, certifique-se de que compreende as pol\u00edticas de privacidade dos sites que pretende aderir.<\/p>\n<p>Sites de encontros online s\u00e3o maneiras convenientes de conhecer pessoas, mas n\u00e3o s\u00e3o perfeitos. H\u00e1 riscos envolvidos, por isso \u00e9 importante que peses os pr\u00f3s e os contras antes de te juntares.<\/p>\n<h2>Por que confiar em sites de encontros online?<\/h2>\n<p>Embora o namoro online ainda seja relativamente novo, existem muitos recursos dispon\u00edveis para ajud\u00e1-lo a navegar no mundo do namoro online. Aqui ficam algumas dicas a ter em conta ao procurar amor online.<\/p>\n<p>Comece por se inscrever para um servi\u00e7o respeit\u00e1vel. Existem dezenas de sites diferentes que oferecem op\u00e7\u00f5es de namoro online, por isso \u00e9 importante escolher com sabedoria. Alguns dos sites mais populares incluem Match.com, eHarmony, PlentyOfFish, Zoosk, OkCupid e Tinder. Em seguida, veja os tipos de perfis que cada site oferece. A maioria dos sites oferecem funcionalidades b\u00e1sicas de perfil, incluindo fotos, localiza\u00e7\u00e3o, idade, sexo e interesses. Mas alguns sites permitem-lhe personalizar ainda mais o seu perfil, permitindo-lhe adicionar detalhes adicionais como hobbies, educa\u00e7\u00e3o, ocupa\u00e7\u00e3o e estado de relacionamento.<\/p>\n<p>Depois de criar um perfil, tente navegar nos perfis de outros membros. Percorra os perfis de potenciais correspond\u00eancias at\u00e9 encontrar algu\u00e9m que queira conhecer. Em seguida, envie uma mensagem perguntando sobre a sua disponibilidade. Tenha cuidado ao comunicar atrav\u00e9s de mensagens de texto. Embora as mensagens de texto s\u00e3o convenientes, \u00e9 f\u00e1cil interpretar mal as mensagens. Por exemplo, se disser que est\u00e1 interessado em encontrar-se para tomar caf\u00e9, pode receber uma resposta dizendo que parece desesperado. Em vez disso, pe\u00e7a esclarecimentos.<\/p>\n<p>N\u00e3o se esque\u00e7a de acompanhar depois de enviar uma mensagem. Enviar uma mensagem de seguimento r\u00e1pida dentro de 24 horas pode ajud\u00e1-lo a determinar se voc\u00eas dois seriam ou n\u00e3o compat\u00edveis. Lembre-se que namorar online \u00e9 apenas uma op\u00e7\u00e3o para encontrar o amor. Outras formas de conhecer pessoas incluem participar em eventos, juntar grupos, voluntariar-se e ir a encontros \u00e0s cegas.<\/p>\n","protected":false},"excerpt":{"rendered":"<p>Uma das maiores vantagens do namoro online \u00e9 que voc\u00ea pode se conectar com pessoas de todo o mundo. Com&hellip;<\/p>\n","protected":false},"author":1,"featured_media":86,"parent":0,"menu_order":0,"comment_status":"closed","ping_status":"closed","template":"","meta":[],"yoast_head":"<!-- This site is optimized with the Yoast SEO plugin v17.7.1 - https:\/\/yoast.com\/wordpress\/plugins\/seo\/ -->\n<title>Sites de encontro de adultos e fodam-se - Adult Dating Finder<\/title>\n<meta name=\"robots\" content=\"index, follow, max-snippet:-1, max-image-preview:large, max-video-preview:-1\" \/>\n<link rel=\"canonical\" href=\"https:\/\/the-apers.com\/pt-pt\/\" \/>\n<meta property=\"og:locale\" content=\"pt_PT\" \/>\n<meta property=\"og:type\" content=\"article\" \/>\n<meta property=\"og:title\" content=\"Sites de encontro de adultos e fodam-se - Adult Dating Finder\" \/>\n<meta property=\"og:description\" content=\"Uma das maiores vantagens do namoro online \u00e9 que voc\u00ea pode se conectar com pessoas de todo o mundo. Com&hellip;\" \/>\n<meta property=\"og:url\" content=\"https:\/\/the-apers.com\/pt-pt\/\" \/>\n<meta property=\"og:site_name\" content=\"Adult Dating Finder\" \/>\n<meta property=\"og:image\" content=\"http:\/\/the-apers.com\/wp-content\/uploads\/2022\/09\/sex-match.jpeg\" \/>\n\t<meta property=\"og:image:width\" content=\"1125\" \/>\n\t<meta property=\"og:image:height\" content=\"750\" \/>\n<meta name=\"twitter:card\" content=\"summary_large_image\" \/>\n<meta name=\"twitter:label1\" content=\"Tempo estimado de leitura\" \/>\n\t<meta name=\"twitter:data1\" content=\"5 minutos\" \/>\n<script type=\"application\/ld+json\" class=\"yoast-schema-graph\">{\"@context\":\"https:\/\/schema.org\",\"@graph\":[{\"@type\":\"WebSite\",\"@id\":\"http:\/\/the-apers.com\/#website\",\"url\":\"http:\/\/the-apers.com\/\",\"name\":\"Adult Dating Finder\",\"description\":\"Online Personals\",\"potentialAction\":[{\"@type\":\"SearchAction\",\"target\":{\"@type\":\"EntryPoint\",\"urlTemplate\":\"http:\/\/the-apers.com\/?s={search_term_string}\"},\"query-input\":\"required name=search_term_string\"}],\"inLanguage\":\"pt-PT\"},{\"@type\":\"ImageObject\",\"@id\":\"https:\/\/the-apers.com\/pt-pt\/#primaryimage\",\"inLanguage\":\"pt-PT\",\"url\":\"https:\/\/the-apers.com\/wp-content\/uploads\/2022\/09\/sex-match.jpeg\",\"contentUrl\":\"https:\/\/the-apers.com\/wp-content\/uploads\/2022\/09\/sex-match.jpeg\",\"width\":1125,\"height\":750},{\"@type\":\"WebPage\",\"@id\":\"https:\/\/the-apers.com\/pt-pt\/#webpage\",\"url\":\"https:\/\/the-apers.com\/pt-pt\/\",\"name\":\"Sites de encontro de adultos e fodam-se - Adult Dating Finder\",\"isPartOf\":{\"@id\":\"http:\/\/the-apers.com\/#website\"},\"primaryImageOfPage\":{\"@id\":\"https:\/\/the-apers.com\/pt-pt\/#primaryimage\"},\"datePublished\":\"2022-09-13T11:01:16+00:00\",\"dateModified\":\"2022-09-13T11:01:16+00:00\",\"breadcrumb\":{\"@id\":\"https:\/\/the-apers.com\/pt-pt\/#breadcrumb\"},\"inLanguage\":\"pt-PT\",\"potentialAction\":[{\"@type\":\"ReadAction\",\"target\":[\"https:\/\/the-apers.com\/pt-pt\/\"]}]},{\"@type\":\"BreadcrumbList\",\"@id\":\"https:\/\/the-apers.com\/pt-pt\/#breadcrumb\",\"itemListElement\":[{\"@type\":\"ListItem\",\"position\":1,\"name\":\"Home\",\"item\":\"http:\/\/the-apers.com\/pt-pt\/\"},{\"@type\":\"ListItem\",\"position\":2,\"name\":\"Sites de encontro de adultos e fodam-se\"}]}]}<\/script>\n<!-- \/ Yoast SEO plugin. -->","yoast_head_json":{"title":"Sites de encontro de adultos e fodam-se - Adult Dating Finder","robots":{"index":"index","follow":"follow","max-snippet":"max-snippet:-1","max-image-preview":"max-image-preview:large","max-video-preview":"max-video-preview:-1"},"canonical":"https:\/\/the-apers.com\/pt-pt\/","og_locale":"pt_PT","og_type":"article","og_title":"Sites de encontro de adultos e fodam-se - Adult Dating Finder","og_description":"Uma das maiores vantagens do namoro online \u00e9 que voc\u00ea pode se conectar com pessoas de todo o mundo. Com&hellip;","og_url":"https:\/\/the-apers.com\/pt-pt\/","og_site_name":"Adult Dating Finder","og_image":[{"width":1125,"height":750,"url":"http:\/\/the-apers.com\/wp-content\/uploads\/2022\/09\/sex-match.jpeg","type":"image\/jpeg"}],"twitter_card":"summary_large_image","twitter_misc":{"Tempo estimado de leitura":"5 minutos"},"schema":{"@context":"https:\/\/schema.org","@graph":[{"@type":"WebSite","@id":"http:\/\/the-apers.com\/#website","url":"http:\/\/the-apers.com\/","name":"Adult Dating Finder","description":"Online Personals","potentialAction":[{"@type":"SearchAction","target":{"@type":"EntryPoint","urlTemplate":"http:\/\/the-apers.com\/?s={search_term_string}"},"query-input":"required name=search_term_string"}],"inLanguage":"pt-PT"},{"@type":"ImageObject","@id":"https:\/\/the-apers.com\/pt-pt\/#primaryimage","inLanguage":"pt-PT","url":"https:\/\/the-apers.com\/wp-content\/uploads\/2022\/09\/sex-match.jpeg","contentUrl":"https:\/\/the-apers.com\/wp-content\/uploads\/2022\/09\/sex-match.jpeg","width":1125,"height":750},{"@type":"WebPage","@id":"https:\/\/the-apers.com\/pt-pt\/#webpage","url":"https:\/\/the-apers.com\/pt-pt\/","name":"Sites de encontro de adultos e fodam-se - Adult Dating Finder","isPartOf":{"@id":"http:\/\/the-apers.com\/#website"},"primaryImageOfPage":{"@id":"https:\/\/the-apers.com\/pt-pt\/#primaryimage"},"datePublished":"2022-09-13T11:01:16+00:00","dateModified":"2022-09-13T11:01:16+00:00","breadcrumb":{"@id":"https:\/\/the-apers.com\/pt-pt\/#breadcrumb"},"inLanguage":"pt-PT","potentialAction":[{"@type":"ReadAction","target":["https:\/\/the-apers.com\/pt-pt\/"]}]},{"@type":"BreadcrumbList","@id":"https:\/\/the-apers.com\/pt-pt\/#breadcrumb","itemListElement":[{"@type":"ListItem","position":1,"name":"Home","item":"http:\/\/the-apers.com\/pt-pt\/"},{"@type":"ListItem","position":2,"name":"Sites de encontro de adultos e fodam-se"}]}]}},"_links":{"self":[{"href":"https:\/\/the-apers.com\/pt-pt\/wp-json\/wp\/v2\/pages\/130"}],"collection":[{"href":"https:\/\/the-apers.com\/pt-pt\/wp-json\/wp\/v2\/pages"}],"about":[{"href":"https:\/\/the-apers.com\/pt-pt\/wp-json\/wp\/v2\/types\/page"}],"author":[{"embeddable":true,"href":"https:\/\/the-apers.com\/pt-pt\/wp-json\/wp\/v2\/users\/1"}],"replies":[{"embeddable":true,"href":"https:\/\/the-apers.com\/pt-pt\/wp-json\/wp\/v2\/comments?post=130"}],"version-history":[{"count":0,"href":"https:\/\/the-apers.com\/pt-pt\/wp-json\/wp\/v2\/pages\/130\/revisions"}],"wp:featuredmedia":[{"embeddable":true,"href":"https:\/\/the-apers.com\/pt-pt\/wp-json\/wp\/v2\/media\/86"}],"wp:attachment":[{"href":"https:\/\/the-apers.com\/pt-pt\/wp-json\/wp\/v2\/media?parent=130"}],"curies":[{"name":"wp","href":"https:\/\/api.w.org\/{rel}","templated":true}]}}