{"id":260,"date":"2022-09-30T11:13:19","date_gmt":"2022-09-30T10:13:19","guid":{"rendered":"http:\/\/the-apers.com\/salas-de-chat-bondage\/"},"modified":"2022-09-30T11:13:19","modified_gmt":"2022-09-30T10:13:19","slug":"salas-de-chat-bondage","status":"publish","type":"page","link":"https:\/\/the-apers.com\/pt-pt\/salas-de-chat-bondage\/","title":{"rendered":"Salas de chat bondage"},"content":{"rendered":"<p>H\u00e1 algo no anonimato de uma sala de chat que realmente faz as pessoas falarem sobre as suas dobradi\u00e7as e fetiches. Para muitas pessoas, as salas de chat de escravid\u00e3o s\u00e3o uma forma de explorar os seus desejos sexuais sem terem de se preocupar com o julgamento de amigos ou familiares.<\/p>\n<p>Estas salas de chat proporcionam um espa\u00e7o <a href=\"http:\/\/the-apers.com\/?page_id=228&amp;preview=true\">para as pessoas falarem sobre os seus interesses<\/a>, partilharem hist\u00f3rias e at\u00e9 se ligarem a pessoas com ideias semelhantes. Quer esteja \u00e0 procura de um pouco de divers\u00e3o online ou se espera conhecer algu\u00e9m pessoalmente, as salas de chat de bondage podem ser uma \u00f3tima maneira de explorar o seu lado sexual.<\/p>\n<p>Namoro com bondage \u00e9 quando as pessoas que est\u00e3o interessadas em escravid\u00e3o e <a href=\"http:\/\/the-apers.com\/bdsm-sites\/\">BDSM se re\u00fanem<\/a> at\u00e9 \u00e0 data. Isto pode envolver ir a clubes e eventos que s\u00e3o especificamente para este tipo de coisas, ou pode simplesmente ser organizar um encontro com algu\u00e9m que partilhe os seus interesses. Pode ser uma \u00f3tima maneira de explorar o seu lado perverso, e descobrir no que as outras pessoas est\u00e3o metidos. Tamb\u00e9m pode ser muito divertido, e uma \u00f3tima maneira de conhecer novas pessoas.<\/p>\n<h2>Liga\u00e7\u00e3o BDSM<\/h2>\n<p>Quando se trata de encontrar o amor, algumas pessoas podem dizer que n\u00e3o h\u00e1 nada como um engate BDSM. Para aqueles que n\u00e3o s\u00e3o familiares, o BDSM \u00e9 um acr\u00f3nimo para a escravid\u00e3o, disciplina, sadismo e masoquismo. E embora n\u00e3o seja a x\u00edcara de ch\u00e1 de todos, n\u00e3o h\u00e1 como negar que pode ser uma \u00f3tima maneira de se conectar com algu\u00e9m a n\u00edvel f\u00edsico e emocional.<\/p>\n<p>Se est\u00e1s a pensar em dar uma oportunidade ao BDSM, h\u00e1 algumas coisas que deves ter em mente. Primeiro, \u00e9 importante encontrar um parceiro que tenha uma mente aberta e esteja disposta a explorar coisas novas. Segundo, a comunica\u00e7\u00e3o \u00e9 fundamental. Tens de ser capaz de comunicar os teus desejos, necessidades e limites com o teu parceiro antes de come\u00e7ares.<\/p>\n<p>E por \u00faltimo, n\u00e3o tenha medo de experimentar. BDSM pode ser uma \u00f3tima maneira de apimentar a sua vida sexual e adicionar um pouco de excita\u00e7\u00e3o \u00e0 sua rela\u00e7\u00e3o. Ent\u00e3o v\u00e1 em frente e explore! Quem sabe, pode encontrar o amor da sua vida.<\/p>\n<h2>Fetish Meet Sites<\/h2>\n<p>Fetish meet sites pode ser uma \u00f3tima maneira de se conectar com outras pessoas que compartilham seus interesses. Eles podem proporcionar um ambiente seguro e acolhedor para voc\u00ea explorar a sua sexualidade e fetiches. No entanto, h\u00e1 algumas coisas a ter em mente ao utilizar estes sites. Primeiro, certifique-se de ler cuidadosamente as regras e regulamentos do site. Isto ir\u00e1 ajud\u00e1-lo a evitar ser banido ou removido do site. Segundo, respeite os outros membros. Isto inclui n\u00e3o publicar informa\u00e7\u00f5es pessoais ou assediar outros membros. Finalmente, lembre-se de se divertir e estar a salvo!<\/p>\n<h3>Xmeets<\/h3>\n<p>Se gosta de escravid\u00e3o e sexo mais exc\u00eantrico, ent\u00e3o xmeets \u00e9 o aplicativo de encontros para si! Com o foco em conectar pessoas que est\u00e3o em BDSM e outras dobras, Xmeets \u00e9 uma \u00f3tima op\u00e7\u00e3o para quem procura explorar o seu lado exc\u00eantrico. A aplica\u00e7\u00e3o \u00e9 f\u00e1cil de usar e tem uma tonelada de funcionalidades, tornando-a uma \u00f3tima op\u00e7\u00e3o para quem procura experimentar com bondage e sexo mais exc\u00eantrico.<\/p>\n<h3>Datehookup<\/h3>\n<p>Datehookup \u00e9 uma aplica\u00e7\u00e3o de encontros que permite aos utilizadores conectarem-se com potenciais partidas nas proximidades. A aplica\u00e7\u00e3o tamb\u00e9m inclui uma funcionalidade chamada &#8220;Bondage Chatrooms&#8221; que permite aos utilizadores conectarem-se com outros que partilham o seu interesse em jogos de escravid\u00e3o e fetiches. As salas de chat s\u00e3o uma \u00f3tima maneira de se conectar com pessoas com ideias semelhantes, e a aplica\u00e7\u00e3o tamb\u00e9m inclui funcionalidades como mensagens privadas e chat de v\u00eddeo. No geral, a aplica\u00e7\u00e3o \u00e9 uma \u00f3tima maneira de se conectar com potenciais partidas e explorar os seus percal\u00e7os e fetiches de forma segura e consensual.<\/p>\n<h3>Abund\u00e2ncia de peixes<\/h3>\n<p>Se voc\u00ea est\u00e1 procurando por uma sala de chat bondage, Plenty of Fish \u00e9 uma \u00f3tima op\u00e7\u00e3o. A aplica\u00e7\u00e3o de encontros oferece uma grande variedade de funcionalidades e \u00e9 muito f\u00e1cil de usar. Voc\u00ea pode pesquisar por membros por localiza\u00e7\u00e3o, idade e interesses, e a aplica\u00e7\u00e3o ir\u00e1 at\u00e9 sugerir f\u00f3sforos para voc\u00ea. A \u00fanica desvantagem \u00e9 que n\u00e3o h\u00e1 salas de chat espec\u00edficas, por isso ter\u00e1s de as procurar nas salas de chat gerais.<\/p>\n","protected":false},"excerpt":{"rendered":"<p>H\u00e1 algo no anonimato de uma sala de chat que realmente faz as pessoas falarem sobre as suas dobradi\u00e7as e&hellip;<\/p>\n","protected":false},"author":1,"featured_media":0,"parent":0,"menu_order":0,"comment_status":"closed","ping_status":"closed","template":"","meta":[],"yoast_head":"<!-- This site is optimized with the Yoast SEO plugin v17.7.1 - https:\/\/yoast.com\/wordpress\/plugins\/seo\/ -->\n<title>Salas de chat bondage - Adult Dating Finder<\/title>\n<meta name=\"robots\" content=\"index, follow, max-snippet:-1, max-image-preview:large, max-video-preview:-1\" \/>\n<link rel=\"canonical\" href=\"https:\/\/the-apers.com\/pt-pt\/salas-de-chat-bondage\/\" \/>\n<meta property=\"og:locale\" content=\"pt_PT\" \/>\n<meta property=\"og:type\" content=\"article\" \/>\n<meta property=\"og:title\" content=\"Salas de chat bondage - Adult Dating Finder\" \/>\n<meta property=\"og:description\" content=\"H\u00e1 algo no anonimato de uma sala de chat que realmente faz as pessoas falarem sobre as suas dobradi\u00e7as e&hellip;\" \/>\n<meta property=\"og:url\" content=\"https:\/\/the-apers.com\/pt-pt\/salas-de-chat-bondage\/\" \/>\n<meta property=\"og:site_name\" content=\"Adult Dating Finder\" \/>\n<meta name=\"twitter:card\" content=\"summary_large_image\" \/>\n<meta name=\"twitter:label1\" content=\"Tempo estimado de leitura\" \/>\n\t<meta name=\"twitter:data1\" content=\"4 minutos\" \/>\n<script type=\"application\/ld+json\" class=\"yoast-schema-graph\">{\"@context\":\"https:\/\/schema.org\",\"@graph\":[{\"@type\":\"WebSite\",\"@id\":\"https:\/\/the-apers.com\/#website\",\"url\":\"https:\/\/the-apers.com\/\",\"name\":\"Adult Dating Finder\",\"description\":\"Online Personals\",\"potentialAction\":[{\"@type\":\"SearchAction\",\"target\":{\"@type\":\"EntryPoint\",\"urlTemplate\":\"https:\/\/the-apers.com\/?s={search_term_string}\"},\"query-input\":\"required name=search_term_string\"}],\"inLanguage\":\"pt-PT\"},{\"@type\":\"WebPage\",\"@id\":\"https:\/\/the-apers.com\/pt-pt\/salas-de-chat-bondage\/#webpage\",\"url\":\"https:\/\/the-apers.com\/pt-pt\/salas-de-chat-bondage\/\",\"name\":\"Salas de chat bondage - Adult Dating Finder\",\"isPartOf\":{\"@id\":\"https:\/\/the-apers.com\/#website\"},\"datePublished\":\"2022-09-30T10:13:19+00:00\",\"dateModified\":\"2022-09-30T10:13:19+00:00\",\"breadcrumb\":{\"@id\":\"https:\/\/the-apers.com\/pt-pt\/salas-de-chat-bondage\/#breadcrumb\"},\"inLanguage\":\"pt-PT\",\"potentialAction\":[{\"@type\":\"ReadAction\",\"target\":[\"https:\/\/the-apers.com\/pt-pt\/salas-de-chat-bondage\/\"]}]},{\"@type\":\"BreadcrumbList\",\"@id\":\"https:\/\/the-apers.com\/pt-pt\/salas-de-chat-bondage\/#breadcrumb\",\"itemListElement\":[{\"@type\":\"ListItem\",\"position\":1,\"name\":\"Home\",\"item\":\"https:\/\/the-apers.com\/pt-pt\/\"},{\"@type\":\"ListItem\",\"position\":2,\"name\":\"Salas de chat bondage\"}]}]}<\/script>\n<!-- \/ Yoast SEO plugin. -->","yoast_head_json":{"title":"Salas de chat bondage - Adult Dating Finder","robots":{"index":"index","follow":"follow","max-snippet":"max-snippet:-1","max-image-preview":"max-image-preview:large","max-video-preview":"max-video-preview:-1"},"canonical":"https:\/\/the-apers.com\/pt-pt\/salas-de-chat-bondage\/","og_locale":"pt_PT","og_type":"article","og_title":"Salas de chat bondage - Adult Dating Finder","og_description":"H\u00e1 algo no anonimato de uma sala de chat que realmente faz as pessoas falarem sobre as suas dobradi\u00e7as e&hellip;","og_url":"https:\/\/the-apers.com\/pt-pt\/salas-de-chat-bondage\/","og_site_name":"Adult Dating Finder","twitter_card":"summary_large_image","twitter_misc":{"Tempo estimado de leitura":"4 minutos"},"schema":{"@context":"https:\/\/schema.org","@graph":[{"@type":"WebSite","@id":"https:\/\/the-apers.com\/#website","url":"https:\/\/the-apers.com\/","name":"Adult Dating Finder","description":"Online Personals","potentialAction":[{"@type":"SearchAction","target":{"@type":"EntryPoint","urlTemplate":"https:\/\/the-apers.com\/?s={search_term_string}"},"query-input":"required name=search_term_string"}],"inLanguage":"pt-PT"},{"@type":"WebPage","@id":"https:\/\/the-apers.com\/pt-pt\/salas-de-chat-bondage\/#webpage","url":"https:\/\/the-apers.com\/pt-pt\/salas-de-chat-bondage\/","name":"Salas de chat bondage - Adult Dating Finder","isPartOf":{"@id":"https:\/\/the-apers.com\/#website"},"datePublished":"2022-09-30T10:13:19+00:00","dateModified":"2022-09-30T10:13:19+00:00","breadcrumb":{"@id":"https:\/\/the-apers.com\/pt-pt\/salas-de-chat-bondage\/#breadcrumb"},"inLanguage":"pt-PT","potentialAction":[{"@type":"ReadAction","target":["https:\/\/the-apers.com\/pt-pt\/salas-de-chat-bondage\/"]}]},{"@type":"BreadcrumbList","@id":"https:\/\/the-apers.com\/pt-pt\/salas-de-chat-bondage\/#breadcrumb","itemListElement":[{"@type":"ListItem","position":1,"name":"Home","item":"https:\/\/the-apers.com\/pt-pt\/"},{"@type":"ListItem","position":2,"name":"Salas de chat bondage"}]}]}},"_links":{"self":[{"href":"https:\/\/the-apers.com\/pt-pt\/wp-json\/wp\/v2\/pages\/260"}],"collection":[{"href":"https:\/\/the-apers.com\/pt-pt\/wp-json\/wp\/v2\/pages"}],"about":[{"href":"https:\/\/the-apers.com\/pt-pt\/wp-json\/wp\/v2\/types\/page"}],"author":[{"embeddable":true,"href":"https:\/\/the-apers.com\/pt-pt\/wp-json\/wp\/v2\/users\/1"}],"replies":[{"embeddable":true,"href":"https:\/\/the-apers.com\/pt-pt\/wp-json\/wp\/v2\/comments?post=260"}],"version-history":[{"count":0,"href":"https:\/\/the-apers.com\/pt-pt\/wp-json\/wp\/v2\/pages\/260\/revisions"}],"wp:attachment":[{"href":"https:\/\/the-apers.com\/pt-pt\/wp-json\/wp\/v2\/media?parent=260"}],"curies":[{"name":"wp","href":"https:\/\/api.w.org\/{rel}","templated":true}]}}