{"id":270,"date":"2022-09-30T11:14:58","date_gmt":"2022-09-30T10:14:58","guid":{"rendered":"http:\/\/the-apers.com\/salas-de-chat-milf\/"},"modified":"2022-09-30T11:14:58","modified_gmt":"2022-09-30T10:14:58","slug":"salas-de-chat-milf","status":"publish","type":"page","link":"https:\/\/the-apers.com\/pt-pt\/salas-de-chat-milf\/","title":{"rendered":"Salas de Chat milf"},"content":{"rendered":"<p>H\u00e1 algo incrivelmente sedutor sobre milfs, e muitos caras os acham irresist\u00edveis. Felizmente, h\u00e1 muitas salas de chat milf onde voc\u00ea pode conversar com estas lindas mulheres e talvez at\u00e9 mesmo organizar um encontro em pessoa. Certifique-se de ser respeitoso e charmoso, e n\u00e3o ter\u00e1 certeza de marcar um encontro com um MILF num instante.<\/p>\n<h2>Chat Milf Gr\u00e1tis<\/h2>\n<p>\u00c0 procura de um MILF quente para <a href=\"http:\/\/the-apers.com\/?page_id=228&amp;preview=true\">conversar online<\/a>? N\u00e3o procure mais do que o Free MILF Chat. Este site oferece um servi\u00e7o de chat gratuito para MILFs e caras que os amam. Basta inscrever-se para uma conta e come\u00e7ar a conversar com MILFs excitados na sua \u00e1rea. Quer esteja \u00e0 procura de divers\u00e3o ou de uma rela\u00e7\u00e3o s\u00e9ria, o Free MILF Chat \u00e9 o lugar perfeito para come\u00e7ar. N\u00e3o h\u00e1 necessidade de ser t\u00edmido quando se fala com milfs. Pode surpreender-se com a facilidade em relacionar-se com eles e com o quanto tem em comum. S\u00ea tu mesmo e n\u00e3o tenhas medo de come\u00e7ar uma conversa. Quem sabe, pode encontrar o amor da sua vida.<\/p>\n<h2>Falar com Milfs<\/h2>\n<p>Gosto muito de falar com milfs. S\u00e3o tipicamente muito confiantes e sabem o que querem. Acho que tamb\u00e9m t\u00eam uma mente muito aberta e est\u00e3o dispostas a experimentar coisas novas. Isto faz com que haja uma grande experi\u00eancia de namoro, uma vez que n\u00e3o t\u00eam medo de correr riscos. Tamb\u00e9m acho que os milfs s\u00e3o muito sexy e geralmente s\u00e3o muito bons na cama. S\u00e3o tipicamente muito experientes e sabem agradar a um homem. No geral, gosto muito de namorar milfs e recomendo-o a qualquer tipo que queira divertir-se.<\/p>\n<h3>Fabswingers<\/h3>\n<p>Esta aplica\u00e7\u00e3o de encontros \u00e9 perfeita para se conectar com mulheres mais velhas que procuram um bom momento. A aplica\u00e7\u00e3o \u00e9 f\u00e1cil de usar e tem uma tonelada de funcionalidades que a tornam perfeita para encontrar um milf para conversar. Pode procurar mulheres por idade, localiza\u00e7\u00e3o, interesses e muito mais. Al\u00e9m disso, pode at\u00e9 enviar mensagens e fotos a mulheres que lhe interessam. Ent\u00e3o, se voc\u00ea est\u00e1 procurando por uma sala de chat, FabSwingers \u00e9 o lugar perfeito para come\u00e7ar a sua pesquisa.<\/p>\n<h3>Fling.com<\/h3>\n<p>Fling.com \u00e9 uma aplica\u00e7\u00e3o de encontros com uma diferen\u00e7a; \u00e9 especificamente projetado para pessoas que procuram ter flings casuais sem compromissos. A aplica\u00e7\u00e3o \u00e9 muito f\u00e1cil de usar e tem uma interface simples. Tamb\u00e9m tem uma grande base de utilizadores, o que significa que h\u00e1 sempre pessoas online para conversar. A aplica\u00e7\u00e3o \u00e9 gratuita, mas existem algumas funcionalidades que s\u00f3 est\u00e3o dispon\u00edveis para os membros pagadores. No geral, a aplica\u00e7\u00e3o \u00e9 uma \u00f3tima op\u00e7\u00e3o para pessoas que procuram casos casuais.<\/p>\n<h3>Apenas AsSa<\/h3>\n<p>Se voc\u00ea est\u00e1 procurando por uma sala de chat milf, voc\u00ea vai querer ver a aplica\u00e7\u00e3o de encontros OnlyFlings. \u00c9 um \u00f3timo aplicativo para conhecer mulheres mais velhas e conversar com elas. A aplica\u00e7\u00e3o \u00e9 f\u00e1cil de usar e tem muitas funcionalidades que a tornam uma \u00f3tima escolha para salas de chat milf. Pode procurar por mulheres por localiza\u00e7\u00e3o, idade, interesses e muito mais. Tamb\u00e9m pode enviar mensagens e conversar com elas em tempo real. OnlyFlings \u00e9 uma \u00f3tima escolha para salas de chat milf e certamente vai ajud\u00e1-lo a conhecer mulheres mais velhas que lhe interessam.<\/p>\n","protected":false},"excerpt":{"rendered":"<p>H\u00e1 algo incrivelmente sedutor sobre milfs, e muitos caras os acham irresist\u00edveis. Felizmente, h\u00e1 muitas salas de chat milf onde&hellip;<\/p>\n","protected":false},"author":1,"featured_media":0,"parent":0,"menu_order":0,"comment_status":"closed","ping_status":"closed","template":"","meta":[],"yoast_head":"<!-- This site is optimized with the Yoast SEO plugin v17.7.1 - https:\/\/yoast.com\/wordpress\/plugins\/seo\/ -->\n<title>Salas de Chat milf - Adult Dating Finder<\/title>\n<meta name=\"robots\" content=\"index, follow, max-snippet:-1, max-image-preview:large, max-video-preview:-1\" \/>\n<link rel=\"canonical\" href=\"https:\/\/the-apers.com\/pt-pt\/salas-de-chat-milf\/\" \/>\n<meta property=\"og:locale\" content=\"pt_PT\" \/>\n<meta property=\"og:type\" content=\"article\" \/>\n<meta property=\"og:title\" content=\"Salas de Chat milf - Adult Dating Finder\" \/>\n<meta property=\"og:description\" content=\"H\u00e1 algo incrivelmente sedutor sobre milfs, e muitos caras os acham irresist\u00edveis. Felizmente, h\u00e1 muitas salas de chat milf onde&hellip;\" \/>\n<meta property=\"og:url\" content=\"https:\/\/the-apers.com\/pt-pt\/salas-de-chat-milf\/\" \/>\n<meta property=\"og:site_name\" content=\"Adult Dating Finder\" \/>\n<meta name=\"twitter:card\" content=\"summary_large_image\" \/>\n<meta name=\"twitter:label1\" content=\"Tempo estimado de leitura\" \/>\n\t<meta name=\"twitter:data1\" content=\"3 minutos\" \/>\n<script type=\"application\/ld+json\" class=\"yoast-schema-graph\">{\"@context\":\"https:\/\/schema.org\",\"@graph\":[{\"@type\":\"WebSite\",\"@id\":\"https:\/\/the-apers.com\/#website\",\"url\":\"https:\/\/the-apers.com\/\",\"name\":\"Adult Dating Finder\",\"description\":\"Online Personals\",\"potentialAction\":[{\"@type\":\"SearchAction\",\"target\":{\"@type\":\"EntryPoint\",\"urlTemplate\":\"https:\/\/the-apers.com\/?s={search_term_string}\"},\"query-input\":\"required name=search_term_string\"}],\"inLanguage\":\"pt-PT\"},{\"@type\":\"WebPage\",\"@id\":\"https:\/\/the-apers.com\/pt-pt\/salas-de-chat-milf\/#webpage\",\"url\":\"https:\/\/the-apers.com\/pt-pt\/salas-de-chat-milf\/\",\"name\":\"Salas de Chat milf - Adult Dating Finder\",\"isPartOf\":{\"@id\":\"https:\/\/the-apers.com\/#website\"},\"datePublished\":\"2022-09-30T10:14:58+00:00\",\"dateModified\":\"2022-09-30T10:14:58+00:00\",\"breadcrumb\":{\"@id\":\"https:\/\/the-apers.com\/pt-pt\/salas-de-chat-milf\/#breadcrumb\"},\"inLanguage\":\"pt-PT\",\"potentialAction\":[{\"@type\":\"ReadAction\",\"target\":[\"https:\/\/the-apers.com\/pt-pt\/salas-de-chat-milf\/\"]}]},{\"@type\":\"BreadcrumbList\",\"@id\":\"https:\/\/the-apers.com\/pt-pt\/salas-de-chat-milf\/#breadcrumb\",\"itemListElement\":[{\"@type\":\"ListItem\",\"position\":1,\"name\":\"Home\",\"item\":\"http:\/\/the-apers.com\/pt-pt\/\"},{\"@type\":\"ListItem\",\"position\":2,\"name\":\"Salas de Chat milf\"}]}]}<\/script>\n<!-- \/ Yoast SEO plugin. -->","yoast_head_json":{"title":"Salas de Chat milf - Adult Dating Finder","robots":{"index":"index","follow":"follow","max-snippet":"max-snippet:-1","max-image-preview":"max-image-preview:large","max-video-preview":"max-video-preview:-1"},"canonical":"https:\/\/the-apers.com\/pt-pt\/salas-de-chat-milf\/","og_locale":"pt_PT","og_type":"article","og_title":"Salas de Chat milf - Adult Dating Finder","og_description":"H\u00e1 algo incrivelmente sedutor sobre milfs, e muitos caras os acham irresist\u00edveis. Felizmente, h\u00e1 muitas salas de chat milf onde&hellip;","og_url":"https:\/\/the-apers.com\/pt-pt\/salas-de-chat-milf\/","og_site_name":"Adult Dating Finder","twitter_card":"summary_large_image","twitter_misc":{"Tempo estimado de leitura":"3 minutos"},"schema":{"@context":"https:\/\/schema.org","@graph":[{"@type":"WebSite","@id":"https:\/\/the-apers.com\/#website","url":"https:\/\/the-apers.com\/","name":"Adult Dating Finder","description":"Online Personals","potentialAction":[{"@type":"SearchAction","target":{"@type":"EntryPoint","urlTemplate":"https:\/\/the-apers.com\/?s={search_term_string}"},"query-input":"required name=search_term_string"}],"inLanguage":"pt-PT"},{"@type":"WebPage","@id":"https:\/\/the-apers.com\/pt-pt\/salas-de-chat-milf\/#webpage","url":"https:\/\/the-apers.com\/pt-pt\/salas-de-chat-milf\/","name":"Salas de Chat milf - Adult Dating Finder","isPartOf":{"@id":"https:\/\/the-apers.com\/#website"},"datePublished":"2022-09-30T10:14:58+00:00","dateModified":"2022-09-30T10:14:58+00:00","breadcrumb":{"@id":"https:\/\/the-apers.com\/pt-pt\/salas-de-chat-milf\/#breadcrumb"},"inLanguage":"pt-PT","potentialAction":[{"@type":"ReadAction","target":["https:\/\/the-apers.com\/pt-pt\/salas-de-chat-milf\/"]}]},{"@type":"BreadcrumbList","@id":"https:\/\/the-apers.com\/pt-pt\/salas-de-chat-milf\/#breadcrumb","itemListElement":[{"@type":"ListItem","position":1,"name":"Home","item":"http:\/\/the-apers.com\/pt-pt\/"},{"@type":"ListItem","position":2,"name":"Salas de Chat milf"}]}]}},"_links":{"self":[{"href":"https:\/\/the-apers.com\/pt-pt\/wp-json\/wp\/v2\/pages\/270"}],"collection":[{"href":"https:\/\/the-apers.com\/pt-pt\/wp-json\/wp\/v2\/pages"}],"about":[{"href":"https:\/\/the-apers.com\/pt-pt\/wp-json\/wp\/v2\/types\/page"}],"author":[{"embeddable":true,"href":"https:\/\/the-apers.com\/pt-pt\/wp-json\/wp\/v2\/users\/1"}],"replies":[{"embeddable":true,"href":"https:\/\/the-apers.com\/pt-pt\/wp-json\/wp\/v2\/comments?post=270"}],"version-history":[{"count":0,"href":"https:\/\/the-apers.com\/pt-pt\/wp-json\/wp\/v2\/pages\/270\/revisions"}],"wp:attachment":[{"href":"https:\/\/the-apers.com\/pt-pt\/wp-json\/wp\/v2\/media?parent=270"}],"curies":[{"name":"wp","href":"https:\/\/api.w.org\/{rel}","templated":true}]}}