{"id":272,"date":"2022-09-30T11:15:23","date_gmt":"2022-09-30T10:15:23","guid":{"rendered":"http:\/\/the-apers.com\/locais-de-swinger-locais\/"},"modified":"2022-09-30T11:15:23","modified_gmt":"2022-09-30T10:15:23","slug":"locais-de-swinger-locais","status":"publish","type":"page","link":"https:\/\/the-apers.com\/pt-pt\/locais-de-swinger-locais\/","title":{"rendered":"Locais de swinger locais"},"content":{"rendered":"<p>H\u00e1 alguns sites de swinger locais que s\u00e3o populares na <a href=\"http:\/\/the-apers.com\/bondage-chatrooms\/\">comunidade de encontros<\/a>. Eles s\u00e3o uma \u00f3tima maneira de conhecer outros casais ou solteiros na sua \u00e1rea que est\u00e3o interessados em explorar a sua sexualidade. Estes sites geralmente t\u00eam uma variedade de funcionalidades que lhe permitem pesquisar jogos, conversar com os membros e at\u00e9 mesmo ver perfis. Algumas das funcionalidades mais populares incluem chats de v\u00eddeo, mensagens instant\u00e2neas e f\u00f3runs de membros.<\/p>\n<h2>Swinger Sites<\/h2>\n<p>Existem muitos sites swinger dispon\u00edveis on-line que atendem a pessoas que est\u00e3o interessadas neste tipo de namoro. Estes sites normalmente permitem que os membros criem perfis e naveguem atrav\u00e9s dos perfis de outros membros, a fim de encontrar potenciais correspond\u00eancias. Alguns sites tamb\u00e9m oferecem salas de chat e f\u00f3runs onde os membros podem interagir uns com os outros. Os sites swinger podem ser uma \u00f3tima maneira de conhecer novas pessoas e explorar a sua sexualidade num ambiente seguro e confort\u00e1vel.<\/p>\n<p>Quando se trata de encontrar o amor, os swingers podem ser uma \u00f3tima maneira de ir. Podes conhecer muitas pessoas diferentes numa noite e conhec\u00ea-las melhor. Isto pode ajud\u00e1-lo a encontrar a pessoa certa para si e come\u00e7ar uma rela\u00e7\u00e3o.<\/p>\n<h2>Local Swinger Site<\/h2>\n<p>Se procura um swinger local, veio ao lugar certo. Temos tudo o que precisa para encontrar swingers na sua \u00e1rea, incluindo um diret\u00f3rio abrangente de clubes swingers e eventos. Tamb\u00e9m oferecemos uma ampla gama de recursos para swingers, incluindo um f\u00f3rum, um blog e uma coluna de conselhos. E se est\u00e1s \u00e0 procura de algo um pouco mais mau, n\u00f3s tamb\u00e9m temos isso coberto. Ent\u00e3o, do que est\u00e1 \u00e0 espera? Entra e come\u00e7a a balan\u00e7ar!<\/p>\n<h3>SwingLifestyle<\/h3>\n<p>Se procura um site de swinger local, o SwingLifestyle \u00e9 uma \u00f3tima op\u00e7\u00e3o. A aplica\u00e7\u00e3o \u00e9 f\u00e1cil de usar e tem muitas funcionalidades para o ajudar a conectar-se com outros swingers da sua \u00e1rea. A fun\u00e7\u00e3o de pesquisa \u00e9 especialmente \u00fatil, e tamb\u00e9m pode ver perfis de outros utilizadores na sua \u00e1rea. A aplica\u00e7\u00e3o tamb\u00e9m inclui um f\u00f3rum, para que possa conectar-se com outros utilizadores e fazer perguntas ou obter conselhos. No geral, o SwingLifestyle \u00e9 uma \u00f3tima op\u00e7\u00e3o para os swingers locais.<\/p>\n<h3>Fabswingers<\/h3>\n<p>Se est\u00e1 interessado em encontrar um site de swinger local, ent\u00e3o definitivamente vai querer ver FabSwingers. Este site \u00e9 um dos mais populares e respeitados na ind\u00fastria, e por uma boa raz\u00e3o. O site tem uma tonelada de funcionalidades e op\u00e7\u00f5es que facilitam a procura e a liga\u00e7\u00e3o com potenciais jogos, e o site tamb\u00e9m oferece uma grande quantidade de suporte e recursos para os seus membros. Al\u00e9m disso, o site \u00e9 muito f\u00e1cil de navegar, o que \u00e9 definitivamente uma vantagem. No geral, a FabSwingers \u00e9 uma \u00f3tima op\u00e7\u00e3o para qualquer pessoa interessada em encontrar um site de swinger local, e recomendamos vivamente.<\/p>\n<h3>Badoo<\/h3>\n<p>Badoo \u00e9 uma aplica\u00e7\u00e3o de encontros que permite conhecer novas pessoas na sua \u00e1rea. No entanto, muitos utilizadores t\u00eam-se queixado da aplica\u00e7\u00e3o, dizendo que est\u00e1 cheia de perfis falsos e n\u00e3o \u00e9 uma boa forma de cumprir potenciais datas. Al\u00e9m disso, a aplica\u00e7\u00e3o n\u00e3o \u00e9 muito f\u00e1cil de utilizar e pode ser dif\u00edcil de navegar. No geral, n\u00e3o recomendamos a utiliza\u00e7\u00e3o de Badoo se estiver \u00e0 procura de um site de swinger local. H\u00e1 op\u00e7\u00f5es melhores e mais fi\u00e1veis l\u00e1 fora.<\/p>\n","protected":false},"excerpt":{"rendered":"<p>H\u00e1 alguns sites de swinger locais que s\u00e3o populares na comunidade de encontros. Eles s\u00e3o uma \u00f3tima maneira de conhecer&hellip;<\/p>\n","protected":false},"author":1,"featured_media":0,"parent":0,"menu_order":0,"comment_status":"closed","ping_status":"closed","template":"","meta":[],"yoast_head":"<!-- This site is optimized with the Yoast SEO plugin v17.7.1 - https:\/\/yoast.com\/wordpress\/plugins\/seo\/ -->\n<title>Locais de swinger locais - Adult Dating Finder<\/title>\n<meta name=\"robots\" content=\"index, follow, max-snippet:-1, max-image-preview:large, max-video-preview:-1\" \/>\n<link rel=\"canonical\" href=\"https:\/\/the-apers.com\/pt-pt\/locais-de-swinger-locais\/\" \/>\n<meta property=\"og:locale\" content=\"pt_PT\" \/>\n<meta property=\"og:type\" content=\"article\" \/>\n<meta property=\"og:title\" content=\"Locais de swinger locais - Adult Dating Finder\" \/>\n<meta property=\"og:description\" content=\"H\u00e1 alguns sites de swinger locais que s\u00e3o populares na comunidade de encontros. Eles s\u00e3o uma \u00f3tima maneira de conhecer&hellip;\" \/>\n<meta property=\"og:url\" content=\"https:\/\/the-apers.com\/pt-pt\/locais-de-swinger-locais\/\" \/>\n<meta property=\"og:site_name\" content=\"Adult Dating Finder\" \/>\n<meta name=\"twitter:card\" content=\"summary_large_image\" \/>\n<meta name=\"twitter:label1\" content=\"Tempo estimado de leitura\" \/>\n\t<meta name=\"twitter:data1\" content=\"3 minutos\" \/>\n<script type=\"application\/ld+json\" class=\"yoast-schema-graph\">{\"@context\":\"https:\/\/schema.org\",\"@graph\":[{\"@type\":\"WebSite\",\"@id\":\"https:\/\/the-apers.com\/#website\",\"url\":\"https:\/\/the-apers.com\/\",\"name\":\"Adult Dating Finder\",\"description\":\"Online Personals\",\"potentialAction\":[{\"@type\":\"SearchAction\",\"target\":{\"@type\":\"EntryPoint\",\"urlTemplate\":\"https:\/\/the-apers.com\/?s={search_term_string}\"},\"query-input\":\"required name=search_term_string\"}],\"inLanguage\":\"pt-PT\"},{\"@type\":\"WebPage\",\"@id\":\"https:\/\/the-apers.com\/pt-pt\/locais-de-swinger-locais\/#webpage\",\"url\":\"https:\/\/the-apers.com\/pt-pt\/locais-de-swinger-locais\/\",\"name\":\"Locais de swinger locais - Adult Dating Finder\",\"isPartOf\":{\"@id\":\"https:\/\/the-apers.com\/#website\"},\"datePublished\":\"2022-09-30T10:15:23+00:00\",\"dateModified\":\"2022-09-30T10:15:23+00:00\",\"breadcrumb\":{\"@id\":\"https:\/\/the-apers.com\/pt-pt\/locais-de-swinger-locais\/#breadcrumb\"},\"inLanguage\":\"pt-PT\",\"potentialAction\":[{\"@type\":\"ReadAction\",\"target\":[\"https:\/\/the-apers.com\/pt-pt\/locais-de-swinger-locais\/\"]}]},{\"@type\":\"BreadcrumbList\",\"@id\":\"https:\/\/the-apers.com\/pt-pt\/locais-de-swinger-locais\/#breadcrumb\",\"itemListElement\":[{\"@type\":\"ListItem\",\"position\":1,\"name\":\"Home\",\"item\":\"http:\/\/the-apers.com\/pt-pt\/\"},{\"@type\":\"ListItem\",\"position\":2,\"name\":\"Locais de swinger locais\"}]}]}<\/script>\n<!-- \/ Yoast SEO plugin. -->","yoast_head_json":{"title":"Locais de swinger locais - Adult Dating Finder","robots":{"index":"index","follow":"follow","max-snippet":"max-snippet:-1","max-image-preview":"max-image-preview:large","max-video-preview":"max-video-preview:-1"},"canonical":"https:\/\/the-apers.com\/pt-pt\/locais-de-swinger-locais\/","og_locale":"pt_PT","og_type":"article","og_title":"Locais de swinger locais - Adult Dating Finder","og_description":"H\u00e1 alguns sites de swinger locais que s\u00e3o populares na comunidade de encontros. Eles s\u00e3o uma \u00f3tima maneira de conhecer&hellip;","og_url":"https:\/\/the-apers.com\/pt-pt\/locais-de-swinger-locais\/","og_site_name":"Adult Dating Finder","twitter_card":"summary_large_image","twitter_misc":{"Tempo estimado de leitura":"3 minutos"},"schema":{"@context":"https:\/\/schema.org","@graph":[{"@type":"WebSite","@id":"https:\/\/the-apers.com\/#website","url":"https:\/\/the-apers.com\/","name":"Adult Dating Finder","description":"Online Personals","potentialAction":[{"@type":"SearchAction","target":{"@type":"EntryPoint","urlTemplate":"https:\/\/the-apers.com\/?s={search_term_string}"},"query-input":"required name=search_term_string"}],"inLanguage":"pt-PT"},{"@type":"WebPage","@id":"https:\/\/the-apers.com\/pt-pt\/locais-de-swinger-locais\/#webpage","url":"https:\/\/the-apers.com\/pt-pt\/locais-de-swinger-locais\/","name":"Locais de swinger locais - Adult Dating Finder","isPartOf":{"@id":"https:\/\/the-apers.com\/#website"},"datePublished":"2022-09-30T10:15:23+00:00","dateModified":"2022-09-30T10:15:23+00:00","breadcrumb":{"@id":"https:\/\/the-apers.com\/pt-pt\/locais-de-swinger-locais\/#breadcrumb"},"inLanguage":"pt-PT","potentialAction":[{"@type":"ReadAction","target":["https:\/\/the-apers.com\/pt-pt\/locais-de-swinger-locais\/"]}]},{"@type":"BreadcrumbList","@id":"https:\/\/the-apers.com\/pt-pt\/locais-de-swinger-locais\/#breadcrumb","itemListElement":[{"@type":"ListItem","position":1,"name":"Home","item":"http:\/\/the-apers.com\/pt-pt\/"},{"@type":"ListItem","position":2,"name":"Locais de swinger locais"}]}]}},"_links":{"self":[{"href":"https:\/\/the-apers.com\/pt-pt\/wp-json\/wp\/v2\/pages\/272"}],"collection":[{"href":"https:\/\/the-apers.com\/pt-pt\/wp-json\/wp\/v2\/pages"}],"about":[{"href":"https:\/\/the-apers.com\/pt-pt\/wp-json\/wp\/v2\/types\/page"}],"author":[{"embeddable":true,"href":"https:\/\/the-apers.com\/pt-pt\/wp-json\/wp\/v2\/users\/1"}],"replies":[{"embeddable":true,"href":"https:\/\/the-apers.com\/pt-pt\/wp-json\/wp\/v2\/comments?post=272"}],"version-history":[{"count":0,"href":"https:\/\/the-apers.com\/pt-pt\/wp-json\/wp\/v2\/pages\/272\/revisions"}],"wp:attachment":[{"href":"https:\/\/the-apers.com\/pt-pt\/wp-json\/wp\/v2\/media?parent=272"}],"curies":[{"name":"wp","href":"https:\/\/api.w.org\/{rel}","templated":true}]}}