{"id":277,"date":"2022-09-30T11:12:38","date_gmt":"2022-09-30T10:12:38","guid":{"rendered":"http:\/\/the-apers.com\/bdsm-sites\/"},"modified":"2022-09-30T11:12:38","modified_gmt":"2022-09-30T10:12:38","slug":"bdsm-sites","status":"publish","type":"page","link":"https:\/\/the-apers.com\/pt-pt\/bdsm-sites\/","title":{"rendered":"BDSM Sites"},"content":{"rendered":"<p>H\u00e1 uma s\u00e9rie de sites que atendem a pessoas interessadas em BDSM. Estes sites podem ser uma \u00f3tima maneira de se conectar com pessoas com ideias semelhantes que est\u00e3o interessadas em explorar este tipo de atividade sexual. Alguns destes sites tamb\u00e9m t\u00eam f\u00f3runs e salas de chat onde voc\u00ea pode conversar com outros membros e aprender mais sobre BDSM. Se voc\u00ea est\u00e1 interessado em explorar este tipo de atividade sexual, estes sites podem ser um \u00f3timo lugar para come\u00e7ar.<\/p>\n<h2>Melhor descobridor de encontros BDSM<\/h2>\n<p>N\u00e3o h\u00e1 como negar que namorar com a BDSM pode ser bastante assustador, especialmente se fores novo no local. No entanto, com a ajuda de um descobridor de encontros BDSM, voc\u00ea pode facilmente encontrar pessoas com ideias semelhantes que est\u00e3o nas mesmas dobras e fetiches que voc\u00ea \u00e9. Um descobridor de encontros BDSM \u00e9 essencialmente um motor de pesquisa que o ajuda a encontrar outros <a href=\"http:\/\/the-apers.com\/bondage-chatrooms\/\">entusiastas de BDSM perto de si<\/a>. Tudo o que precisa fazer \u00e9 inserir a sua localiza\u00e7\u00e3o e prefer\u00eancias, e o localizador far\u00e1 o resto. Isto n\u00e3o s\u00f3 torna mais f\u00e1cil encontrar potenciais parceiros, como tamb\u00e9m significa que podes ter a certeza que eles est\u00e3o nas mesmas coisas que tu. Chega de conversas embara\u00e7osas ou desilus\u00f5es!<\/p>\n<p>H\u00e1 muitas pessoas exc\u00eantricas \u00e0 procura de amor no mundo, e muitas delas usam encontros online para encontr\u00e1-lo. Sites de encontros exc\u00eantricos atendem pessoas que gostam de atividades sexuais incomuns, e podem ser uma \u00f3tima maneira de encontrar um parceiro com a mesma opini\u00e3o. Sites de encontros exc\u00eantricos muitas vezes t\u00eam funcionalidades que permitem procurar pessoas por interesses espec\u00edficos, e tamb\u00e9m podem ter salas de chat e f\u00f3runs onde voc\u00ea pode conhecer outras pessoas exc\u00eantricas. Se est\u00e1 interessado em encontrar um parceiro exc\u00eantrico, namorar online \u00e9 um \u00f3timo lugar para come\u00e7ar a sua pesquisa.<\/p>\n<h2>Kink Sites<\/h2>\n<p>H\u00e1 uma variedade de sites de dobradi\u00e7as dispon\u00edveis on-line, cada um atendendo a diferentes prefer\u00eancias e interesses. Quer goste de BDSM, fetiche por p\u00e9s, ou algo assim, h\u00e1 certeza de que haver\u00e1 um site que \u00e9 certo para si.<\/p>\n<p>Os sites Kink podem ser uma \u00f3tima maneira de se conectar com pessoas com ideias semelhantes que est\u00e3o interessadas em explorar a sua sexualidade. Eles tamb\u00e9m podem ser uma \u00f3tima maneira de aprender mais sobre si mesmo e sobre o que voc\u00ea est\u00e1 me metendo. Se \u00e9s novo na cena do perverso, estes sites podem ser uma \u00f3tima maneira de molhar os p\u00e9s e descobrir no que est\u00e1s metido.<\/p>\n<p>No entanto, \u00e9 importante lembrar que nem todos num site de dobragem est\u00e3o \u00e0 procura de um encontro ou de uma rela\u00e7\u00e3o. Algumas pessoas s\u00f3 est\u00e3o l\u00e1 para conversar e explorar as suas dobradi\u00e7as com outras. Se procura uma rela\u00e7\u00e3o, \u00e9 importante que fique claro desde o in\u00edcio. Caso contr\u00e1rio, pode acabar por desperdi\u00e7ar o seu tempo (e o deles).<\/p>\n<h3>BBWCupid<\/h3>\n<p>Se procura uma aplica\u00e7\u00e3o de encontros BDSM com uma grande sele\u00e7\u00e3o de potenciais parceiros, a BBWCupid \u00e9 uma \u00f3tima op\u00e7\u00e3o. Com mais de 600.000 membros, h\u00e1 uma boa hip\u00f3tese de encontrar algu\u00e9m que partilhe os seus interesses e interesses. A aplica\u00e7\u00e3o \u00e9 gratuita para descarregar e usar, mas precisar\u00e1 de uma associa\u00e7\u00e3o paga para desbloquear todas as funcionalidades. Isto inclui mensagens, pesquisa e correspond\u00eancia avan\u00e7ada. A equipa bbwCupid \u00e9 responsiva e \u00fatil, tornando-se uma \u00f3tima op\u00e7\u00e3o para os novos para a cena BDSM.<\/p>\n<h3>Data<\/h3>\n<p>DateYou \u00e9 uma aplica\u00e7\u00e3o de encontros que atende a quem est\u00e1 interessado em BDSM. \u00c9 uma \u00f3tima maneira de conhecer pessoas do mesmo tipo e explorar as suas dobradi\u00e7as de uma forma segura e consensual. A aplica\u00e7\u00e3o \u00e9 f\u00e1cil de usar e tem <a href=\"http:\/\/the-apers.com\/milf-chatrooms\/\">muitas funcionalidades<\/a>, tornando-a uma \u00f3tima op\u00e7\u00e3o para quem procura entrar no BDSM.<\/p>\n<h3>LuckyCrush<\/h3>\n<p>LuckyCrush \u00e9 uma aplica\u00e7\u00e3o de encontros que conecta pessoas interessadas em BDSM. A aplica\u00e7\u00e3o \u00e9 f\u00e1cil de usar e tem muitas funcionalidades que a tornam uma \u00f3tima escolha para pessoas que est\u00e3o em BDSM. A aplica\u00e7\u00e3o permite-lhe pesquisar pessoas que estejam em BDSM, e tamb\u00e9m pode filtrar a sua pesquisa por localiza\u00e7\u00e3o, idade e sexo. O LuckyCrush tamb\u00e9m tem uma funcionalidade de chat que lhe permite conversar com outros utilizadores, e tamb\u00e9m pode enviar e receber mensagens. A aplica\u00e7\u00e3o \u00e9 gratuita e est\u00e1 dispon\u00edvel para dispositivos iOS e Android.<\/p>\n","protected":false},"excerpt":{"rendered":"<p>H\u00e1 uma s\u00e9rie de sites que atendem a pessoas interessadas em BDSM. Estes sites podem ser uma \u00f3tima maneira de&hellip;<\/p>\n","protected":false},"author":1,"featured_media":0,"parent":0,"menu_order":0,"comment_status":"closed","ping_status":"closed","template":"","meta":[],"yoast_head":"<!-- This site is optimized with the Yoast SEO plugin v17.7.1 - https:\/\/yoast.com\/wordpress\/plugins\/seo\/ -->\n<title>Nome Adult Dating Finder de - BDSM Sites gratuito<\/title>\n<meta name=\"robots\" content=\"index, follow, max-snippet:-1, max-image-preview:large, max-video-preview:-1\" \/>\n<link rel=\"canonical\" href=\"https:\/\/the-apers.com\/pt-pt\/bdsm-sites\/\" \/>\n<meta property=\"og:locale\" content=\"pt_PT\" \/>\n<meta property=\"og:type\" content=\"article\" \/>\n<meta property=\"og:title\" content=\"Nome Adult Dating Finder de - BDSM Sites gratuito\" \/>\n<meta property=\"og:description\" content=\"H\u00e1 uma s\u00e9rie de sites que atendem a pessoas interessadas em BDSM. Estes sites podem ser uma \u00f3tima maneira de&hellip;\" \/>\n<meta property=\"og:url\" content=\"https:\/\/the-apers.com\/pt-pt\/bdsm-sites\/\" \/>\n<meta property=\"og:site_name\" content=\"Adult Dating Finder\" \/>\n<meta name=\"twitter:card\" content=\"summary_large_image\" \/>\n<meta name=\"twitter:label1\" content=\"Tempo estimado de leitura\" \/>\n\t<meta name=\"twitter:data1\" content=\"4 minutos\" \/>\n<script type=\"application\/ld+json\" class=\"yoast-schema-graph\">{\"@context\":\"https:\/\/schema.org\",\"@graph\":[{\"@type\":\"WebSite\",\"@id\":\"https:\/\/the-apers.com\/nl\/#website\",\"url\":\"https:\/\/the-apers.com\/nl\/\",\"name\":\"Adult Dating Finder\",\"description\":\"Online Personals\",\"potentialAction\":[{\"@type\":\"SearchAction\",\"target\":{\"@type\":\"EntryPoint\",\"urlTemplate\":\"https:\/\/the-apers.com\/nl\/?s={search_term_string}\"},\"query-input\":\"required name=search_term_string\"}],\"inLanguage\":\"pt-PT\"},{\"@type\":\"WebPage\",\"@id\":\"https:\/\/the-apers.com\/pt-pt\/bdsm-sites\/#webpage\",\"url\":\"https:\/\/the-apers.com\/pt-pt\/bdsm-sites\/\",\"name\":\"Nome Adult Dating Finder de - BDSM Sites gratuito\",\"isPartOf\":{\"@id\":\"https:\/\/the-apers.com\/nl\/#website\"},\"datePublished\":\"2022-09-30T10:12:38+00:00\",\"dateModified\":\"2022-09-30T10:12:38+00:00\",\"breadcrumb\":{\"@id\":\"https:\/\/the-apers.com\/pt-pt\/bdsm-sites\/#breadcrumb\"},\"inLanguage\":\"pt-PT\",\"potentialAction\":[{\"@type\":\"ReadAction\",\"target\":[\"https:\/\/the-apers.com\/pt-pt\/bdsm-sites\/\"]}]},{\"@type\":\"BreadcrumbList\",\"@id\":\"https:\/\/the-apers.com\/pt-pt\/bdsm-sites\/#breadcrumb\",\"itemListElement\":[{\"@type\":\"ListItem\",\"position\":1,\"name\":\"Home\",\"item\":\"https:\/\/the-apers.com\/pt-pt\/\"},{\"@type\":\"ListItem\",\"position\":2,\"name\":\"BDSM Sites\"}]}]}<\/script>\n<!-- \/ Yoast SEO plugin. -->","yoast_head_json":{"title":"Nome Adult Dating Finder de - BDSM Sites gratuito","robots":{"index":"index","follow":"follow","max-snippet":"max-snippet:-1","max-image-preview":"max-image-preview:large","max-video-preview":"max-video-preview:-1"},"canonical":"https:\/\/the-apers.com\/pt-pt\/bdsm-sites\/","og_locale":"pt_PT","og_type":"article","og_title":"Nome Adult Dating Finder de - BDSM Sites gratuito","og_description":"H\u00e1 uma s\u00e9rie de sites que atendem a pessoas interessadas em BDSM. Estes sites podem ser uma \u00f3tima maneira de&hellip;","og_url":"https:\/\/the-apers.com\/pt-pt\/bdsm-sites\/","og_site_name":"Adult Dating Finder","twitter_card":"summary_large_image","twitter_misc":{"Tempo estimado de leitura":"4 minutos"},"schema":{"@context":"https:\/\/schema.org","@graph":[{"@type":"WebSite","@id":"https:\/\/the-apers.com\/nl\/#website","url":"https:\/\/the-apers.com\/nl\/","name":"Adult Dating Finder","description":"Online Personals","potentialAction":[{"@type":"SearchAction","target":{"@type":"EntryPoint","urlTemplate":"https:\/\/the-apers.com\/nl\/?s={search_term_string}"},"query-input":"required name=search_term_string"}],"inLanguage":"pt-PT"},{"@type":"WebPage","@id":"https:\/\/the-apers.com\/pt-pt\/bdsm-sites\/#webpage","url":"https:\/\/the-apers.com\/pt-pt\/bdsm-sites\/","name":"Nome Adult Dating Finder de - BDSM Sites gratuito","isPartOf":{"@id":"https:\/\/the-apers.com\/nl\/#website"},"datePublished":"2022-09-30T10:12:38+00:00","dateModified":"2022-09-30T10:12:38+00:00","breadcrumb":{"@id":"https:\/\/the-apers.com\/pt-pt\/bdsm-sites\/#breadcrumb"},"inLanguage":"pt-PT","potentialAction":[{"@type":"ReadAction","target":["https:\/\/the-apers.com\/pt-pt\/bdsm-sites\/"]}]},{"@type":"BreadcrumbList","@id":"https:\/\/the-apers.com\/pt-pt\/bdsm-sites\/#breadcrumb","itemListElement":[{"@type":"ListItem","position":1,"name":"Home","item":"https:\/\/the-apers.com\/pt-pt\/"},{"@type":"ListItem","position":2,"name":"BDSM Sites"}]}]}},"_links":{"self":[{"href":"https:\/\/the-apers.com\/pt-pt\/wp-json\/wp\/v2\/pages\/277"}],"collection":[{"href":"https:\/\/the-apers.com\/pt-pt\/wp-json\/wp\/v2\/pages"}],"about":[{"href":"https:\/\/the-apers.com\/pt-pt\/wp-json\/wp\/v2\/types\/page"}],"author":[{"embeddable":true,"href":"https:\/\/the-apers.com\/pt-pt\/wp-json\/wp\/v2\/users\/1"}],"replies":[{"embeddable":true,"href":"https:\/\/the-apers.com\/pt-pt\/wp-json\/wp\/v2\/comments?post=277"}],"version-history":[{"count":0,"href":"https:\/\/the-apers.com\/pt-pt\/wp-json\/wp\/v2\/pages\/277\/revisions"}],"wp:attachment":[{"href":"https:\/\/the-apers.com\/pt-pt\/wp-json\/wp\/v2\/media?parent=277"}],"curies":[{"name":"wp","href":"https:\/\/api.w.org\/{rel}","templated":true}]}}