{"id":135,"date":"2022-09-13T12:01:16","date_gmt":"2022-09-13T11:01:16","guid":{"rendered":"http:\/\/the-apers.com\/vuxna-traffas-och-knullar-webbplatser\/"},"modified":"2022-09-13T12:01:16","modified_gmt":"2022-09-13T11:01:16","slug":"vuxna-traffas-och-knullar-webbplatser","status":"publish","type":"page","link":"https:\/\/the-apers.com\/sv\/","title":{"rendered":"Vuxna tr\u00e4ffas och knullar webbplatser"},"content":{"rendered":"<p>En av de st\u00f6rsta f\u00f6rdelarna med online dating \u00e4r att du kan f\u00e5 kontakt med m\u00e4nniskor fr\u00e5n hela v\u00e4rlden. Med bara n\u00e5gra f\u00e5 musklick kan du bl\u00e4ddra bland profiler med tusentals singlar i ditt omr\u00e5de. Du kan ocks\u00e5 filtrera medlemmar baserat p\u00e5 \u00e5lder, plats, intressen, relationsstatus och andra kriterier.<\/p>\n<p>Medan online dating webbplatser erbjuder bekv\u00e4mlighet, presenterar de ocks\u00e5 utmaningar. En utmaning \u00e4r att hitta kompatibla matchningar. En annan fr\u00e5ga \u00e4r att ta reda p\u00e5 om en person \u00e4r \u00e4kta eller f\u00f6rs\u00f6ker lura dig. Online dating bedr\u00e4gerier \u00e4r vanliga, s\u00e5 det \u00e4r viktigt att du l\u00e4r dig att uppt\u00e4cka en falsk profil.<\/p>\n<h2>Hur dejtingappar fungerar om du bara vill ha sex<\/h2>\n<p>Det finns gott om webbplatser dedikerade till avslappnad dejting, inklusive Tinder, OkCupid och Bumble. Med dessa appar kan du svepa \u00e5t v\u00e4nster eller h\u00f6ger baserat p\u00e5 foton och meddelanden och sedan ansluta till andra som delar gemensamma intressen. N\u00e4r du tr\u00e4ffar n\u00e5gon du gillar kan du antingen chatta privat eller st\u00e4lla in ett datum.<\/p>\n<p>\u00c4ven om avslappnad dejting \u00e4r roligt och enkelt, \u00e4r det viktigt att komma ih\u00e5g att det fortfarande bara \u00e4r en form av underh\u00e5llning. Se till att du \u00e4r bekv\u00e4m med personen du pratar med innan du g\u00e5r med p\u00e5 n\u00e5got. Var ocks\u00e5 f\u00f6rsiktig med att dela personliga uppgifter, s\u00e4rskilt ekonomisk information.<\/p>\n<p>Det \u00e4r ocks\u00e5 viktigt att f\u00f6rst\u00e5 att avslappnad dejting inte alltid \u00e4r s\u00e4ker. \u00c4ven om det \u00e4r m\u00f6jligt att tr\u00e4ffa n\u00e5gon du litar p\u00e5, \u00e4r det inte alltid garanterat. \u00c4ven om du kanske k\u00e4nner dig tillr\u00e4ckligt s\u00e4ker f\u00f6r att prata med n\u00e5gon du tr\u00e4ffade online, vet du aldrig riktigt f\u00f6rr\u00e4n du tr\u00e4ffar dem i verkligheten.<\/p>\n<p>S\u00e5 \u00e4ven om avslappnad dejting kan vara kul, \u00e4r det viktigt att vara medveten om potentiella risker.<\/p>\n<h2>Hur man h\u00e5ller sig s\u00e4ker online<\/h2>\n<p>Anslutningar \u00e4r roliga och sp\u00e4nnande, men de \u00e4r inte alltid s\u00e4kra. Det finns m\u00e5nga appar tillg\u00e4ngliga idag som l\u00e5ter dig ansluta till n\u00e5gon i n\u00e4rheten, men du riskerar fortfarande att tr\u00e4ffa n\u00e5gon som kanske inte \u00e4r p\u00e5litlig.<\/p>\n<p>Det \u00e4r l\u00e4tt att falla i f\u00e4llan att tro att anslutningar \u00e4r s\u00e4krare \u00e4n att g\u00e5 till barer eller klubbar, men sanningen \u00e4r att de \u00e4r lika farliga. N\u00e4r du tr\u00e4ffar n\u00e5gon personligen har du m\u00f6jlighet att bed\u00f6ma deras karakt\u00e4r och best\u00e4mma om du k\u00e4nner dig bekv\u00e4m med dem eller inte. P\u00e5 n\u00e4tet vet man aldrig riktigt vilken typ av person man har att g\u00f6ra med f\u00f6rr\u00e4n i efterhand.<\/p>\n<p>Det \u00e4r d\u00e4rf\u00f6r det \u00e4r viktigt att vara f\u00f6rsiktig n\u00e4r du v\u00e4ljer var du tr\u00e4ffar n\u00e5gon. Se till att du v\u00e4ljer en ansedd app som l\u00e5ter dig verifiera profiler och foton innan du g\u00e5r med p\u00e5 att tr\u00e4ffas. F\u00f6rs\u00f6k ocks\u00e5 att undvika att tr\u00e4ffa n\u00e5gon p\u00e5 en bar eller klubb; v\u00e4lj ist\u00e4llet ett kaf\u00e9 eller annan offentlig plats.<\/p>\n<p>\u00c4ven om det \u00e4r sant att anslutningar \u00e4r praktiska, kan de ocks\u00e5 leda till problem. S\u00e5 \u00e4ven om du kanske tycker om sp\u00e4nningen att hitta n\u00e5gon att spendera tid med, kom ih\u00e5g att du kan sluta \u00e5ngra det senare.<\/p>\n<h3>Vad du ska undvika<\/h3>\n<p>F\u00f6r att undvika att bli offer f\u00f6r en bedragare \u00e4r det viktigt att g\u00f6ra grundliga bakgrundskontroller av potentiella datum. Se till att du l\u00e4ser recensioner och feedback som l\u00e4mnats av tidigare kunder. Titta ocks\u00e5 p\u00e5 medlemmens rykte via tredjepartswebbplatser som Facebook och Twitter. Slutligen, verifiera personens kontaktinformation.<\/p>\n<p>F\u00f6rutom att kolla in anv\u00e4ndarens personliga uppgifter \u00e4r det ocks\u00e5 viktigt att granska hans eller hennes foton. Leta efter inkonsekvenser i bilderna, till exempel flera ansikten eller konstiga bakgrunder. Dessa r\u00f6da flaggor kan indikera att personen d\u00f6ljer n\u00e5got.<\/p>\n<p>Det \u00e4r ocks\u00e5 viktigt att t\u00e4nka p\u00e5 s\u00e4kerheten f\u00f6r dina data n\u00e4r du anv\u00e4nder online-datingsidor. M\u00e5nga webbplatser kr\u00e4ver att du tillhandah\u00e5ller k\u00e4nslig information, inklusive ekonomisk information och telefonnummer. Innan du delar denna information, se till att du f\u00f6rst\u00e5r sekretesspolicyn f\u00f6r de webbplatser du planerar att g\u00e5 med.<\/p>\n<p>Online dating webbplatser \u00e4r praktiska s\u00e4tt att tr\u00e4ffa m\u00e4nniskor, men de \u00e4r inte perfekta. Det finns risker, s\u00e5 det \u00e4r viktigt f\u00f6r dig att v\u00e4ga f\u00f6r- och nackdelar innan du g\u00e5r med.<\/p>\n<h2>Varf\u00f6r ska du lita p\u00e5 online dating webbplatser?<\/h2>\n<p>Medan online dating fortfarande \u00e4r relativt nytt, finns det gott om resurser tillg\u00e4ngliga f\u00f6r att hj\u00e4lpa dig att navigera i v\u00e4rlden av online dating. H\u00e4r \u00e4r n\u00e5gra tips att t\u00e4nka p\u00e5 n\u00e4r du s\u00f6ker efter k\u00e4rlek online.<\/p>\n<p>B\u00f6rja med att registrera dig f\u00f6r en ansedd tj\u00e4nst. Det finns dussintals olika webbplatser som erbjuder online-datingalternativ, s\u00e5 det \u00e4r viktigt att v\u00e4lja klokt. N\u00e5gra av de mest popul\u00e4ra webbplatserna inkluderar Match.com, eHarmony, PlentyOfFish, Zoosk, OkCupid och Tinder. Titta sedan p\u00e5 vilka typer av profiler som varje webbplats erbjuder. De flesta webbplatser erbjuder grundl\u00e4ggande profilfunktioner, inklusive foton, plats, \u00e5lder, k\u00f6n och intressen. Men vissa webbplatser l\u00e5ter dig anpassa din profil ytterligare, s\u00e5 att du kan l\u00e4gga till ytterligare detaljer som hobbyer, utbildning, yrke och relationsstatus.<\/p>\n<p>N\u00e4r du har skapat en profil kan du prova att bl\u00e4ddra bland andra medlemmars profiler. Bl\u00e4ddra igenom profilerna f\u00f6r potentiella matchningar tills du hittar n\u00e5gon du vill tr\u00e4ffa. Skicka sedan ett meddelande och fr\u00e5ga om deras tillg\u00e4nglighet. Var f\u00f6rsiktig n\u00e4r du kommunicerar via textmeddelanden. \u00c4ven om sms \u00e4r bekv\u00e4mt \u00e4r det l\u00e4tt att misstolka meddelanden. Om du till exempel s\u00e4ger att du \u00e4r intresserad av att tr\u00e4ffas f\u00f6r kaffe kan du f\u00e5 ett svar som s\u00e4ger att du l\u00e5ter desperat. Be i st\u00e4llet om ett f\u00f6rtydligande.<\/p>\n<p>Gl\u00f6m inte att f\u00f6lja upp efter att ha skickat ett meddelande. Att skicka ett snabbt uppf\u00f6ljningsmeddelande inom 24 timmar kan hj\u00e4lpa dig att avg\u00f6ra om ni tv\u00e5 skulle vara kompatibla eller inte. Kom ih\u00e5g att n\u00e4tdejting bara \u00e4r ett alternativ f\u00f6r att hitta k\u00e4rleken. Andra s\u00e4tt att tr\u00e4ffa m\u00e4nniskor inkluderar att delta i evenemang, g\u00e5 med i grupper, volont\u00e4rarbete och g\u00e5 p\u00e5 blinda datum.<\/p>\n","protected":false},"excerpt":{"rendered":"<p>En av de st\u00f6rsta f\u00f6rdelarna med online dating \u00e4r att du kan f\u00e5 kontakt med m\u00e4nniskor fr\u00e5n hela v\u00e4rlden. Med&hellip;<\/p>\n","protected":false},"author":1,"featured_media":88,"parent":0,"menu_order":0,"comment_status":"closed","ping_status":"closed","template":"","meta":[],"yoast_head":"<!-- This site is optimized with the Yoast SEO plugin v17.7.1 - https:\/\/yoast.com\/wordpress\/plugins\/seo\/ -->\n<title>Vuxna tr\u00e4ffas och knullar webbplatser - Adult Dating Finder<\/title>\n<meta name=\"robots\" content=\"index, follow, max-snippet:-1, max-image-preview:large, max-video-preview:-1\" \/>\n<link rel=\"canonical\" href=\"https:\/\/the-apers.com\/sv\/\" \/>\n<meta property=\"og:locale\" content=\"sv_SE\" \/>\n<meta property=\"og:type\" content=\"article\" \/>\n<meta property=\"og:title\" content=\"Vuxna tr\u00e4ffas och knullar webbplatser - Adult Dating Finder\" \/>\n<meta property=\"og:description\" content=\"En av de st\u00f6rsta f\u00f6rdelarna med online dating \u00e4r att du kan f\u00e5 kontakt med m\u00e4nniskor fr\u00e5n hela v\u00e4rlden. Med&hellip;\" \/>\n<meta property=\"og:url\" content=\"https:\/\/the-apers.com\/sv\/\" \/>\n<meta property=\"og:site_name\" content=\"Adult Dating Finder\" \/>\n<meta property=\"og:image\" content=\"https:\/\/the-apers.com\/wp-content\/uploads\/2022\/09\/sex-match.jpeg\" \/>\n\t<meta property=\"og:image:width\" content=\"1125\" \/>\n\t<meta property=\"og:image:height\" content=\"750\" \/>\n<meta name=\"twitter:card\" content=\"summary_large_image\" \/>\n<meta name=\"twitter:label1\" content=\"Ber\u00e4knad l\u00e4stid\" \/>\n\t<meta name=\"twitter:data1\" content=\"6 minuter\" \/>\n<script type=\"application\/ld+json\" class=\"yoast-schema-graph\">{\"@context\":\"https:\/\/schema.org\",\"@graph\":[{\"@type\":\"WebSite\",\"@id\":\"http:\/\/the-apers.com\/#website\",\"url\":\"http:\/\/the-apers.com\/\",\"name\":\"Adult Dating Finder\",\"description\":\"Online Personals\",\"potentialAction\":[{\"@type\":\"SearchAction\",\"target\":{\"@type\":\"EntryPoint\",\"urlTemplate\":\"http:\/\/the-apers.com\/?s={search_term_string}\"},\"query-input\":\"required name=search_term_string\"}],\"inLanguage\":\"sv-SE\"},{\"@type\":\"ImageObject\",\"@id\":\"https:\/\/the-apers.com\/sv\/#primaryimage\",\"inLanguage\":\"sv-SE\",\"url\":\"https:\/\/the-apers.com\/wp-content\/uploads\/2022\/09\/sex-match.jpeg\",\"contentUrl\":\"https:\/\/the-apers.com\/wp-content\/uploads\/2022\/09\/sex-match.jpeg\",\"width\":1125,\"height\":750},{\"@type\":\"WebPage\",\"@id\":\"https:\/\/the-apers.com\/sv\/#webpage\",\"url\":\"https:\/\/the-apers.com\/sv\/\",\"name\":\"Vuxna tr\\u00e4ffas och knullar webbplatser - Adult Dating Finder\",\"isPartOf\":{\"@id\":\"http:\/\/the-apers.com\/#website\"},\"primaryImageOfPage\":{\"@id\":\"https:\/\/the-apers.com\/sv\/#primaryimage\"},\"datePublished\":\"2022-09-13T11:01:16+00:00\",\"dateModified\":\"2022-09-13T11:01:16+00:00\",\"breadcrumb\":{\"@id\":\"https:\/\/the-apers.com\/sv\/#breadcrumb\"},\"inLanguage\":\"sv-SE\",\"potentialAction\":[{\"@type\":\"ReadAction\",\"target\":[\"https:\/\/the-apers.com\/sv\/\"]}]},{\"@type\":\"BreadcrumbList\",\"@id\":\"https:\/\/the-apers.com\/sv\/#breadcrumb\",\"itemListElement\":[{\"@type\":\"ListItem\",\"position\":1,\"name\":\"Home\",\"item\":\"https:\/\/the-apers.com\/sv\/\"},{\"@type\":\"ListItem\",\"position\":2,\"name\":\"Vuxna tr\\u00e4ffas och knullar webbplatser\"}]}]}<\/script>\n<!-- \/ Yoast SEO plugin. -->","yoast_head_json":{"title":"Vuxna tr\u00e4ffas och knullar webbplatser - Adult Dating Finder","robots":{"index":"index","follow":"follow","max-snippet":"max-snippet:-1","max-image-preview":"max-image-preview:large","max-video-preview":"max-video-preview:-1"},"canonical":"https:\/\/the-apers.com\/sv\/","og_locale":"sv_SE","og_type":"article","og_title":"Vuxna tr\u00e4ffas och knullar webbplatser - Adult Dating Finder","og_description":"En av de st\u00f6rsta f\u00f6rdelarna med online dating \u00e4r att du kan f\u00e5 kontakt med m\u00e4nniskor fr\u00e5n hela v\u00e4rlden. Med&hellip;","og_url":"https:\/\/the-apers.com\/sv\/","og_site_name":"Adult Dating Finder","og_image":[{"width":1125,"height":750,"url":"https:\/\/the-apers.com\/wp-content\/uploads\/2022\/09\/sex-match.jpeg","type":"image\/jpeg"}],"twitter_card":"summary_large_image","twitter_misc":{"Ber\u00e4knad l\u00e4stid":"6 minuter"},"schema":{"@context":"https:\/\/schema.org","@graph":[{"@type":"WebSite","@id":"http:\/\/the-apers.com\/#website","url":"http:\/\/the-apers.com\/","name":"Adult Dating Finder","description":"Online Personals","potentialAction":[{"@type":"SearchAction","target":{"@type":"EntryPoint","urlTemplate":"http:\/\/the-apers.com\/?s={search_term_string}"},"query-input":"required name=search_term_string"}],"inLanguage":"sv-SE"},{"@type":"ImageObject","@id":"https:\/\/the-apers.com\/sv\/#primaryimage","inLanguage":"sv-SE","url":"https:\/\/the-apers.com\/wp-content\/uploads\/2022\/09\/sex-match.jpeg","contentUrl":"https:\/\/the-apers.com\/wp-content\/uploads\/2022\/09\/sex-match.jpeg","width":1125,"height":750},{"@type":"WebPage","@id":"https:\/\/the-apers.com\/sv\/#webpage","url":"https:\/\/the-apers.com\/sv\/","name":"Vuxna tr\u00e4ffas och knullar webbplatser - Adult Dating Finder","isPartOf":{"@id":"http:\/\/the-apers.com\/#website"},"primaryImageOfPage":{"@id":"https:\/\/the-apers.com\/sv\/#primaryimage"},"datePublished":"2022-09-13T11:01:16+00:00","dateModified":"2022-09-13T11:01:16+00:00","breadcrumb":{"@id":"https:\/\/the-apers.com\/sv\/#breadcrumb"},"inLanguage":"sv-SE","potentialAction":[{"@type":"ReadAction","target":["https:\/\/the-apers.com\/sv\/"]}]},{"@type":"BreadcrumbList","@id":"https:\/\/the-apers.com\/sv\/#breadcrumb","itemListElement":[{"@type":"ListItem","position":1,"name":"Home","item":"https:\/\/the-apers.com\/sv\/"},{"@type":"ListItem","position":2,"name":"Vuxna tr\u00e4ffas och knullar webbplatser"}]}]}},"_links":{"self":[{"href":"https:\/\/the-apers.com\/sv\/wp-json\/wp\/v2\/pages\/135"}],"collection":[{"href":"https:\/\/the-apers.com\/sv\/wp-json\/wp\/v2\/pages"}],"about":[{"href":"https:\/\/the-apers.com\/sv\/wp-json\/wp\/v2\/types\/page"}],"author":[{"embeddable":true,"href":"https:\/\/the-apers.com\/sv\/wp-json\/wp\/v2\/users\/1"}],"replies":[{"embeddable":true,"href":"https:\/\/the-apers.com\/sv\/wp-json\/wp\/v2\/comments?post=135"}],"version-history":[{"count":0,"href":"https:\/\/the-apers.com\/sv\/wp-json\/wp\/v2\/pages\/135\/revisions"}],"wp:featuredmedia":[{"embeddable":true,"href":"https:\/\/the-apers.com\/sv\/wp-json\/wp\/v2\/media\/88"}],"wp:attachment":[{"href":"https:\/\/the-apers.com\/sv\/wp-json\/wp\/v2\/media?parent=135"}],"curies":[{"name":"wp","href":"https:\/\/api.w.org\/{rel}","templated":true}]}}