{"id":246,"date":"2022-09-30T11:14:58","date_gmt":"2022-09-30T10:14:58","guid":{"rendered":"http:\/\/the-apers.com\/milf-chattrum\/"},"modified":"2022-09-30T11:14:58","modified_gmt":"2022-09-30T10:14:58","slug":"milf-chattrum","status":"publish","type":"page","link":"https:\/\/the-apers.com\/sv\/milf-chattrum\/","title":{"rendered":"Milf Chattrum"},"content":{"rendered":"<p>Det finns n\u00e5got otroligt lockande med MILFs, och m\u00e5nga killar tycker att de \u00e4r oemotst\u00e5ndliga. Lyckligtvis finns det gott om MILF-chattrum d\u00e4r du kan chatta med dessa underbara kvinnor och kanske till och med ordna att tr\u00e4ffas personligen. Se bara till att vara respektfull och charmig, s\u00e5 kommer du s\u00e4kert att f\u00e5 ett hett datum med en MILF p\u00e5 nolltid.<\/p>\n<h2>Gratis Milf Chat<\/h2>\n<p>Letar du efter en het MILF att <a href=\"http:\/\/the-apers.com\/?page_id=228&amp;preview=true\">chatta med online<\/a>? Leta inte l\u00e4ngre \u00e4n gratis MILF-chatt. Denna webbplats erbjuder en gratis chattj\u00e4nst f\u00f6r MILFs och killar som \u00e4lskar dem. Registrera dig bara f\u00f6r ett konto och b\u00f6rja chatta med k\u00e5ta MILFs i ditt omr\u00e5de. Oavsett om du letar efter lite stygg kul eller ett seri\u00f6st f\u00f6rh\u00e5llande, gratis MILF Chat \u00e4r det perfekta st\u00e4llet att b\u00f6rja. Det finns ingen anledning att vara blyg n\u00e4r du chattar med milfs &#8211; de \u00e4r \u00f6ppensinnade och letar efter k\u00e4rlek precis som du \u00e4r. Du kan bli f\u00f6rv\u00e5nad \u00f6ver hur l\u00e4tt det \u00e4r att f\u00e5 kontakt med dem och hur mycket du har gemensamt. Var bara dig sj\u00e4lv och var inte r\u00e4dd f\u00f6r att starta en konversation. Vem vet, du kanske bara hittar ditt livs k\u00e4rlek.<\/p>\n<h2>Prata med Milfs<\/h2>\n<p>Jag tycker verkligen om att prata med milfs. De \u00e4r vanligtvis mycket sj\u00e4lvs\u00e4kra och vet vad de vill ha. Jag tycker att de ocks\u00e5 \u00e4r v\u00e4ldigt \u00f6ppensinnade och villiga att prova nya saker. Detta ger en bra dejtingupplevelse eftersom de inte \u00e4r r\u00e4dda f\u00f6r att ta risker. Jag tycker ocks\u00e5 att milfs \u00e4r v\u00e4ldigt sexiga och oftast \u00e4r v\u00e4ldigt bra i s\u00e4ngen. De \u00e4r vanligtvis mycket erfarna och vet hur man behagar en man. Sammantaget tycker jag verkligen om att dejta milfs och skulle rekommendera det till alla killar som letar efter en bra tid.<\/p>\n<h3>FabSwingers<\/h3>\n<p>Denna dejtingsapp \u00e4r perfekt f\u00f6r att f\u00e5 kontakt med \u00e4ldre kvinnor som letar efter en bra tid. Appen \u00e4r enkel att anv\u00e4nda och har massor av funktioner som g\u00f6r den perfekt f\u00f6r att hitta en milf att chatta med. Du kan s\u00f6ka efter kvinnor efter \u00e5lder, plats, intressen och mer. Dessutom kan du till och med skicka meddelanden och foton till kvinnor du \u00e4r intresserad av. S\u00e5 om du letar efter ett milf chattrum \u00e4r FabSwingers det perfekta st\u00e4llet att b\u00f6rja din s\u00f6kning.<\/p>\n<h3>Fling.com<\/h3>\n<p>Fling.com \u00e4r en dejtingapp med en skillnad; den \u00e4r speciellt utformad f\u00f6r m\u00e4nniskor som vill ha avslappnade flings utan f\u00f6rbeh\u00e5ll. Appen \u00e4r mycket enkel att anv\u00e4nda och har ett enkelt gr\u00e4nssnitt. Det har ocks\u00e5 en stor anv\u00e4ndarbas, vilket inneb\u00e4r att det alltid finns m\u00e4nniskor online att chatta med. Appen \u00e4r gratis att anv\u00e4nda, men det finns vissa funktioner som endast \u00e4r tillg\u00e4ngliga f\u00f6r betalande medlemmar. Sammantaget \u00e4r appen ett utm\u00e4rkt alternativ f\u00f6r m\u00e4nniskor som letar efter avslappnade flings.<\/p>\n<h3>Endastflings<\/h3>\n<p>Om du letar efter ett milf chattrum vill du kolla in OnlyFlings dejtingsapp. Det \u00e4r en bra app f\u00f6r att tr\u00e4ffa \u00e4ldre kvinnor och chatta med dem. Appen \u00e4r enkel att anv\u00e4nda och har m\u00e5nga funktioner som g\u00f6r den till ett utm\u00e4rkt val f\u00f6r milf chattrum. Du kan s\u00f6ka efter kvinnor efter plats, \u00e5lder, intressen och mer. Du kan ocks\u00e5 skicka meddelanden och chatta med dem i realtid. OnlyFlings \u00e4r ett utm\u00e4rkt val f\u00f6r milf chattrum och kommer s\u00e4kert att hj\u00e4lpa dig att tr\u00e4ffa \u00e4ldre kvinnor som du \u00e4r intresserad av.<\/p>\n","protected":false},"excerpt":{"rendered":"<p>Det finns n\u00e5got otroligt lockande med MILFs, och m\u00e5nga killar tycker att de \u00e4r oemotst\u00e5ndliga. Lyckligtvis finns det gott om&hellip;<\/p>\n","protected":false},"author":1,"featured_media":0,"parent":0,"menu_order":0,"comment_status":"closed","ping_status":"closed","template":"","meta":[],"yoast_head":"<!-- This site is optimized with the Yoast SEO plugin v17.7.1 - https:\/\/yoast.com\/wordpress\/plugins\/seo\/ -->\n<title>Milf Chattrum - Adult Dating Finder<\/title>\n<meta name=\"robots\" content=\"index, follow, max-snippet:-1, max-image-preview:large, max-video-preview:-1\" \/>\n<link rel=\"canonical\" href=\"https:\/\/the-apers.com\/sv\/milf-chattrum\/\" \/>\n<meta property=\"og:locale\" content=\"sv_SE\" \/>\n<meta property=\"og:type\" content=\"article\" \/>\n<meta property=\"og:title\" content=\"Milf Chattrum - Adult Dating Finder\" \/>\n<meta property=\"og:description\" content=\"Det finns n\u00e5got otroligt lockande med MILFs, och m\u00e5nga killar tycker att de \u00e4r oemotst\u00e5ndliga. Lyckligtvis finns det gott om&hellip;\" \/>\n<meta property=\"og:url\" content=\"https:\/\/the-apers.com\/sv\/milf-chattrum\/\" \/>\n<meta property=\"og:site_name\" content=\"Adult Dating Finder\" \/>\n<meta name=\"twitter:card\" content=\"summary_large_image\" \/>\n<meta name=\"twitter:label1\" content=\"Ber\u00e4knad l\u00e4stid\" \/>\n\t<meta name=\"twitter:data1\" content=\"3 minuter\" \/>\n<script type=\"application\/ld+json\" class=\"yoast-schema-graph\">{\"@context\":\"https:\/\/schema.org\",\"@graph\":[{\"@type\":\"WebSite\",\"@id\":\"http:\/\/the-apers.com\/#website\",\"url\":\"http:\/\/the-apers.com\/\",\"name\":\"Adult Dating Finder\",\"description\":\"Online Personals\",\"potentialAction\":[{\"@type\":\"SearchAction\",\"target\":{\"@type\":\"EntryPoint\",\"urlTemplate\":\"http:\/\/the-apers.com\/?s={search_term_string}\"},\"query-input\":\"required name=search_term_string\"}],\"inLanguage\":\"sv-SE\"},{\"@type\":\"WebPage\",\"@id\":\"https:\/\/the-apers.com\/sv\/milf-chattrum\/#webpage\",\"url\":\"https:\/\/the-apers.com\/sv\/milf-chattrum\/\",\"name\":\"Milf Chattrum - Adult Dating Finder\",\"isPartOf\":{\"@id\":\"http:\/\/the-apers.com\/#website\"},\"datePublished\":\"2022-09-30T10:14:58+00:00\",\"dateModified\":\"2022-09-30T10:14:58+00:00\",\"breadcrumb\":{\"@id\":\"https:\/\/the-apers.com\/sv\/milf-chattrum\/#breadcrumb\"},\"inLanguage\":\"sv-SE\",\"potentialAction\":[{\"@type\":\"ReadAction\",\"target\":[\"https:\/\/the-apers.com\/sv\/milf-chattrum\/\"]}]},{\"@type\":\"BreadcrumbList\",\"@id\":\"https:\/\/the-apers.com\/sv\/milf-chattrum\/#breadcrumb\",\"itemListElement\":[{\"@type\":\"ListItem\",\"position\":1,\"name\":\"Home\",\"item\":\"http:\/\/the-apers.com\/sv\/\"},{\"@type\":\"ListItem\",\"position\":2,\"name\":\"Milf Chattrum\"}]}]}<\/script>\n<!-- \/ Yoast SEO plugin. -->","yoast_head_json":{"title":"Milf Chattrum - Adult Dating Finder","robots":{"index":"index","follow":"follow","max-snippet":"max-snippet:-1","max-image-preview":"max-image-preview:large","max-video-preview":"max-video-preview:-1"},"canonical":"https:\/\/the-apers.com\/sv\/milf-chattrum\/","og_locale":"sv_SE","og_type":"article","og_title":"Milf Chattrum - Adult Dating Finder","og_description":"Det finns n\u00e5got otroligt lockande med MILFs, och m\u00e5nga killar tycker att de \u00e4r oemotst\u00e5ndliga. Lyckligtvis finns det gott om&hellip;","og_url":"https:\/\/the-apers.com\/sv\/milf-chattrum\/","og_site_name":"Adult Dating Finder","twitter_card":"summary_large_image","twitter_misc":{"Ber\u00e4knad l\u00e4stid":"3 minuter"},"schema":{"@context":"https:\/\/schema.org","@graph":[{"@type":"WebSite","@id":"http:\/\/the-apers.com\/#website","url":"http:\/\/the-apers.com\/","name":"Adult Dating Finder","description":"Online Personals","potentialAction":[{"@type":"SearchAction","target":{"@type":"EntryPoint","urlTemplate":"http:\/\/the-apers.com\/?s={search_term_string}"},"query-input":"required name=search_term_string"}],"inLanguage":"sv-SE"},{"@type":"WebPage","@id":"https:\/\/the-apers.com\/sv\/milf-chattrum\/#webpage","url":"https:\/\/the-apers.com\/sv\/milf-chattrum\/","name":"Milf Chattrum - Adult Dating Finder","isPartOf":{"@id":"http:\/\/the-apers.com\/#website"},"datePublished":"2022-09-30T10:14:58+00:00","dateModified":"2022-09-30T10:14:58+00:00","breadcrumb":{"@id":"https:\/\/the-apers.com\/sv\/milf-chattrum\/#breadcrumb"},"inLanguage":"sv-SE","potentialAction":[{"@type":"ReadAction","target":["https:\/\/the-apers.com\/sv\/milf-chattrum\/"]}]},{"@type":"BreadcrumbList","@id":"https:\/\/the-apers.com\/sv\/milf-chattrum\/#breadcrumb","itemListElement":[{"@type":"ListItem","position":1,"name":"Home","item":"http:\/\/the-apers.com\/sv\/"},{"@type":"ListItem","position":2,"name":"Milf Chattrum"}]}]}},"_links":{"self":[{"href":"https:\/\/the-apers.com\/sv\/wp-json\/wp\/v2\/pages\/246"}],"collection":[{"href":"https:\/\/the-apers.com\/sv\/wp-json\/wp\/v2\/pages"}],"about":[{"href":"https:\/\/the-apers.com\/sv\/wp-json\/wp\/v2\/types\/page"}],"author":[{"embeddable":true,"href":"https:\/\/the-apers.com\/sv\/wp-json\/wp\/v2\/users\/1"}],"replies":[{"embeddable":true,"href":"https:\/\/the-apers.com\/sv\/wp-json\/wp\/v2\/comments?post=246"}],"version-history":[{"count":0,"href":"https:\/\/the-apers.com\/sv\/wp-json\/wp\/v2\/pages\/246\/revisions"}],"wp:attachment":[{"href":"https:\/\/the-apers.com\/sv\/wp-json\/wp\/v2\/media?parent=246"}],"curies":[{"name":"wp","href":"https:\/\/api.w.org\/{rel}","templated":true}]}}