{"id":269,"date":"2022-09-30T11:15:23","date_gmt":"2022-09-30T10:15:23","guid":{"rendered":"http:\/\/the-apers.com\/lokala-swinger-webbplatser\/"},"modified":"2022-09-30T11:15:23","modified_gmt":"2022-09-30T10:15:23","slug":"lokala-swinger-webbplatser","status":"publish","type":"page","link":"https:\/\/the-apers.com\/sv\/lokala-swinger-webbplatser\/","title":{"rendered":"Lokala Swinger-webbplatser"},"content":{"rendered":"<p>Det finns n\u00e5gra lokala swinger-webbplatser som \u00e4r popul\u00e4ra i <a href=\"http:\/\/the-apers.com\/bondage-chatrooms\/\">anslutningsgemenskapen<\/a>. De \u00e4r ett bra s\u00e4tt att tr\u00e4ffa andra par eller singlar i ditt omr\u00e5de som \u00e4r intresserade av att utforska sin sexualitet. Dessa webbplatser har vanligtvis en m\u00e4ngd olika funktioner som l\u00e5ter dig s\u00f6ka efter matchningar, chatta med medlemmar och till och med visa profiler. N\u00e5gra av de mer popul\u00e4ra funktionerna inkluderar videochattar, snabbmeddelanden och medlemsforum.<\/p>\n<h2>Swinger webbplatser<\/h2>\n<p>Det finns m\u00e5nga swingersidor tillg\u00e4ngliga online som tillgodoser m\u00e4nniskor som \u00e4r intresserade av denna typ av dejting. Dessa webbplatser till\u00e5ter vanligtvis medlemmar att skapa profiler och bl\u00e4ddra igenom andra medlemmars profiler f\u00f6r att hitta potentiella matchningar. Vissa webbplatser erbjuder ocks\u00e5 chattrum och forum d\u00e4r medlemmar kan interagera med varandra. Swinger-webbplatser kan vara ett bra s\u00e4tt att tr\u00e4ffa nya m\u00e4nniskor och utforska din sexualitet i en s\u00e4ker och bekv\u00e4m milj\u00f6.<\/p>\n<p>N\u00e4r det g\u00e4ller att hitta k\u00e4rlek kan swingers-anslutningar vara ett bra s\u00e4tt att g\u00e5. Du kan tr\u00e4ffa m\u00e5nga olika m\u00e4nniskor p\u00e5 en natt och l\u00e4ra k\u00e4nna dem b\u00e4ttre. Detta kan hj\u00e4lpa dig att hitta r\u00e4tt person f\u00f6r dig och starta en relation.<\/p>\n<h2>Lokal Swinger-webbplats<\/h2>\n<p>Om du letar efter en lokal swinger-webbplats har du kommit till r\u00e4tt st\u00e4lle. Vi har allt du beh\u00f6ver f\u00f6r att hitta swingers i ditt omr\u00e5de, inklusive en omfattande katalog \u00f6ver swingersklubbar och evenemang. Vi erbjuder ocks\u00e5 ett brett utbud av resurser f\u00f6r swingers, inklusive ett forum, en blogg och en r\u00e5dskolumn. Och om du letar efter n\u00e5got lite mer styggt har vi det ocks\u00e5 t\u00e4ckt. S\u00e5 vad v\u00e4ntar du p\u00e5? Kom in och b\u00f6rja sv\u00e4nga!<\/p>\n<h3>SwingLivsstil<\/h3>\n<p>Om du letar efter en lokal swingersida \u00e4r SwingLifestyle ett bra alternativ. Appen \u00e4r enkel att anv\u00e4nda och har m\u00e5nga funktioner som hj\u00e4lper dig att ansluta till andra swingers i ditt omr\u00e5de. S\u00f6kfunktionen \u00e4r s\u00e4rskilt anv\u00e4ndbar, och du kan ocks\u00e5 visa profiler f\u00f6r andra anv\u00e4ndare i ditt omr\u00e5de. Appen inneh\u00e5ller ocks\u00e5 ett forum s\u00e5 att du kan ansluta till andra anv\u00e4ndare och st\u00e4lla fr\u00e5gor eller f\u00e5 r\u00e5d. Sammantaget \u00e4r SwingLifestyle ett bra alternativ f\u00f6r lokala swingers.<\/p>\n<h3>FabSwingers<\/h3>\n<p>Om du \u00e4r intresserad av att hitta en lokal swinger-webbplats, vill du definitivt kolla in FabSwingers. Denna webbplats \u00e4r en av de mest popul\u00e4ra och v\u00e4l respekterade i branschen, och med goda sk\u00e4l. Webbplatsen har massor av funktioner och alternativ som g\u00f6r det enkelt att hitta och ansluta till potentiella matchningar, och webbplatsen erbjuder ocks\u00e5 mycket st\u00f6d och resurser f\u00f6r sina medlemmar. Dessutom \u00e4r webbplatsen mycket anv\u00e4ndarv\u00e4nlig och l\u00e4tt att navigera, vilket definitivt \u00e4r ett plus. Sammantaget \u00e4r FabSwingers ett utm\u00e4rkt alternativ f\u00f6r alla som \u00e4r intresserade av att hitta en lokal swingersida, och vi rekommenderar det starkt.<\/p>\n<h3>Badoo<\/h3>\n<p>Badoo \u00e4r en dejtingsapp som l\u00e5ter dig tr\u00e4ffa nya m\u00e4nniskor i ditt omr\u00e5de. M\u00e5nga anv\u00e4ndare har dock klagat p\u00e5 appen och sagt att den \u00e4r full av falska profiler och inte \u00e4r ett bra s\u00e4tt att tr\u00e4ffa potentiella datum. Dessutom \u00e4r appen inte s\u00e4rskilt anv\u00e4ndarv\u00e4nlig och kan vara sv\u00e5r att navigera. Sammantaget skulle vi inte rekommendera att anv\u00e4nda Badoo om du letar efter en lokal swinger-webbplats. Det finns b\u00e4ttre, mer p\u00e5litliga alternativ d\u00e4r ute.<\/p>\n","protected":false},"excerpt":{"rendered":"<p>Det finns n\u00e5gra lokala swinger-webbplatser som \u00e4r popul\u00e4ra i anslutningsgemenskapen. De \u00e4r ett bra s\u00e4tt att tr\u00e4ffa andra par eller&hellip;<\/p>\n","protected":false},"author":1,"featured_media":0,"parent":0,"menu_order":0,"comment_status":"closed","ping_status":"closed","template":"","meta":[],"yoast_head":"<!-- This site is optimized with the Yoast SEO plugin v17.7.1 - https:\/\/yoast.com\/wordpress\/plugins\/seo\/ -->\n<title>Lokala Swinger-webbplatser - Adult Dating Finder<\/title>\n<meta name=\"robots\" content=\"index, follow, max-snippet:-1, max-image-preview:large, max-video-preview:-1\" \/>\n<link rel=\"canonical\" href=\"https:\/\/the-apers.com\/sv\/lokala-swinger-webbplatser\/\" \/>\n<meta property=\"og:locale\" content=\"sv_SE\" \/>\n<meta property=\"og:type\" content=\"article\" \/>\n<meta property=\"og:title\" content=\"Lokala Swinger-webbplatser - Adult Dating Finder\" \/>\n<meta property=\"og:description\" content=\"Det finns n\u00e5gra lokala swinger-webbplatser som \u00e4r popul\u00e4ra i anslutningsgemenskapen. De \u00e4r ett bra s\u00e4tt att tr\u00e4ffa andra par eller&hellip;\" \/>\n<meta property=\"og:url\" content=\"https:\/\/the-apers.com\/sv\/lokala-swinger-webbplatser\/\" \/>\n<meta property=\"og:site_name\" content=\"Adult Dating Finder\" \/>\n<meta name=\"twitter:card\" content=\"summary_large_image\" \/>\n<meta name=\"twitter:label1\" content=\"Ber\u00e4knad l\u00e4stid\" \/>\n\t<meta name=\"twitter:data1\" content=\"3 minuter\" \/>\n<script type=\"application\/ld+json\" class=\"yoast-schema-graph\">{\"@context\":\"https:\/\/schema.org\",\"@graph\":[{\"@type\":\"WebSite\",\"@id\":\"https:\/\/the-apers.com\/nl\/#website\",\"url\":\"https:\/\/the-apers.com\/nl\/\",\"name\":\"Adult Dating Finder\",\"description\":\"Online Personals\",\"potentialAction\":[{\"@type\":\"SearchAction\",\"target\":{\"@type\":\"EntryPoint\",\"urlTemplate\":\"https:\/\/the-apers.com\/nl\/?s={search_term_string}\"},\"query-input\":\"required name=search_term_string\"}],\"inLanguage\":\"sv-SE\"},{\"@type\":\"WebPage\",\"@id\":\"https:\/\/the-apers.com\/sv\/lokala-swinger-webbplatser\/#webpage\",\"url\":\"https:\/\/the-apers.com\/sv\/lokala-swinger-webbplatser\/\",\"name\":\"Lokala Swinger-webbplatser - Adult Dating Finder\",\"isPartOf\":{\"@id\":\"https:\/\/the-apers.com\/nl\/#website\"},\"datePublished\":\"2022-09-30T10:15:23+00:00\",\"dateModified\":\"2022-09-30T10:15:23+00:00\",\"breadcrumb\":{\"@id\":\"https:\/\/the-apers.com\/sv\/lokala-swinger-webbplatser\/#breadcrumb\"},\"inLanguage\":\"sv-SE\",\"potentialAction\":[{\"@type\":\"ReadAction\",\"target\":[\"https:\/\/the-apers.com\/sv\/lokala-swinger-webbplatser\/\"]}]},{\"@type\":\"BreadcrumbList\",\"@id\":\"https:\/\/the-apers.com\/sv\/lokala-swinger-webbplatser\/#breadcrumb\",\"itemListElement\":[{\"@type\":\"ListItem\",\"position\":1,\"name\":\"Home\",\"item\":\"http:\/\/the-apers.com\/sv\/\"},{\"@type\":\"ListItem\",\"position\":2,\"name\":\"Lokala Swinger-webbplatser\"}]}]}<\/script>\n<!-- \/ Yoast SEO plugin. -->","yoast_head_json":{"title":"Lokala Swinger-webbplatser - Adult Dating Finder","robots":{"index":"index","follow":"follow","max-snippet":"max-snippet:-1","max-image-preview":"max-image-preview:large","max-video-preview":"max-video-preview:-1"},"canonical":"https:\/\/the-apers.com\/sv\/lokala-swinger-webbplatser\/","og_locale":"sv_SE","og_type":"article","og_title":"Lokala Swinger-webbplatser - Adult Dating Finder","og_description":"Det finns n\u00e5gra lokala swinger-webbplatser som \u00e4r popul\u00e4ra i anslutningsgemenskapen. De \u00e4r ett bra s\u00e4tt att tr\u00e4ffa andra par eller&hellip;","og_url":"https:\/\/the-apers.com\/sv\/lokala-swinger-webbplatser\/","og_site_name":"Adult Dating Finder","twitter_card":"summary_large_image","twitter_misc":{"Ber\u00e4knad l\u00e4stid":"3 minuter"},"schema":{"@context":"https:\/\/schema.org","@graph":[{"@type":"WebSite","@id":"https:\/\/the-apers.com\/nl\/#website","url":"https:\/\/the-apers.com\/nl\/","name":"Adult Dating Finder","description":"Online Personals","potentialAction":[{"@type":"SearchAction","target":{"@type":"EntryPoint","urlTemplate":"https:\/\/the-apers.com\/nl\/?s={search_term_string}"},"query-input":"required name=search_term_string"}],"inLanguage":"sv-SE"},{"@type":"WebPage","@id":"https:\/\/the-apers.com\/sv\/lokala-swinger-webbplatser\/#webpage","url":"https:\/\/the-apers.com\/sv\/lokala-swinger-webbplatser\/","name":"Lokala Swinger-webbplatser - Adult Dating Finder","isPartOf":{"@id":"https:\/\/the-apers.com\/nl\/#website"},"datePublished":"2022-09-30T10:15:23+00:00","dateModified":"2022-09-30T10:15:23+00:00","breadcrumb":{"@id":"https:\/\/the-apers.com\/sv\/lokala-swinger-webbplatser\/#breadcrumb"},"inLanguage":"sv-SE","potentialAction":[{"@type":"ReadAction","target":["https:\/\/the-apers.com\/sv\/lokala-swinger-webbplatser\/"]}]},{"@type":"BreadcrumbList","@id":"https:\/\/the-apers.com\/sv\/lokala-swinger-webbplatser\/#breadcrumb","itemListElement":[{"@type":"ListItem","position":1,"name":"Home","item":"http:\/\/the-apers.com\/sv\/"},{"@type":"ListItem","position":2,"name":"Lokala Swinger-webbplatser"}]}]}},"_links":{"self":[{"href":"https:\/\/the-apers.com\/sv\/wp-json\/wp\/v2\/pages\/269"}],"collection":[{"href":"https:\/\/the-apers.com\/sv\/wp-json\/wp\/v2\/pages"}],"about":[{"href":"https:\/\/the-apers.com\/sv\/wp-json\/wp\/v2\/types\/page"}],"author":[{"embeddable":true,"href":"https:\/\/the-apers.com\/sv\/wp-json\/wp\/v2\/users\/1"}],"replies":[{"embeddable":true,"href":"https:\/\/the-apers.com\/sv\/wp-json\/wp\/v2\/comments?post=269"}],"version-history":[{"count":0,"href":"https:\/\/the-apers.com\/sv\/wp-json\/wp\/v2\/pages\/269\/revisions"}],"wp:attachment":[{"href":"https:\/\/the-apers.com\/sv\/wp-json\/wp\/v2\/media?parent=269"}],"curies":[{"name":"wp","href":"https:\/\/api.w.org\/{rel}","templated":true}]}}