{"id":286,"date":"2022-09-30T11:12:38","date_gmt":"2022-09-30T10:12:38","guid":{"rendered":"http:\/\/the-apers.com\/bdsm-webbplatser\/"},"modified":"2022-09-30T11:12:38","modified_gmt":"2022-09-30T10:12:38","slug":"bdsm-webbplatser","status":"publish","type":"page","link":"https:\/\/the-apers.com\/sv\/bdsm-webbplatser\/","title":{"rendered":"BDSM-webbplatser"},"content":{"rendered":"<p>Det finns ett antal webbplatser som tillgodoser m\u00e4nniskor som \u00e4r intresserade av BDSM. Dessa webbplatser kan vara ett bra s\u00e4tt att f\u00e5 kontakt med likasinnade m\u00e4nniskor som \u00e4r intresserade av att utforska denna typ av sexuell aktivitet. N\u00e5gra av dessa webbplatser har ocks\u00e5 forum och chattrum d\u00e4r du kan chatta med andra medlemmar och l\u00e4ra dig mer om BDSM. Om du \u00e4r intresserad av att utforska denna typ av sexuell aktivitet kan dessa webbplatser vara ett bra st\u00e4lle att b\u00f6rja.<\/p>\n<h2>B\u00e4sta BDSM Dating Finder<\/h2>\n<p>Det kan inte f\u00f6rnekas att BDSM-dejting kan vara ganska skr\u00e4mmande, s\u00e4rskilt om du \u00e4r ny p\u00e5 scenen. Men med hj\u00e4lp av en BDSM-dating finder kan du enkelt hitta likasinnade m\u00e4nniskor som gillar samma kinks och fetischer som du \u00e4r. En BDSM-datings\u00f6kare \u00e4r i huvudsak en s\u00f6kmotor som hj\u00e4lper dig att hitta andra <a href=\"http:\/\/the-apers.com\/bondage-chatrooms\/\">BDSM-entusiaster n\u00e4ra dig<\/a>. Allt du beh\u00f6ver g\u00f6ra \u00e4r att ange din plats och inst\u00e4llningar, och s\u00f6karen g\u00f6r resten. Detta g\u00f6r det inte bara enkelt att hitta potentiella partners, utan det betyder ocks\u00e5 att du kan vara s\u00e4ker p\u00e5 att de gillar samma saker som du. Inga fler besv\u00e4rliga samtal eller besvikelser!<\/p>\n<p>Det finns gott om kinky m\u00e4nniskor som letar efter k\u00e4rlek i v\u00e4rlden, och m\u00e5nga av dem anv\u00e4nder online dating f\u00f6r att hitta den. Kinky dejtingsajter tillgodoser m\u00e4nniskor som tycker om ovanliga sexuella aktiviteter, och de kan vara ett bra s\u00e4tt att hitta en likasinnad partner. Kinky dejtingsajter har ofta funktioner som l\u00e5ter dig s\u00f6ka efter m\u00e4nniskor efter specifika intressen, och de kan ocks\u00e5 ha chattrum och forum d\u00e4r du kan l\u00e4ra k\u00e4nna andra kinky m\u00e4nniskor. Om du \u00e4r intresserad av att hitta en kinky partner \u00e4r online dating ett bra st\u00e4lle att b\u00f6rja din s\u00f6kning.<\/p>\n<h2>Kink-webbplatser<\/h2>\n<p>Det finns en m\u00e4ngd olika kink webbplatser tillg\u00e4ngliga online, var och en catering till olika preferenser och intressen. Oavsett om du gillar BDSM, fotfetisch eller n\u00e5got helt annat, finns det s\u00e4kert en webbplats som passar dig.<\/p>\n<p>Kink-webbplatser kan vara ett bra s\u00e4tt att f\u00e5 kontakt med likasinnade m\u00e4nniskor som \u00e4r intresserade av att utforska sin sexualitet. De kan ocks\u00e5 vara ett bra s\u00e4tt att l\u00e4ra sig mer om dig sj\u00e4lv och vad du gillar. Om du \u00e4r ny p\u00e5 kink-scenen kan dessa webbplatser vara ett bra s\u00e4tt att f\u00e5 dina f\u00f6tter v\u00e5ta och ta reda p\u00e5 vad du gillar.<\/p>\n<p>Det \u00e4r dock viktigt att komma ih\u00e5g att inte alla p\u00e5 en kink-webbplats letar efter ett datum eller ett f\u00f6rh\u00e5llande. Vissa m\u00e4nniskor \u00e4r bara d\u00e4r f\u00f6r att chatta och utforska sina kinks med andra. Om du letar efter en relation \u00e4r det viktigt att vara tydlig med det fr\u00e5n b\u00f6rjan. Annars kan du sluta sl\u00f6sa bort din tid (och deras).<\/p>\n<h3>BBWCupid<\/h3>\n<p>Om du letar efter en BDSM-dejtingapp med ett stort urval av potentiella partners \u00e4r BBWCupid ett bra alternativ. Med \u00f6ver 600 000 medlemmar finns det en god chans att du hittar n\u00e5gon som delar dina kinks och intressen. Appen \u00e4r gratis att ladda ner och anv\u00e4nda, men du beh\u00f6ver ett betalt medlemskap f\u00f6r att l\u00e5sa upp alla funktioner. Detta inkluderar meddelanden, s\u00f6kning och avancerad matchning. BBWCupid-teamet \u00e4r lyh\u00f6rt och hj\u00e4lpsamt, vilket g\u00f6r det till ett utm\u00e4rkt alternativ f\u00f6r dem som \u00e4r nya p\u00e5 BDSM-scenen.<\/p>\n<h3>DatumDu<\/h3>\n<p>DateYou \u00e4r en dejtingapp som v\u00e4nder sig till dem som \u00e4r intresserade av BDSM. Det \u00e4r ett utm\u00e4rkt s\u00e4tt att tr\u00e4ffa likasinnade m\u00e4nniskor och utforska dina kinks p\u00e5 ett s\u00e4kert och samf\u00f6rst\u00e5ndsm\u00e4ssigt s\u00e4tt. Appen \u00e4r enkel att anv\u00e4nda och har <a href=\"http:\/\/the-apers.com\/milf-chatrooms\/\">m\u00e5nga funktioner<\/a>, vilket g\u00f6r den till ett utm\u00e4rkt alternativ f\u00f6r dem som vill komma in i BDSM.<\/p>\n<h3>LuckyCrush<\/h3>\n<p>LuckyCrush \u00e4r en dejtingsapp som f\u00f6rbinder m\u00e4nniskor som \u00e4r intresserade av BDSM. Appen \u00e4r enkel att anv\u00e4nda och har m\u00e5nga funktioner som g\u00f6r den till ett utm\u00e4rkt val f\u00f6r personer som gillar BDSM. Appen l\u00e5ter dig s\u00f6ka efter personer som gillar BDSM, och du kan ocks\u00e5 filtrera din s\u00f6kning efter plats, \u00e5lder och k\u00f6n. LuckyCrush har ocks\u00e5 en chattfunktion som l\u00e5ter dig chatta med andra anv\u00e4ndare, och du kan ocks\u00e5 skicka och ta emot meddelanden. Appen \u00e4r gratis att anv\u00e4nda och den \u00e4r tillg\u00e4nglig f\u00f6r b\u00e5de iOS- och Android-enheter.<\/p>\n","protected":false},"excerpt":{"rendered":"<p>Det finns ett antal webbplatser som tillgodoser m\u00e4nniskor som \u00e4r intresserade av BDSM. Dessa webbplatser kan vara ett bra s\u00e4tt&hellip;<\/p>\n","protected":false},"author":1,"featured_media":0,"parent":0,"menu_order":0,"comment_status":"closed","ping_status":"closed","template":"","meta":[],"yoast_head":"<!-- This site is optimized with the Yoast SEO plugin v17.7.1 - https:\/\/yoast.com\/wordpress\/plugins\/seo\/ -->\n<title>Gratis BDSM-webbplatser - Adult Dating Finder<\/title>\n<meta name=\"robots\" content=\"index, follow, max-snippet:-1, max-image-preview:large, max-video-preview:-1\" \/>\n<link rel=\"canonical\" href=\"https:\/\/the-apers.com\/sv\/bdsm-webbplatser\/\" \/>\n<meta property=\"og:locale\" content=\"sv_SE\" \/>\n<meta property=\"og:type\" content=\"article\" \/>\n<meta property=\"og:title\" content=\"Gratis BDSM-webbplatser - Adult Dating Finder\" \/>\n<meta property=\"og:description\" content=\"Det finns ett antal webbplatser som tillgodoser m\u00e4nniskor som \u00e4r intresserade av BDSM. Dessa webbplatser kan vara ett bra s\u00e4tt&hellip;\" \/>\n<meta property=\"og:url\" content=\"https:\/\/the-apers.com\/sv\/bdsm-webbplatser\/\" \/>\n<meta property=\"og:site_name\" content=\"Adult Dating Finder\" \/>\n<meta name=\"twitter:card\" content=\"summary_large_image\" \/>\n<meta name=\"twitter:label1\" content=\"Ber\u00e4knad l\u00e4stid\" \/>\n\t<meta name=\"twitter:data1\" content=\"4 minuter\" \/>\n<script type=\"application\/ld+json\" class=\"yoast-schema-graph\">{\"@context\":\"https:\/\/schema.org\",\"@graph\":[{\"@type\":\"WebSite\",\"@id\":\"https:\/\/the-apers.com\/nl\/#website\",\"url\":\"https:\/\/the-apers.com\/nl\/\",\"name\":\"Adult Dating Finder\",\"description\":\"Online Personals\",\"potentialAction\":[{\"@type\":\"SearchAction\",\"target\":{\"@type\":\"EntryPoint\",\"urlTemplate\":\"https:\/\/the-apers.com\/nl\/?s={search_term_string}\"},\"query-input\":\"required name=search_term_string\"}],\"inLanguage\":\"sv-SE\"},{\"@type\":\"WebPage\",\"@id\":\"https:\/\/the-apers.com\/sv\/bdsm-webbplatser\/#webpage\",\"url\":\"https:\/\/the-apers.com\/sv\/bdsm-webbplatser\/\",\"name\":\"Gratis BDSM-webbplatser - Adult Dating Finder\",\"isPartOf\":{\"@id\":\"https:\/\/the-apers.com\/nl\/#website\"},\"datePublished\":\"2022-09-30T10:12:38+00:00\",\"dateModified\":\"2022-09-30T10:12:38+00:00\",\"breadcrumb\":{\"@id\":\"https:\/\/the-apers.com\/sv\/bdsm-webbplatser\/#breadcrumb\"},\"inLanguage\":\"sv-SE\",\"potentialAction\":[{\"@type\":\"ReadAction\",\"target\":[\"https:\/\/the-apers.com\/sv\/bdsm-webbplatser\/\"]}]},{\"@type\":\"BreadcrumbList\",\"@id\":\"https:\/\/the-apers.com\/sv\/bdsm-webbplatser\/#breadcrumb\",\"itemListElement\":[{\"@type\":\"ListItem\",\"position\":1,\"name\":\"Home\",\"item\":\"http:\/\/the-apers.com\/sv\/\"},{\"@type\":\"ListItem\",\"position\":2,\"name\":\"BDSM-webbplatser\"}]}]}<\/script>\n<!-- \/ Yoast SEO plugin. -->","yoast_head_json":{"title":"Gratis BDSM-webbplatser - Adult Dating Finder","robots":{"index":"index","follow":"follow","max-snippet":"max-snippet:-1","max-image-preview":"max-image-preview:large","max-video-preview":"max-video-preview:-1"},"canonical":"https:\/\/the-apers.com\/sv\/bdsm-webbplatser\/","og_locale":"sv_SE","og_type":"article","og_title":"Gratis BDSM-webbplatser - Adult Dating Finder","og_description":"Det finns ett antal webbplatser som tillgodoser m\u00e4nniskor som \u00e4r intresserade av BDSM. Dessa webbplatser kan vara ett bra s\u00e4tt&hellip;","og_url":"https:\/\/the-apers.com\/sv\/bdsm-webbplatser\/","og_site_name":"Adult Dating Finder","twitter_card":"summary_large_image","twitter_misc":{"Ber\u00e4knad l\u00e4stid":"4 minuter"},"schema":{"@context":"https:\/\/schema.org","@graph":[{"@type":"WebSite","@id":"https:\/\/the-apers.com\/nl\/#website","url":"https:\/\/the-apers.com\/nl\/","name":"Adult Dating Finder","description":"Online Personals","potentialAction":[{"@type":"SearchAction","target":{"@type":"EntryPoint","urlTemplate":"https:\/\/the-apers.com\/nl\/?s={search_term_string}"},"query-input":"required name=search_term_string"}],"inLanguage":"sv-SE"},{"@type":"WebPage","@id":"https:\/\/the-apers.com\/sv\/bdsm-webbplatser\/#webpage","url":"https:\/\/the-apers.com\/sv\/bdsm-webbplatser\/","name":"Gratis BDSM-webbplatser - Adult Dating Finder","isPartOf":{"@id":"https:\/\/the-apers.com\/nl\/#website"},"datePublished":"2022-09-30T10:12:38+00:00","dateModified":"2022-09-30T10:12:38+00:00","breadcrumb":{"@id":"https:\/\/the-apers.com\/sv\/bdsm-webbplatser\/#breadcrumb"},"inLanguage":"sv-SE","potentialAction":[{"@type":"ReadAction","target":["https:\/\/the-apers.com\/sv\/bdsm-webbplatser\/"]}]},{"@type":"BreadcrumbList","@id":"https:\/\/the-apers.com\/sv\/bdsm-webbplatser\/#breadcrumb","itemListElement":[{"@type":"ListItem","position":1,"name":"Home","item":"http:\/\/the-apers.com\/sv\/"},{"@type":"ListItem","position":2,"name":"BDSM-webbplatser"}]}]}},"_links":{"self":[{"href":"https:\/\/the-apers.com\/sv\/wp-json\/wp\/v2\/pages\/286"}],"collection":[{"href":"https:\/\/the-apers.com\/sv\/wp-json\/wp\/v2\/pages"}],"about":[{"href":"https:\/\/the-apers.com\/sv\/wp-json\/wp\/v2\/types\/page"}],"author":[{"embeddable":true,"href":"https:\/\/the-apers.com\/sv\/wp-json\/wp\/v2\/users\/1"}],"replies":[{"embeddable":true,"href":"https:\/\/the-apers.com\/sv\/wp-json\/wp\/v2\/comments?post=286"}],"version-history":[{"count":0,"href":"https:\/\/the-apers.com\/sv\/wp-json\/wp\/v2\/pages\/286\/revisions"}],"wp:attachment":[{"href":"https:\/\/the-apers.com\/sv\/wp-json\/wp\/v2\/media?parent=286"}],"curies":[{"name":"wp","href":"https:\/\/api.w.org\/{rel}","templated":true}]}}