{"id":305,"date":"2022-09-30T11:13:19","date_gmt":"2022-09-30T10:13:19","guid":{"rendered":"http:\/\/the-apers.com\/bondage-chattrum\/"},"modified":"2022-09-30T11:13:19","modified_gmt":"2022-09-30T10:13:19","slug":"bondage-chattrum","status":"publish","type":"page","link":"https:\/\/the-apers.com\/sv\/bondage-chattrum\/","title":{"rendered":"Bondage chattrum"},"content":{"rendered":"<p>Det \u00e4r n\u00e5got med anonymiteten i ett chattrum som verkligen f\u00e5r folk att prata om sina kinks och fetischer. F\u00f6r m\u00e5nga m\u00e4nniskor \u00e4r bondage chattrum ett s\u00e4tt att utforska sina sexuella \u00f6nskningar utan att beh\u00f6va oroa sig f\u00f6r dom fr\u00e5n v\u00e4nner eller familj.<\/p>\n<p>Dessa chattrum ger ett utrymme f\u00f6r <a href=\"http:\/\/the-apers.com\/?page_id=228&amp;preview=true\">m\u00e4nniskor att prata om sina intressen<\/a>, dela historier och till och med ansluta sig till likasinnade m\u00e4nniskor. Oavsett om du letar efter lite kul online eller om du hoppas kunna tr\u00e4ffa n\u00e5gon personligen, kan bondage chattrum vara ett bra s\u00e4tt att utforska din sexuella sida.<\/p>\n<p>Bondage dating \u00e4r n\u00e4r m\u00e4nniskor som \u00e4r intresserade av bondage och <a href=\"http:\/\/the-apers.com\/bdsm-sites\/\">BDSM<\/a> tr\u00e4ffas f\u00f6r att dejta. Det kan handla om att g\u00e5 p\u00e5 klubbar och evenemang som \u00e4r specifikt f\u00f6r s\u00e5nt h\u00e4r, eller s\u00e5 kan det helt enkelt vara att arrangera att tr\u00e4ffa n\u00e5gon som delar dina intressen. Det kan vara ett bra s\u00e4tt att utforska din kinky sida och ta reda p\u00e5 vad andra m\u00e4nniskor gillar. Det kan ocks\u00e5 vara v\u00e4ldigt roligt, och ett bra s\u00e4tt att tr\u00e4ffa nya m\u00e4nniskor.<\/p>\n<h2>BDSM-anslutning<\/h2>\n<p>N\u00e4r det g\u00e4ller att hitta k\u00e4rlek kan vissa m\u00e4nniskor s\u00e4ga att det inte finns n\u00e5got som en BDSM-anslutning. F\u00f6r dem som inte k\u00e4nner till \u00e4r BDSM en f\u00f6rkortning f\u00f6r bondage, disciplin, sadism och masochism. Och \u00e4ven om det kanske inte \u00e4r allas kopp te, kan det inte f\u00f6rnekas att det kan vara ett bra s\u00e4tt att f\u00e5 kontakt med n\u00e5gon p\u00e5 en fysisk och k\u00e4nslom\u00e4ssig niv\u00e5.<\/p>\n<p>Om du funderar p\u00e5 att prova BDSM finns det n\u00e5gra saker du b\u00f6r t\u00e4nka p\u00e5. F\u00f6r det f\u00f6rsta \u00e4r det viktigt att hitta en partner som \u00e4r \u00f6ppen och villig att utforska nya saker. F\u00f6r det andra \u00e4r kommunikation nyckeln. Du m\u00e5ste kunna kommunicera dina \u00f6nskem\u00e5l, behov och gr\u00e4nser med din partner innan du b\u00f6rjar.<\/p>\n<p>Och slutligen, var inte r\u00e4dd f\u00f6r att experimentera. BDSM kan vara ett bra s\u00e4tt att krydda ditt sexliv och l\u00e4gga till lite sp\u00e4nning i ditt f\u00f6rh\u00e5llande. S\u00e5 forts\u00e4tt och utforska! Vem vet, du kanske bara hittar ditt livs k\u00e4rlek.<\/p>\n<h2>Fetisch Meet-webbplatser<\/h2>\n<p>Fetischm\u00f6tessidor kan vara ett bra s\u00e4tt att f\u00e5 kontakt med andra m\u00e4nniskor som delar dina intressen. De kan ge en s\u00e4ker och v\u00e4lkomnande milj\u00f6 f\u00f6r dig att utforska din sexualitet och fetischer. Det finns dock n\u00e5gra saker att t\u00e4nka p\u00e5 n\u00e4r du anv\u00e4nder dessa webbplatser. Se f\u00f6rst till att du l\u00e4ser webbplatsens regler och f\u00f6reskrifter noggrant. Detta hj\u00e4lper dig att undvika att bli f\u00f6rbjuden eller borttagen fr\u00e5n webbplatsen. F\u00f6r det andra, var respektfull mot andra medlemmar. Detta inkluderar att inte publicera personlig information eller trakassera andra medlemmar. Slutligen, kom ih\u00e5g att ha kul och vara s\u00e4ker!<\/p>\n<h3>Xmeets<\/h3>\n<p>Om du gillar bondage och kinkier sex, d\u00e5 \u00e4r Xmeets dejtingsappen f\u00f6r dig! Med fokus p\u00e5 att ansluta m\u00e4nniskor som \u00e4r i BDSM och andra kinks, \u00e4r Xmeets ett utm\u00e4rkt alternativ f\u00f6r alla som vill utforska sin kinky sida. Appen \u00e4r enkel att anv\u00e4nda och har massor av funktioner, vilket g\u00f6r den till ett utm\u00e4rkt alternativ f\u00f6r alla som vill experimentera med bondage och kinkier sex.<\/p>\n<h3>Datumhookup<\/h3>\n<p>Datehookup \u00e4r en dejtingsapp som l\u00e5ter anv\u00e4ndare ansluta till potentiella matchningar i n\u00e4rheten. Appen inneh\u00e5ller ocks\u00e5 en funktion som heter &#8221;Bondage Chatrooms&#8221; som g\u00f6r det m\u00f6jligt f\u00f6r anv\u00e4ndare att f\u00e5 kontakt med andra som delar sitt intresse f\u00f6r bondage och fetischspel. Chattrummen \u00e4r ett utm\u00e4rkt s\u00e4tt att f\u00e5 kontakt med likasinnade, och appen inneh\u00e5ller ocks\u00e5 funktioner som privata meddelanden och videochatt. Sammantaget \u00e4r appen ett utm\u00e4rkt s\u00e4tt att ansluta till potentiella matchningar och utforska dina kinks och fetischer p\u00e5 ett s\u00e4kert och samf\u00f6rst\u00e5ndsm\u00e4ssigt s\u00e4tt.<\/p>\n<h3>Gott om fisk<\/h3>\n<p>Om du letar efter ett bondage-chattrum \u00e4r Plenty of Fish ett bra alternativ. Dejtingappen erbjuder ett brett utbud av funktioner och \u00e4r mycket anv\u00e4ndarv\u00e4nlig. Du kan s\u00f6ka efter medlemmar efter plats, \u00e5lder och intressen, och appen kommer till och med att f\u00f6resl\u00e5 matchningar \u00e5t dig. Den enda nackdelen \u00e4r att det inte finns n\u00e5gra specifika bondage-chattrum, s\u00e5 du m\u00e5ste s\u00f6ka efter dem i de allm\u00e4nna chattrummen.<\/p>\n","protected":false},"excerpt":{"rendered":"<p>Det \u00e4r n\u00e5got med anonymiteten i ett chattrum som verkligen f\u00e5r folk att prata om sina kinks och fetischer. F\u00f6r&hellip;<\/p>\n","protected":false},"author":1,"featured_media":0,"parent":0,"menu_order":0,"comment_status":"closed","ping_status":"closed","template":"","meta":[],"yoast_head":"<!-- This site is optimized with the Yoast SEO plugin v17.7.1 - https:\/\/yoast.com\/wordpress\/plugins\/seo\/ -->\n<title>Bondage chattrum - Adult Dating Finder<\/title>\n<meta name=\"robots\" content=\"index, follow, max-snippet:-1, max-image-preview:large, max-video-preview:-1\" \/>\n<link rel=\"canonical\" href=\"https:\/\/the-apers.com\/sv\/bondage-chattrum\/\" \/>\n<meta property=\"og:locale\" content=\"sv_SE\" \/>\n<meta property=\"og:type\" content=\"article\" \/>\n<meta property=\"og:title\" content=\"Bondage chattrum - Adult Dating Finder\" \/>\n<meta property=\"og:description\" content=\"Det \u00e4r n\u00e5got med anonymiteten i ett chattrum som verkligen f\u00e5r folk att prata om sina kinks och fetischer. F\u00f6r&hellip;\" \/>\n<meta property=\"og:url\" content=\"https:\/\/the-apers.com\/sv\/bondage-chattrum\/\" \/>\n<meta property=\"og:site_name\" content=\"Adult Dating Finder\" \/>\n<meta name=\"twitter:card\" content=\"summary_large_image\" \/>\n<meta name=\"twitter:label1\" content=\"Ber\u00e4knad l\u00e4stid\" \/>\n\t<meta name=\"twitter:data1\" content=\"4 minuter\" \/>\n<script type=\"application\/ld+json\" class=\"yoast-schema-graph\">{\"@context\":\"https:\/\/schema.org\",\"@graph\":[{\"@type\":\"WebSite\",\"@id\":\"https:\/\/the-apers.com\/#website\",\"url\":\"https:\/\/the-apers.com\/\",\"name\":\"Adult Dating Finder\",\"description\":\"Online Personals\",\"potentialAction\":[{\"@type\":\"SearchAction\",\"target\":{\"@type\":\"EntryPoint\",\"urlTemplate\":\"https:\/\/the-apers.com\/?s={search_term_string}\"},\"query-input\":\"required name=search_term_string\"}],\"inLanguage\":\"sv-SE\"},{\"@type\":\"WebPage\",\"@id\":\"https:\/\/the-apers.com\/sv\/bondage-chattrum\/#webpage\",\"url\":\"https:\/\/the-apers.com\/sv\/bondage-chattrum\/\",\"name\":\"Bondage chattrum - Adult Dating Finder\",\"isPartOf\":{\"@id\":\"https:\/\/the-apers.com\/#website\"},\"datePublished\":\"2022-09-30T10:13:19+00:00\",\"dateModified\":\"2022-09-30T10:13:19+00:00\",\"breadcrumb\":{\"@id\":\"https:\/\/the-apers.com\/sv\/bondage-chattrum\/#breadcrumb\"},\"inLanguage\":\"sv-SE\",\"potentialAction\":[{\"@type\":\"ReadAction\",\"target\":[\"https:\/\/the-apers.com\/sv\/bondage-chattrum\/\"]}]},{\"@type\":\"BreadcrumbList\",\"@id\":\"https:\/\/the-apers.com\/sv\/bondage-chattrum\/#breadcrumb\",\"itemListElement\":[{\"@type\":\"ListItem\",\"position\":1,\"name\":\"Home\",\"item\":\"https:\/\/the-apers.com\/sv\/\"},{\"@type\":\"ListItem\",\"position\":2,\"name\":\"Bondage chattrum\"}]}]}<\/script>\n<!-- \/ Yoast SEO plugin. -->","yoast_head_json":{"title":"Bondage chattrum - Adult Dating Finder","robots":{"index":"index","follow":"follow","max-snippet":"max-snippet:-1","max-image-preview":"max-image-preview:large","max-video-preview":"max-video-preview:-1"},"canonical":"https:\/\/the-apers.com\/sv\/bondage-chattrum\/","og_locale":"sv_SE","og_type":"article","og_title":"Bondage chattrum - Adult Dating Finder","og_description":"Det \u00e4r n\u00e5got med anonymiteten i ett chattrum som verkligen f\u00e5r folk att prata om sina kinks och fetischer. F\u00f6r&hellip;","og_url":"https:\/\/the-apers.com\/sv\/bondage-chattrum\/","og_site_name":"Adult Dating Finder","twitter_card":"summary_large_image","twitter_misc":{"Ber\u00e4knad l\u00e4stid":"4 minuter"},"schema":{"@context":"https:\/\/schema.org","@graph":[{"@type":"WebSite","@id":"https:\/\/the-apers.com\/#website","url":"https:\/\/the-apers.com\/","name":"Adult Dating Finder","description":"Online Personals","potentialAction":[{"@type":"SearchAction","target":{"@type":"EntryPoint","urlTemplate":"https:\/\/the-apers.com\/?s={search_term_string}"},"query-input":"required name=search_term_string"}],"inLanguage":"sv-SE"},{"@type":"WebPage","@id":"https:\/\/the-apers.com\/sv\/bondage-chattrum\/#webpage","url":"https:\/\/the-apers.com\/sv\/bondage-chattrum\/","name":"Bondage chattrum - Adult Dating Finder","isPartOf":{"@id":"https:\/\/the-apers.com\/#website"},"datePublished":"2022-09-30T10:13:19+00:00","dateModified":"2022-09-30T10:13:19+00:00","breadcrumb":{"@id":"https:\/\/the-apers.com\/sv\/bondage-chattrum\/#breadcrumb"},"inLanguage":"sv-SE","potentialAction":[{"@type":"ReadAction","target":["https:\/\/the-apers.com\/sv\/bondage-chattrum\/"]}]},{"@type":"BreadcrumbList","@id":"https:\/\/the-apers.com\/sv\/bondage-chattrum\/#breadcrumb","itemListElement":[{"@type":"ListItem","position":1,"name":"Home","item":"https:\/\/the-apers.com\/sv\/"},{"@type":"ListItem","position":2,"name":"Bondage chattrum"}]}]}},"_links":{"self":[{"href":"https:\/\/the-apers.com\/sv\/wp-json\/wp\/v2\/pages\/305"}],"collection":[{"href":"https:\/\/the-apers.com\/sv\/wp-json\/wp\/v2\/pages"}],"about":[{"href":"https:\/\/the-apers.com\/sv\/wp-json\/wp\/v2\/types\/page"}],"author":[{"embeddable":true,"href":"https:\/\/the-apers.com\/sv\/wp-json\/wp\/v2\/users\/1"}],"replies":[{"embeddable":true,"href":"https:\/\/the-apers.com\/sv\/wp-json\/wp\/v2\/comments?post=305"}],"version-history":[{"count":0,"href":"https:\/\/the-apers.com\/sv\/wp-json\/wp\/v2\/pages\/305\/revisions"}],"wp:attachment":[{"href":"https:\/\/the-apers.com\/sv\/wp-json\/wp\/v2\/media?parent=305"}],"curies":[{"name":"wp","href":"https:\/\/api.w.org\/{rel}","templated":true}]}}